{"id":24170,"date":"2022-12-01T13:33:43","date_gmt":"2022-12-01T18:33:43","guid":{"rendered":"https:\/\/lfsusa.store\/comparar\/"},"modified":"2025-07-31T16:48:59","modified_gmt":"2025-07-31T21:48:59","slug":"comparar","status":"publish","type":"page","link":"https:\/\/lfsusa.store\/es\/comparar\/","title":{"rendered":"Comparar"},"content":{"rendered":"\t\t<div data-elementor-type=\"wp-page\" data-elementor-id=\"24170\" class=\"elementor elementor-24170 elementor-108\" data-elementor-post-type=\"page\">\n\t\t\t\t\t\t<section class=\"wd-negative-gap elementor-section elementor-top-section elementor-element elementor-element-3888c4a elementor-section-boxed elementor-section-height-default elementor-section-height-default\" data-id=\"3888c4a\" data-element_type=\"section\" data-settings=\"{&quot;jet_parallax_layout_list&quot;:[]}\">\n\t\t\t\t\t\t<div class=\"elementor-container elementor-column-gap-default\">\n\t\t\t\t\t<div class=\"elementor-column elementor-col-100 elementor-top-column elementor-element elementor-element-a3b54d3\" data-id=\"a3b54d3\" data-element_type=\"column\">\n\t\t\t<div class=\"elementor-widget-wrap elementor-element-populated\">\n\t\t\t\t\t\t<div class=\"elementor-element elementor-element-4183600 elementor-widget elementor-widget-wd_compare\" data-id=\"4183600\" data-element_type=\"widget\" data-widget_type=\"wd_compare.default\">\n\t\t\t\t<div class=\"elementor-widget-container\">\n\t\t\t\t\t\t\t<p class=\"wd-empty-compare wd-empty-page\">\n\t\t\tLa lista de comparaci\u00f3n est\u00e1 vac\u00eda.\t\t<\/p>\n\t\t\t\t\t<div class=\"wd-empty-page-text\">\n\t\t\t\tNo products added in the compare list. You must add some products to compare them.<br> You will find a lot of interesting products on our \"Shop\" page.\t\t\t<\/div>\n\t\t\t\t<p class=\"return-to-shop\">\n\t\t\t<a class=\"button\" href=\"https:\/\/lfsusa.store\/es\/tienda\/\">\n\t\t\t\tVolver a la tienda\t\t\t<\/a>\n\t\t<\/p>\n\t\t\t\t\t\t<\/div>\n\t\t\t\t<\/div>\n\t\t\t\t\t<\/div>\n\t\t<\/div>\n\t\t\t\t\t<\/div>\n\t\t<\/section>\n\t\t\t\t<\/div>\n\t\t","protected":false},"excerpt":{"rendered":"<p>Remove AOC Q24P2Q \u00a3280.00 Add to cart Remove AOC AGON AG493UCX Rated 5.00 out of 5 based on 1 customer<\/p>\n","protected":false},"author":757,"featured_media":0,"parent":0,"menu_order":0,"comment_status":"closed","ping_status":"closed","template":"","meta":{"footnotes":""},"class_list":["post-24170","page","type-page","status-publish","hentry"],"yoast_head":"<!-- This site is optimized with the Yoast SEO plugin v26.7 - https:\/\/yoast.com\/wordpress\/plugins\/seo\/ -->\n<title>Comparar | LuxeChef Food Service USA<\/title>\n<meta name=\"description\" content=\"Remove AOC Q24P2Q \u00a3280.00 Add to cart Remove AOC AGON AG493UCX Rated 5.00 out of 5 based on 1 customer rating \u00a31,500.00 Add to cart Remove Acer\" \/>\n<meta name=\"robots\" content=\"index, follow, max-snippet:-1, max-image-preview:large, max-video-preview:-1\" \/>\n<link rel=\"canonical\" href=\"https:\/\/lfsusa.store\/es\/comparar\/\" \/>\n<meta property=\"og:locale\" content=\"es_ES\" \/>\n<meta property=\"og:type\" content=\"article\" \/>\n<meta property=\"og:title\" content=\"Comparar | LuxeChef Food Service USA\" \/>\n<meta property=\"og:description\" content=\"Remove AOC Q24P2Q \u00a3280.00 Add to cart Remove AOC AGON AG493UCX Rated 5.00 out of 5 based on 1 customer rating \u00a31,500.00 Add to cart Remove Acer\" \/>\n<meta property=\"og:url\" content=\"https:\/\/lfsusa.store\/es\/comparar\/\" \/>\n<meta property=\"og:site_name\" content=\"LuxeChef Food Service USA\" \/>\n<meta property=\"article:modified_time\" content=\"2025-07-31T21:48:59+00:00\" \/>\n<meta property=\"og:image\" content=\"http:\/\/dummy.xtemos.com\/woodmart2\/mega-electronics-elementor\/wp-content\/uploads\/sites\/8\/2022\/12\/aoc-q24p2q-1-430x491.jpg\" \/>\n<meta name=\"twitter:card\" content=\"summary_large_image\" \/>\n<meta name=\"twitter:label1\" content=\"Tiempo de lectura\" \/>\n\t<meta name=\"twitter:data1\" content=\"2 minutos\" \/>\n<script type=\"application\/ld+json\" class=\"yoast-schema-graph\">{\"@context\":\"https:\/\/schema.org\",\"@graph\":[{\"@type\":\"WebPage\",\"@id\":\"https:\/\/lfsusa.store\/es\/comparar\/\",\"url\":\"https:\/\/lfsusa.store\/es\/comparar\/\",\"name\":\"Comparar | LuxeChef Food Service USA\",\"isPartOf\":{\"@id\":\"https:\/\/lfsusa.store\/es\/#website\"},\"primaryImageOfPage\":{\"@id\":\"https:\/\/lfsusa.store\/es\/comparar\/#primaryimage\"},\"image\":{\"@id\":\"https:\/\/lfsusa.store\/es\/comparar\/#primaryimage\"},\"thumbnailUrl\":\"http:\/\/dummy.xtemos.com\/woodmart2\/mega-electronics-elementor\/wp-content\/uploads\/sites\/8\/2022\/12\/aoc-q24p2q-1-430x491.jpg\",\"datePublished\":\"2022-12-01T18:33:43+00:00\",\"dateModified\":\"2025-07-31T21:48:59+00:00\",\"description\":\"Remove AOC Q24P2Q \u00a3280.00 Add to cart Remove AOC AGON AG493UCX Rated 5.00 out of 5 based on 1 customer rating \u00a31,500.00 Add to cart Remove Acer\",\"breadcrumb\":{\"@id\":\"https:\/\/lfsusa.store\/es\/comparar\/#breadcrumb\"},\"inLanguage\":\"es\",\"potentialAction\":[{\"@type\":\"ReadAction\",\"target\":[\"https:\/\/lfsusa.store\/es\/comparar\/\"]}]},{\"@type\":\"ImageObject\",\"inLanguage\":\"es\",\"@id\":\"https:\/\/lfsusa.store\/es\/comparar\/#primaryimage\",\"url\":\"http:\/\/dummy.xtemos.com\/woodmart2\/mega-electronics-elementor\/wp-content\/uploads\/sites\/8\/2022\/12\/aoc-q24p2q-1-430x491.jpg\",\"contentUrl\":\"http:\/\/dummy.xtemos.com\/woodmart2\/mega-electronics-elementor\/wp-content\/uploads\/sites\/8\/2022\/12\/aoc-q24p2q-1-430x491.jpg\"},{\"@type\":\"BreadcrumbList\",\"@id\":\"https:\/\/lfsusa.store\/es\/comparar\/#breadcrumb\",\"itemListElement\":[{\"@type\":\"ListItem\",\"position\":1,\"name\":\"Home\",\"item\":\"https:\/\/lfsusa.store\/es\/inicio-luxechef-food-service-usa\/\"},{\"@type\":\"ListItem\",\"position\":2,\"name\":\"Comparar\"}]},{\"@type\":\"WebSite\",\"@id\":\"https:\/\/lfsusa.store\/es\/#website\",\"url\":\"https:\/\/lfsusa.store\/es\/\",\"name\":\"LuxeChef Food Service USA\",\"description\":\"Shop restaurant supplies &amp; equipment products in our online restaurant supply store. Extremely fast shipping &amp; wholesale pricing from the #1 restaurant supply company!\",\"publisher\":{\"@id\":\"https:\/\/lfsusa.store\/es\/#organization\"},\"alternateName\":\"LuxeChef Food Service USA\",\"potentialAction\":[{\"@type\":\"SearchAction\",\"target\":{\"@type\":\"EntryPoint\",\"urlTemplate\":\"https:\/\/lfsusa.store\/es\/?s={search_term_string}\"},\"query-input\":{\"@type\":\"PropertyValueSpecification\",\"valueRequired\":true,\"valueName\":\"search_term_string\"}}],\"inLanguage\":\"es\"},{\"@type\":\"Organization\",\"@id\":\"https:\/\/lfsusa.store\/es\/#organization\",\"name\":\"LuxeChef Food Service USA\",\"alternateName\":\"LuxeChef Food Service\",\"url\":\"https:\/\/lfsusa.store\/es\/\",\"logo\":{\"@type\":\"ImageObject\",\"inLanguage\":\"es\",\"@id\":\"https:\/\/lfsusa.store\/es\/#\/schema\/logo\/image\/\",\"url\":\"https:\/\/lfsusa.store\/wp-content\/uploads\/2025\/07\/luxe-chef-usa-696-696.jpg\",\"contentUrl\":\"https:\/\/lfsusa.store\/wp-content\/uploads\/2025\/07\/luxe-chef-usa-696-696.jpg\",\"width\":696,\"height\":696,\"caption\":\"LuxeChef Food Service USA\"},\"image\":{\"@id\":\"https:\/\/lfsusa.store\/es\/#\/schema\/logo\/image\/\"}}]}<\/script>\n<!-- \/ Yoast SEO plugin. -->","yoast_head_json":{"title":"Comparar | LuxeChef Food Service USA","description":"Remove AOC Q24P2Q \u00a3280.00 Add to cart Remove AOC AGON AG493UCX Rated 5.00 out of 5 based on 1 customer rating \u00a31,500.00 Add to cart Remove Acer","robots":{"index":"index","follow":"follow","max-snippet":"max-snippet:-1","max-image-preview":"max-image-preview:large","max-video-preview":"max-video-preview:-1"},"canonical":"https:\/\/lfsusa.store\/es\/comparar\/","og_locale":"es_ES","og_type":"article","og_title":"Comparar | LuxeChef Food Service USA","og_description":"Remove AOC Q24P2Q \u00a3280.00 Add to cart Remove AOC AGON AG493UCX Rated 5.00 out of 5 based on 1 customer rating \u00a31,500.00 Add to cart Remove Acer","og_url":"https:\/\/lfsusa.store\/es\/comparar\/","og_site_name":"LuxeChef Food Service USA","article_modified_time":"2025-07-31T21:48:59+00:00","og_image":[{"url":"http:\/\/dummy.xtemos.com\/woodmart2\/mega-electronics-elementor\/wp-content\/uploads\/sites\/8\/2022\/12\/aoc-q24p2q-1-430x491.jpg","type":"","width":"","height":""}],"twitter_card":"summary_large_image","twitter_misc":{"Tiempo de lectura":"2 minutos"},"schema":{"@context":"https:\/\/schema.org","@graph":[{"@type":"WebPage","@id":"https:\/\/lfsusa.store\/es\/comparar\/","url":"https:\/\/lfsusa.store\/es\/comparar\/","name":"Comparar | LuxeChef Food Service USA","isPartOf":{"@id":"https:\/\/lfsusa.store\/es\/#website"},"primaryImageOfPage":{"@id":"https:\/\/lfsusa.store\/es\/comparar\/#primaryimage"},"image":{"@id":"https:\/\/lfsusa.store\/es\/comparar\/#primaryimage"},"thumbnailUrl":"http:\/\/dummy.xtemos.com\/woodmart2\/mega-electronics-elementor\/wp-content\/uploads\/sites\/8\/2022\/12\/aoc-q24p2q-1-430x491.jpg","datePublished":"2022-12-01T18:33:43+00:00","dateModified":"2025-07-31T21:48:59+00:00","description":"Remove AOC Q24P2Q \u00a3280.00 Add to cart Remove AOC AGON AG493UCX Rated 5.00 out of 5 based on 1 customer rating \u00a31,500.00 Add to cart Remove Acer","breadcrumb":{"@id":"https:\/\/lfsusa.store\/es\/comparar\/#breadcrumb"},"inLanguage":"es","potentialAction":[{"@type":"ReadAction","target":["https:\/\/lfsusa.store\/es\/comparar\/"]}]},{"@type":"ImageObject","inLanguage":"es","@id":"https:\/\/lfsusa.store\/es\/comparar\/#primaryimage","url":"http:\/\/dummy.xtemos.com\/woodmart2\/mega-electronics-elementor\/wp-content\/uploads\/sites\/8\/2022\/12\/aoc-q24p2q-1-430x491.jpg","contentUrl":"http:\/\/dummy.xtemos.com\/woodmart2\/mega-electronics-elementor\/wp-content\/uploads\/sites\/8\/2022\/12\/aoc-q24p2q-1-430x491.jpg"},{"@type":"BreadcrumbList","@id":"https:\/\/lfsusa.store\/es\/comparar\/#breadcrumb","itemListElement":[{"@type":"ListItem","position":1,"name":"Home","item":"https:\/\/lfsusa.store\/es\/inicio-luxechef-food-service-usa\/"},{"@type":"ListItem","position":2,"name":"Comparar"}]},{"@type":"WebSite","@id":"https:\/\/lfsusa.store\/es\/#website","url":"https:\/\/lfsusa.store\/es\/","name":"LuxeChef Food Service USA","description":"Shop restaurant supplies &amp; equipment products in our online restaurant supply store. Extremely fast shipping &amp; wholesale pricing from the #1 restaurant supply company!","publisher":{"@id":"https:\/\/lfsusa.store\/es\/#organization"},"alternateName":"LuxeChef Food Service USA","potentialAction":[{"@type":"SearchAction","target":{"@type":"EntryPoint","urlTemplate":"https:\/\/lfsusa.store\/es\/?s={search_term_string}"},"query-input":{"@type":"PropertyValueSpecification","valueRequired":true,"valueName":"search_term_string"}}],"inLanguage":"es"},{"@type":"Organization","@id":"https:\/\/lfsusa.store\/es\/#organization","name":"LuxeChef Food Service USA","alternateName":"LuxeChef Food Service","url":"https:\/\/lfsusa.store\/es\/","logo":{"@type":"ImageObject","inLanguage":"es","@id":"https:\/\/lfsusa.store\/es\/#\/schema\/logo\/image\/","url":"https:\/\/lfsusa.store\/wp-content\/uploads\/2025\/07\/luxe-chef-usa-696-696.jpg","contentUrl":"https:\/\/lfsusa.store\/wp-content\/uploads\/2025\/07\/luxe-chef-usa-696-696.jpg","width":696,"height":696,"caption":"LuxeChef Food Service USA"},"image":{"@id":"https:\/\/lfsusa.store\/es\/#\/schema\/logo\/image\/"}}]}},"_links":{"self":[{"href":"https:\/\/lfsusa.store\/es\/wp-json\/wp\/v2\/pages\/24170","targetHints":{"allow":["GET"]}}],"collection":[{"href":"https:\/\/lfsusa.store\/es\/wp-json\/wp\/v2\/pages"}],"about":[{"href":"https:\/\/lfsusa.store\/es\/wp-json\/wp\/v2\/types\/page"}],"author":[{"embeddable":true,"href":"https:\/\/lfsusa.store\/es\/wp-json\/wp\/v2\/users\/757"}],"replies":[{"embeddable":true,"href":"https:\/\/lfsusa.store\/es\/wp-json\/wp\/v2\/comments?post=24170"}],"version-history":[{"count":0,"href":"https:\/\/lfsusa.store\/es\/wp-json\/wp\/v2\/pages\/24170\/revisions"}],"wp:attachment":[{"href":"https:\/\/lfsusa.store\/es\/wp-json\/wp\/v2\/media?parent=24170"}],"curies":[{"name":"wp","href":"https:\/\/api.w.org\/{rel}","templated":true}]}}