{"id":25628,"date":"2025-08-31T15:01:50","date_gmt":"2025-08-31T20:01:50","guid":{"rendered":"https:\/\/lfsusa.store\/product\/kit-de-apilamiento-para-horno-de-conveccion-doble\/"},"modified":"2025-09-03T20:15:40","modified_gmt":"2025-09-04T01:15:40","slug":"kit-de-apilamiento-para-horno-de-conveccion-doble","status":"publish","type":"product","link":"https:\/\/lfsusa.store\/es\/producto\/kit-de-apilamiento-para-horno-de-conveccion-doble\/","title":{"rendered":"Kit de Apilado para Horno de Convecci\u00f3n Doble \u2013 Instalaci\u00f3n Profesional que Ahorra Espacio"},"content":{"rendered":"<p>El Kit de Apilado para Horno de Convecci\u00f3n Doble Migali est\u00e1 dise\u00f1ado para maximizar el espacio en cocinas profesionales, permitiendo instalar dos hornos de convecci\u00f3n en configuraci\u00f3n vertical de forma segura y estable.<\/p>\n<p>Fabricado con los mismos materiales y acabados que el horno, este kit garantiza una integraci\u00f3n perfecta y un rendimiento confiable. Incluye todas las piezas necesarias para la instalaci\u00f3n, facilitando el montaje y asegurando que el equipo mantenga su alineaci\u00f3n y ventilaci\u00f3n adecuadas. <\/p>\n<p>Ideal para panader\u00edas, restaurantes y cocinas comerciales que buscan aumentar su capacidad de producci\u00f3n sin ampliar el \u00e1rea de trabajo.<\/p>\n<h1>Env\u00edo:<\/h1>\n<p>Este producto est\u00e1 disponible para env\u00edo dentro de los Estados Unidos de Am\u00e9rica o para env\u00edo internacional a cualquier pa\u00eds del mundo. Los costos de env\u00edo internacional se calcular\u00e1n seg\u00fan los t\u00e9rminos de negociaci\u00f3n y los requisitos del pa\u00eds de destino. <\/p>\n<h2> Env\u00edos a EE.UU.:<\/h2>\n<p class=\"yikes-custom-woo-tab-title yikes-custom-woo-tab-title-shipping\">El env\u00edo es gratuito a cualquier lugar de Estados Unidos. Quedan excluidas las bases militares y los hospitales. El uso de pal\u00e9s o dispositivos mec\u00e1nicos de apoyo para la entrega no est\u00e1 incluido y tiene un costo adicional que debe consultarse con antelaci\u00f3n.  <\/p>\n<h2 class=\"yikes-custom-woo-tab-title yikes-custom-woo-tab-title-freight-accessories\">Accesorios de carga:<\/h2>\n<p><strong>Tarifa de puerta levadiza US$265.<\/strong><br \/>\n<strong>Tarifa de ubicaci\u00f3n de acceso limitado US$ 335<\/strong><\/p>\n<p><strong>Si necesita estos accesorios despu\u00e9s de recibir su pedido, nos pondremos en contacto con usted para informarle del coste adicional.<\/strong><\/p>\n<p>&nbsp;<\/p>\n<p>&nbsp;<\/p>\n","protected":false},"excerpt":{"rendered":"<p>Kit de apilado Migali para horno de convecci\u00f3n doble. Incluye todas las piezas necesarias, fabricadas con los mismos materiales del equipo, para convertir un horno convencional en doble, optimizando espacio y manteniendo estabilidad. <\/p>\n","protected":false},"featured_media":11336,"template":"","meta":[],"product_brand":[1827],"product_cat":[3270],"product_tag":[1909,1840,1923,3225,3228,3227,3226],"class_list":{"0":"post-25628","1":"product","2":"type-product","3":"status-publish","4":"has-post-thumbnail","6":"product_brand-migali","7":"product_cat-hornos-de-conveccion-comerciales","8":"product_tag-envio-gratuito-a-ee-uu","9":"product_tag-equipamiento-para-restaurantes-y-hoteles-en-panama","10":"product_tag-equipos-de-cocina-comerciales-y-de-restaurantes-de-ee-uu-en-arabia-saudita","11":"product_tag-equipos-para-restaurantes-y-hoteles-en-ee-uu","12":"product_tag-equipos-para-restaurantes-y-hoteles-en-el-salvador","13":"product_tag-equipos-para-restaurantes-y-hoteles-en-puerto-rico","14":"product_tag-equipos-para-restaurantes-y-hoteles-en-republica-dominicana","16":"first","17":"instock","18":"taxable","19":"shipping-taxable","20":"purchasable","21":"product-type-simple"},"yoast_head":"<!-- This site is optimized with the Yoast SEO plugin v26.7 - https:\/\/yoast.com\/wordpress\/plugins\/seo\/ -->\n<title>Kit de Apilado para Horno de Convecci\u00f3n Doble \u2013 Instalaci\u00f3n Profesional que Ahorra Espacio | LuxeChef Food Service USA<\/title>\n<meta name=\"description\" content=\"Kit de apilado Migali para horno de convecci\u00f3n doble. Convierte tu horno en doble, ahorra espacio y aumenta capacidad. Env\u00edo gratis en USA.\" \/>\n<meta name=\"robots\" content=\"index, follow, max-snippet:-1, max-image-preview:large, max-video-preview:-1\" \/>\n<link rel=\"canonical\" href=\"https:\/\/lfsusa.store\/es\/producto\/kit-de-apilamiento-para-horno-de-conveccion-doble\/\" \/>\n<meta property=\"og:locale\" content=\"es_ES\" \/>\n<meta property=\"og:type\" content=\"article\" \/>\n<meta property=\"og:title\" content=\"Kit de Apilado para Horno de Convecci\u00f3n Doble \u2013 Instalaci\u00f3n Profesional que Ahorra Espacio | LuxeChef Food Service USA\" \/>\n<meta property=\"og:description\" content=\"Kit de apilado Migali para horno de convecci\u00f3n doble. Convierte tu horno en doble, ahorra espacio y aumenta capacidad. Env\u00edo gratis en USA.\" \/>\n<meta property=\"og:url\" content=\"https:\/\/lfsusa.store\/es\/producto\/kit-de-apilamiento-para-horno-de-conveccion-doble\/\" \/>\n<meta property=\"og:site_name\" content=\"LuxeChef Food Service USA\" \/>\n<meta property=\"article:modified_time\" content=\"2025-09-04T01:15:40+00:00\" \/>\n<meta property=\"og:image\" content=\"https:\/\/lfsusa.store\/wp-content\/uploads\/2024\/02\/migali-Stack-kit-for-double-convection-oven.jpg\" \/>\n\t<meta property=\"og:image:width\" content=\"700\" \/>\n\t<meta property=\"og:image:height\" content=\"800\" \/>\n\t<meta property=\"og:image:type\" content=\"image\/jpeg\" \/>\n<meta name=\"twitter:card\" content=\"summary_large_image\" \/>\n<meta name=\"twitter:label1\" content=\"Tiempo de lectura\" \/>\n\t<meta name=\"twitter:data1\" content=\"1 minuto\" \/>\n<script type=\"application\/ld+json\" class=\"yoast-schema-graph\">{\"@context\":\"https:\/\/schema.org\",\"@graph\":[{\"@type\":\"WebPage\",\"@id\":\"https:\/\/lfsusa.store\/es\/producto\/kit-de-apilamiento-para-horno-de-conveccion-doble\/\",\"url\":\"https:\/\/lfsusa.store\/es\/producto\/kit-de-apilamiento-para-horno-de-conveccion-doble\/\",\"name\":\"Kit de Apilado para Horno de Convecci\u00f3n Doble \u2013 Instalaci\u00f3n Profesional que Ahorra Espacio | LuxeChef Food Service USA\",\"isPartOf\":{\"@id\":\"https:\/\/lfsusa.store\/es\/#website\"},\"primaryImageOfPage\":{\"@id\":\"https:\/\/lfsusa.store\/es\/producto\/kit-de-apilamiento-para-horno-de-conveccion-doble\/#primaryimage\"},\"image\":{\"@id\":\"https:\/\/lfsusa.store\/es\/producto\/kit-de-apilamiento-para-horno-de-conveccion-doble\/#primaryimage\"},\"thumbnailUrl\":\"https:\/\/lfsusa.store\/wp-content\/uploads\/2024\/02\/migali-Stack-kit-for-double-convection-oven.jpg\",\"datePublished\":\"2025-08-31T20:01:50+00:00\",\"dateModified\":\"2025-09-04T01:15:40+00:00\",\"description\":\"Kit de apilado Migali para horno de convecci\u00f3n doble. Convierte tu horno en doble, ahorra espacio y aumenta capacidad. Env\u00edo gratis en USA.\",\"breadcrumb\":{\"@id\":\"https:\/\/lfsusa.store\/es\/producto\/kit-de-apilamiento-para-horno-de-conveccion-doble\/#breadcrumb\"},\"inLanguage\":\"es\",\"potentialAction\":[{\"@type\":\"ReadAction\",\"target\":[\"https:\/\/lfsusa.store\/es\/producto\/kit-de-apilamiento-para-horno-de-conveccion-doble\/\"]}]},{\"@type\":\"ImageObject\",\"inLanguage\":\"es\",\"@id\":\"https:\/\/lfsusa.store\/es\/producto\/kit-de-apilamiento-para-horno-de-conveccion-doble\/#primaryimage\",\"url\":\"https:\/\/lfsusa.store\/wp-content\/uploads\/2024\/02\/migali-Stack-kit-for-double-convection-oven.jpg\",\"contentUrl\":\"https:\/\/lfsusa.store\/wp-content\/uploads\/2024\/02\/migali-Stack-kit-for-double-convection-oven.jpg\",\"width\":700,\"height\":800},{\"@type\":\"BreadcrumbList\",\"@id\":\"https:\/\/lfsusa.store\/es\/producto\/kit-de-apilamiento-para-horno-de-conveccion-doble\/#breadcrumb\",\"itemListElement\":[{\"@type\":\"ListItem\",\"position\":1,\"name\":\"Home\",\"item\":\"https:\/\/lfsusa.store\/es\/inicio-luxechef-food-service-usa\/\"},{\"@type\":\"ListItem\",\"position\":2,\"name\":\"Tienda\",\"item\":\"https:\/\/lfsusa.store\/es\/tienda\/\"},{\"@type\":\"ListItem\",\"position\":3,\"name\":\"Kit de Apilado para Horno de Convecci\u00f3n Doble \u2013 Instalaci\u00f3n Profesional que Ahorra Espacio\"}]},{\"@type\":\"WebSite\",\"@id\":\"https:\/\/lfsusa.store\/es\/#website\",\"url\":\"https:\/\/lfsusa.store\/es\/\",\"name\":\"LuxeChef Food Service USA\",\"description\":\"Shop restaurant supplies &amp; equipment products in our online restaurant supply store. Extremely fast shipping &amp; wholesale pricing from the #1 restaurant supply company!\",\"publisher\":{\"@id\":\"https:\/\/lfsusa.store\/es\/#organization\"},\"alternateName\":\"LuxeChef Food Service USA\",\"potentialAction\":[{\"@type\":\"SearchAction\",\"target\":{\"@type\":\"EntryPoint\",\"urlTemplate\":\"https:\/\/lfsusa.store\/es\/?s={search_term_string}\"},\"query-input\":{\"@type\":\"PropertyValueSpecification\",\"valueRequired\":true,\"valueName\":\"search_term_string\"}}],\"inLanguage\":\"es\"},{\"@type\":\"Organization\",\"@id\":\"https:\/\/lfsusa.store\/es\/#organization\",\"name\":\"LuxeChef Food Service USA\",\"alternateName\":\"LuxeChef Food Service\",\"url\":\"https:\/\/lfsusa.store\/es\/\",\"logo\":{\"@type\":\"ImageObject\",\"inLanguage\":\"es\",\"@id\":\"https:\/\/lfsusa.store\/es\/#\/schema\/logo\/image\/\",\"url\":\"https:\/\/lfsusa.store\/wp-content\/uploads\/2025\/07\/luxe-chef-usa-696-696.jpg\",\"contentUrl\":\"https:\/\/lfsusa.store\/wp-content\/uploads\/2025\/07\/luxe-chef-usa-696-696.jpg\",\"width\":696,\"height\":696,\"caption\":\"LuxeChef Food Service USA\"},\"image\":{\"@id\":\"https:\/\/lfsusa.store\/es\/#\/schema\/logo\/image\/\"}}]}<\/script>\n<!-- \/ Yoast SEO plugin. -->","yoast_head_json":{"title":"Kit de Apilado para Horno de Convecci\u00f3n Doble \u2013 Instalaci\u00f3n Profesional que Ahorra Espacio | LuxeChef Food Service USA","description":"Kit de apilado Migali para horno de convecci\u00f3n doble. Convierte tu horno en doble, ahorra espacio y aumenta capacidad. Env\u00edo gratis en USA.","robots":{"index":"index","follow":"follow","max-snippet":"max-snippet:-1","max-image-preview":"max-image-preview:large","max-video-preview":"max-video-preview:-1"},"canonical":"https:\/\/lfsusa.store\/es\/producto\/kit-de-apilamiento-para-horno-de-conveccion-doble\/","og_locale":"es_ES","og_type":"article","og_title":"Kit de Apilado para Horno de Convecci\u00f3n Doble \u2013 Instalaci\u00f3n Profesional que Ahorra Espacio | LuxeChef Food Service USA","og_description":"Kit de apilado Migali para horno de convecci\u00f3n doble. Convierte tu horno en doble, ahorra espacio y aumenta capacidad. Env\u00edo gratis en USA.","og_url":"https:\/\/lfsusa.store\/es\/producto\/kit-de-apilamiento-para-horno-de-conveccion-doble\/","og_site_name":"LuxeChef Food Service USA","article_modified_time":"2025-09-04T01:15:40+00:00","og_image":[{"width":700,"height":800,"url":"https:\/\/lfsusa.store\/wp-content\/uploads\/2024\/02\/migali-Stack-kit-for-double-convection-oven.jpg","type":"image\/jpeg"}],"twitter_card":"summary_large_image","twitter_misc":{"Tiempo de lectura":"1 minuto"},"schema":{"@context":"https:\/\/schema.org","@graph":[{"@type":"WebPage","@id":"https:\/\/lfsusa.store\/es\/producto\/kit-de-apilamiento-para-horno-de-conveccion-doble\/","url":"https:\/\/lfsusa.store\/es\/producto\/kit-de-apilamiento-para-horno-de-conveccion-doble\/","name":"Kit de Apilado para Horno de Convecci\u00f3n Doble \u2013 Instalaci\u00f3n Profesional que Ahorra Espacio | LuxeChef Food Service USA","isPartOf":{"@id":"https:\/\/lfsusa.store\/es\/#website"},"primaryImageOfPage":{"@id":"https:\/\/lfsusa.store\/es\/producto\/kit-de-apilamiento-para-horno-de-conveccion-doble\/#primaryimage"},"image":{"@id":"https:\/\/lfsusa.store\/es\/producto\/kit-de-apilamiento-para-horno-de-conveccion-doble\/#primaryimage"},"thumbnailUrl":"https:\/\/lfsusa.store\/wp-content\/uploads\/2024\/02\/migali-Stack-kit-for-double-convection-oven.jpg","datePublished":"2025-08-31T20:01:50+00:00","dateModified":"2025-09-04T01:15:40+00:00","description":"Kit de apilado Migali para horno de convecci\u00f3n doble. Convierte tu horno en doble, ahorra espacio y aumenta capacidad. Env\u00edo gratis en USA.","breadcrumb":{"@id":"https:\/\/lfsusa.store\/es\/producto\/kit-de-apilamiento-para-horno-de-conveccion-doble\/#breadcrumb"},"inLanguage":"es","potentialAction":[{"@type":"ReadAction","target":["https:\/\/lfsusa.store\/es\/producto\/kit-de-apilamiento-para-horno-de-conveccion-doble\/"]}]},{"@type":"ImageObject","inLanguage":"es","@id":"https:\/\/lfsusa.store\/es\/producto\/kit-de-apilamiento-para-horno-de-conveccion-doble\/#primaryimage","url":"https:\/\/lfsusa.store\/wp-content\/uploads\/2024\/02\/migali-Stack-kit-for-double-convection-oven.jpg","contentUrl":"https:\/\/lfsusa.store\/wp-content\/uploads\/2024\/02\/migali-Stack-kit-for-double-convection-oven.jpg","width":700,"height":800},{"@type":"BreadcrumbList","@id":"https:\/\/lfsusa.store\/es\/producto\/kit-de-apilamiento-para-horno-de-conveccion-doble\/#breadcrumb","itemListElement":[{"@type":"ListItem","position":1,"name":"Home","item":"https:\/\/lfsusa.store\/es\/inicio-luxechef-food-service-usa\/"},{"@type":"ListItem","position":2,"name":"Tienda","item":"https:\/\/lfsusa.store\/es\/tienda\/"},{"@type":"ListItem","position":3,"name":"Kit de Apilado para Horno de Convecci\u00f3n Doble \u2013 Instalaci\u00f3n Profesional que Ahorra Espacio"}]},{"@type":"WebSite","@id":"https:\/\/lfsusa.store\/es\/#website","url":"https:\/\/lfsusa.store\/es\/","name":"LuxeChef Food Service USA","description":"Shop restaurant supplies &amp; equipment products in our online restaurant supply store. Extremely fast shipping &amp; wholesale pricing from the #1 restaurant supply company!","publisher":{"@id":"https:\/\/lfsusa.store\/es\/#organization"},"alternateName":"LuxeChef Food Service USA","potentialAction":[{"@type":"SearchAction","target":{"@type":"EntryPoint","urlTemplate":"https:\/\/lfsusa.store\/es\/?s={search_term_string}"},"query-input":{"@type":"PropertyValueSpecification","valueRequired":true,"valueName":"search_term_string"}}],"inLanguage":"es"},{"@type":"Organization","@id":"https:\/\/lfsusa.store\/es\/#organization","name":"LuxeChef Food Service USA","alternateName":"LuxeChef Food Service","url":"https:\/\/lfsusa.store\/es\/","logo":{"@type":"ImageObject","inLanguage":"es","@id":"https:\/\/lfsusa.store\/es\/#\/schema\/logo\/image\/","url":"https:\/\/lfsusa.store\/wp-content\/uploads\/2025\/07\/luxe-chef-usa-696-696.jpg","contentUrl":"https:\/\/lfsusa.store\/wp-content\/uploads\/2025\/07\/luxe-chef-usa-696-696.jpg","width":696,"height":696,"caption":"LuxeChef Food Service USA"},"image":{"@id":"https:\/\/lfsusa.store\/es\/#\/schema\/logo\/image\/"}}]}},"_links":{"self":[{"href":"https:\/\/lfsusa.store\/es\/wp-json\/wp\/v2\/product\/25628","targetHints":{"allow":["GET"]}}],"collection":[{"href":"https:\/\/lfsusa.store\/es\/wp-json\/wp\/v2\/product"}],"about":[{"href":"https:\/\/lfsusa.store\/es\/wp-json\/wp\/v2\/types\/product"}],"version-history":[{"count":1,"href":"https:\/\/lfsusa.store\/es\/wp-json\/wp\/v2\/product\/25628\/revisions"}],"predecessor-version":[{"id":29129,"href":"https:\/\/lfsusa.store\/es\/wp-json\/wp\/v2\/product\/25628\/revisions\/29129"}],"wp:featuredmedia":[{"embeddable":true,"href":"https:\/\/lfsusa.store\/es\/wp-json\/wp\/v2\/media\/11336"}],"wp:attachment":[{"href":"https:\/\/lfsusa.store\/es\/wp-json\/wp\/v2\/media?parent=25628"}],"wp:term":[{"taxonomy":"product_brand","embeddable":true,"href":"https:\/\/lfsusa.store\/es\/wp-json\/wp\/v2\/product_brand?post=25628"},{"taxonomy":"product_cat","embeddable":true,"href":"https:\/\/lfsusa.store\/es\/wp-json\/wp\/v2\/product_cat?post=25628"},{"taxonomy":"product_tag","embeddable":true,"href":"https:\/\/lfsusa.store\/es\/wp-json\/wp\/v2\/product_tag?post=25628"}],"curies":[{"name":"wp","href":"https:\/\/api.w.org\/{rel}","templated":true}]}}