{"id":26455,"date":"2024-02-26T15:20:11","date_gmt":"2024-02-26T20:20:11","guid":{"rendered":"https:\/\/lfsusa.store\/product\/concentrado-de-coco-100-derivado-del-coco-botella-de-125-g\/"},"modified":"2024-02-26T15:20:11","modified_gmt":"2024-02-26T20:20:11","slug":"concentrado-de-coco-100-derivado-del-coco-botella-de-125-g","status":"publish","type":"product","link":"https:\/\/lfsusa.store\/es\/producto\/concentrado-de-coco-100-derivado-del-coco-botella-de-125-g\/","title":{"rendered":"Concentrado de Coco Titot\u00e9 -100% Derivado del Coco Botella de 125g"},"content":{"rendered":"<p><strong>L\u00cdNEA INSTITUCIONAL<\/strong> | <em>Sector HORECA<\/em><\/p>\n<p>Para el sector institucional contamos con presentaciones de mayor volumen, lo que permite mayor beneficio en costos y practicidad en la gesti\u00f3n del empaque.<\/p>\n<p><strong>\u00bfPOR QU\u00c9 TENER TITOTE EN TU COCINA?<\/strong><\/p>\n<p><strong>Ahorro de costos<\/strong><br \/>\nNo siempre encontrar\u00e1s cocos aptos para procesar y es muy dif\u00edcil saber si est\u00e1n en buen estado.<\/p>\n<p><strong>Menos tiempo de preparaci\u00f3n<\/strong><br \/>\nYa procesamos el coco. Tus empleados solo tienen que preparar el arroz.<br \/>\n<strong>Menos trabajo<\/strong><br \/>\nYa no necesitas tanta gente preparando y rallando el coco.<\/p>\n<p><strong>Optimizaci\u00f3n de la gesti\u00f3n de sus almacenes e inventarios.<\/strong><br \/>\nM\u00e1s sencillo y compacto que almacenar cocos.<\/p>\n<p><strong>Garant\u00eda de calidad y sanidad<\/strong><br \/>\nContamos con documentos emitidos por la autoridad sanitaria INVIMA, que autoriza la producci\u00f3n, envasado y comercializaci\u00f3n de nuestros productos.<\/p>\n<p><strong>Estandarizaci\u00f3n de sabores y costos de producci\u00f3n<\/strong><br \/>\nEl coco puede tener una de las mayores p\u00e9rdidas en una cocina y es muy variable. Controle sus costos y el sabor final con nuestros productos. <\/p>\n<p><strong>Mayor seguridad<\/strong><br \/>\nLa producci\u00f3n de concentrado de coco es riesgosa y con Titot\u00e9 evitar\u00edas accidentes laborales.<\/p>\n","protected":false},"excerpt":{"rendered":"<p>El arroz con coco es el acompa\u00f1amiento t\u00edpico del Caribe. Titot\u00e9 se presenta como un aliado, ya que permite ahorrarse el tedioso trabajo de procesar, rallar y cocinar el coco. Solo hay que a\u00f1adirlo al arroz blanco y en 25 minutos se obtiene el producto que todos conocen. <\/p>\n<p>REGISTRO SANITARIO RSAF-18I2605 TIEMPO DE \u00daTILIDAD: 18 MESES<\/p>\n<p>Presentaciones: Botella de 125gr &#8211; 4.4Fl-oz<\/p>\n","protected":false},"featured_media":22548,"template":"","meta":[],"product_brand":[1829],"product_cat":[1858],"product_tag":[1921,1840,1923,3225,3228,3227,3226],"class_list":{"0":"post-26455","1":"product","2":"type-product","3":"status-publish","4":"has-post-thumbnail","6":"product_brand-titote","7":"product_cat-alimentos-y-bebidas","8":"product_tag-comida-sana","9":"product_tag-equipamiento-para-restaurantes-y-hoteles-en-panama","10":"product_tag-equipos-de-cocina-comerciales-y-de-restaurantes-de-ee-uu-en-arabia-saudita","11":"product_tag-equipos-para-restaurantes-y-hoteles-en-ee-uu","12":"product_tag-equipos-para-restaurantes-y-hoteles-en-el-salvador","13":"product_tag-equipos-para-restaurantes-y-hoteles-en-puerto-rico","14":"product_tag-equipos-para-restaurantes-y-hoteles-en-republica-dominicana","15":"product_shipping_class-cotizacion","17":"first","18":"instock","19":"taxable","20":"shipping-taxable","21":"purchasable","22":"product-type-simple"},"yoast_head":"<!-- This site is optimized with the Yoast SEO plugin v26.7 - https:\/\/yoast.com\/wordpress\/plugins\/seo\/ -->\n<title>Concentrado de Coco Titot\u00e9 -100% Derivado del Coco Botella de 125g<\/title>\n<meta name=\"description\" content=\"Concentrado de Coco Titot\u00e9 -100% Derivado del Coco Botella de 125g 100% coconut paste to cook different dishes one of them the delicious sweet coconut rice from Colombia.\" \/>\n<meta name=\"robots\" content=\"index, follow, max-snippet:-1, max-image-preview:large, max-video-preview:-1\" \/>\n<link rel=\"canonical\" href=\"https:\/\/lfsusa.store\/es\/producto\/concentrado-de-coco-100-derivado-del-coco-botella-de-125-g\/\" \/>\n<meta property=\"og:locale\" content=\"es_ES\" \/>\n<meta property=\"og:type\" content=\"article\" \/>\n<meta property=\"og:title\" content=\"Concentrado de Coco Titot\u00e9 -100% Derivado del Coco Botella de 125g\" \/>\n<meta property=\"og:description\" content=\"Concentrado de Coco Titot\u00e9 -100% Derivado del Coco Botella de 125g 100% coconut paste to cook different dishes one of them the delicious sweet coconut rice from Colombia.\" \/>\n<meta property=\"og:url\" content=\"https:\/\/lfsusa.store\/es\/producto\/concentrado-de-coco-100-derivado-del-coco-botella-de-125-g\/\" \/>\n<meta property=\"og:site_name\" content=\"LuxeChef Food Service USA\" \/>\n<meta property=\"og:image\" content=\"https:\/\/lfsusa.store\/wp-content\/uploads\/2024\/02\/Coconut-Concentrate-100-Coconut-Derived-125-gr-bottle.jpg\" \/>\n\t<meta property=\"og:image:width\" content=\"800\" \/>\n\t<meta property=\"og:image:height\" content=\"900\" \/>\n\t<meta property=\"og:image:type\" content=\"image\/jpeg\" \/>\n<meta name=\"twitter:card\" content=\"summary_large_image\" \/>\n<meta name=\"twitter:label1\" content=\"Tiempo de lectura\" \/>\n\t<meta name=\"twitter:data1\" content=\"1 minuto\" \/>\n<script type=\"application\/ld+json\" class=\"yoast-schema-graph\">{\"@context\":\"https:\/\/schema.org\",\"@graph\":[{\"@type\":\"WebPage\",\"@id\":\"https:\/\/lfsusa.store\/es\/producto\/concentrado-de-coco-100-derivado-del-coco-botella-de-125-g\/\",\"url\":\"https:\/\/lfsusa.store\/es\/producto\/concentrado-de-coco-100-derivado-del-coco-botella-de-125-g\/\",\"name\":\"Concentrado de Coco Titot\u00e9 -100% Derivado del Coco Botella de 125g\",\"isPartOf\":{\"@id\":\"https:\/\/lfsusa.store\/es\/#website\"},\"primaryImageOfPage\":{\"@id\":\"https:\/\/lfsusa.store\/es\/producto\/concentrado-de-coco-100-derivado-del-coco-botella-de-125-g\/#primaryimage\"},\"image\":{\"@id\":\"https:\/\/lfsusa.store\/es\/producto\/concentrado-de-coco-100-derivado-del-coco-botella-de-125-g\/#primaryimage\"},\"thumbnailUrl\":\"https:\/\/lfsusa.store\/wp-content\/uploads\/2024\/02\/Coconut-Concentrate-100-Coconut-Derived-125-gr-bottle.jpg\",\"datePublished\":\"2024-02-26T20:20:11+00:00\",\"description\":\"Concentrado de Coco Titot\u00e9 -100% Derivado del Coco Botella de 125g 100% coconut paste to cook different dishes one of them the delicious sweet coconut rice from Colombia.\",\"breadcrumb\":{\"@id\":\"https:\/\/lfsusa.store\/es\/producto\/concentrado-de-coco-100-derivado-del-coco-botella-de-125-g\/#breadcrumb\"},\"inLanguage\":\"es\",\"potentialAction\":[{\"@type\":\"ReadAction\",\"target\":[\"https:\/\/lfsusa.store\/es\/producto\/concentrado-de-coco-100-derivado-del-coco-botella-de-125-g\/\"]}]},{\"@type\":\"ImageObject\",\"inLanguage\":\"es\",\"@id\":\"https:\/\/lfsusa.store\/es\/producto\/concentrado-de-coco-100-derivado-del-coco-botella-de-125-g\/#primaryimage\",\"url\":\"https:\/\/lfsusa.store\/wp-content\/uploads\/2024\/02\/Coconut-Concentrate-100-Coconut-Derived-125-gr-bottle.jpg\",\"contentUrl\":\"https:\/\/lfsusa.store\/wp-content\/uploads\/2024\/02\/Coconut-Concentrate-100-Coconut-Derived-125-gr-bottle.jpg\",\"width\":800,\"height\":900,\"caption\":\"Concentrado de Coco Titot\u00e9 -100% Derivado del Coco Botella de 125g\"},{\"@type\":\"BreadcrumbList\",\"@id\":\"https:\/\/lfsusa.store\/es\/producto\/concentrado-de-coco-100-derivado-del-coco-botella-de-125-g\/#breadcrumb\",\"itemListElement\":[{\"@type\":\"ListItem\",\"position\":1,\"name\":\"Home\",\"item\":\"https:\/\/lfsusa.store\/es\/inicio-luxechef-food-service-usa\/\"},{\"@type\":\"ListItem\",\"position\":2,\"name\":\"Tienda\",\"item\":\"https:\/\/lfsusa.store\/es\/tienda\/\"},{\"@type\":\"ListItem\",\"position\":3,\"name\":\"Concentrado de Coco Titot\u00e9 -100% Derivado del Coco Botella de 125g\"}]},{\"@type\":\"WebSite\",\"@id\":\"https:\/\/lfsusa.store\/es\/#website\",\"url\":\"https:\/\/lfsusa.store\/es\/\",\"name\":\"LuxeChef Food Service USA\",\"description\":\"Shop restaurant supplies &amp; equipment products in our online restaurant supply store. Extremely fast shipping &amp; wholesale pricing from the #1 restaurant supply company!\",\"publisher\":{\"@id\":\"https:\/\/lfsusa.store\/es\/#organization\"},\"alternateName\":\"LuxeChef Food Service USA\",\"potentialAction\":[{\"@type\":\"SearchAction\",\"target\":{\"@type\":\"EntryPoint\",\"urlTemplate\":\"https:\/\/lfsusa.store\/es\/?s={search_term_string}\"},\"query-input\":{\"@type\":\"PropertyValueSpecification\",\"valueRequired\":true,\"valueName\":\"search_term_string\"}}],\"inLanguage\":\"es\"},{\"@type\":\"Organization\",\"@id\":\"https:\/\/lfsusa.store\/es\/#organization\",\"name\":\"LuxeChef Food Service USA\",\"alternateName\":\"LuxeChef Food Service\",\"url\":\"https:\/\/lfsusa.store\/es\/\",\"logo\":{\"@type\":\"ImageObject\",\"inLanguage\":\"es\",\"@id\":\"https:\/\/lfsusa.store\/es\/#\/schema\/logo\/image\/\",\"url\":\"https:\/\/lfsusa.store\/wp-content\/uploads\/2025\/07\/luxe-chef-usa-696-696.jpg\",\"contentUrl\":\"https:\/\/lfsusa.store\/wp-content\/uploads\/2025\/07\/luxe-chef-usa-696-696.jpg\",\"width\":696,\"height\":696,\"caption\":\"LuxeChef Food Service USA\"},\"image\":{\"@id\":\"https:\/\/lfsusa.store\/es\/#\/schema\/logo\/image\/\"}}]}<\/script>\n<!-- \/ Yoast SEO plugin. -->","yoast_head_json":{"title":"Concentrado de Coco Titot\u00e9 -100% Derivado del Coco Botella de 125g","description":"Concentrado de Coco Titot\u00e9 -100% Derivado del Coco Botella de 125g 100% coconut paste to cook different dishes one of them the delicious sweet coconut rice from Colombia.","robots":{"index":"index","follow":"follow","max-snippet":"max-snippet:-1","max-image-preview":"max-image-preview:large","max-video-preview":"max-video-preview:-1"},"canonical":"https:\/\/lfsusa.store\/es\/producto\/concentrado-de-coco-100-derivado-del-coco-botella-de-125-g\/","og_locale":"es_ES","og_type":"article","og_title":"Concentrado de Coco Titot\u00e9 -100% Derivado del Coco Botella de 125g","og_description":"Concentrado de Coco Titot\u00e9 -100% Derivado del Coco Botella de 125g 100% coconut paste to cook different dishes one of them the delicious sweet coconut rice from Colombia.","og_url":"https:\/\/lfsusa.store\/es\/producto\/concentrado-de-coco-100-derivado-del-coco-botella-de-125-g\/","og_site_name":"LuxeChef Food Service USA","og_image":[{"width":800,"height":900,"url":"https:\/\/lfsusa.store\/wp-content\/uploads\/2024\/02\/Coconut-Concentrate-100-Coconut-Derived-125-gr-bottle.jpg","type":"image\/jpeg"}],"twitter_card":"summary_large_image","twitter_misc":{"Tiempo de lectura":"1 minuto"},"schema":{"@context":"https:\/\/schema.org","@graph":[{"@type":"WebPage","@id":"https:\/\/lfsusa.store\/es\/producto\/concentrado-de-coco-100-derivado-del-coco-botella-de-125-g\/","url":"https:\/\/lfsusa.store\/es\/producto\/concentrado-de-coco-100-derivado-del-coco-botella-de-125-g\/","name":"Concentrado de Coco Titot\u00e9 -100% Derivado del Coco Botella de 125g","isPartOf":{"@id":"https:\/\/lfsusa.store\/es\/#website"},"primaryImageOfPage":{"@id":"https:\/\/lfsusa.store\/es\/producto\/concentrado-de-coco-100-derivado-del-coco-botella-de-125-g\/#primaryimage"},"image":{"@id":"https:\/\/lfsusa.store\/es\/producto\/concentrado-de-coco-100-derivado-del-coco-botella-de-125-g\/#primaryimage"},"thumbnailUrl":"https:\/\/lfsusa.store\/wp-content\/uploads\/2024\/02\/Coconut-Concentrate-100-Coconut-Derived-125-gr-bottle.jpg","datePublished":"2024-02-26T20:20:11+00:00","description":"Concentrado de Coco Titot\u00e9 -100% Derivado del Coco Botella de 125g 100% coconut paste to cook different dishes one of them the delicious sweet coconut rice from Colombia.","breadcrumb":{"@id":"https:\/\/lfsusa.store\/es\/producto\/concentrado-de-coco-100-derivado-del-coco-botella-de-125-g\/#breadcrumb"},"inLanguage":"es","potentialAction":[{"@type":"ReadAction","target":["https:\/\/lfsusa.store\/es\/producto\/concentrado-de-coco-100-derivado-del-coco-botella-de-125-g\/"]}]},{"@type":"ImageObject","inLanguage":"es","@id":"https:\/\/lfsusa.store\/es\/producto\/concentrado-de-coco-100-derivado-del-coco-botella-de-125-g\/#primaryimage","url":"https:\/\/lfsusa.store\/wp-content\/uploads\/2024\/02\/Coconut-Concentrate-100-Coconut-Derived-125-gr-bottle.jpg","contentUrl":"https:\/\/lfsusa.store\/wp-content\/uploads\/2024\/02\/Coconut-Concentrate-100-Coconut-Derived-125-gr-bottle.jpg","width":800,"height":900,"caption":"Concentrado de Coco Titot\u00e9 -100% Derivado del Coco Botella de 125g"},{"@type":"BreadcrumbList","@id":"https:\/\/lfsusa.store\/es\/producto\/concentrado-de-coco-100-derivado-del-coco-botella-de-125-g\/#breadcrumb","itemListElement":[{"@type":"ListItem","position":1,"name":"Home","item":"https:\/\/lfsusa.store\/es\/inicio-luxechef-food-service-usa\/"},{"@type":"ListItem","position":2,"name":"Tienda","item":"https:\/\/lfsusa.store\/es\/tienda\/"},{"@type":"ListItem","position":3,"name":"Concentrado de Coco Titot\u00e9 -100% Derivado del Coco Botella de 125g"}]},{"@type":"WebSite","@id":"https:\/\/lfsusa.store\/es\/#website","url":"https:\/\/lfsusa.store\/es\/","name":"LuxeChef Food Service USA","description":"Shop restaurant supplies &amp; equipment products in our online restaurant supply store. Extremely fast shipping &amp; wholesale pricing from the #1 restaurant supply company!","publisher":{"@id":"https:\/\/lfsusa.store\/es\/#organization"},"alternateName":"LuxeChef Food Service USA","potentialAction":[{"@type":"SearchAction","target":{"@type":"EntryPoint","urlTemplate":"https:\/\/lfsusa.store\/es\/?s={search_term_string}"},"query-input":{"@type":"PropertyValueSpecification","valueRequired":true,"valueName":"search_term_string"}}],"inLanguage":"es"},{"@type":"Organization","@id":"https:\/\/lfsusa.store\/es\/#organization","name":"LuxeChef Food Service USA","alternateName":"LuxeChef Food Service","url":"https:\/\/lfsusa.store\/es\/","logo":{"@type":"ImageObject","inLanguage":"es","@id":"https:\/\/lfsusa.store\/es\/#\/schema\/logo\/image\/","url":"https:\/\/lfsusa.store\/wp-content\/uploads\/2025\/07\/luxe-chef-usa-696-696.jpg","contentUrl":"https:\/\/lfsusa.store\/wp-content\/uploads\/2025\/07\/luxe-chef-usa-696-696.jpg","width":696,"height":696,"caption":"LuxeChef Food Service USA"},"image":{"@id":"https:\/\/lfsusa.store\/es\/#\/schema\/logo\/image\/"}}]}},"_links":{"self":[{"href":"https:\/\/lfsusa.store\/es\/wp-json\/wp\/v2\/product\/26455","targetHints":{"allow":["GET"]}}],"collection":[{"href":"https:\/\/lfsusa.store\/es\/wp-json\/wp\/v2\/product"}],"about":[{"href":"https:\/\/lfsusa.store\/es\/wp-json\/wp\/v2\/types\/product"}],"version-history":[{"count":0,"href":"https:\/\/lfsusa.store\/es\/wp-json\/wp\/v2\/product\/26455\/revisions"}],"wp:featuredmedia":[{"embeddable":true,"href":"https:\/\/lfsusa.store\/es\/wp-json\/wp\/v2\/media\/22548"}],"wp:attachment":[{"href":"https:\/\/lfsusa.store\/es\/wp-json\/wp\/v2\/media?parent=26455"}],"wp:term":[{"taxonomy":"product_brand","embeddable":true,"href":"https:\/\/lfsusa.store\/es\/wp-json\/wp\/v2\/product_brand?post=26455"},{"taxonomy":"product_cat","embeddable":true,"href":"https:\/\/lfsusa.store\/es\/wp-json\/wp\/v2\/product_cat?post=26455"},{"taxonomy":"product_tag","embeddable":true,"href":"https:\/\/lfsusa.store\/es\/wp-json\/wp\/v2\/product_tag?post=26455"}],"curies":[{"name":"wp","href":"https:\/\/api.w.org\/{rel}","templated":true}]}}