{"id":26478,"date":"2025-08-20T10:15:16","date_gmt":"2025-08-20T15:15:16","guid":{"rendered":"https:\/\/lfsusa.store\/product\/exhibidor-de-pizzas-giratorio-y-calentado-tita-pd3ts18-22-con-3-niveles-120-v\/"},"modified":"2025-08-20T10:44:03","modified_gmt":"2025-08-20T15:44:03","slug":"exhibidor-de-pizzas-giratorio-y-calentado-tita-pd3ts18-22-con-3-niveles-120-v","status":"publish","type":"product","link":"https:\/\/lfsusa.store\/es\/producto\/exhibidor-de-pizzas-giratorio-y-calentado-tita-pd3ts18-22-con-3-niveles-120-v\/","title":{"rendered":"TITA PD3TS18 | Exhibidor de pizzas giratorio y calentado de 22&#8243; con 3 niveles, 120 V"},"content":{"rendered":"<p>Los operadores pueden mantener calientes las pizzas y otros alimentos de servicio r\u00e1pido sin que se sequen en la vitrina para pizzas Tita PD3TS18. Tres bandejas extragrandes de aluminio anodizado se mantienen a temperaturas aptas para alimentos gracias al elemento calefactor tubular de acero inoxidable serie 304, y el sistema de humidificaci\u00f3n integrado conserva la textura fresca de los alimentos preparados. Para garantizar la mejor visibilidad para el cliente, esta unidad cuenta con una brillante iluminaci\u00f3n LED y laterales de vidrio templado, mientras que la puerta abatible permite un servicio r\u00e1pido desde atr\u00e1s. En la parte superior de la vitrina, una imagen 3D a todo color anuncia el producto incluso a distancia.   <\/p>\n<p>Los operadores pueden mantener calientes las pizzas y otros alimentos de servicio r\u00e1pido sin que se secuencian en la vitrina para pizzas Tita PD3TS18. Tres bandejas extragrandes de aluminio anodizado se mantienen a temperaturas aptas para alimentos gracias al elemento calefactor tubular de acero inoxidable serie 304, y el sistema de humidificaci\u00f3n integrado conserva la textura fresca de los alimentos preparados. Para garantizar la mejor visibilidad para el cliente, esta unidad cuenta con una brillante iluminaci\u00f3n LED y laterales de vidrio templado, mientras que la puerta abatible permite un servicio r\u00e1pido desde atr\u00e1s. En la parte superior de la vitrina, una imagen 3D a todo color anuncia el producto incluso a distancia.  <\/p>\n<p><strong>Detalles del producto<\/strong><\/p>\n<ul>\n<li>3 bandejas grandes para pizza de aluminio anodizado de 18 pulgadas <\/li>\n<li>Base de acero inoxidable para soporte.<\/li>\n<li>Elemento calefactor tubular de acero inoxidable serie 304<\/li>\n<li>Iluminaci\u00f3n LED de alta visibilidad<\/li>\n<li>El vidrio templado en cada lado permite una visi\u00f3n sin obst\u00e1culos de los alimentos calientes.<\/li>\n<li>Puerta batiente en el lado del servidor fabricada en vidrio templado<\/li>\n<li>Termost\u00e1tico y humidificador para conservar el sabor y la textura.<\/li>\n<li>Silicone-coated electrical wiring operates safely at temperatures as high as 572 degrees F<\/li>\n<\/ul>\n<p><strong>Dimensiones y utilidades<\/strong><\/p>\n<ul>\n<li>22 in. W x 19 in. D x 31<sup>1<\/sup>\u2044<sub>2<\/sub> in. H   <\/li>\n<li>718 W<\/li>\n<li>127 V<\/li>\n<\/ul>\n<p><strong>Del fabricante<\/strong><\/p>\n<p>Vitrina para pizza Steam Line, 56 cm de ancho x 48 cm de profundidad x 80 cm de alto, elemento calefactor tubular de acero inoxidable 304, rejilla giratoria de 3 niveles con (3) bandejas de aluminio extra\u00edbles de 45 cm, iluminaci\u00f3n LED, vidrio templado con puerta abatible del lado del servidor, marco de aluminio, base de acero inoxidable, 120 V\/60 Hz\/monof\u00e1sico, 718 vatios<\/p>\n<p>*Es posible que la imagen no represente el color, las inclusiones o los accesorios del producto.<\/p>\n<p>&nbsp;<\/p>\n","protected":false},"excerpt":{"rendered":"<ul>\n<li><strong><span style=\"color: #0c7f84;\">ESPECIFICACIONES R\u00c1PIDAS DEL PRODUCTO<\/span><\/strong><\/li>\n<li><strong><span style=\"color: #0c7f84;\">Marca:<\/span> TITA<\/strong><\/li>\n<li><strong><span style=\"color: #0c7f84;\">Voltaje:<\/span> 127 V<\/strong><\/li>\n<li><strong><span style=\"color: #0c7f84;\">Potencia nominal:<\/span> 1048 W<\/strong><\/li>\n<li><strong><span style=\"color: #0c7f84;\">Dimensiones (W x D x H): <\/span>22\u201d x 19\u201d x 31 \u00bd\u201d<\/strong><\/li>\n<li><strong><span style=\"color: #0c7f84;\">Peso (neto x env\u00edo): <\/span>61 lb x 73 lb<\/strong><\/li>\n<li><strong><span style=\"color: #0c7f84;\">Dimensiones de la bandeja (W x D x H): <\/span>18\u201d dia.<\/strong><\/li>\n<li><strong> <span style=\"color: #0c7f84;\"># de estantes\/bandejas: <\/span>3 \/ 3<\/strong><\/li>\n<li><strong><span style=\"color: #0c7f84;\">Temperatura m\u00e1xima<\/span>:248 F<\/strong><\/li>\n<li><strong><span style=\"color: #0c7f84;\">Max. Temperatura interior*: <\/span>180F<\/strong><\/li>\n<\/ul>\n","protected":false},"featured_media":22214,"template":"","meta":[],"product_brand":[3707],"product_cat":[3419],"product_tag":[1840,1923,3225,3228,3227,3226],"class_list":{"0":"post-26478","1":"product","2":"type-product","3":"status-publish","4":"has-post-thumbnail","6":"product_brand-tita","7":"product_cat-exhibidores-de-comida-caliente","8":"product_tag-equipamiento-para-restaurantes-y-hoteles-en-panama","9":"product_tag-equipos-de-cocina-comerciales-y-de-restaurantes-de-ee-uu-en-arabia-saudita","10":"product_tag-equipos-para-restaurantes-y-hoteles-en-ee-uu","11":"product_tag-equipos-para-restaurantes-y-hoteles-en-el-salvador","12":"product_tag-equipos-para-restaurantes-y-hoteles-en-puerto-rico","13":"product_tag-equipos-para-restaurantes-y-hoteles-en-republica-dominicana","15":"first","16":"instock","17":"taxable","18":"shipping-taxable","19":"purchasable","20":"product-type-simple"},"yoast_head":"<!-- This site is optimized with the Yoast SEO plugin v26.7 - https:\/\/yoast.com\/wordpress\/plugins\/seo\/ -->\n<title>TITA PD3TS18 | Exhibidor de pizzas giratorio y calentado de 22&quot; con 3 niveles, 120 V | LuxeChef Food Service USA<\/title>\n<meta name=\"robots\" content=\"index, follow, max-snippet:-1, max-image-preview:large, max-video-preview:-1\" \/>\n<link rel=\"canonical\" href=\"https:\/\/lfsusa.store\/es\/producto\/exhibidor-de-pizzas-giratorio-y-calentado-tita-pd3ts18-22-con-3-niveles-120-v\/\" \/>\n<meta property=\"og:locale\" content=\"es_ES\" \/>\n<meta property=\"og:type\" content=\"article\" \/>\n<meta property=\"og:title\" content=\"TITA PD3TS18 | Exhibidor de pizzas giratorio y calentado de 22&quot; con 3 niveles, 120 V | LuxeChef Food Service USA\" \/>\n<meta property=\"og:description\" content=\"ESPECIFICACIONES R\u00c1PIDAS DEL PRODUCTO  Marca: TITA  Voltaje: 127 V  Potencia nominal: 1048 W  Dimensiones (W x D x H): 22\u201d x 19\u201d x 31 \u00bd\u201d  Peso (neto x env\u00edo): 61 lb x 73 lb  Dimensiones de la bandeja (W x D x H): 18\u201d dia.  # de estantes\/bandejas: 3 \/ 3  Temperatura m\u00e1xima:248 F  Max. Temperatura interior*: 180F\" \/>\n<meta property=\"og:url\" content=\"https:\/\/lfsusa.store\/es\/producto\/exhibidor-de-pizzas-giratorio-y-calentado-tita-pd3ts18-22-con-3-niveles-120-v\/\" \/>\n<meta property=\"og:site_name\" content=\"LuxeChef Food Service USA\" \/>\n<meta property=\"article:modified_time\" content=\"2025-08-20T15:44:03+00:00\" \/>\n<meta property=\"og:image\" content=\"https:\/\/lfsusa.store\/wp-content\/uploads\/2024\/02\/Skyfood-Full-Service-Countertop-Heated-Display-Case-PD3TS18.jpg\" \/>\n\t<meta property=\"og:image:width\" content=\"900\" \/>\n\t<meta property=\"og:image:height\" content=\"900\" \/>\n\t<meta property=\"og:image:type\" content=\"image\/jpeg\" \/>\n<meta name=\"twitter:card\" content=\"summary_large_image\" \/>\n<meta name=\"twitter:label1\" content=\"Tiempo de lectura\" \/>\n\t<meta name=\"twitter:data1\" content=\"2 minutos\" \/>\n<script type=\"application\/ld+json\" class=\"yoast-schema-graph\">{\"@context\":\"https:\/\/schema.org\",\"@graph\":[{\"@type\":\"WebPage\",\"@id\":\"https:\/\/lfsusa.store\/es\/producto\/exhibidor-de-pizzas-giratorio-y-calentado-tita-pd3ts18-22-con-3-niveles-120-v\/\",\"url\":\"https:\/\/lfsusa.store\/es\/producto\/exhibidor-de-pizzas-giratorio-y-calentado-tita-pd3ts18-22-con-3-niveles-120-v\/\",\"name\":\"TITA PD3TS18 | Exhibidor de pizzas giratorio y calentado de 22\\\" con 3 niveles, 120 V | LuxeChef Food Service USA\",\"isPartOf\":{\"@id\":\"https:\/\/lfsusa.store\/es\/#website\"},\"primaryImageOfPage\":{\"@id\":\"https:\/\/lfsusa.store\/es\/producto\/exhibidor-de-pizzas-giratorio-y-calentado-tita-pd3ts18-22-con-3-niveles-120-v\/#primaryimage\"},\"image\":{\"@id\":\"https:\/\/lfsusa.store\/es\/producto\/exhibidor-de-pizzas-giratorio-y-calentado-tita-pd3ts18-22-con-3-niveles-120-v\/#primaryimage\"},\"thumbnailUrl\":\"https:\/\/lfsusa.store\/wp-content\/uploads\/2024\/02\/Skyfood-Full-Service-Countertop-Heated-Display-Case-PD3TS18.jpg\",\"datePublished\":\"2025-08-20T15:15:16+00:00\",\"dateModified\":\"2025-08-20T15:44:03+00:00\",\"breadcrumb\":{\"@id\":\"https:\/\/lfsusa.store\/es\/producto\/exhibidor-de-pizzas-giratorio-y-calentado-tita-pd3ts18-22-con-3-niveles-120-v\/#breadcrumb\"},\"inLanguage\":\"es\",\"potentialAction\":[{\"@type\":\"ReadAction\",\"target\":[\"https:\/\/lfsusa.store\/es\/producto\/exhibidor-de-pizzas-giratorio-y-calentado-tita-pd3ts18-22-con-3-niveles-120-v\/\"]}]},{\"@type\":\"ImageObject\",\"inLanguage\":\"es\",\"@id\":\"https:\/\/lfsusa.store\/es\/producto\/exhibidor-de-pizzas-giratorio-y-calentado-tita-pd3ts18-22-con-3-niveles-120-v\/#primaryimage\",\"url\":\"https:\/\/lfsusa.store\/wp-content\/uploads\/2024\/02\/Skyfood-Full-Service-Countertop-Heated-Display-Case-PD3TS18.jpg\",\"contentUrl\":\"https:\/\/lfsusa.store\/wp-content\/uploads\/2024\/02\/Skyfood-Full-Service-Countertop-Heated-Display-Case-PD3TS18.jpg\",\"width\":900,\"height\":900},{\"@type\":\"BreadcrumbList\",\"@id\":\"https:\/\/lfsusa.store\/es\/producto\/exhibidor-de-pizzas-giratorio-y-calentado-tita-pd3ts18-22-con-3-niveles-120-v\/#breadcrumb\",\"itemListElement\":[{\"@type\":\"ListItem\",\"position\":1,\"name\":\"Home\",\"item\":\"https:\/\/lfsusa.store\/es\/inicio-luxechef-food-service-usa\/\"},{\"@type\":\"ListItem\",\"position\":2,\"name\":\"Tienda\",\"item\":\"https:\/\/lfsusa.store\/es\/tienda\/\"},{\"@type\":\"ListItem\",\"position\":3,\"name\":\"TITA PD3TS18 | Exhibidor de pizzas giratorio y calentado de 22&#8243; con 3 niveles, 120 V\"}]},{\"@type\":\"WebSite\",\"@id\":\"https:\/\/lfsusa.store\/es\/#website\",\"url\":\"https:\/\/lfsusa.store\/es\/\",\"name\":\"LuxeChef Food Service USA\",\"description\":\"Shop restaurant supplies &amp; equipment products in our online restaurant supply store. Extremely fast shipping &amp; wholesale pricing from the #1 restaurant supply company!\",\"publisher\":{\"@id\":\"https:\/\/lfsusa.store\/es\/#organization\"},\"alternateName\":\"LuxeChef Food Service USA\",\"potentialAction\":[{\"@type\":\"SearchAction\",\"target\":{\"@type\":\"EntryPoint\",\"urlTemplate\":\"https:\/\/lfsusa.store\/es\/?s={search_term_string}\"},\"query-input\":{\"@type\":\"PropertyValueSpecification\",\"valueRequired\":true,\"valueName\":\"search_term_string\"}}],\"inLanguage\":\"es\"},{\"@type\":\"Organization\",\"@id\":\"https:\/\/lfsusa.store\/es\/#organization\",\"name\":\"LuxeChef Food Service USA\",\"alternateName\":\"LuxeChef Food Service\",\"url\":\"https:\/\/lfsusa.store\/es\/\",\"logo\":{\"@type\":\"ImageObject\",\"inLanguage\":\"es\",\"@id\":\"https:\/\/lfsusa.store\/es\/#\/schema\/logo\/image\/\",\"url\":\"https:\/\/lfsusa.store\/wp-content\/uploads\/2025\/07\/luxe-chef-usa-696-696.jpg\",\"contentUrl\":\"https:\/\/lfsusa.store\/wp-content\/uploads\/2025\/07\/luxe-chef-usa-696-696.jpg\",\"width\":696,\"height\":696,\"caption\":\"LuxeChef Food Service USA\"},\"image\":{\"@id\":\"https:\/\/lfsusa.store\/es\/#\/schema\/logo\/image\/\"}}]}<\/script>\n<!-- \/ Yoast SEO plugin. -->","yoast_head_json":{"title":"TITA PD3TS18 | Exhibidor de pizzas giratorio y calentado de 22\" con 3 niveles, 120 V | LuxeChef Food Service USA","robots":{"index":"index","follow":"follow","max-snippet":"max-snippet:-1","max-image-preview":"max-image-preview:large","max-video-preview":"max-video-preview:-1"},"canonical":"https:\/\/lfsusa.store\/es\/producto\/exhibidor-de-pizzas-giratorio-y-calentado-tita-pd3ts18-22-con-3-niveles-120-v\/","og_locale":"es_ES","og_type":"article","og_title":"TITA PD3TS18 | Exhibidor de pizzas giratorio y calentado de 22\" con 3 niveles, 120 V | LuxeChef Food Service USA","og_description":"ESPECIFICACIONES R\u00c1PIDAS DEL PRODUCTO  Marca: TITA  Voltaje: 127 V  Potencia nominal: 1048 W  Dimensiones (W x D x H): 22\u201d x 19\u201d x 31 \u00bd\u201d  Peso (neto x env\u00edo): 61 lb x 73 lb  Dimensiones de la bandeja (W x D x H): 18\u201d dia.  # de estantes\/bandejas: 3 \/ 3  Temperatura m\u00e1xima:248 F  Max. Temperatura interior*: 180F","og_url":"https:\/\/lfsusa.store\/es\/producto\/exhibidor-de-pizzas-giratorio-y-calentado-tita-pd3ts18-22-con-3-niveles-120-v\/","og_site_name":"LuxeChef Food Service USA","article_modified_time":"2025-08-20T15:44:03+00:00","og_image":[{"width":900,"height":900,"url":"https:\/\/lfsusa.store\/wp-content\/uploads\/2024\/02\/Skyfood-Full-Service-Countertop-Heated-Display-Case-PD3TS18.jpg","type":"image\/jpeg"}],"twitter_card":"summary_large_image","twitter_misc":{"Tiempo de lectura":"2 minutos"},"schema":{"@context":"https:\/\/schema.org","@graph":[{"@type":"WebPage","@id":"https:\/\/lfsusa.store\/es\/producto\/exhibidor-de-pizzas-giratorio-y-calentado-tita-pd3ts18-22-con-3-niveles-120-v\/","url":"https:\/\/lfsusa.store\/es\/producto\/exhibidor-de-pizzas-giratorio-y-calentado-tita-pd3ts18-22-con-3-niveles-120-v\/","name":"TITA PD3TS18 | Exhibidor de pizzas giratorio y calentado de 22\" con 3 niveles, 120 V | LuxeChef Food Service USA","isPartOf":{"@id":"https:\/\/lfsusa.store\/es\/#website"},"primaryImageOfPage":{"@id":"https:\/\/lfsusa.store\/es\/producto\/exhibidor-de-pizzas-giratorio-y-calentado-tita-pd3ts18-22-con-3-niveles-120-v\/#primaryimage"},"image":{"@id":"https:\/\/lfsusa.store\/es\/producto\/exhibidor-de-pizzas-giratorio-y-calentado-tita-pd3ts18-22-con-3-niveles-120-v\/#primaryimage"},"thumbnailUrl":"https:\/\/lfsusa.store\/wp-content\/uploads\/2024\/02\/Skyfood-Full-Service-Countertop-Heated-Display-Case-PD3TS18.jpg","datePublished":"2025-08-20T15:15:16+00:00","dateModified":"2025-08-20T15:44:03+00:00","breadcrumb":{"@id":"https:\/\/lfsusa.store\/es\/producto\/exhibidor-de-pizzas-giratorio-y-calentado-tita-pd3ts18-22-con-3-niveles-120-v\/#breadcrumb"},"inLanguage":"es","potentialAction":[{"@type":"ReadAction","target":["https:\/\/lfsusa.store\/es\/producto\/exhibidor-de-pizzas-giratorio-y-calentado-tita-pd3ts18-22-con-3-niveles-120-v\/"]}]},{"@type":"ImageObject","inLanguage":"es","@id":"https:\/\/lfsusa.store\/es\/producto\/exhibidor-de-pizzas-giratorio-y-calentado-tita-pd3ts18-22-con-3-niveles-120-v\/#primaryimage","url":"https:\/\/lfsusa.store\/wp-content\/uploads\/2024\/02\/Skyfood-Full-Service-Countertop-Heated-Display-Case-PD3TS18.jpg","contentUrl":"https:\/\/lfsusa.store\/wp-content\/uploads\/2024\/02\/Skyfood-Full-Service-Countertop-Heated-Display-Case-PD3TS18.jpg","width":900,"height":900},{"@type":"BreadcrumbList","@id":"https:\/\/lfsusa.store\/es\/producto\/exhibidor-de-pizzas-giratorio-y-calentado-tita-pd3ts18-22-con-3-niveles-120-v\/#breadcrumb","itemListElement":[{"@type":"ListItem","position":1,"name":"Home","item":"https:\/\/lfsusa.store\/es\/inicio-luxechef-food-service-usa\/"},{"@type":"ListItem","position":2,"name":"Tienda","item":"https:\/\/lfsusa.store\/es\/tienda\/"},{"@type":"ListItem","position":3,"name":"TITA PD3TS18 | Exhibidor de pizzas giratorio y calentado de 22&#8243; con 3 niveles, 120 V"}]},{"@type":"WebSite","@id":"https:\/\/lfsusa.store\/es\/#website","url":"https:\/\/lfsusa.store\/es\/","name":"LuxeChef Food Service USA","description":"Shop restaurant supplies &amp; equipment products in our online restaurant supply store. Extremely fast shipping &amp; wholesale pricing from the #1 restaurant supply company!","publisher":{"@id":"https:\/\/lfsusa.store\/es\/#organization"},"alternateName":"LuxeChef Food Service USA","potentialAction":[{"@type":"SearchAction","target":{"@type":"EntryPoint","urlTemplate":"https:\/\/lfsusa.store\/es\/?s={search_term_string}"},"query-input":{"@type":"PropertyValueSpecification","valueRequired":true,"valueName":"search_term_string"}}],"inLanguage":"es"},{"@type":"Organization","@id":"https:\/\/lfsusa.store\/es\/#organization","name":"LuxeChef Food Service USA","alternateName":"LuxeChef Food Service","url":"https:\/\/lfsusa.store\/es\/","logo":{"@type":"ImageObject","inLanguage":"es","@id":"https:\/\/lfsusa.store\/es\/#\/schema\/logo\/image\/","url":"https:\/\/lfsusa.store\/wp-content\/uploads\/2025\/07\/luxe-chef-usa-696-696.jpg","contentUrl":"https:\/\/lfsusa.store\/wp-content\/uploads\/2025\/07\/luxe-chef-usa-696-696.jpg","width":696,"height":696,"caption":"LuxeChef Food Service USA"},"image":{"@id":"https:\/\/lfsusa.store\/es\/#\/schema\/logo\/image\/"}}]}},"_links":{"self":[{"href":"https:\/\/lfsusa.store\/es\/wp-json\/wp\/v2\/product\/26478","targetHints":{"allow":["GET"]}}],"collection":[{"href":"https:\/\/lfsusa.store\/es\/wp-json\/wp\/v2\/product"}],"about":[{"href":"https:\/\/lfsusa.store\/es\/wp-json\/wp\/v2\/types\/product"}],"version-history":[{"count":1,"href":"https:\/\/lfsusa.store\/es\/wp-json\/wp\/v2\/product\/26478\/revisions"}],"predecessor-version":[{"id":26481,"href":"https:\/\/lfsusa.store\/es\/wp-json\/wp\/v2\/product\/26478\/revisions\/26481"}],"wp:featuredmedia":[{"embeddable":true,"href":"https:\/\/lfsusa.store\/es\/wp-json\/wp\/v2\/media\/22214"}],"wp:attachment":[{"href":"https:\/\/lfsusa.store\/es\/wp-json\/wp\/v2\/media?parent=26478"}],"wp:term":[{"taxonomy":"product_brand","embeddable":true,"href":"https:\/\/lfsusa.store\/es\/wp-json\/wp\/v2\/product_brand?post=26478"},{"taxonomy":"product_cat","embeddable":true,"href":"https:\/\/lfsusa.store\/es\/wp-json\/wp\/v2\/product_cat?post=26478"},{"taxonomy":"product_tag","embeddable":true,"href":"https:\/\/lfsusa.store\/es\/wp-json\/wp\/v2\/product_tag?post=26478"}],"curies":[{"name":"wp","href":"https:\/\/api.w.org\/{rel}","templated":true}]}}