{"id":26486,"date":"2025-08-20T10:44:51","date_gmt":"2025-08-20T15:44:51","guid":{"rendered":"https:\/\/lfsusa.store\/product\/vitrina-calefactada-de-autoservicio-tita-hmc-pt-31-1-2-con-3-estantes\/"},"modified":"2025-08-20T14:49:01","modified_gmt":"2025-08-20T19:49:01","slug":"tita-hmc-pt-31-1-2-self-service-countertop-heated-display-case-3-shelves","status":"publish","type":"product","link":"https:\/\/lfsusa.store\/es\/producto\/tita-hmc-pt-31-1-2-self-service-countertop-heated-display-case-3-shelves\/","title":{"rendered":"Tita HMC-PT | Vitrina calefactada de autoservicio de 31 1\/2&#8243; para mostrador &#8211; (3) estantes"},"content":{"rendered":"<p>Para preservar el sabor y la textura de los alimentos, el expositor calefactado Tita HMC-PT Steam Line utiliza un sistema de humidificaci\u00f3n interno que genera la cantidad adecuada de humedad. Esta tecnolog\u00eda funciona en conjunto con el elemento calefactor de acero inoxidable para garantizar que los platos precocinados est\u00e9n calientes al momento de servir. Los operadores pueden ajustar la temperatura hasta un m\u00e1ximo de 120 \u00b0C para adaptarse a las cambiantes necesidades de conservaci\u00f3n. Este expositor est\u00e1 dividido en tres estantes niquelados que admiten una amplia gama de alimentos para una conservaci\u00f3n vers\u00e1til.   <\/p>\n<p>Con sus puertas de vidrio templado con bisagras frontales y traseras, la vitrina calefactada Tita HMC-PT crea un sistema de paso continuo que permite a los clientes seleccionar su compra sin la intervenci\u00f3n de los empleados. El vidrio templado transparente encierra todos los lados para que los clientes tengan una vista completa del contenido, y la iluminaci\u00f3n LED realza el interior. Su robusto marco de aluminio anodizado y su base de acero inoxidable crean l\u00edneas limpias y modernas, adem\u00e1s de ser resistentes a la corrosi\u00f3n, conservando su aspecto original. Ideal para mostradores en pizzer\u00edas, tiendas de conveniencia, charcuter\u00edas y panader\u00edas, esta unidad mide <sup>8<\/sup><sub>0 <\/sub>cm de ancho por <sup>4<\/sup><sub>6<\/sub> cm de profundidad y <sup>8<\/sup><sub>0<\/sub> cm de alto.   <\/p>\n<p><strong>Detalles del producto<\/strong><\/p>\n<ul>\n<li>Configuraci\u00f3n de encimera de paso<\/li>\n<li>3 estantes niquelados<\/li>\n<li>Elemento calefactor tubular de acero inoxidable 304<\/li>\n<li>Control termost\u00e1tico ajustable a 248 grados F<\/li>\n<li>Sistema de humidificaci\u00f3n interno.<\/li>\n<li>iluminaci\u00f3n interior LED<\/li>\n<li>Laterales de vidrio templado<\/li>\n<li>Puertas con bisagras de vidrio templado en los lados del servidor y del consumidor<\/li>\n<li>Marco de aluminio anodizado<\/li>\n<li>Base de acero inoxidable resistente a la corrosi\u00f3n.<\/li>\n<li>El cableado el\u00e9ctrico recubierto de silicona soporta temperaturas de hasta 572 grados F.<\/li>\n<\/ul>\n<p><strong>Dimensiones y utilidades<\/strong><\/p>\n<ul>\n<li>31<sup>1<\/sup>\u2044<sub>2<\/sub> in. W x 18<sup>1<\/sup>\u2044<sub>2<\/sub> in. D x 31<sup>1<\/sup>\u2044<sub>2<\/sub> in. H   <\/li>\n<li>500 W<\/li>\n<li>110 V\/60 Hz\/1 ph, NEMA 5-15P conector<\/li>\n<\/ul>\n<p><strong>Del fabricante<\/strong><\/p>\n<p>Gabinete exhibidor calentado con l\u00ednea de vapor, de mostrador, de paso, 31-1\/2&#8243; de ancho, (3) estantes niquelados, controlados termost\u00e1ticamente hasta 248 \u00b0F, elemento calefactor tubular de acero inoxidable 304, laterales de vidrio templado y puertas delanteras y traseras con bisagras, iluminaci\u00f3n LED, marco de aluminio anodizado, base de acero inoxidable, 110 V\/60\/1-ph, 500 vatios<\/p>\n<p>*Es posible que la imagen no represente el color, las inclusiones o los accesorios del producto.<\/p>\n","protected":false},"excerpt":{"rendered":"<ul>\n<li><strong><span style=\"color: #0c7f84;\">ESPECIFICACIONES R\u00c1PIDAS DEL PRODUCTO<\/span><\/strong><\/li>\n<li><strong><span style=\"color: #0c7f84;\">Marca:<\/span> TITA<\/strong><\/li>\n<li><strong><span style=\"color: #0c7f84;\">Voltaje: <\/span>120 V<\/strong><\/li>\n<li><strong><span style=\"color: #0c7f84;\">Clasificaci\u00f3n de potencia: <\/span>1500W<\/strong><\/li>\n<li><strong><span style=\"color: #0c7f84;\">Dimensiones (An x Pr x Al): <\/span>31 \u00bd\u201d x 18 \u00bd\u201d x 31 \u00bd\u201d<\/strong><\/li>\n<li><strong><span style=\"color: #0c7f84;\">Peso (neto x env\u00edo): <\/span>62 lb x 75 lb<\/strong><\/li>\n<li><strong><span style=\"color: #0c7f84;\">Dimensiones de la bandeja (An. x Pr. x Al.): <\/span>N\/A<\/strong><\/li>\n<li><strong> <span style=\"color: #0c7f84;\"># de estantes\/bandejas: <\/span>3 x N\/A<\/strong><\/li>\n<li><strong><span style=\"color: #0c7f84;\">Temperatura m\u00e1xima<\/span>:248 F<\/strong><\/li>\n<li><strong><span style=\"color: #0c7f84;\">Temperatura interior m\u00e1xima*:  <\/span>180F<\/strong><\/li>\n<\/ul>\n","protected":false},"featured_media":22213,"template":"","meta":[],"product_brand":[3707],"product_cat":[3419],"product_tag":[1840,1923,3225,3228,3227,3226],"class_list":{"0":"post-26486","1":"product","2":"type-product","3":"status-publish","4":"has-post-thumbnail","6":"product_brand-tita","7":"product_cat-exhibidores-de-comida-caliente","8":"product_tag-equipamiento-para-restaurantes-y-hoteles-en-panama","9":"product_tag-equipos-de-cocina-comerciales-y-de-restaurantes-de-ee-uu-en-arabia-saudita","10":"product_tag-equipos-para-restaurantes-y-hoteles-en-ee-uu","11":"product_tag-equipos-para-restaurantes-y-hoteles-en-el-salvador","12":"product_tag-equipos-para-restaurantes-y-hoteles-en-puerto-rico","13":"product_tag-equipos-para-restaurantes-y-hoteles-en-republica-dominicana","15":"first","16":"instock","17":"taxable","18":"shipping-taxable","19":"purchasable","20":"product-type-simple"},"yoast_head":"<!-- This site is optimized with the Yoast SEO plugin v26.7 - https:\/\/yoast.com\/wordpress\/plugins\/seo\/ -->\n<title>Tita HMC-PT | Vitrina calefactada de autoservicio de 31 1\/2&quot; para mostrador - (3) estantes | LuxeChef Food Service USA<\/title>\n<meta name=\"robots\" content=\"index, follow, max-snippet:-1, max-image-preview:large, max-video-preview:-1\" \/>\n<link rel=\"canonical\" href=\"https:\/\/lfsusa.store\/es\/producto\/tita-hmc-pt-31-1-2-self-service-countertop-heated-display-case-3-shelves\/\" \/>\n<meta property=\"og:locale\" content=\"es_ES\" \/>\n<meta property=\"og:type\" content=\"article\" \/>\n<meta property=\"og:title\" content=\"Tita HMC-PT | Vitrina calefactada de autoservicio de 31 1\/2&quot; para mostrador - (3) estantes | LuxeChef Food Service USA\" \/>\n<meta property=\"og:description\" content=\"ESPECIFICACIONES R\u00c1PIDAS DEL PRODUCTO  Marca: TITA  Voltaje: 120 V  Clasificaci\u00f3n de potencia: 1500W  Dimensiones (An x Pr x Al): 31 \u00bd\u201d x 18 \u00bd\u201d x 31 \u00bd\u201d  Peso (neto x env\u00edo): 62 lb x 75 lb  Dimensiones de la bandeja (An. x Pr. x Al.): N\/A  # de estantes\/bandejas: 3 x N\/A  Temperatura m\u00e1xima:248 F  Temperatura interior m\u00e1xima*: 180F\" \/>\n<meta property=\"og:url\" content=\"https:\/\/lfsusa.store\/es\/producto\/tita-hmc-pt-31-1-2-self-service-countertop-heated-display-case-3-shelves\/\" \/>\n<meta property=\"og:site_name\" content=\"LuxeChef Food Service USA\" \/>\n<meta property=\"article:modified_time\" content=\"2025-08-20T19:49:01+00:00\" \/>\n<meta property=\"og:image\" content=\"https:\/\/lfsusa.store\/wp-content\/uploads\/2024\/02\/Skyfood-Full-Service-Countertop-Heated-Display-Case-HMC-PT.jpg\" \/>\n\t<meta property=\"og:image:width\" content=\"900\" \/>\n\t<meta property=\"og:image:height\" content=\"900\" \/>\n\t<meta property=\"og:image:type\" content=\"image\/jpeg\" \/>\n<meta name=\"twitter:card\" content=\"summary_large_image\" \/>\n<meta name=\"twitter:label1\" content=\"Tiempo de lectura\" \/>\n\t<meta name=\"twitter:data1\" content=\"2 minutos\" \/>\n<script type=\"application\/ld+json\" class=\"yoast-schema-graph\">{\"@context\":\"https:\/\/schema.org\",\"@graph\":[{\"@type\":\"WebPage\",\"@id\":\"https:\/\/lfsusa.store\/es\/producto\/tita-hmc-pt-31-1-2-self-service-countertop-heated-display-case-3-shelves\/\",\"url\":\"https:\/\/lfsusa.store\/es\/producto\/tita-hmc-pt-31-1-2-self-service-countertop-heated-display-case-3-shelves\/\",\"name\":\"Tita HMC-PT | Vitrina calefactada de autoservicio de 31 1\/2\\\" para mostrador - (3) estantes | LuxeChef Food Service USA\",\"isPartOf\":{\"@id\":\"https:\/\/lfsusa.store\/es\/#website\"},\"primaryImageOfPage\":{\"@id\":\"https:\/\/lfsusa.store\/es\/producto\/tita-hmc-pt-31-1-2-self-service-countertop-heated-display-case-3-shelves\/#primaryimage\"},\"image\":{\"@id\":\"https:\/\/lfsusa.store\/es\/producto\/tita-hmc-pt-31-1-2-self-service-countertop-heated-display-case-3-shelves\/#primaryimage\"},\"thumbnailUrl\":\"https:\/\/lfsusa.store\/wp-content\/uploads\/2024\/02\/Skyfood-Full-Service-Countertop-Heated-Display-Case-HMC-PT.jpg\",\"datePublished\":\"2025-08-20T15:44:51+00:00\",\"dateModified\":\"2025-08-20T19:49:01+00:00\",\"breadcrumb\":{\"@id\":\"https:\/\/lfsusa.store\/es\/producto\/tita-hmc-pt-31-1-2-self-service-countertop-heated-display-case-3-shelves\/#breadcrumb\"},\"inLanguage\":\"es\",\"potentialAction\":[{\"@type\":\"ReadAction\",\"target\":[\"https:\/\/lfsusa.store\/es\/producto\/tita-hmc-pt-31-1-2-self-service-countertop-heated-display-case-3-shelves\/\"]}]},{\"@type\":\"ImageObject\",\"inLanguage\":\"es\",\"@id\":\"https:\/\/lfsusa.store\/es\/producto\/tita-hmc-pt-31-1-2-self-service-countertop-heated-display-case-3-shelves\/#primaryimage\",\"url\":\"https:\/\/lfsusa.store\/wp-content\/uploads\/2024\/02\/Skyfood-Full-Service-Countertop-Heated-Display-Case-HMC-PT.jpg\",\"contentUrl\":\"https:\/\/lfsusa.store\/wp-content\/uploads\/2024\/02\/Skyfood-Full-Service-Countertop-Heated-Display-Case-HMC-PT.jpg\",\"width\":900,\"height\":900},{\"@type\":\"BreadcrumbList\",\"@id\":\"https:\/\/lfsusa.store\/es\/producto\/tita-hmc-pt-31-1-2-self-service-countertop-heated-display-case-3-shelves\/#breadcrumb\",\"itemListElement\":[{\"@type\":\"ListItem\",\"position\":1,\"name\":\"Home\",\"item\":\"https:\/\/lfsusa.store\/es\/inicio-luxechef-food-service-usa\/\"},{\"@type\":\"ListItem\",\"position\":2,\"name\":\"Tienda\",\"item\":\"https:\/\/lfsusa.store\/es\/tienda\/\"},{\"@type\":\"ListItem\",\"position\":3,\"name\":\"Tita HMC-PT | Vitrina calefactada de autoservicio de 31 1\/2&#8243; para mostrador &#8211; (3) estantes\"}]},{\"@type\":\"WebSite\",\"@id\":\"https:\/\/lfsusa.store\/es\/#website\",\"url\":\"https:\/\/lfsusa.store\/es\/\",\"name\":\"LuxeChef Food Service USA\",\"description\":\"Shop restaurant supplies &amp; equipment products in our online restaurant supply store. Extremely fast shipping &amp; wholesale pricing from the #1 restaurant supply company!\",\"publisher\":{\"@id\":\"https:\/\/lfsusa.store\/es\/#organization\"},\"alternateName\":\"LuxeChef Food Service USA\",\"potentialAction\":[{\"@type\":\"SearchAction\",\"target\":{\"@type\":\"EntryPoint\",\"urlTemplate\":\"https:\/\/lfsusa.store\/es\/?s={search_term_string}\"},\"query-input\":{\"@type\":\"PropertyValueSpecification\",\"valueRequired\":true,\"valueName\":\"search_term_string\"}}],\"inLanguage\":\"es\"},{\"@type\":\"Organization\",\"@id\":\"https:\/\/lfsusa.store\/es\/#organization\",\"name\":\"LuxeChef Food Service USA\",\"alternateName\":\"LuxeChef Food Service\",\"url\":\"https:\/\/lfsusa.store\/es\/\",\"logo\":{\"@type\":\"ImageObject\",\"inLanguage\":\"es\",\"@id\":\"https:\/\/lfsusa.store\/es\/#\/schema\/logo\/image\/\",\"url\":\"https:\/\/lfsusa.store\/wp-content\/uploads\/2025\/07\/luxe-chef-usa-696-696.jpg\",\"contentUrl\":\"https:\/\/lfsusa.store\/wp-content\/uploads\/2025\/07\/luxe-chef-usa-696-696.jpg\",\"width\":696,\"height\":696,\"caption\":\"LuxeChef Food Service USA\"},\"image\":{\"@id\":\"https:\/\/lfsusa.store\/es\/#\/schema\/logo\/image\/\"}}]}<\/script>\n<!-- \/ Yoast SEO plugin. -->","yoast_head_json":{"title":"Tita HMC-PT | Vitrina calefactada de autoservicio de 31 1\/2\" para mostrador - (3) estantes | LuxeChef Food Service USA","robots":{"index":"index","follow":"follow","max-snippet":"max-snippet:-1","max-image-preview":"max-image-preview:large","max-video-preview":"max-video-preview:-1"},"canonical":"https:\/\/lfsusa.store\/es\/producto\/tita-hmc-pt-31-1-2-self-service-countertop-heated-display-case-3-shelves\/","og_locale":"es_ES","og_type":"article","og_title":"Tita HMC-PT | Vitrina calefactada de autoservicio de 31 1\/2\" para mostrador - (3) estantes | LuxeChef Food Service USA","og_description":"ESPECIFICACIONES R\u00c1PIDAS DEL PRODUCTO  Marca: TITA  Voltaje: 120 V  Clasificaci\u00f3n de potencia: 1500W  Dimensiones (An x Pr x Al): 31 \u00bd\u201d x 18 \u00bd\u201d x 31 \u00bd\u201d  Peso (neto x env\u00edo): 62 lb x 75 lb  Dimensiones de la bandeja (An. x Pr. x Al.): N\/A  # de estantes\/bandejas: 3 x N\/A  Temperatura m\u00e1xima:248 F  Temperatura interior m\u00e1xima*: 180F","og_url":"https:\/\/lfsusa.store\/es\/producto\/tita-hmc-pt-31-1-2-self-service-countertop-heated-display-case-3-shelves\/","og_site_name":"LuxeChef Food Service USA","article_modified_time":"2025-08-20T19:49:01+00:00","og_image":[{"width":900,"height":900,"url":"https:\/\/lfsusa.store\/wp-content\/uploads\/2024\/02\/Skyfood-Full-Service-Countertop-Heated-Display-Case-HMC-PT.jpg","type":"image\/jpeg"}],"twitter_card":"summary_large_image","twitter_misc":{"Tiempo de lectura":"2 minutos"},"schema":{"@context":"https:\/\/schema.org","@graph":[{"@type":"WebPage","@id":"https:\/\/lfsusa.store\/es\/producto\/tita-hmc-pt-31-1-2-self-service-countertop-heated-display-case-3-shelves\/","url":"https:\/\/lfsusa.store\/es\/producto\/tita-hmc-pt-31-1-2-self-service-countertop-heated-display-case-3-shelves\/","name":"Tita HMC-PT | Vitrina calefactada de autoservicio de 31 1\/2\" para mostrador - (3) estantes | LuxeChef Food Service USA","isPartOf":{"@id":"https:\/\/lfsusa.store\/es\/#website"},"primaryImageOfPage":{"@id":"https:\/\/lfsusa.store\/es\/producto\/tita-hmc-pt-31-1-2-self-service-countertop-heated-display-case-3-shelves\/#primaryimage"},"image":{"@id":"https:\/\/lfsusa.store\/es\/producto\/tita-hmc-pt-31-1-2-self-service-countertop-heated-display-case-3-shelves\/#primaryimage"},"thumbnailUrl":"https:\/\/lfsusa.store\/wp-content\/uploads\/2024\/02\/Skyfood-Full-Service-Countertop-Heated-Display-Case-HMC-PT.jpg","datePublished":"2025-08-20T15:44:51+00:00","dateModified":"2025-08-20T19:49:01+00:00","breadcrumb":{"@id":"https:\/\/lfsusa.store\/es\/producto\/tita-hmc-pt-31-1-2-self-service-countertop-heated-display-case-3-shelves\/#breadcrumb"},"inLanguage":"es","potentialAction":[{"@type":"ReadAction","target":["https:\/\/lfsusa.store\/es\/producto\/tita-hmc-pt-31-1-2-self-service-countertop-heated-display-case-3-shelves\/"]}]},{"@type":"ImageObject","inLanguage":"es","@id":"https:\/\/lfsusa.store\/es\/producto\/tita-hmc-pt-31-1-2-self-service-countertop-heated-display-case-3-shelves\/#primaryimage","url":"https:\/\/lfsusa.store\/wp-content\/uploads\/2024\/02\/Skyfood-Full-Service-Countertop-Heated-Display-Case-HMC-PT.jpg","contentUrl":"https:\/\/lfsusa.store\/wp-content\/uploads\/2024\/02\/Skyfood-Full-Service-Countertop-Heated-Display-Case-HMC-PT.jpg","width":900,"height":900},{"@type":"BreadcrumbList","@id":"https:\/\/lfsusa.store\/es\/producto\/tita-hmc-pt-31-1-2-self-service-countertop-heated-display-case-3-shelves\/#breadcrumb","itemListElement":[{"@type":"ListItem","position":1,"name":"Home","item":"https:\/\/lfsusa.store\/es\/inicio-luxechef-food-service-usa\/"},{"@type":"ListItem","position":2,"name":"Tienda","item":"https:\/\/lfsusa.store\/es\/tienda\/"},{"@type":"ListItem","position":3,"name":"Tita HMC-PT | Vitrina calefactada de autoservicio de 31 1\/2&#8243; para mostrador &#8211; (3) estantes"}]},{"@type":"WebSite","@id":"https:\/\/lfsusa.store\/es\/#website","url":"https:\/\/lfsusa.store\/es\/","name":"LuxeChef Food Service USA","description":"Shop restaurant supplies &amp; equipment products in our online restaurant supply store. Extremely fast shipping &amp; wholesale pricing from the #1 restaurant supply company!","publisher":{"@id":"https:\/\/lfsusa.store\/es\/#organization"},"alternateName":"LuxeChef Food Service USA","potentialAction":[{"@type":"SearchAction","target":{"@type":"EntryPoint","urlTemplate":"https:\/\/lfsusa.store\/es\/?s={search_term_string}"},"query-input":{"@type":"PropertyValueSpecification","valueRequired":true,"valueName":"search_term_string"}}],"inLanguage":"es"},{"@type":"Organization","@id":"https:\/\/lfsusa.store\/es\/#organization","name":"LuxeChef Food Service USA","alternateName":"LuxeChef Food Service","url":"https:\/\/lfsusa.store\/es\/","logo":{"@type":"ImageObject","inLanguage":"es","@id":"https:\/\/lfsusa.store\/es\/#\/schema\/logo\/image\/","url":"https:\/\/lfsusa.store\/wp-content\/uploads\/2025\/07\/luxe-chef-usa-696-696.jpg","contentUrl":"https:\/\/lfsusa.store\/wp-content\/uploads\/2025\/07\/luxe-chef-usa-696-696.jpg","width":696,"height":696,"caption":"LuxeChef Food Service USA"},"image":{"@id":"https:\/\/lfsusa.store\/es\/#\/schema\/logo\/image\/"}}]}},"_links":{"self":[{"href":"https:\/\/lfsusa.store\/es\/wp-json\/wp\/v2\/product\/26486","targetHints":{"allow":["GET"]}}],"collection":[{"href":"https:\/\/lfsusa.store\/es\/wp-json\/wp\/v2\/product"}],"about":[{"href":"https:\/\/lfsusa.store\/es\/wp-json\/wp\/v2\/types\/product"}],"version-history":[{"count":1,"href":"https:\/\/lfsusa.store\/es\/wp-json\/wp\/v2\/product\/26486\/revisions"}],"predecessor-version":[{"id":26487,"href":"https:\/\/lfsusa.store\/es\/wp-json\/wp\/v2\/product\/26486\/revisions\/26487"}],"wp:featuredmedia":[{"embeddable":true,"href":"https:\/\/lfsusa.store\/es\/wp-json\/wp\/v2\/media\/22213"}],"wp:attachment":[{"href":"https:\/\/lfsusa.store\/es\/wp-json\/wp\/v2\/media?parent=26486"}],"wp:term":[{"taxonomy":"product_brand","embeddable":true,"href":"https:\/\/lfsusa.store\/es\/wp-json\/wp\/v2\/product_brand?post=26486"},{"taxonomy":"product_cat","embeddable":true,"href":"https:\/\/lfsusa.store\/es\/wp-json\/wp\/v2\/product_cat?post=26486"},{"taxonomy":"product_tag","embeddable":true,"href":"https:\/\/lfsusa.store\/es\/wp-json\/wp\/v2\/product_tag?post=26486"}],"curies":[{"name":"wp","href":"https:\/\/api.w.org\/{rel}","templated":true}]}}