{"id":26491,"date":"2025-08-20T10:59:02","date_gmt":"2025-08-20T15:59:02","guid":{"rendered":"https:\/\/lfsusa.store\/product\/vitrina-calefactada-de-mostrador-de-servicio-completo-tita-fwd3s12p-25-5-8-3estantes\/"},"modified":"2025-08-20T14:27:47","modified_gmt":"2025-08-20T19:27:47","slug":"vitrina-calefactada-de-mostrador-de-servicio-completo-tita-fwd3s12p-25-5-8-3estantes","status":"publish","type":"product","link":"https:\/\/lfsusa.store\/es\/producto\/vitrina-calefactada-de-mostrador-de-servicio-completo-tita-fwd3s12p-25-5-8-3estantes\/","title":{"rendered":"Vitrina calefactada de mostrador Tita FWD3S12P de 25 5\/8&#8243; con servicio completo &#8211; (3) estantes"},"content":{"rendered":"<p>A pesar de ser una unidad de tres estantes, esta vitrina para calentar alimentos Tita FWD3S12P Steam Line mide <sup>6<\/sup><sub>5,5 <\/sub>cm de ancho por <sup>53,<\/sup><sub>5 <\/sub>cm de profundidad, las mismas dimensiones que una unidad de dos estantes. Este dise\u00f1o compacto mide <sup>7<\/sup>2<sub>,5<\/sub> cm de alto, ideal para puntos de venta en quioscos, supermercados, charcuter\u00edas, restaurantes o gasolineras. Para captar la atenci\u00f3n del cliente, el vidrio templado recubre la parte frontal y los laterales, permitiendo una vista completa de los art\u00edculos expuestos, mientras que las luces LED superiores iluminan el interior. Para una mayor durabilidad, su robusto marco de aluminio anodizado y su base de acero inoxidable resisten la corrosi\u00f3n, y su caj\u00f3n inferior para residuos es f\u00e1cil de extraer y limpiar.   <\/p>\n<p>Los tres estantes del expositor de alimentos calientes de sobremesa Tita FWD3S12P est\u00e1n niquelados y son ajustables para una presentaci\u00f3n eficaz. Cada estante incluye cuatro bandejas de acero inoxidable para mantener los alimentos preparados organizados. Esta configuraci\u00f3n de servicio completo cuenta con una puerta trasera abatible de vidrio templado que se abre y cierra suavemente para que los operadores puedan cargar alimentos frescos en los estantes y retirar las compras de los clientes. Un calentador tubular de acero inoxidable calienta cada estante, y los operadores pueden ajustar la temperatura hasta 120 \u00b0C para adaptarse a las cambiantes necesidades de calentamiento. Para evitar que los alimentos se sequen durante largos periodos de conservaci\u00f3n, su sistema de humidificaci\u00f3n interno genera suficiente humedad para preservar el sabor y la textura.    <\/p>\n<p><strong>Detalles del producto<\/strong><\/p>\n<ul>\n<li>Modelo de mostrador de servicio completo<\/li>\n<li>3 estantes ajustables niquelados<\/li>\n<li>12 bandejas de acero inoxidable (4 por estante)<\/li>\n<li>Elemento calefactor tubular de acero inoxidable 304 controlado termost\u00e1ticamente<\/li>\n<li>Temperatura m\u00e1xima: 248 grados F<\/li>\n<li>Sistema de humidificaci\u00f3n interno.<\/li>\n<li>luces interiores LED<\/li>\n<li>Frontal y laterales de vidrio templado<\/li>\n<li>Puerta trasera de vidrio templado con bisagras<\/li>\n<li>Marco de aluminio anodizado<\/li>\n<li>Base de acero inoxidable<\/li>\n<li>Caj\u00f3n de residuos extra\u00edble<\/li>\n<li>El cableado el\u00e9ctrico recubierto de silicona soporta temperaturas de hasta 572 grados F.<\/li>\n<\/ul>\n<p><strong>Dimensiones y utilidades<\/strong><\/p>\n<ul>\n<li>Bandejas: (12) 5 in. W x 12<sup>3<\/sup>\u2044<sub>8<\/sub> in. D x <sup>3<\/sup>\u2044<sub>4<\/sub> in. H   <\/li>\n<li>En general: 25<sup>5<\/sup>\u2044<sub>8<\/sub> in. W x 20<sup>7<\/sup>\u2044<sub>8<\/sub> in. D x 28<sup>3<\/sup>\u2044<sub>8<\/sub> in. H   <\/li>\n<li>1012 W<\/li>\n<li>120 V\/60 Hz\/1 ph, NEMA 5-15P conector<\/li>\n<\/ul>\n<p><strong>Del fabricante<\/strong><\/p>\n<p>Vitrina calentadora de alimentos Steam Line, de mostrador, 25-5\/8&#8243; de ancho, (3) estantes ajustables niquelados, (4) bandejas de acero inoxidable por estante, vidrio frontal recto templado, laterales de vidrio templado y puertas traseras con bisagras, iluminaci\u00f3n LED, control termost\u00e1tico, elemento calefactor tubular de acero inoxidable 304, marco de aluminio, base de acero inoxidable, 120 V\/60\/1-fase, 1012 vatios<\/p>\n<p>*Es posible que la imagen no represente el color, las inclusiones o los accesorios del producto.<\/p>\n","protected":false},"excerpt":{"rendered":"<ul>\n<li><strong><span style=\"color: #0c7f84;\">ESPECIFICACIONES R\u00c1PIDAS DEL PRODUCTO<\/span><\/strong><\/li>\n<li><strong><span style=\"color: #0c7f84;\">Marca:<\/span> TITA<\/strong><\/li>\n<li><strong><span style=\"color: #0c7f84;\">Voltaje:<\/span> 127 V<\/strong><\/li>\n<li><strong><span style=\"color: #0c7f84;\">Clasificaci\u00f3n de potencia: <\/span>1012 W<\/strong><\/li>\n<li><strong><span style=\"color: #0c7f84;\">Dimensiones (An x Pr x Al): <\/span>25 5\/8&#8243; x 20 7\/8&#8243; x 28 3\/8&#8243;<\/strong><\/li>\n<li><strong><span style=\"color: #0c7f84;\">Peso (neto x env\u00edo): <\/span>62 lb x 71 lb<\/strong><\/li>\n<li><strong><span style=\"color: #0c7f84;\">Dimensiones de la bandeja (An. x Pr. x Al.): <\/span>5&#8243; x 12 3\/8&#8243; x 3\/4&#8243;<\/strong><\/li>\n<li><strong> <span style=\"color: #0c7f84;\"># de estantes\/bandejas : <\/span>3 \/ 12<\/strong><\/li>\n<li><strong><span style=\"color: #0c7f84;\">Temperatura m\u00e1xima<\/span>:248 F<\/strong><\/li>\n<li><strong><span style=\"color: #0c7f84;\">Temperatura interior m\u00e1xima*:  <\/span>180F<\/strong><\/li>\n<\/ul>\n","protected":false},"featured_media":22212,"template":"","meta":[],"product_brand":[3707],"product_cat":[3419],"product_tag":[1840,1923,3225,3228,3227,3226],"class_list":{"0":"post-26491","1":"product","2":"type-product","3":"status-publish","4":"has-post-thumbnail","6":"product_brand-tita","7":"product_cat-exhibidores-de-comida-caliente","8":"product_tag-equipamiento-para-restaurantes-y-hoteles-en-panama","9":"product_tag-equipos-de-cocina-comerciales-y-de-restaurantes-de-ee-uu-en-arabia-saudita","10":"product_tag-equipos-para-restaurantes-y-hoteles-en-ee-uu","11":"product_tag-equipos-para-restaurantes-y-hoteles-en-el-salvador","12":"product_tag-equipos-para-restaurantes-y-hoteles-en-puerto-rico","13":"product_tag-equipos-para-restaurantes-y-hoteles-en-republica-dominicana","15":"first","16":"instock","17":"taxable","18":"shipping-taxable","19":"purchasable","20":"product-type-simple"},"yoast_head":"<!-- This site is optimized with the Yoast SEO plugin v26.7 - https:\/\/yoast.com\/wordpress\/plugins\/seo\/ -->\n<title>Vitrina calefactada de mostrador Tita FWD3S12P de 25 5\/8&quot; con servicio completo - (3) estantes | LuxeChef Food Service USA<\/title>\n<meta name=\"robots\" content=\"index, follow, max-snippet:-1, max-image-preview:large, max-video-preview:-1\" \/>\n<link rel=\"canonical\" href=\"https:\/\/lfsusa.store\/es\/producto\/vitrina-calefactada-de-mostrador-de-servicio-completo-tita-fwd3s12p-25-5-8-3estantes\/\" \/>\n<meta property=\"og:locale\" content=\"es_ES\" \/>\n<meta property=\"og:type\" content=\"article\" \/>\n<meta property=\"og:title\" content=\"Vitrina calefactada de mostrador Tita FWD3S12P de 25 5\/8&quot; con servicio completo - (3) estantes | LuxeChef Food Service USA\" \/>\n<meta property=\"og:description\" content=\"ESPECIFICACIONES R\u00c1PIDAS DEL PRODUCTO  Marca: TITA  Voltaje: 127 V  Clasificaci\u00f3n de potencia: 1012 W  Dimensiones (An x Pr x Al): 25 5\/8&quot; x 20 7\/8&quot; x 28 3\/8&quot;  Peso (neto x env\u00edo): 62 lb x 71 lb  Dimensiones de la bandeja (An. x Pr. x Al.): 5&quot; x 12 3\/8&quot; x 3\/4&quot;  # de estantes\/bandejas : 3 \/ 12  Temperatura m\u00e1xima:248 F  Temperatura interior m\u00e1xima*: 180F\" \/>\n<meta property=\"og:url\" content=\"https:\/\/lfsusa.store\/es\/producto\/vitrina-calefactada-de-mostrador-de-servicio-completo-tita-fwd3s12p-25-5-8-3estantes\/\" \/>\n<meta property=\"og:site_name\" content=\"LuxeChef Food Service USA\" \/>\n<meta property=\"article:modified_time\" content=\"2025-08-20T19:27:47+00:00\" \/>\n<meta property=\"og:image\" content=\"https:\/\/lfsusa.store\/wp-content\/uploads\/2024\/02\/Skyfood-Full-Service-Countertop-Heated-Display-Case-FWD3S12P.jpg\" \/>\n\t<meta property=\"og:image:width\" content=\"900\" \/>\n\t<meta property=\"og:image:height\" content=\"900\" \/>\n\t<meta property=\"og:image:type\" content=\"image\/jpeg\" \/>\n<meta name=\"twitter:card\" content=\"summary_large_image\" \/>\n<meta name=\"twitter:label1\" content=\"Tiempo de lectura\" \/>\n\t<meta name=\"twitter:data1\" content=\"2 minutos\" \/>\n<script type=\"application\/ld+json\" class=\"yoast-schema-graph\">{\"@context\":\"https:\/\/schema.org\",\"@graph\":[{\"@type\":\"WebPage\",\"@id\":\"https:\/\/lfsusa.store\/es\/producto\/vitrina-calefactada-de-mostrador-de-servicio-completo-tita-fwd3s12p-25-5-8-3estantes\/\",\"url\":\"https:\/\/lfsusa.store\/es\/producto\/vitrina-calefactada-de-mostrador-de-servicio-completo-tita-fwd3s12p-25-5-8-3estantes\/\",\"name\":\"Vitrina calefactada de mostrador Tita FWD3S12P de 25 5\/8\\\" con servicio completo - (3) estantes | LuxeChef Food Service USA\",\"isPartOf\":{\"@id\":\"https:\/\/lfsusa.store\/es\/#website\"},\"primaryImageOfPage\":{\"@id\":\"https:\/\/lfsusa.store\/es\/producto\/vitrina-calefactada-de-mostrador-de-servicio-completo-tita-fwd3s12p-25-5-8-3estantes\/#primaryimage\"},\"image\":{\"@id\":\"https:\/\/lfsusa.store\/es\/producto\/vitrina-calefactada-de-mostrador-de-servicio-completo-tita-fwd3s12p-25-5-8-3estantes\/#primaryimage\"},\"thumbnailUrl\":\"https:\/\/lfsusa.store\/wp-content\/uploads\/2024\/02\/Skyfood-Full-Service-Countertop-Heated-Display-Case-FWD3S12P.jpg\",\"datePublished\":\"2025-08-20T15:59:02+00:00\",\"dateModified\":\"2025-08-20T19:27:47+00:00\",\"breadcrumb\":{\"@id\":\"https:\/\/lfsusa.store\/es\/producto\/vitrina-calefactada-de-mostrador-de-servicio-completo-tita-fwd3s12p-25-5-8-3estantes\/#breadcrumb\"},\"inLanguage\":\"es\",\"potentialAction\":[{\"@type\":\"ReadAction\",\"target\":[\"https:\/\/lfsusa.store\/es\/producto\/vitrina-calefactada-de-mostrador-de-servicio-completo-tita-fwd3s12p-25-5-8-3estantes\/\"]}]},{\"@type\":\"ImageObject\",\"inLanguage\":\"es\",\"@id\":\"https:\/\/lfsusa.store\/es\/producto\/vitrina-calefactada-de-mostrador-de-servicio-completo-tita-fwd3s12p-25-5-8-3estantes\/#primaryimage\",\"url\":\"https:\/\/lfsusa.store\/wp-content\/uploads\/2024\/02\/Skyfood-Full-Service-Countertop-Heated-Display-Case-FWD3S12P.jpg\",\"contentUrl\":\"https:\/\/lfsusa.store\/wp-content\/uploads\/2024\/02\/Skyfood-Full-Service-Countertop-Heated-Display-Case-FWD3S12P.jpg\",\"width\":900,\"height\":900},{\"@type\":\"BreadcrumbList\",\"@id\":\"https:\/\/lfsusa.store\/es\/producto\/vitrina-calefactada-de-mostrador-de-servicio-completo-tita-fwd3s12p-25-5-8-3estantes\/#breadcrumb\",\"itemListElement\":[{\"@type\":\"ListItem\",\"position\":1,\"name\":\"Home\",\"item\":\"https:\/\/lfsusa.store\/es\/inicio-luxechef-food-service-usa\/\"},{\"@type\":\"ListItem\",\"position\":2,\"name\":\"Tienda\",\"item\":\"https:\/\/lfsusa.store\/es\/tienda\/\"},{\"@type\":\"ListItem\",\"position\":3,\"name\":\"Vitrina calefactada de mostrador Tita FWD3S12P de 25 5\/8&#8243; con servicio completo &#8211; (3) estantes\"}]},{\"@type\":\"WebSite\",\"@id\":\"https:\/\/lfsusa.store\/es\/#website\",\"url\":\"https:\/\/lfsusa.store\/es\/\",\"name\":\"LuxeChef Food Service USA\",\"description\":\"Shop restaurant supplies &amp; equipment products in our online restaurant supply store. Extremely fast shipping &amp; wholesale pricing from the #1 restaurant supply company!\",\"publisher\":{\"@id\":\"https:\/\/lfsusa.store\/es\/#organization\"},\"alternateName\":\"LuxeChef Food Service USA\",\"potentialAction\":[{\"@type\":\"SearchAction\",\"target\":{\"@type\":\"EntryPoint\",\"urlTemplate\":\"https:\/\/lfsusa.store\/es\/?s={search_term_string}\"},\"query-input\":{\"@type\":\"PropertyValueSpecification\",\"valueRequired\":true,\"valueName\":\"search_term_string\"}}],\"inLanguage\":\"es\"},{\"@type\":\"Organization\",\"@id\":\"https:\/\/lfsusa.store\/es\/#organization\",\"name\":\"LuxeChef Food Service USA\",\"alternateName\":\"LuxeChef Food Service\",\"url\":\"https:\/\/lfsusa.store\/es\/\",\"logo\":{\"@type\":\"ImageObject\",\"inLanguage\":\"es\",\"@id\":\"https:\/\/lfsusa.store\/es\/#\/schema\/logo\/image\/\",\"url\":\"https:\/\/lfsusa.store\/wp-content\/uploads\/2025\/07\/luxe-chef-usa-696-696.jpg\",\"contentUrl\":\"https:\/\/lfsusa.store\/wp-content\/uploads\/2025\/07\/luxe-chef-usa-696-696.jpg\",\"width\":696,\"height\":696,\"caption\":\"LuxeChef Food Service USA\"},\"image\":{\"@id\":\"https:\/\/lfsusa.store\/es\/#\/schema\/logo\/image\/\"}}]}<\/script>\n<!-- \/ Yoast SEO plugin. -->","yoast_head_json":{"title":"Vitrina calefactada de mostrador Tita FWD3S12P de 25 5\/8\" con servicio completo - (3) estantes | LuxeChef Food Service USA","robots":{"index":"index","follow":"follow","max-snippet":"max-snippet:-1","max-image-preview":"max-image-preview:large","max-video-preview":"max-video-preview:-1"},"canonical":"https:\/\/lfsusa.store\/es\/producto\/vitrina-calefactada-de-mostrador-de-servicio-completo-tita-fwd3s12p-25-5-8-3estantes\/","og_locale":"es_ES","og_type":"article","og_title":"Vitrina calefactada de mostrador Tita FWD3S12P de 25 5\/8\" con servicio completo - (3) estantes | LuxeChef Food Service USA","og_description":"ESPECIFICACIONES R\u00c1PIDAS DEL PRODUCTO  Marca: TITA  Voltaje: 127 V  Clasificaci\u00f3n de potencia: 1012 W  Dimensiones (An x Pr x Al): 25 5\/8\" x 20 7\/8\" x 28 3\/8\"  Peso (neto x env\u00edo): 62 lb x 71 lb  Dimensiones de la bandeja (An. x Pr. x Al.): 5\" x 12 3\/8\" x 3\/4\"  # de estantes\/bandejas : 3 \/ 12  Temperatura m\u00e1xima:248 F  Temperatura interior m\u00e1xima*: 180F","og_url":"https:\/\/lfsusa.store\/es\/producto\/vitrina-calefactada-de-mostrador-de-servicio-completo-tita-fwd3s12p-25-5-8-3estantes\/","og_site_name":"LuxeChef Food Service USA","article_modified_time":"2025-08-20T19:27:47+00:00","og_image":[{"width":900,"height":900,"url":"https:\/\/lfsusa.store\/wp-content\/uploads\/2024\/02\/Skyfood-Full-Service-Countertop-Heated-Display-Case-FWD3S12P.jpg","type":"image\/jpeg"}],"twitter_card":"summary_large_image","twitter_misc":{"Tiempo de lectura":"2 minutos"},"schema":{"@context":"https:\/\/schema.org","@graph":[{"@type":"WebPage","@id":"https:\/\/lfsusa.store\/es\/producto\/vitrina-calefactada-de-mostrador-de-servicio-completo-tita-fwd3s12p-25-5-8-3estantes\/","url":"https:\/\/lfsusa.store\/es\/producto\/vitrina-calefactada-de-mostrador-de-servicio-completo-tita-fwd3s12p-25-5-8-3estantes\/","name":"Vitrina calefactada de mostrador Tita FWD3S12P de 25 5\/8\" con servicio completo - (3) estantes | LuxeChef Food Service USA","isPartOf":{"@id":"https:\/\/lfsusa.store\/es\/#website"},"primaryImageOfPage":{"@id":"https:\/\/lfsusa.store\/es\/producto\/vitrina-calefactada-de-mostrador-de-servicio-completo-tita-fwd3s12p-25-5-8-3estantes\/#primaryimage"},"image":{"@id":"https:\/\/lfsusa.store\/es\/producto\/vitrina-calefactada-de-mostrador-de-servicio-completo-tita-fwd3s12p-25-5-8-3estantes\/#primaryimage"},"thumbnailUrl":"https:\/\/lfsusa.store\/wp-content\/uploads\/2024\/02\/Skyfood-Full-Service-Countertop-Heated-Display-Case-FWD3S12P.jpg","datePublished":"2025-08-20T15:59:02+00:00","dateModified":"2025-08-20T19:27:47+00:00","breadcrumb":{"@id":"https:\/\/lfsusa.store\/es\/producto\/vitrina-calefactada-de-mostrador-de-servicio-completo-tita-fwd3s12p-25-5-8-3estantes\/#breadcrumb"},"inLanguage":"es","potentialAction":[{"@type":"ReadAction","target":["https:\/\/lfsusa.store\/es\/producto\/vitrina-calefactada-de-mostrador-de-servicio-completo-tita-fwd3s12p-25-5-8-3estantes\/"]}]},{"@type":"ImageObject","inLanguage":"es","@id":"https:\/\/lfsusa.store\/es\/producto\/vitrina-calefactada-de-mostrador-de-servicio-completo-tita-fwd3s12p-25-5-8-3estantes\/#primaryimage","url":"https:\/\/lfsusa.store\/wp-content\/uploads\/2024\/02\/Skyfood-Full-Service-Countertop-Heated-Display-Case-FWD3S12P.jpg","contentUrl":"https:\/\/lfsusa.store\/wp-content\/uploads\/2024\/02\/Skyfood-Full-Service-Countertop-Heated-Display-Case-FWD3S12P.jpg","width":900,"height":900},{"@type":"BreadcrumbList","@id":"https:\/\/lfsusa.store\/es\/producto\/vitrina-calefactada-de-mostrador-de-servicio-completo-tita-fwd3s12p-25-5-8-3estantes\/#breadcrumb","itemListElement":[{"@type":"ListItem","position":1,"name":"Home","item":"https:\/\/lfsusa.store\/es\/inicio-luxechef-food-service-usa\/"},{"@type":"ListItem","position":2,"name":"Tienda","item":"https:\/\/lfsusa.store\/es\/tienda\/"},{"@type":"ListItem","position":3,"name":"Vitrina calefactada de mostrador Tita FWD3S12P de 25 5\/8&#8243; con servicio completo &#8211; (3) estantes"}]},{"@type":"WebSite","@id":"https:\/\/lfsusa.store\/es\/#website","url":"https:\/\/lfsusa.store\/es\/","name":"LuxeChef Food Service USA","description":"Shop restaurant supplies &amp; equipment products in our online restaurant supply store. Extremely fast shipping &amp; wholesale pricing from the #1 restaurant supply company!","publisher":{"@id":"https:\/\/lfsusa.store\/es\/#organization"},"alternateName":"LuxeChef Food Service USA","potentialAction":[{"@type":"SearchAction","target":{"@type":"EntryPoint","urlTemplate":"https:\/\/lfsusa.store\/es\/?s={search_term_string}"},"query-input":{"@type":"PropertyValueSpecification","valueRequired":true,"valueName":"search_term_string"}}],"inLanguage":"es"},{"@type":"Organization","@id":"https:\/\/lfsusa.store\/es\/#organization","name":"LuxeChef Food Service USA","alternateName":"LuxeChef Food Service","url":"https:\/\/lfsusa.store\/es\/","logo":{"@type":"ImageObject","inLanguage":"es","@id":"https:\/\/lfsusa.store\/es\/#\/schema\/logo\/image\/","url":"https:\/\/lfsusa.store\/wp-content\/uploads\/2025\/07\/luxe-chef-usa-696-696.jpg","contentUrl":"https:\/\/lfsusa.store\/wp-content\/uploads\/2025\/07\/luxe-chef-usa-696-696.jpg","width":696,"height":696,"caption":"LuxeChef Food Service USA"},"image":{"@id":"https:\/\/lfsusa.store\/es\/#\/schema\/logo\/image\/"}}]}},"_links":{"self":[{"href":"https:\/\/lfsusa.store\/es\/wp-json\/wp\/v2\/product\/26491","targetHints":{"allow":["GET"]}}],"collection":[{"href":"https:\/\/lfsusa.store\/es\/wp-json\/wp\/v2\/product"}],"about":[{"href":"https:\/\/lfsusa.store\/es\/wp-json\/wp\/v2\/types\/product"}],"version-history":[{"count":1,"href":"https:\/\/lfsusa.store\/es\/wp-json\/wp\/v2\/product\/26491\/revisions"}],"predecessor-version":[{"id":26523,"href":"https:\/\/lfsusa.store\/es\/wp-json\/wp\/v2\/product\/26491\/revisions\/26523"}],"wp:featuredmedia":[{"embeddable":true,"href":"https:\/\/lfsusa.store\/es\/wp-json\/wp\/v2\/media\/22212"}],"wp:attachment":[{"href":"https:\/\/lfsusa.store\/es\/wp-json\/wp\/v2\/media?parent=26491"}],"wp:term":[{"taxonomy":"product_brand","embeddable":true,"href":"https:\/\/lfsusa.store\/es\/wp-json\/wp\/v2\/product_brand?post=26491"},{"taxonomy":"product_cat","embeddable":true,"href":"https:\/\/lfsusa.store\/es\/wp-json\/wp\/v2\/product_cat?post=26491"},{"taxonomy":"product_tag","embeddable":true,"href":"https:\/\/lfsusa.store\/es\/wp-json\/wp\/v2\/product_tag?post=26491"}],"curies":[{"name":"wp","href":"https:\/\/api.w.org\/{rel}","templated":true}]}}