{"id":26495,"date":"2025-08-20T11:39:04","date_gmt":"2025-08-20T16:39:04","guid":{"rendered":"https:\/\/lfsusa.store\/product\/vitrina-calefactada-de-servicio-completo-tita-fwd3s9p-18-x-7-x-8-3-estantes-y-2-estantes\/"},"modified":"2025-08-20T14:26:46","modified_gmt":"2025-08-20T19:26:46","slug":"tita-fwd3s9p-18-7-8-full-service-countertop-heated-display-case-3-shelves-2","status":"publish","type":"product","link":"https:\/\/lfsusa.store\/es\/producto\/tita-fwd3s9p-18-7-8-full-service-countertop-heated-display-case-3-shelves-2\/","title":{"rendered":"Vitrina calefactada de mostrador Tita FWD3S9P de 18 7\/8&#8243; con servicio completo &#8211; (3) estantes"},"content":{"rendered":"<p>Para conservar el sabor y la textura durante horas, la vitrina calentadora de alimentos Tita FWD3S9P Steam Line cuenta con un sistema de humidificaci\u00f3n interno que produce abundante humedad. Un elemento calefactor tubular de acero inoxidable calienta los tres estantes, y los operadores pueden ajustar la temperatura hasta un m\u00e1ximo de 120 \u00b0C. Estos estantes niquelados se pueden subir y bajar para adaptarse a diversas necesidades de presentaci\u00f3n e incluyen tres bandejas de acero inoxidable que sostienen y organizan una amplia variedad de alimentos calientes y preparados.  <\/p>\n<p>Para captar la atenci\u00f3n del cliente en los puntos de venta, los laterales y el frente de esta vitrina de mostrador Tita FWD3S9P son de vidrio templado, mientras que las brillantes luces LED iluminan el interior. Los empleados pueden cargar y retirar alimentos frescos desde la puerta trasera de vidrio templado con bisagras, creando una estaci\u00f3n de servicio completa y optimizada. La base de acero inoxidable y el marco de aluminio anodizado resisten la corrosi\u00f3n y se integran con los estilos decorativos habituales en gasolineras, charcuter\u00edas, panader\u00edas y restaurantes. Para agilizar la limpieza al final del d\u00eda, su caj\u00f3n de residuos se puede extraer y vaciar r\u00e1pidamente. En total, esta vitrina mide 57 cm de ancho por <sup>4<\/sup><sub>5 <\/sub>cm de profundidad y<sup> 7<\/sup><sub>2<\/sub> cm de alto.    <\/p>\n<p><strong>Detalles del producto<\/strong><\/p>\n<ul>\n<li>Dise\u00f1o de encimeras con servicio completo<\/li>\n<li>3 estantes ajustables niquelados<\/li>\n<li>3 bandejas de acero inoxidable por estante (12 en total)<\/li>\n<li>Elemento calefactor tubular de acero inoxidable 304<\/li>\n<li>Control termost\u00e1tico ajustable a 248 grados F<\/li>\n<li>Sistema de humidificaci\u00f3n interno.<\/li>\n<li>Luces LED interiores montadas en la parte superior<\/li>\n<li>Base de acero inoxidable<\/li>\n<li>Marco de aluminio anodizado<\/li>\n<li>Laterales y frontal de vidrio templado.<\/li>\n<li>Puerta trasera de vidrio templado con bisagras<\/li>\n<li>Caj\u00f3n de residuos extra\u00edble<\/li>\n<li>El cableado el\u00e9ctrico recubierto de silicona soporta temperaturas de hasta 572 grados F.<\/li>\n<\/ul>\n<p><strong>Dimensiones y utilidades<\/strong><\/p>\n<ul>\n<li>Bandejas: (9) 5 in. W x 12<sup>3<\/sup>\u2044<sub>8<\/sub> in. D x <sup>3<\/sup>\u2044<sub>4<\/sub> in. H   <\/li>\n<li>En general: 18<sup>7<\/sup>\u2044<sub>8<\/sub> in. W x 18 in. D x 28<sup>3<\/sup>\u2044<sub>8<\/sub> in. H   <\/li>\n<li>712 W<\/li>\n<li>120 V\/60 Hz\/1 ph, NEMA 5-15P conector<\/li>\n<\/ul>\n<p><strong>Del fabricante<\/strong><\/p>\n<p>Vitrina calentadora de alimentos Steam Line, de mostrador, 18-7\/8&#8243; de ancho, (3) estantes ajustables niquelados, (3) bandejas de acero inoxidable por estante, vidrio frontal recto templado, laterales de vidrio templado y puerta trasera con bisagras, iluminaci\u00f3n LED, control termost\u00e1tico, elemento calefactor tubular de acero inoxidable 304, marco de aluminio, base de acero inoxidable, 120 V\/60\/1-fase, 712 vatios<\/p>\n<p>*Es posible que la imagen no represente el color, las inclusiones o los accesorios del producto.<\/p>\n","protected":false},"excerpt":{"rendered":"<ul>\n<li><strong><span style=\"color: #0c7f84;\">ESPECIFICACIONES R\u00c1PIDAS DEL PRODUCTO<\/span><\/strong><\/li>\n<li><strong><span style=\"color: #0c7f84;\">Marca:<\/span> TITA<\/strong><\/li>\n<li><strong><span style=\"color: #0c7f84;\">Voltaje:<\/span> 127 V<\/strong><\/li>\n<li><strong><span style=\"color: #0c7f84;\">Clasificaci\u00f3n de potencia: <\/span>712 W<\/strong><\/li>\n<li><strong><span style=\"color: #0c7f84;\">Dimensiones (An. x Pr. x Al.): <\/span>18 7\/8&#8243; x 18&#8243; x 28 3\/8&#8243;<\/strong><\/li>\n<li><strong><span style=\"color: #0c7f84;\">Peso (neto x env\u00edo): <\/span>44 lb x 49 lb<\/strong><\/li>\n<li><strong><span style=\"color: #0c7f84;\">Dimensiones de la bandeja (An. x Pr. x Al.): <\/span>5&#8243; x 12 3\/8&#8243; x 3\/4&#8243;<\/strong><\/li>\n<li><strong> <span style=\"color: #0c7f84;\"># de estantes\/bandejas : <\/span>3 \/ 9<\/strong><\/li>\n<li><strong><span style=\"color: #0c7f84;\">Temperatura m\u00e1xima<\/span>:248 F<\/strong><\/li>\n<li><strong><span style=\"color: #0c7f84;\">Temperatura interior m\u00e1xima*:  <\/span>180F<\/strong><\/li>\n<\/ul>\n","protected":false},"featured_media":22211,"template":"","meta":[],"product_brand":[3707],"product_cat":[3419],"product_tag":[1840,1923,3225,3228,3227,3226],"class_list":{"0":"post-26495","1":"product","2":"type-product","3":"status-publish","4":"has-post-thumbnail","6":"product_brand-tita","7":"product_cat-exhibidores-de-comida-caliente","8":"product_tag-equipamiento-para-restaurantes-y-hoteles-en-panama","9":"product_tag-equipos-de-cocina-comerciales-y-de-restaurantes-de-ee-uu-en-arabia-saudita","10":"product_tag-equipos-para-restaurantes-y-hoteles-en-ee-uu","11":"product_tag-equipos-para-restaurantes-y-hoteles-en-el-salvador","12":"product_tag-equipos-para-restaurantes-y-hoteles-en-puerto-rico","13":"product_tag-equipos-para-restaurantes-y-hoteles-en-republica-dominicana","15":"first","16":"instock","17":"taxable","18":"shipping-taxable","19":"purchasable","20":"product-type-simple"},"yoast_head":"<!-- This site is optimized with the Yoast SEO plugin v26.7 - https:\/\/yoast.com\/wordpress\/plugins\/seo\/ -->\n<title>Vitrina calefactada de mostrador Tita FWD3S9P de 18 7\/8&quot; con servicio completo - (3) estantes | LuxeChef Food Service USA<\/title>\n<meta name=\"robots\" content=\"index, follow, max-snippet:-1, max-image-preview:large, max-video-preview:-1\" \/>\n<link rel=\"canonical\" href=\"https:\/\/lfsusa.store\/es\/producto\/tita-fwd3s9p-18-7-8-full-service-countertop-heated-display-case-3-shelves-2\/\" \/>\n<meta property=\"og:locale\" content=\"es_ES\" \/>\n<meta property=\"og:type\" content=\"article\" \/>\n<meta property=\"og:title\" content=\"Vitrina calefactada de mostrador Tita FWD3S9P de 18 7\/8&quot; con servicio completo - (3) estantes | LuxeChef Food Service USA\" \/>\n<meta property=\"og:description\" content=\"ESPECIFICACIONES R\u00c1PIDAS DEL PRODUCTO  Marca: TITA  Voltaje: 127 V  Clasificaci\u00f3n de potencia: 712 W  Dimensiones (An. x Pr. x Al.): 18 7\/8&quot; x 18&quot; x 28 3\/8&quot;  Peso (neto x env\u00edo): 44 lb x 49 lb  Dimensiones de la bandeja (An. x Pr. x Al.): 5&quot; x 12 3\/8&quot; x 3\/4&quot;  # de estantes\/bandejas : 3 \/ 9  Temperatura m\u00e1xima:248 F  Temperatura interior m\u00e1xima*: 180F\" \/>\n<meta property=\"og:url\" content=\"https:\/\/lfsusa.store\/es\/producto\/tita-fwd3s9p-18-7-8-full-service-countertop-heated-display-case-3-shelves-2\/\" \/>\n<meta property=\"og:site_name\" content=\"LuxeChef Food Service USA\" \/>\n<meta property=\"article:modified_time\" content=\"2025-08-20T19:26:46+00:00\" \/>\n<meta property=\"og:image\" content=\"https:\/\/lfsusa.store\/wp-content\/uploads\/2024\/02\/Skyfood-Full-Service-Countertop-Heated-Display-Case-FWD3S9P.jpg\" \/>\n\t<meta property=\"og:image:width\" content=\"900\" \/>\n\t<meta property=\"og:image:height\" content=\"900\" \/>\n\t<meta property=\"og:image:type\" content=\"image\/jpeg\" \/>\n<meta name=\"twitter:card\" content=\"summary_large_image\" \/>\n<meta name=\"twitter:label1\" content=\"Tiempo de lectura\" \/>\n\t<meta name=\"twitter:data1\" content=\"2 minutos\" \/>\n<script type=\"application\/ld+json\" class=\"yoast-schema-graph\">{\"@context\":\"https:\/\/schema.org\",\"@graph\":[{\"@type\":\"WebPage\",\"@id\":\"https:\/\/lfsusa.store\/es\/producto\/tita-fwd3s9p-18-7-8-full-service-countertop-heated-display-case-3-shelves-2\/\",\"url\":\"https:\/\/lfsusa.store\/es\/producto\/tita-fwd3s9p-18-7-8-full-service-countertop-heated-display-case-3-shelves-2\/\",\"name\":\"Vitrina calefactada de mostrador Tita FWD3S9P de 18 7\/8\\\" con servicio completo - (3) estantes | LuxeChef Food Service USA\",\"isPartOf\":{\"@id\":\"https:\/\/lfsusa.store\/es\/#website\"},\"primaryImageOfPage\":{\"@id\":\"https:\/\/lfsusa.store\/es\/producto\/tita-fwd3s9p-18-7-8-full-service-countertop-heated-display-case-3-shelves-2\/#primaryimage\"},\"image\":{\"@id\":\"https:\/\/lfsusa.store\/es\/producto\/tita-fwd3s9p-18-7-8-full-service-countertop-heated-display-case-3-shelves-2\/#primaryimage\"},\"thumbnailUrl\":\"https:\/\/lfsusa.store\/wp-content\/uploads\/2024\/02\/Skyfood-Full-Service-Countertop-Heated-Display-Case-FWD3S9P.jpg\",\"datePublished\":\"2025-08-20T16:39:04+00:00\",\"dateModified\":\"2025-08-20T19:26:46+00:00\",\"breadcrumb\":{\"@id\":\"https:\/\/lfsusa.store\/es\/producto\/tita-fwd3s9p-18-7-8-full-service-countertop-heated-display-case-3-shelves-2\/#breadcrumb\"},\"inLanguage\":\"es\",\"potentialAction\":[{\"@type\":\"ReadAction\",\"target\":[\"https:\/\/lfsusa.store\/es\/producto\/tita-fwd3s9p-18-7-8-full-service-countertop-heated-display-case-3-shelves-2\/\"]}]},{\"@type\":\"ImageObject\",\"inLanguage\":\"es\",\"@id\":\"https:\/\/lfsusa.store\/es\/producto\/tita-fwd3s9p-18-7-8-full-service-countertop-heated-display-case-3-shelves-2\/#primaryimage\",\"url\":\"https:\/\/lfsusa.store\/wp-content\/uploads\/2024\/02\/Skyfood-Full-Service-Countertop-Heated-Display-Case-FWD3S9P.jpg\",\"contentUrl\":\"https:\/\/lfsusa.store\/wp-content\/uploads\/2024\/02\/Skyfood-Full-Service-Countertop-Heated-Display-Case-FWD3S9P.jpg\",\"width\":900,\"height\":900},{\"@type\":\"BreadcrumbList\",\"@id\":\"https:\/\/lfsusa.store\/es\/producto\/tita-fwd3s9p-18-7-8-full-service-countertop-heated-display-case-3-shelves-2\/#breadcrumb\",\"itemListElement\":[{\"@type\":\"ListItem\",\"position\":1,\"name\":\"Home\",\"item\":\"https:\/\/lfsusa.store\/es\/inicio-luxechef-food-service-usa\/\"},{\"@type\":\"ListItem\",\"position\":2,\"name\":\"Tienda\",\"item\":\"https:\/\/lfsusa.store\/es\/tienda\/\"},{\"@type\":\"ListItem\",\"position\":3,\"name\":\"Vitrina calefactada de mostrador Tita FWD3S9P de 18 7\/8&#8243; con servicio completo &#8211; (3) estantes\"}]},{\"@type\":\"WebSite\",\"@id\":\"https:\/\/lfsusa.store\/es\/#website\",\"url\":\"https:\/\/lfsusa.store\/es\/\",\"name\":\"LuxeChef Food Service USA\",\"description\":\"Shop restaurant supplies &amp; equipment products in our online restaurant supply store. Extremely fast shipping &amp; wholesale pricing from the #1 restaurant supply company!\",\"publisher\":{\"@id\":\"https:\/\/lfsusa.store\/es\/#organization\"},\"alternateName\":\"LuxeChef Food Service USA\",\"potentialAction\":[{\"@type\":\"SearchAction\",\"target\":{\"@type\":\"EntryPoint\",\"urlTemplate\":\"https:\/\/lfsusa.store\/es\/?s={search_term_string}\"},\"query-input\":{\"@type\":\"PropertyValueSpecification\",\"valueRequired\":true,\"valueName\":\"search_term_string\"}}],\"inLanguage\":\"es\"},{\"@type\":\"Organization\",\"@id\":\"https:\/\/lfsusa.store\/es\/#organization\",\"name\":\"LuxeChef Food Service USA\",\"alternateName\":\"LuxeChef Food Service\",\"url\":\"https:\/\/lfsusa.store\/es\/\",\"logo\":{\"@type\":\"ImageObject\",\"inLanguage\":\"es\",\"@id\":\"https:\/\/lfsusa.store\/es\/#\/schema\/logo\/image\/\",\"url\":\"https:\/\/lfsusa.store\/wp-content\/uploads\/2025\/07\/luxe-chef-usa-696-696.jpg\",\"contentUrl\":\"https:\/\/lfsusa.store\/wp-content\/uploads\/2025\/07\/luxe-chef-usa-696-696.jpg\",\"width\":696,\"height\":696,\"caption\":\"LuxeChef Food Service USA\"},\"image\":{\"@id\":\"https:\/\/lfsusa.store\/es\/#\/schema\/logo\/image\/\"}}]}<\/script>\n<!-- \/ Yoast SEO plugin. -->","yoast_head_json":{"title":"Vitrina calefactada de mostrador Tita FWD3S9P de 18 7\/8\" con servicio completo - (3) estantes | LuxeChef Food Service USA","robots":{"index":"index","follow":"follow","max-snippet":"max-snippet:-1","max-image-preview":"max-image-preview:large","max-video-preview":"max-video-preview:-1"},"canonical":"https:\/\/lfsusa.store\/es\/producto\/tita-fwd3s9p-18-7-8-full-service-countertop-heated-display-case-3-shelves-2\/","og_locale":"es_ES","og_type":"article","og_title":"Vitrina calefactada de mostrador Tita FWD3S9P de 18 7\/8\" con servicio completo - (3) estantes | LuxeChef Food Service USA","og_description":"ESPECIFICACIONES R\u00c1PIDAS DEL PRODUCTO  Marca: TITA  Voltaje: 127 V  Clasificaci\u00f3n de potencia: 712 W  Dimensiones (An. x Pr. x Al.): 18 7\/8\" x 18\" x 28 3\/8\"  Peso (neto x env\u00edo): 44 lb x 49 lb  Dimensiones de la bandeja (An. x Pr. x Al.): 5\" x 12 3\/8\" x 3\/4\"  # de estantes\/bandejas : 3 \/ 9  Temperatura m\u00e1xima:248 F  Temperatura interior m\u00e1xima*: 180F","og_url":"https:\/\/lfsusa.store\/es\/producto\/tita-fwd3s9p-18-7-8-full-service-countertop-heated-display-case-3-shelves-2\/","og_site_name":"LuxeChef Food Service USA","article_modified_time":"2025-08-20T19:26:46+00:00","og_image":[{"width":900,"height":900,"url":"https:\/\/lfsusa.store\/wp-content\/uploads\/2024\/02\/Skyfood-Full-Service-Countertop-Heated-Display-Case-FWD3S9P.jpg","type":"image\/jpeg"}],"twitter_card":"summary_large_image","twitter_misc":{"Tiempo de lectura":"2 minutos"},"schema":{"@context":"https:\/\/schema.org","@graph":[{"@type":"WebPage","@id":"https:\/\/lfsusa.store\/es\/producto\/tita-fwd3s9p-18-7-8-full-service-countertop-heated-display-case-3-shelves-2\/","url":"https:\/\/lfsusa.store\/es\/producto\/tita-fwd3s9p-18-7-8-full-service-countertop-heated-display-case-3-shelves-2\/","name":"Vitrina calefactada de mostrador Tita FWD3S9P de 18 7\/8\" con servicio completo - (3) estantes | LuxeChef Food Service USA","isPartOf":{"@id":"https:\/\/lfsusa.store\/es\/#website"},"primaryImageOfPage":{"@id":"https:\/\/lfsusa.store\/es\/producto\/tita-fwd3s9p-18-7-8-full-service-countertop-heated-display-case-3-shelves-2\/#primaryimage"},"image":{"@id":"https:\/\/lfsusa.store\/es\/producto\/tita-fwd3s9p-18-7-8-full-service-countertop-heated-display-case-3-shelves-2\/#primaryimage"},"thumbnailUrl":"https:\/\/lfsusa.store\/wp-content\/uploads\/2024\/02\/Skyfood-Full-Service-Countertop-Heated-Display-Case-FWD3S9P.jpg","datePublished":"2025-08-20T16:39:04+00:00","dateModified":"2025-08-20T19:26:46+00:00","breadcrumb":{"@id":"https:\/\/lfsusa.store\/es\/producto\/tita-fwd3s9p-18-7-8-full-service-countertop-heated-display-case-3-shelves-2\/#breadcrumb"},"inLanguage":"es","potentialAction":[{"@type":"ReadAction","target":["https:\/\/lfsusa.store\/es\/producto\/tita-fwd3s9p-18-7-8-full-service-countertop-heated-display-case-3-shelves-2\/"]}]},{"@type":"ImageObject","inLanguage":"es","@id":"https:\/\/lfsusa.store\/es\/producto\/tita-fwd3s9p-18-7-8-full-service-countertop-heated-display-case-3-shelves-2\/#primaryimage","url":"https:\/\/lfsusa.store\/wp-content\/uploads\/2024\/02\/Skyfood-Full-Service-Countertop-Heated-Display-Case-FWD3S9P.jpg","contentUrl":"https:\/\/lfsusa.store\/wp-content\/uploads\/2024\/02\/Skyfood-Full-Service-Countertop-Heated-Display-Case-FWD3S9P.jpg","width":900,"height":900},{"@type":"BreadcrumbList","@id":"https:\/\/lfsusa.store\/es\/producto\/tita-fwd3s9p-18-7-8-full-service-countertop-heated-display-case-3-shelves-2\/#breadcrumb","itemListElement":[{"@type":"ListItem","position":1,"name":"Home","item":"https:\/\/lfsusa.store\/es\/inicio-luxechef-food-service-usa\/"},{"@type":"ListItem","position":2,"name":"Tienda","item":"https:\/\/lfsusa.store\/es\/tienda\/"},{"@type":"ListItem","position":3,"name":"Vitrina calefactada de mostrador Tita FWD3S9P de 18 7\/8&#8243; con servicio completo &#8211; (3) estantes"}]},{"@type":"WebSite","@id":"https:\/\/lfsusa.store\/es\/#website","url":"https:\/\/lfsusa.store\/es\/","name":"LuxeChef Food Service USA","description":"Shop restaurant supplies &amp; equipment products in our online restaurant supply store. Extremely fast shipping &amp; wholesale pricing from the #1 restaurant supply company!","publisher":{"@id":"https:\/\/lfsusa.store\/es\/#organization"},"alternateName":"LuxeChef Food Service USA","potentialAction":[{"@type":"SearchAction","target":{"@type":"EntryPoint","urlTemplate":"https:\/\/lfsusa.store\/es\/?s={search_term_string}"},"query-input":{"@type":"PropertyValueSpecification","valueRequired":true,"valueName":"search_term_string"}}],"inLanguage":"es"},{"@type":"Organization","@id":"https:\/\/lfsusa.store\/es\/#organization","name":"LuxeChef Food Service USA","alternateName":"LuxeChef Food Service","url":"https:\/\/lfsusa.store\/es\/","logo":{"@type":"ImageObject","inLanguage":"es","@id":"https:\/\/lfsusa.store\/es\/#\/schema\/logo\/image\/","url":"https:\/\/lfsusa.store\/wp-content\/uploads\/2025\/07\/luxe-chef-usa-696-696.jpg","contentUrl":"https:\/\/lfsusa.store\/wp-content\/uploads\/2025\/07\/luxe-chef-usa-696-696.jpg","width":696,"height":696,"caption":"LuxeChef Food Service USA"},"image":{"@id":"https:\/\/lfsusa.store\/es\/#\/schema\/logo\/image\/"}}]}},"_links":{"self":[{"href":"https:\/\/lfsusa.store\/es\/wp-json\/wp\/v2\/product\/26495","targetHints":{"allow":["GET"]}}],"collection":[{"href":"https:\/\/lfsusa.store\/es\/wp-json\/wp\/v2\/product"}],"about":[{"href":"https:\/\/lfsusa.store\/es\/wp-json\/wp\/v2\/types\/product"}],"version-history":[{"count":1,"href":"https:\/\/lfsusa.store\/es\/wp-json\/wp\/v2\/product\/26495\/revisions"}],"predecessor-version":[{"id":26496,"href":"https:\/\/lfsusa.store\/es\/wp-json\/wp\/v2\/product\/26495\/revisions\/26496"}],"wp:featuredmedia":[{"embeddable":true,"href":"https:\/\/lfsusa.store\/es\/wp-json\/wp\/v2\/media\/22211"}],"wp:attachment":[{"href":"https:\/\/lfsusa.store\/es\/wp-json\/wp\/v2\/media?parent=26495"}],"wp:term":[{"taxonomy":"product_brand","embeddable":true,"href":"https:\/\/lfsusa.store\/es\/wp-json\/wp\/v2\/product_brand?post=26495"},{"taxonomy":"product_cat","embeddable":true,"href":"https:\/\/lfsusa.store\/es\/wp-json\/wp\/v2\/product_cat?post=26495"},{"taxonomy":"product_tag","embeddable":true,"href":"https:\/\/lfsusa.store\/es\/wp-json\/wp\/v2\/product_tag?post=26495"}],"curies":[{"name":"wp","href":"https:\/\/api.w.org\/{rel}","templated":true}]}}