{"id":26500,"date":"2025-08-20T11:49:45","date_gmt":"2025-08-20T16:49:45","guid":{"rendered":"https:\/\/lfsusa.store\/product\/vitrina-calefactada-de-mostrador-de-servicio-completo-tita-fwd2s8p-25-5-8-con-2-estantes\/"},"modified":"2025-08-20T14:26:47","modified_gmt":"2025-08-20T19:26:47","slug":"vitrina-calefactada-de-mostrador-de-servicio-completo-tita-fwd2s8p-25-5-8-con-2-estantes","status":"publish","type":"product","link":"https:\/\/lfsusa.store\/es\/producto\/vitrina-calefactada-de-mostrador-de-servicio-completo-tita-fwd2s8p-25-5-8-con-2-estantes\/","title":{"rendered":"Tita FWD2S8P | Vitrina calefactada de mostrador de servicio completo de 25 5\/8&#8243; &#8211; (2) estantes"},"content":{"rendered":"<p>Esta vitrina calentadora de alimentos Tita FWD2S8P Steam Line, de servicio completo, cuenta con frente y laterales de vidrio templado y un interior con iluminaci\u00f3n LED para que los clientes tengan una vista completa de los productos. La puerta trasera de vidrio templado con bisagras permite a los empleados retirar las compras. Dise\u00f1ada para mostradores en supermercados, tiendas de conveniencia, centros recreativos y restaurantes, esta unidad mide <sup>65<\/sup>,<sub>5<\/sub> cm de ancho po<sup>r 53<\/sup>,<sub>5<\/sub> cm de profundidad por <sup>55<\/sup>,<sub>5<\/sub> cm de alto. Su marco de aluminio anodizado y su base de acero inoxidable ofrecen una resistencia duradera a la corrosi\u00f3n y complementan la mayor\u00eda de los estilos decorativos. Para facilitar la limpieza, el caj\u00f3n de residuos montado en la base es extra\u00edble.   <\/p>\n<p>La vitrina de mostrador Tita FWD2S8P cuenta con dos estantes ajustables niquelados, ambos con cuatro bandejas de acero inoxidable de <sup>12<\/sup>,<sub>7 <\/sub>cm de ancho x <sup>3<\/sup>,<sub>2<\/sub> cm de profundidad x 1,9 cm de alto que organizan los alimentos calientes y preparados. Para garantizar que los alimentos se mantengan a una temperatura segura para servir, un elemento calefactor de acero inoxidable calienta los estantes, y los operadores pueden ajustar la temperatura hasta 120 \u00b0C. Dado que los alimentos pueden secarse durante las horas de conservaci\u00f3n, esta unidad utiliza un sistema de humidificaci\u00f3n interno para producir la humedad necesaria para preservar el sabor y la textura.  <\/p>\n<p><strong>Detalles del producto<\/strong><\/p>\n<ul>\n<li>Dise\u00f1o de encimeras con servicio completo<\/li>\n<li>2 estantes ajustables niquelados<\/li>\n<li>4 bandejas de acero inoxidable por estante (8 en total)<\/li>\n<li>Elemento calefactor tubular de acero inoxidable 304 con termostato<\/li>\n<li>Temperatura ajustable hasta un m\u00e1ximo de 248 grados F.<\/li>\n<li>Sistema de humidificaci\u00f3n interna para conservaci\u00f3n de la humedad y el sabor.<\/li>\n<li>luces interiores LED<\/li>\n<li>Frontal y laterales de vidrio templado<\/li>\n<li>Puerta trasera de vidrio templado con bisagras<\/li>\n<li>Marco de aluminio anodizado resistente a la corrosi\u00f3n<\/li>\n<li>Base r\u00edgida de acero inoxidable<\/li>\n<li>Caj\u00f3n de residuos extra\u00edble<\/li>\n<li>El cableado el\u00e9ctrico recubierto de silicona soporta temperaturas de hasta 572 grados F.<\/li>\n<\/ul>\n<p><strong>Dimensiones y utilidades<\/strong><\/p>\n<ul>\n<li>Bandejas: (8) 5 in. W x 12<sup>3<\/sup>\u2044<sub>8<\/sub> in. D x <sup>3<\/sup>\u2044<sub>4<\/sub> in. H   <\/li>\n<li>En general: 25<sup>5<\/sup>\u2044<sub>8<\/sub> in. W x 20<sup>7<\/sup>\u2044<sub>8<\/sub> in. D x 21<sup>7<\/sup>\u2044<sub>8<\/sub> in. H   <\/li>\n<li>1012 W<\/li>\n<li>120 V\/60 Hz\/1 ph, NEMA 5-15P conector<\/li>\n<\/ul>\n<p><strong>Del fabricante<\/strong><\/p>\n<p>Vitrina calentadora de alimentos Steam Line, de mostrador, 25-5\/8&#8243; de ancho, (2) estantes ajustables niquelados, (4) bandejas de acero inoxidable por estante, vidrio frontal recto templado, laterales de vidrio templado y puertas traseras con bisagras, iluminaci\u00f3n LED, control termost\u00e1tico, elemento calefactor tubular de acero inoxidable 304, marco de aluminio, base de acero inoxidable, 120 V\/60\/1-fase, 1012 vatios<\/p>\n<p>*Es posible que la imagen no represente el color, las inclusiones o los accesorios del producto.<\/p>\n","protected":false},"excerpt":{"rendered":"<ul>\n<li><strong><span style=\"color: #0c7f84;\">ESPECIFICACIONES R\u00c1PIDAS DEL PRODUCTO<\/span><\/strong><\/li>\n<li><strong><span style=\"color: #0c7f84;\">Marca:<\/span> TITA<\/strong><\/li>\n<li><strong><span style=\"color: #0c7f84;\">Voltaje:<\/span> 127 V<\/strong><\/li>\n<li><strong><span style=\"color: #0c7f84;\">Clasificaci\u00f3n de potencia: <\/span>1012 W<\/strong><\/li>\n<li><strong><span style=\"color: #0c7f84;\">Dimensiones (An x Pr x Al): <\/span>25 5\/8&#8243; x 20 7\/8&#8243; x 21 7\/8&#8243;<\/strong><\/li>\n<li><strong><span style=\"color: #0c7f84;\">Peso (neto x env\u00edo): <\/span>55 lb x 62 lb<\/strong><\/li>\n<li><strong><span style=\"color: #0c7f84;\">Dimensiones de la bandeja (An. x Pr. x Al.): <\/span>5&#8243; x 12 3\/8&#8243; x 3\/4&#8243;<\/strong><\/li>\n<li><strong> <span style=\"color: #0c7f84;\"># de estantes\/bandejas: <\/span>2 \/ 8<\/strong><\/li>\n<li><strong><span style=\"color: #0c7f84;\">Temperatura m\u00e1xima<\/span>:248 F<\/strong><\/li>\n<li><strong><span style=\"color: #0c7f84;\">Temperatura interior m\u00e1xima*:  <\/span>180F<\/strong><\/li>\n<\/ul>\n","protected":false},"featured_media":12021,"template":"","meta":[],"product_brand":[3707],"product_cat":[3419],"product_tag":[1840,1923,3225,3228,3227,3226],"class_list":{"0":"post-26500","1":"product","2":"type-product","3":"status-publish","4":"has-post-thumbnail","6":"product_brand-tita","7":"product_cat-exhibidores-de-comida-caliente","8":"product_tag-equipamiento-para-restaurantes-y-hoteles-en-panama","9":"product_tag-equipos-de-cocina-comerciales-y-de-restaurantes-de-ee-uu-en-arabia-saudita","10":"product_tag-equipos-para-restaurantes-y-hoteles-en-ee-uu","11":"product_tag-equipos-para-restaurantes-y-hoteles-en-el-salvador","12":"product_tag-equipos-para-restaurantes-y-hoteles-en-puerto-rico","13":"product_tag-equipos-para-restaurantes-y-hoteles-en-republica-dominicana","15":"first","16":"instock","17":"taxable","18":"shipping-taxable","19":"purchasable","20":"product-type-simple"},"yoast_head":"<!-- This site is optimized with the Yoast SEO plugin v26.7 - https:\/\/yoast.com\/wordpress\/plugins\/seo\/ -->\n<title>Tita FWD2S8P | Vitrina calefactada de mostrador de servicio completo de 25 5\/8&quot; - (2) estantes | LuxeChef Food Service USA<\/title>\n<meta name=\"robots\" content=\"index, follow, max-snippet:-1, max-image-preview:large, max-video-preview:-1\" \/>\n<link rel=\"canonical\" href=\"https:\/\/lfsusa.store\/es\/producto\/vitrina-calefactada-de-mostrador-de-servicio-completo-tita-fwd2s8p-25-5-8-con-2-estantes\/\" \/>\n<meta property=\"og:locale\" content=\"es_ES\" \/>\n<meta property=\"og:type\" content=\"article\" \/>\n<meta property=\"og:title\" content=\"Tita FWD2S8P | Vitrina calefactada de mostrador de servicio completo de 25 5\/8&quot; - (2) estantes | LuxeChef Food Service USA\" \/>\n<meta property=\"og:description\" content=\"ESPECIFICACIONES R\u00c1PIDAS DEL PRODUCTO  Marca: TITA  Voltaje: 127 V  Clasificaci\u00f3n de potencia: 1012 W  Dimensiones (An x Pr x Al): 25 5\/8&quot; x 20 7\/8&quot; x 21 7\/8&quot;  Peso (neto x env\u00edo): 55 lb x 62 lb  Dimensiones de la bandeja (An. x Pr. x Al.): 5&quot; x 12 3\/8&quot; x 3\/4&quot;  # de estantes\/bandejas: 2 \/ 8  Temperatura m\u00e1xima:248 F  Temperatura interior m\u00e1xima*: 180F\" \/>\n<meta property=\"og:url\" content=\"https:\/\/lfsusa.store\/es\/producto\/vitrina-calefactada-de-mostrador-de-servicio-completo-tita-fwd2s8p-25-5-8-con-2-estantes\/\" \/>\n<meta property=\"og:site_name\" content=\"LuxeChef Food Service USA\" \/>\n<meta property=\"article:modified_time\" content=\"2025-08-20T19:26:47+00:00\" \/>\n<meta property=\"og:image\" content=\"https:\/\/lfsusa.store\/wp-content\/uploads\/2024\/02\/Skyfood-Full-Service-Countertop-Heated-Display-Case-Skyfood-FWD2S8P.jpg\" \/>\n\t<meta property=\"og:image:width\" content=\"900\" \/>\n\t<meta property=\"og:image:height\" content=\"900\" \/>\n\t<meta property=\"og:image:type\" content=\"image\/jpeg\" \/>\n<meta name=\"twitter:card\" content=\"summary_large_image\" \/>\n<meta name=\"twitter:label1\" content=\"Tiempo de lectura\" \/>\n\t<meta name=\"twitter:data1\" content=\"2 minutos\" \/>\n<script type=\"application\/ld+json\" class=\"yoast-schema-graph\">{\"@context\":\"https:\/\/schema.org\",\"@graph\":[{\"@type\":\"WebPage\",\"@id\":\"https:\/\/lfsusa.store\/es\/producto\/vitrina-calefactada-de-mostrador-de-servicio-completo-tita-fwd2s8p-25-5-8-con-2-estantes\/\",\"url\":\"https:\/\/lfsusa.store\/es\/producto\/vitrina-calefactada-de-mostrador-de-servicio-completo-tita-fwd2s8p-25-5-8-con-2-estantes\/\",\"name\":\"Tita FWD2S8P | Vitrina calefactada de mostrador de servicio completo de 25 5\/8\\\" - (2) estantes | LuxeChef Food Service USA\",\"isPartOf\":{\"@id\":\"https:\/\/lfsusa.store\/es\/#website\"},\"primaryImageOfPage\":{\"@id\":\"https:\/\/lfsusa.store\/es\/producto\/vitrina-calefactada-de-mostrador-de-servicio-completo-tita-fwd2s8p-25-5-8-con-2-estantes\/#primaryimage\"},\"image\":{\"@id\":\"https:\/\/lfsusa.store\/es\/producto\/vitrina-calefactada-de-mostrador-de-servicio-completo-tita-fwd2s8p-25-5-8-con-2-estantes\/#primaryimage\"},\"thumbnailUrl\":\"https:\/\/lfsusa.store\/wp-content\/uploads\/2024\/02\/Skyfood-Full-Service-Countertop-Heated-Display-Case-Skyfood-FWD2S8P.jpg\",\"datePublished\":\"2025-08-20T16:49:45+00:00\",\"dateModified\":\"2025-08-20T19:26:47+00:00\",\"breadcrumb\":{\"@id\":\"https:\/\/lfsusa.store\/es\/producto\/vitrina-calefactada-de-mostrador-de-servicio-completo-tita-fwd2s8p-25-5-8-con-2-estantes\/#breadcrumb\"},\"inLanguage\":\"es\",\"potentialAction\":[{\"@type\":\"ReadAction\",\"target\":[\"https:\/\/lfsusa.store\/es\/producto\/vitrina-calefactada-de-mostrador-de-servicio-completo-tita-fwd2s8p-25-5-8-con-2-estantes\/\"]}]},{\"@type\":\"ImageObject\",\"inLanguage\":\"es\",\"@id\":\"https:\/\/lfsusa.store\/es\/producto\/vitrina-calefactada-de-mostrador-de-servicio-completo-tita-fwd2s8p-25-5-8-con-2-estantes\/#primaryimage\",\"url\":\"https:\/\/lfsusa.store\/wp-content\/uploads\/2024\/02\/Skyfood-Full-Service-Countertop-Heated-Display-Case-Skyfood-FWD2S8P.jpg\",\"contentUrl\":\"https:\/\/lfsusa.store\/wp-content\/uploads\/2024\/02\/Skyfood-Full-Service-Countertop-Heated-Display-Case-Skyfood-FWD2S8P.jpg\",\"width\":900,\"height\":900},{\"@type\":\"BreadcrumbList\",\"@id\":\"https:\/\/lfsusa.store\/es\/producto\/vitrina-calefactada-de-mostrador-de-servicio-completo-tita-fwd2s8p-25-5-8-con-2-estantes\/#breadcrumb\",\"itemListElement\":[{\"@type\":\"ListItem\",\"position\":1,\"name\":\"Home\",\"item\":\"https:\/\/lfsusa.store\/es\/inicio-luxechef-food-service-usa\/\"},{\"@type\":\"ListItem\",\"position\":2,\"name\":\"Tienda\",\"item\":\"https:\/\/lfsusa.store\/es\/tienda\/\"},{\"@type\":\"ListItem\",\"position\":3,\"name\":\"Tita FWD2S8P | Vitrina calefactada de mostrador de servicio completo de 25 5\/8&#8243; &#8211; (2) estantes\"}]},{\"@type\":\"WebSite\",\"@id\":\"https:\/\/lfsusa.store\/es\/#website\",\"url\":\"https:\/\/lfsusa.store\/es\/\",\"name\":\"LuxeChef Food Service USA\",\"description\":\"Shop restaurant supplies &amp; equipment products in our online restaurant supply store. Extremely fast shipping &amp; wholesale pricing from the #1 restaurant supply company!\",\"publisher\":{\"@id\":\"https:\/\/lfsusa.store\/es\/#organization\"},\"alternateName\":\"LuxeChef Food Service USA\",\"potentialAction\":[{\"@type\":\"SearchAction\",\"target\":{\"@type\":\"EntryPoint\",\"urlTemplate\":\"https:\/\/lfsusa.store\/es\/?s={search_term_string}\"},\"query-input\":{\"@type\":\"PropertyValueSpecification\",\"valueRequired\":true,\"valueName\":\"search_term_string\"}}],\"inLanguage\":\"es\"},{\"@type\":\"Organization\",\"@id\":\"https:\/\/lfsusa.store\/es\/#organization\",\"name\":\"LuxeChef Food Service USA\",\"alternateName\":\"LuxeChef Food Service\",\"url\":\"https:\/\/lfsusa.store\/es\/\",\"logo\":{\"@type\":\"ImageObject\",\"inLanguage\":\"es\",\"@id\":\"https:\/\/lfsusa.store\/es\/#\/schema\/logo\/image\/\",\"url\":\"https:\/\/lfsusa.store\/wp-content\/uploads\/2025\/07\/luxe-chef-usa-696-696.jpg\",\"contentUrl\":\"https:\/\/lfsusa.store\/wp-content\/uploads\/2025\/07\/luxe-chef-usa-696-696.jpg\",\"width\":696,\"height\":696,\"caption\":\"LuxeChef Food Service USA\"},\"image\":{\"@id\":\"https:\/\/lfsusa.store\/es\/#\/schema\/logo\/image\/\"}}]}<\/script>\n<!-- \/ Yoast SEO plugin. -->","yoast_head_json":{"title":"Tita FWD2S8P | Vitrina calefactada de mostrador de servicio completo de 25 5\/8\" - (2) estantes | LuxeChef Food Service USA","robots":{"index":"index","follow":"follow","max-snippet":"max-snippet:-1","max-image-preview":"max-image-preview:large","max-video-preview":"max-video-preview:-1"},"canonical":"https:\/\/lfsusa.store\/es\/producto\/vitrina-calefactada-de-mostrador-de-servicio-completo-tita-fwd2s8p-25-5-8-con-2-estantes\/","og_locale":"es_ES","og_type":"article","og_title":"Tita FWD2S8P | Vitrina calefactada de mostrador de servicio completo de 25 5\/8\" - (2) estantes | LuxeChef Food Service USA","og_description":"ESPECIFICACIONES R\u00c1PIDAS DEL PRODUCTO  Marca: TITA  Voltaje: 127 V  Clasificaci\u00f3n de potencia: 1012 W  Dimensiones (An x Pr x Al): 25 5\/8\" x 20 7\/8\" x 21 7\/8\"  Peso (neto x env\u00edo): 55 lb x 62 lb  Dimensiones de la bandeja (An. x Pr. x Al.): 5\" x 12 3\/8\" x 3\/4\"  # de estantes\/bandejas: 2 \/ 8  Temperatura m\u00e1xima:248 F  Temperatura interior m\u00e1xima*: 180F","og_url":"https:\/\/lfsusa.store\/es\/producto\/vitrina-calefactada-de-mostrador-de-servicio-completo-tita-fwd2s8p-25-5-8-con-2-estantes\/","og_site_name":"LuxeChef Food Service USA","article_modified_time":"2025-08-20T19:26:47+00:00","og_image":[{"width":900,"height":900,"url":"https:\/\/lfsusa.store\/wp-content\/uploads\/2024\/02\/Skyfood-Full-Service-Countertop-Heated-Display-Case-Skyfood-FWD2S8P.jpg","type":"image\/jpeg"}],"twitter_card":"summary_large_image","twitter_misc":{"Tiempo de lectura":"2 minutos"},"schema":{"@context":"https:\/\/schema.org","@graph":[{"@type":"WebPage","@id":"https:\/\/lfsusa.store\/es\/producto\/vitrina-calefactada-de-mostrador-de-servicio-completo-tita-fwd2s8p-25-5-8-con-2-estantes\/","url":"https:\/\/lfsusa.store\/es\/producto\/vitrina-calefactada-de-mostrador-de-servicio-completo-tita-fwd2s8p-25-5-8-con-2-estantes\/","name":"Tita FWD2S8P | Vitrina calefactada de mostrador de servicio completo de 25 5\/8\" - (2) estantes | LuxeChef Food Service USA","isPartOf":{"@id":"https:\/\/lfsusa.store\/es\/#website"},"primaryImageOfPage":{"@id":"https:\/\/lfsusa.store\/es\/producto\/vitrina-calefactada-de-mostrador-de-servicio-completo-tita-fwd2s8p-25-5-8-con-2-estantes\/#primaryimage"},"image":{"@id":"https:\/\/lfsusa.store\/es\/producto\/vitrina-calefactada-de-mostrador-de-servicio-completo-tita-fwd2s8p-25-5-8-con-2-estantes\/#primaryimage"},"thumbnailUrl":"https:\/\/lfsusa.store\/wp-content\/uploads\/2024\/02\/Skyfood-Full-Service-Countertop-Heated-Display-Case-Skyfood-FWD2S8P.jpg","datePublished":"2025-08-20T16:49:45+00:00","dateModified":"2025-08-20T19:26:47+00:00","breadcrumb":{"@id":"https:\/\/lfsusa.store\/es\/producto\/vitrina-calefactada-de-mostrador-de-servicio-completo-tita-fwd2s8p-25-5-8-con-2-estantes\/#breadcrumb"},"inLanguage":"es","potentialAction":[{"@type":"ReadAction","target":["https:\/\/lfsusa.store\/es\/producto\/vitrina-calefactada-de-mostrador-de-servicio-completo-tita-fwd2s8p-25-5-8-con-2-estantes\/"]}]},{"@type":"ImageObject","inLanguage":"es","@id":"https:\/\/lfsusa.store\/es\/producto\/vitrina-calefactada-de-mostrador-de-servicio-completo-tita-fwd2s8p-25-5-8-con-2-estantes\/#primaryimage","url":"https:\/\/lfsusa.store\/wp-content\/uploads\/2024\/02\/Skyfood-Full-Service-Countertop-Heated-Display-Case-Skyfood-FWD2S8P.jpg","contentUrl":"https:\/\/lfsusa.store\/wp-content\/uploads\/2024\/02\/Skyfood-Full-Service-Countertop-Heated-Display-Case-Skyfood-FWD2S8P.jpg","width":900,"height":900},{"@type":"BreadcrumbList","@id":"https:\/\/lfsusa.store\/es\/producto\/vitrina-calefactada-de-mostrador-de-servicio-completo-tita-fwd2s8p-25-5-8-con-2-estantes\/#breadcrumb","itemListElement":[{"@type":"ListItem","position":1,"name":"Home","item":"https:\/\/lfsusa.store\/es\/inicio-luxechef-food-service-usa\/"},{"@type":"ListItem","position":2,"name":"Tienda","item":"https:\/\/lfsusa.store\/es\/tienda\/"},{"@type":"ListItem","position":3,"name":"Tita FWD2S8P | Vitrina calefactada de mostrador de servicio completo de 25 5\/8&#8243; &#8211; (2) estantes"}]},{"@type":"WebSite","@id":"https:\/\/lfsusa.store\/es\/#website","url":"https:\/\/lfsusa.store\/es\/","name":"LuxeChef Food Service USA","description":"Shop restaurant supplies &amp; equipment products in our online restaurant supply store. Extremely fast shipping &amp; wholesale pricing from the #1 restaurant supply company!","publisher":{"@id":"https:\/\/lfsusa.store\/es\/#organization"},"alternateName":"LuxeChef Food Service USA","potentialAction":[{"@type":"SearchAction","target":{"@type":"EntryPoint","urlTemplate":"https:\/\/lfsusa.store\/es\/?s={search_term_string}"},"query-input":{"@type":"PropertyValueSpecification","valueRequired":true,"valueName":"search_term_string"}}],"inLanguage":"es"},{"@type":"Organization","@id":"https:\/\/lfsusa.store\/es\/#organization","name":"LuxeChef Food Service USA","alternateName":"LuxeChef Food Service","url":"https:\/\/lfsusa.store\/es\/","logo":{"@type":"ImageObject","inLanguage":"es","@id":"https:\/\/lfsusa.store\/es\/#\/schema\/logo\/image\/","url":"https:\/\/lfsusa.store\/wp-content\/uploads\/2025\/07\/luxe-chef-usa-696-696.jpg","contentUrl":"https:\/\/lfsusa.store\/wp-content\/uploads\/2025\/07\/luxe-chef-usa-696-696.jpg","width":696,"height":696,"caption":"LuxeChef Food Service USA"},"image":{"@id":"https:\/\/lfsusa.store\/es\/#\/schema\/logo\/image\/"}}]}},"_links":{"self":[{"href":"https:\/\/lfsusa.store\/es\/wp-json\/wp\/v2\/product\/26500","targetHints":{"allow":["GET"]}}],"collection":[{"href":"https:\/\/lfsusa.store\/es\/wp-json\/wp\/v2\/product"}],"about":[{"href":"https:\/\/lfsusa.store\/es\/wp-json\/wp\/v2\/types\/product"}],"version-history":[{"count":1,"href":"https:\/\/lfsusa.store\/es\/wp-json\/wp\/v2\/product\/26500\/revisions"}],"predecessor-version":[{"id":26522,"href":"https:\/\/lfsusa.store\/es\/wp-json\/wp\/v2\/product\/26500\/revisions\/26522"}],"wp:featuredmedia":[{"embeddable":true,"href":"https:\/\/lfsusa.store\/es\/wp-json\/wp\/v2\/media\/12021"}],"wp:attachment":[{"href":"https:\/\/lfsusa.store\/es\/wp-json\/wp\/v2\/media?parent=26500"}],"wp:term":[{"taxonomy":"product_brand","embeddable":true,"href":"https:\/\/lfsusa.store\/es\/wp-json\/wp\/v2\/product_brand?post=26500"},{"taxonomy":"product_cat","embeddable":true,"href":"https:\/\/lfsusa.store\/es\/wp-json\/wp\/v2\/product_cat?post=26500"},{"taxonomy":"product_tag","embeddable":true,"href":"https:\/\/lfsusa.store\/es\/wp-json\/wp\/v2\/product_tag?post=26500"}],"curies":[{"name":"wp","href":"https:\/\/api.w.org\/{rel}","templated":true}]}}