{"id":26504,"date":"2025-08-20T13:28:31","date_gmt":"2025-08-20T18:28:31","guid":{"rendered":"https:\/\/lfsusa.store\/product\/vitrina-calefactada-de-mostrador-de-servicio-completo-tita-fwd2s6p-18-7-8-2-estantes\/"},"modified":"2025-08-20T14:25:50","modified_gmt":"2025-08-20T19:25:50","slug":"vitrina-calefactada-de-mostrador-de-servicio-completo-tita-fwd2s6p-18-7-8-2-estantes","status":"publish","type":"product","link":"https:\/\/lfsusa.store\/es\/producto\/vitrina-calefactada-de-mostrador-de-servicio-completo-tita-fwd2s6p-18-7-8-2-estantes\/","title":{"rendered":"Vitrina calefactada de mostrador Tita FWD2S6P de 18 7\/8&#8243; con servicio completo &#8211; (2) estantes"},"content":{"rendered":"<p>Para preservar el sabor y la textura, esta vitrina calentadora de alimentos Tita FWD2S6P Steam Line utiliza un sistema de humidificaci\u00f3n interno para generar suficiente humedad, y su elemento calefactor tubular de acero inoxidable puede producir calor hasta 120 \u00b0C para mantener los alimentos a una temperatura segura para servir durante horas. Esta unidad cuenta con dos estantes ajustables niquelados que incluyen tres bandejas de acero inoxidable de 12,7 cm de ancho por <sup>31<\/sup>,<sub>7 <\/sub>cm de profundidad por <sup>1<\/sup>,<sub>9<\/sub> cm de alto para exhibir una amplia gama de alimentos calientes y preparados. <\/p>\n<p>Ideal para colocarse sobre mostradores en puntos de venta de snacks, tiendas de conveniencia y restaurantes, la vitrina de alimentos Tita FWD2S6P mide <sup>5<\/sup><sub>7 <\/sub>cm de ancho por 45 cm de profundidad y <sup>5<\/sup><sub>5<\/sub> cm de alto. El vidrio templado transparente recubre la parte frontal y los laterales para ofrecer una vista directa de los art\u00edculos exhibidos, mientras que una puerta trasera abatible, tambi\u00e9n de vidrio templado, permite cargar y retirar los art\u00edculos f\u00e1cilmente. Su robusta estructura de aluminio anodizado y su base de acero inoxidable son resistentes a la corrosi\u00f3n y se limpian r\u00e1pidamente. Para agilizar la limpieza al final de la jornada, los operadores pueden retirar el caj\u00f3n de residuos ubicado en la base.   <\/p>\n<p><strong>Detalles del producto<\/strong><\/p>\n<ul>\n<li>Configuraci\u00f3n de mostrador con servicio completo<\/li>\n<li>2 estantes ajustables niquelados<\/li>\n<li>6 bandejas de acero inoxidable (3 por estante)<\/li>\n<li>Elemento calefactor tubular de acero inoxidable 304 controlado termost\u00e1ticamente<\/li>\n<li>Temperatura m\u00e1xima: 248 grados F<\/li>\n<li>Sistema de humidificaci\u00f3n interno.<\/li>\n<li>luces interiores LED<\/li>\n<li>Vidrio templado en todos los lados<\/li>\n<li>Puerta trasera abatible de vidrio templado<\/li>\n<li>Marco de aluminio anodizado<\/li>\n<li>Base de acero inoxidable<\/li>\n<li>Caj\u00f3n de residuos extra\u00edble<\/li>\n<li>El cableado el\u00e9ctrico recubierto de silicona soporta temperaturas de hasta 572 grados F.<\/li>\n<\/ul>\n<p><strong>Dimensiones y utilidades<\/strong><\/p>\n<ul>\n<li>Bandejas: (6) 5 in. W x 12<sup>3<\/sup>\u2044<sub>8<\/sub> in. D x <sup>3<\/sup>\u2044<sub>4<\/sub> in. H   <\/li>\n<li>En general: 18<sup>7<\/sup>\u2044<sub>8<\/sub> in. W x 18 in. D x 21<sup>7<\/sup>\u2044<sub>8<\/sub> in. H   <\/li>\n<li>712 W<\/li>\n<li>120 V\/60 Hz\/1 ph, NEMA 5-15P conector<\/li>\n<\/ul>\n<p><strong>Del fabricante<\/strong><\/p>\n<p>Vitrina calentadora de alimentos Steam Line, de mostrador, 18-7\/8&#8243; de ancho, (2) estantes niquelados ajustables, (3) bandejas de acero inoxidable por estante, vidrio frontal recto templado, laterales de vidrio templado y puerta trasera con bisagras, iluminaci\u00f3n LED, control termost\u00e1tico, elemento calefactor tubular de acero inoxidable 304, marco de aluminio, base de acero inoxidable, 120 V\/60\/1-fase, 712 vatios<\/p>\n<p>*Es posible que la imagen no represente el color, las inclusiones o los accesorios del producto.<\/p>\n","protected":false},"excerpt":{"rendered":"<ul>\n<li><strong><span style=\"color: #0c7f84;\">ESPECIFICACIONES R\u00c1PIDAS DEL PRODUCTO<\/span><\/strong><\/li>\n<li><strong><span style=\"color: #0c7f84;\">Marca:<\/span> TITA<\/strong><\/li>\n<li><strong><span style=\"color: #0c7f84;\">Voltaje:<\/span> 127 V<\/strong><\/li>\n<li><strong><span style=\"color: #0c7f84;\">Clasificaci\u00f3n de potencia: <\/span>712 W<\/strong><\/li>\n<li><strong><span style=\"color: #0c7f84;\">Dimensiones (An. x Pr. x Al.):<\/span>18 7\/8&#8243; x 18&#8243; x 21 7\/8&#8243;<\/strong><\/li>\n<li><strong><span style=\"color: #0c7f84;\">Peso (neto x env\u00edo):<\/span>49 lb x 53 lb<\/strong><\/li>\n<li><strong><span style=\"color: #0c7f84;\">Dimensiones de la bandeja (An. x Pr. x Al.): <\/span>5&#8243; x 12 3\/8&#8243; x 3\/4&#8243;<\/strong><\/li>\n<li><strong> <span style=\"color: #0c7f84;\"># de estantes\/bandejas : <\/span>2 \/ 6<\/strong><\/li>\n<li><strong><span style=\"color: #0c7f84;\">Temperatura m\u00e1xima<\/span>:248 F<\/strong><\/li>\n<li><strong><span style=\"color: #0c7f84;\">Temperatura interior m\u00e1xima*:  <\/span>180F<\/strong><\/li>\n<\/ul>\n","protected":false},"featured_media":22209,"template":"","meta":[],"product_brand":[3707],"product_cat":[3419],"product_tag":[1840,1923,3225,3228,3227,3226],"class_list":{"0":"post-26504","1":"product","2":"type-product","3":"status-publish","4":"has-post-thumbnail","6":"product_brand-tita","7":"product_cat-exhibidores-de-comida-caliente","8":"product_tag-equipamiento-para-restaurantes-y-hoteles-en-panama","9":"product_tag-equipos-de-cocina-comerciales-y-de-restaurantes-de-ee-uu-en-arabia-saudita","10":"product_tag-equipos-para-restaurantes-y-hoteles-en-ee-uu","11":"product_tag-equipos-para-restaurantes-y-hoteles-en-el-salvador","12":"product_tag-equipos-para-restaurantes-y-hoteles-en-puerto-rico","13":"product_tag-equipos-para-restaurantes-y-hoteles-en-republica-dominicana","15":"first","16":"instock","17":"taxable","18":"shipping-taxable","19":"purchasable","20":"product-type-simple"},"yoast_head":"<!-- This site is optimized with the Yoast SEO plugin v26.7 - https:\/\/yoast.com\/wordpress\/plugins\/seo\/ -->\n<title>Vitrina calefactada de mostrador Tita FWD2S6P de 18 7\/8&quot; con servicio completo - (2) estantes | LuxeChef Food Service USA<\/title>\n<meta name=\"robots\" content=\"index, follow, max-snippet:-1, max-image-preview:large, max-video-preview:-1\" \/>\n<link rel=\"canonical\" href=\"https:\/\/lfsusa.store\/es\/producto\/vitrina-calefactada-de-mostrador-de-servicio-completo-tita-fwd2s6p-18-7-8-2-estantes\/\" \/>\n<meta property=\"og:locale\" content=\"es_ES\" \/>\n<meta property=\"og:type\" content=\"article\" \/>\n<meta property=\"og:title\" content=\"Vitrina calefactada de mostrador Tita FWD2S6P de 18 7\/8&quot; con servicio completo - (2) estantes | LuxeChef Food Service USA\" \/>\n<meta property=\"og:description\" content=\"ESPECIFICACIONES R\u00c1PIDAS DEL PRODUCTO  Marca: TITA  Voltaje: 127 V  Clasificaci\u00f3n de potencia: 712 W  Dimensiones (An. x Pr. x Al.):18 7\/8&quot; x 18&quot; x 21 7\/8&quot;  Peso (neto x env\u00edo):49 lb x 53 lb  Dimensiones de la bandeja (An. x Pr. x Al.): 5&quot; x 12 3\/8&quot; x 3\/4&quot;  # de estantes\/bandejas : 2 \/ 6  Temperatura m\u00e1xima:248 F  Temperatura interior m\u00e1xima*: 180F\" \/>\n<meta property=\"og:url\" content=\"https:\/\/lfsusa.store\/es\/producto\/vitrina-calefactada-de-mostrador-de-servicio-completo-tita-fwd2s6p-18-7-8-2-estantes\/\" \/>\n<meta property=\"og:site_name\" content=\"LuxeChef Food Service USA\" \/>\n<meta property=\"article:modified_time\" content=\"2025-08-20T19:25:50+00:00\" \/>\n<meta property=\"og:image\" content=\"https:\/\/lfsusa.store\/wp-content\/uploads\/2024\/02\/Skyfood-Full-Service-Countertop-Heated-Display-Case-Skyfood-FWD2S6P.jpg\" \/>\n\t<meta property=\"og:image:width\" content=\"900\" \/>\n\t<meta property=\"og:image:height\" content=\"900\" \/>\n\t<meta property=\"og:image:type\" content=\"image\/jpeg\" \/>\n<meta name=\"twitter:card\" content=\"summary_large_image\" \/>\n<meta name=\"twitter:label1\" content=\"Tiempo de lectura\" \/>\n\t<meta name=\"twitter:data1\" content=\"2 minutos\" \/>\n<script type=\"application\/ld+json\" class=\"yoast-schema-graph\">{\"@context\":\"https:\/\/schema.org\",\"@graph\":[{\"@type\":\"WebPage\",\"@id\":\"https:\/\/lfsusa.store\/es\/producto\/vitrina-calefactada-de-mostrador-de-servicio-completo-tita-fwd2s6p-18-7-8-2-estantes\/\",\"url\":\"https:\/\/lfsusa.store\/es\/producto\/vitrina-calefactada-de-mostrador-de-servicio-completo-tita-fwd2s6p-18-7-8-2-estantes\/\",\"name\":\"Vitrina calefactada de mostrador Tita FWD2S6P de 18 7\/8\\\" con servicio completo - (2) estantes | LuxeChef Food Service USA\",\"isPartOf\":{\"@id\":\"https:\/\/lfsusa.store\/es\/#website\"},\"primaryImageOfPage\":{\"@id\":\"https:\/\/lfsusa.store\/es\/producto\/vitrina-calefactada-de-mostrador-de-servicio-completo-tita-fwd2s6p-18-7-8-2-estantes\/#primaryimage\"},\"image\":{\"@id\":\"https:\/\/lfsusa.store\/es\/producto\/vitrina-calefactada-de-mostrador-de-servicio-completo-tita-fwd2s6p-18-7-8-2-estantes\/#primaryimage\"},\"thumbnailUrl\":\"https:\/\/lfsusa.store\/wp-content\/uploads\/2024\/02\/Skyfood-Full-Service-Countertop-Heated-Display-Case-Skyfood-FWD2S6P.jpg\",\"datePublished\":\"2025-08-20T18:28:31+00:00\",\"dateModified\":\"2025-08-20T19:25:50+00:00\",\"breadcrumb\":{\"@id\":\"https:\/\/lfsusa.store\/es\/producto\/vitrina-calefactada-de-mostrador-de-servicio-completo-tita-fwd2s6p-18-7-8-2-estantes\/#breadcrumb\"},\"inLanguage\":\"es\",\"potentialAction\":[{\"@type\":\"ReadAction\",\"target\":[\"https:\/\/lfsusa.store\/es\/producto\/vitrina-calefactada-de-mostrador-de-servicio-completo-tita-fwd2s6p-18-7-8-2-estantes\/\"]}]},{\"@type\":\"ImageObject\",\"inLanguage\":\"es\",\"@id\":\"https:\/\/lfsusa.store\/es\/producto\/vitrina-calefactada-de-mostrador-de-servicio-completo-tita-fwd2s6p-18-7-8-2-estantes\/#primaryimage\",\"url\":\"https:\/\/lfsusa.store\/wp-content\/uploads\/2024\/02\/Skyfood-Full-Service-Countertop-Heated-Display-Case-Skyfood-FWD2S6P.jpg\",\"contentUrl\":\"https:\/\/lfsusa.store\/wp-content\/uploads\/2024\/02\/Skyfood-Full-Service-Countertop-Heated-Display-Case-Skyfood-FWD2S6P.jpg\",\"width\":900,\"height\":900},{\"@type\":\"BreadcrumbList\",\"@id\":\"https:\/\/lfsusa.store\/es\/producto\/vitrina-calefactada-de-mostrador-de-servicio-completo-tita-fwd2s6p-18-7-8-2-estantes\/#breadcrumb\",\"itemListElement\":[{\"@type\":\"ListItem\",\"position\":1,\"name\":\"Home\",\"item\":\"https:\/\/lfsusa.store\/es\/inicio-luxechef-food-service-usa\/\"},{\"@type\":\"ListItem\",\"position\":2,\"name\":\"Tienda\",\"item\":\"https:\/\/lfsusa.store\/es\/tienda\/\"},{\"@type\":\"ListItem\",\"position\":3,\"name\":\"Vitrina calefactada de mostrador Tita FWD2S6P de 18 7\/8&#8243; con servicio completo &#8211; (2) estantes\"}]},{\"@type\":\"WebSite\",\"@id\":\"https:\/\/lfsusa.store\/es\/#website\",\"url\":\"https:\/\/lfsusa.store\/es\/\",\"name\":\"LuxeChef Food Service USA\",\"description\":\"Shop restaurant supplies &amp; equipment products in our online restaurant supply store. Extremely fast shipping &amp; wholesale pricing from the #1 restaurant supply company!\",\"publisher\":{\"@id\":\"https:\/\/lfsusa.store\/es\/#organization\"},\"alternateName\":\"LuxeChef Food Service USA\",\"potentialAction\":[{\"@type\":\"SearchAction\",\"target\":{\"@type\":\"EntryPoint\",\"urlTemplate\":\"https:\/\/lfsusa.store\/es\/?s={search_term_string}\"},\"query-input\":{\"@type\":\"PropertyValueSpecification\",\"valueRequired\":true,\"valueName\":\"search_term_string\"}}],\"inLanguage\":\"es\"},{\"@type\":\"Organization\",\"@id\":\"https:\/\/lfsusa.store\/es\/#organization\",\"name\":\"LuxeChef Food Service USA\",\"alternateName\":\"LuxeChef Food Service\",\"url\":\"https:\/\/lfsusa.store\/es\/\",\"logo\":{\"@type\":\"ImageObject\",\"inLanguage\":\"es\",\"@id\":\"https:\/\/lfsusa.store\/es\/#\/schema\/logo\/image\/\",\"url\":\"https:\/\/lfsusa.store\/wp-content\/uploads\/2025\/07\/luxe-chef-usa-696-696.jpg\",\"contentUrl\":\"https:\/\/lfsusa.store\/wp-content\/uploads\/2025\/07\/luxe-chef-usa-696-696.jpg\",\"width\":696,\"height\":696,\"caption\":\"LuxeChef Food Service USA\"},\"image\":{\"@id\":\"https:\/\/lfsusa.store\/es\/#\/schema\/logo\/image\/\"}}]}<\/script>\n<!-- \/ Yoast SEO plugin. -->","yoast_head_json":{"title":"Vitrina calefactada de mostrador Tita FWD2S6P de 18 7\/8\" con servicio completo - (2) estantes | LuxeChef Food Service USA","robots":{"index":"index","follow":"follow","max-snippet":"max-snippet:-1","max-image-preview":"max-image-preview:large","max-video-preview":"max-video-preview:-1"},"canonical":"https:\/\/lfsusa.store\/es\/producto\/vitrina-calefactada-de-mostrador-de-servicio-completo-tita-fwd2s6p-18-7-8-2-estantes\/","og_locale":"es_ES","og_type":"article","og_title":"Vitrina calefactada de mostrador Tita FWD2S6P de 18 7\/8\" con servicio completo - (2) estantes | LuxeChef Food Service USA","og_description":"ESPECIFICACIONES R\u00c1PIDAS DEL PRODUCTO  Marca: TITA  Voltaje: 127 V  Clasificaci\u00f3n de potencia: 712 W  Dimensiones (An. x Pr. x Al.):18 7\/8\" x 18\" x 21 7\/8\"  Peso (neto x env\u00edo):49 lb x 53 lb  Dimensiones de la bandeja (An. x Pr. x Al.): 5\" x 12 3\/8\" x 3\/4\"  # de estantes\/bandejas : 2 \/ 6  Temperatura m\u00e1xima:248 F  Temperatura interior m\u00e1xima*: 180F","og_url":"https:\/\/lfsusa.store\/es\/producto\/vitrina-calefactada-de-mostrador-de-servicio-completo-tita-fwd2s6p-18-7-8-2-estantes\/","og_site_name":"LuxeChef Food Service USA","article_modified_time":"2025-08-20T19:25:50+00:00","og_image":[{"width":900,"height":900,"url":"https:\/\/lfsusa.store\/wp-content\/uploads\/2024\/02\/Skyfood-Full-Service-Countertop-Heated-Display-Case-Skyfood-FWD2S6P.jpg","type":"image\/jpeg"}],"twitter_card":"summary_large_image","twitter_misc":{"Tiempo de lectura":"2 minutos"},"schema":{"@context":"https:\/\/schema.org","@graph":[{"@type":"WebPage","@id":"https:\/\/lfsusa.store\/es\/producto\/vitrina-calefactada-de-mostrador-de-servicio-completo-tita-fwd2s6p-18-7-8-2-estantes\/","url":"https:\/\/lfsusa.store\/es\/producto\/vitrina-calefactada-de-mostrador-de-servicio-completo-tita-fwd2s6p-18-7-8-2-estantes\/","name":"Vitrina calefactada de mostrador Tita FWD2S6P de 18 7\/8\" con servicio completo - (2) estantes | LuxeChef Food Service USA","isPartOf":{"@id":"https:\/\/lfsusa.store\/es\/#website"},"primaryImageOfPage":{"@id":"https:\/\/lfsusa.store\/es\/producto\/vitrina-calefactada-de-mostrador-de-servicio-completo-tita-fwd2s6p-18-7-8-2-estantes\/#primaryimage"},"image":{"@id":"https:\/\/lfsusa.store\/es\/producto\/vitrina-calefactada-de-mostrador-de-servicio-completo-tita-fwd2s6p-18-7-8-2-estantes\/#primaryimage"},"thumbnailUrl":"https:\/\/lfsusa.store\/wp-content\/uploads\/2024\/02\/Skyfood-Full-Service-Countertop-Heated-Display-Case-Skyfood-FWD2S6P.jpg","datePublished":"2025-08-20T18:28:31+00:00","dateModified":"2025-08-20T19:25:50+00:00","breadcrumb":{"@id":"https:\/\/lfsusa.store\/es\/producto\/vitrina-calefactada-de-mostrador-de-servicio-completo-tita-fwd2s6p-18-7-8-2-estantes\/#breadcrumb"},"inLanguage":"es","potentialAction":[{"@type":"ReadAction","target":["https:\/\/lfsusa.store\/es\/producto\/vitrina-calefactada-de-mostrador-de-servicio-completo-tita-fwd2s6p-18-7-8-2-estantes\/"]}]},{"@type":"ImageObject","inLanguage":"es","@id":"https:\/\/lfsusa.store\/es\/producto\/vitrina-calefactada-de-mostrador-de-servicio-completo-tita-fwd2s6p-18-7-8-2-estantes\/#primaryimage","url":"https:\/\/lfsusa.store\/wp-content\/uploads\/2024\/02\/Skyfood-Full-Service-Countertop-Heated-Display-Case-Skyfood-FWD2S6P.jpg","contentUrl":"https:\/\/lfsusa.store\/wp-content\/uploads\/2024\/02\/Skyfood-Full-Service-Countertop-Heated-Display-Case-Skyfood-FWD2S6P.jpg","width":900,"height":900},{"@type":"BreadcrumbList","@id":"https:\/\/lfsusa.store\/es\/producto\/vitrina-calefactada-de-mostrador-de-servicio-completo-tita-fwd2s6p-18-7-8-2-estantes\/#breadcrumb","itemListElement":[{"@type":"ListItem","position":1,"name":"Home","item":"https:\/\/lfsusa.store\/es\/inicio-luxechef-food-service-usa\/"},{"@type":"ListItem","position":2,"name":"Tienda","item":"https:\/\/lfsusa.store\/es\/tienda\/"},{"@type":"ListItem","position":3,"name":"Vitrina calefactada de mostrador Tita FWD2S6P de 18 7\/8&#8243; con servicio completo &#8211; (2) estantes"}]},{"@type":"WebSite","@id":"https:\/\/lfsusa.store\/es\/#website","url":"https:\/\/lfsusa.store\/es\/","name":"LuxeChef Food Service USA","description":"Shop restaurant supplies &amp; equipment products in our online restaurant supply store. Extremely fast shipping &amp; wholesale pricing from the #1 restaurant supply company!","publisher":{"@id":"https:\/\/lfsusa.store\/es\/#organization"},"alternateName":"LuxeChef Food Service USA","potentialAction":[{"@type":"SearchAction","target":{"@type":"EntryPoint","urlTemplate":"https:\/\/lfsusa.store\/es\/?s={search_term_string}"},"query-input":{"@type":"PropertyValueSpecification","valueRequired":true,"valueName":"search_term_string"}}],"inLanguage":"es"},{"@type":"Organization","@id":"https:\/\/lfsusa.store\/es\/#organization","name":"LuxeChef Food Service USA","alternateName":"LuxeChef Food Service","url":"https:\/\/lfsusa.store\/es\/","logo":{"@type":"ImageObject","inLanguage":"es","@id":"https:\/\/lfsusa.store\/es\/#\/schema\/logo\/image\/","url":"https:\/\/lfsusa.store\/wp-content\/uploads\/2025\/07\/luxe-chef-usa-696-696.jpg","contentUrl":"https:\/\/lfsusa.store\/wp-content\/uploads\/2025\/07\/luxe-chef-usa-696-696.jpg","width":696,"height":696,"caption":"LuxeChef Food Service USA"},"image":{"@id":"https:\/\/lfsusa.store\/es\/#\/schema\/logo\/image\/"}}]}},"_links":{"self":[{"href":"https:\/\/lfsusa.store\/es\/wp-json\/wp\/v2\/product\/26504","targetHints":{"allow":["GET"]}}],"collection":[{"href":"https:\/\/lfsusa.store\/es\/wp-json\/wp\/v2\/product"}],"about":[{"href":"https:\/\/lfsusa.store\/es\/wp-json\/wp\/v2\/types\/product"}],"version-history":[{"count":1,"href":"https:\/\/lfsusa.store\/es\/wp-json\/wp\/v2\/product\/26504\/revisions"}],"predecessor-version":[{"id":26521,"href":"https:\/\/lfsusa.store\/es\/wp-json\/wp\/v2\/product\/26504\/revisions\/26521"}],"wp:featuredmedia":[{"embeddable":true,"href":"https:\/\/lfsusa.store\/es\/wp-json\/wp\/v2\/media\/22209"}],"wp:attachment":[{"href":"https:\/\/lfsusa.store\/es\/wp-json\/wp\/v2\/media?parent=26504"}],"wp:term":[{"taxonomy":"product_brand","embeddable":true,"href":"https:\/\/lfsusa.store\/es\/wp-json\/wp\/v2\/product_brand?post=26504"},{"taxonomy":"product_cat","embeddable":true,"href":"https:\/\/lfsusa.store\/es\/wp-json\/wp\/v2\/product_cat?post=26504"},{"taxonomy":"product_tag","embeddable":true,"href":"https:\/\/lfsusa.store\/es\/wp-json\/wp\/v2\/product_tag?post=26504"}],"curies":[{"name":"wp","href":"https:\/\/api.w.org\/{rel}","templated":true}]}}