{"id":26514,"date":"2025-08-20T14:01:26","date_gmt":"2025-08-20T19:01:26","guid":{"rendered":"https:\/\/lfsusa.store\/product\/vitrina-calentadora-dealimentos-tita-fwds2-33-6p-33-con-doble-estante-y-6-bandejas\/"},"modified":"2025-08-20T14:23:24","modified_gmt":"2025-08-20T19:23:24","slug":"vitrina-calentadora-dealimentos-tita-fwds2-33-6p-33-con-doble-estante-y-6-bandejas","status":"publish","type":"product","link":"https:\/\/lfsusa.store\/es\/producto\/vitrina-calentadora-dealimentos-tita-fwds2-33-6p-33-con-doble-estante-y-6-bandejas\/","title":{"rendered":"Vitrina calentadora de alimentos Tita FWDS2-33-6P de 33 pulgadas con estante doble y 6 bandejas"},"content":{"rendered":"<p>Un elemento calefactor de acero inoxidable calienta ambos estantes de la vitrina de mostrador Tita FWDS2-33-6P, ideal para conservar alimentos precocinados a temperaturas seguras durante horas. Seg\u00fan las necesidades de calentamiento, la temperatura se puede ajustar hasta 120 \u00b0C. Ambos estantes incluyen tres bandejas de acero inoxidable de <sup>2<\/sup><sub>5<\/sub> cm de ancho x 30 cm de profundidad x 1,9 cm de alto para organizar los productos y mejorar su presentaci\u00f3n. Los empleados pueden cargar productos frescos abriendo las puertas traseras corredizas, creando un sistema de servicio completo y optimizado que evita que los clientes tengan que recoger sus compras.  <\/p>\n<p>Dise\u00f1ada para exhibir productos eficazmente, la vitrina calentadora de alimentos Tita FWDS2-33-6P est\u00e1 revestida de vidrio templado en cada lado. Su panel frontal recto y su interior iluminado aportan un toque elegante a las \u00e1reas de punto de venta. Su base de acero inoxidable y su marco de aluminio anodizado son resistentes a la corrosi\u00f3n y f\u00e1ciles de limpiar. Sus exteriores plateados combinan con los estilos habituales en gasolineras, supermercados, charcuter\u00edas y cafeter\u00edas. En total, esta unidad de mostrador mide 84 cm de ancho por <sup>4<\/sup><sub>4 <\/sub>cm de profundidad y<sup> 5<\/sup><sub>0<\/sub> cm de alto.  <\/p>\n<p><strong>Detalles del producto<\/strong><\/p>\n<ul>\n<li>Modelo de mostrador de servicio completo<\/li>\n<li>2 estantes<\/li>\n<li>3 bandejas de acero inoxidable por estante (6 en total)<\/li>\n<li>Base frontal de aluminio anodizado<\/li>\n<li>Base de acero inoxidable<\/li>\n<li>Elemento calefactor tubular de acero inoxidable 304<\/li>\n<li>Controles termost\u00e1ticos ajustables a 248 grados F<\/li>\n<li>iluminaci\u00f3n interior LED<\/li>\n<li>Frente de vidrio templado recto<\/li>\n<li>Vidrio lateral serigrafiado y tratado t\u00e9rmicamente<\/li>\n<li>2 puertas corredizas traseras de vidrio templado<\/li>\n<li>El cableado el\u00e9ctrico recubierto de silicona soporta temperaturas de hasta 572 grados F.<\/li>\n<\/ul>\n<p><strong>Dimensiones y utilidades<\/strong><\/p>\n<ul>\n<li>Bandejas: (6) 10 in. W x 12 in. D x <sup>3<\/sup>\u2044<sub>4<\/sub> in. H   <\/li>\n<li>En general: 33 in. W x 17<sup>3<\/sup>\u2044<sub>4<\/sub> in. D x 19<sup>3<\/sup>\u2044<sub>4<\/sub> in. H   <\/li>\n<li>509 W<\/li>\n<li>120 V\/60 Hz\/1 ph, NEMA 5-15P conector<\/li>\n<\/ul>\n<p><strong>Del fabricante<\/strong><\/p>\n<p>Vitrina calentadora de alimentos, de mostrador, 33&#8243; de ancho, (2) estantes, (3) bandejas de acero inoxidable por estante, vidrio frontal recto templado, laterales de vidrio templado y puertas traseras corredizas, iluminaci\u00f3n LED, control por termostato, elemento calefactor tubular de acero inoxidable 304, base de acero inoxidable, 120 V\/60\/1 fase, 509 vatios, cULus, UL-Sanitation<\/p>\n<p>*Es posible que la imagen no represente el color, las inclusiones o los accesorios del producto.<\/p>\n","protected":false},"excerpt":{"rendered":"<ul>\n<li><strong><span style=\"color: #0c7f84;\">ESPECIFICACIONES R\u00c1PIDAS DEL PRODUCTO<\/span><\/strong><\/li>\n<li><strong><span style=\"color: #0c7f84;\">Marca:<\/span> TITA<\/strong><\/li>\n<li><strong><span style=\"color: #0c7f84;\">Voltaje:<\/span> 127 V<\/strong><\/li>\n<li><strong><span style=\"color: #0c7f84;\">Clasificaci\u00f3n de potencia: <\/span>509 W<\/strong><\/li>\n<li><strong><span style=\"color: #0c7f84;\">Dimensiones (An x Pr x Al): <\/span>33\u201d x 17 3\/4\u201d x 19 3\/4\u201d<\/strong><\/li>\n<li><strong><span style=\"color: #0c7f84;\">Peso (neto x env\u00edo): <\/span>49 lb x 53 lb<\/strong><\/li>\n<li><strong><span style=\"color: #0c7f84;\">Dimensiones de la bandeja (An. x Pr. x Al.): <\/span>10&#8243; x 12&#8243; x 3\/4&#8243;<\/strong><\/li>\n<li><strong> <span style=\"color: #0c7f84;\">N\u00famero de estantes\/bandejas: : <\/span>2 \/6<\/strong><\/li>\n<li><strong><span style=\"color: #0c7f84;\">Temperatura m\u00e1xima<\/span>:248 F<\/strong><\/li>\n<li><strong><span style=\"color: #0c7f84;\">Temperatura interior m\u00e1xima*:  <\/span>180F<\/strong><\/li>\n<\/ul>\n","protected":false},"featured_media":22207,"template":"","meta":[],"product_brand":[3707],"product_cat":[3419],"product_tag":[1840,1923,3225,3228,3227,3226],"class_list":{"0":"post-26514","1":"product","2":"type-product","3":"status-publish","4":"has-post-thumbnail","6":"product_brand-tita","7":"product_cat-exhibidores-de-comida-caliente","8":"product_tag-equipamiento-para-restaurantes-y-hoteles-en-panama","9":"product_tag-equipos-de-cocina-comerciales-y-de-restaurantes-de-ee-uu-en-arabia-saudita","10":"product_tag-equipos-para-restaurantes-y-hoteles-en-ee-uu","11":"product_tag-equipos-para-restaurantes-y-hoteles-en-el-salvador","12":"product_tag-equipos-para-restaurantes-y-hoteles-en-puerto-rico","13":"product_tag-equipos-para-restaurantes-y-hoteles-en-republica-dominicana","15":"first","16":"instock","17":"taxable","18":"shipping-taxable","19":"purchasable","20":"product-type-simple"},"yoast_head":"<!-- This site is optimized with the Yoast SEO plugin v26.7 - https:\/\/yoast.com\/wordpress\/plugins\/seo\/ -->\n<title>Vitrina calentadora de alimentos Tita FWDS2-33-6P de 33 pulgadas con estante doble y 6 bandejas | LuxeChef Food Service USA<\/title>\n<meta name=\"robots\" content=\"index, follow, max-snippet:-1, max-image-preview:large, max-video-preview:-1\" \/>\n<link rel=\"canonical\" href=\"https:\/\/lfsusa.store\/es\/producto\/vitrina-calentadora-dealimentos-tita-fwds2-33-6p-33-con-doble-estante-y-6-bandejas\/\" \/>\n<meta property=\"og:locale\" content=\"es_ES\" \/>\n<meta property=\"og:type\" content=\"article\" \/>\n<meta property=\"og:title\" content=\"Vitrina calentadora de alimentos Tita FWDS2-33-6P de 33 pulgadas con estante doble y 6 bandejas | LuxeChef Food Service USA\" \/>\n<meta property=\"og:description\" content=\"ESPECIFICACIONES R\u00c1PIDAS DEL PRODUCTO  Marca: TITA  Voltaje: 127 V  Clasificaci\u00f3n de potencia: 509 W  Dimensiones (An x Pr x Al): 33\u201d x 17 3\/4\u201d x 19 3\/4\u201d  Peso (neto x env\u00edo): 49 lb x 53 lb  Dimensiones de la bandeja (An. x Pr. x Al.): 10&quot; x 12&quot; x 3\/4&quot;  N\u00famero de estantes\/bandejas: : 2 \/6  Temperatura m\u00e1xima:248 F  Temperatura interior m\u00e1xima*: 180F\" \/>\n<meta property=\"og:url\" content=\"https:\/\/lfsusa.store\/es\/producto\/vitrina-calentadora-dealimentos-tita-fwds2-33-6p-33-con-doble-estante-y-6-bandejas\/\" \/>\n<meta property=\"og:site_name\" content=\"LuxeChef Food Service USA\" \/>\n<meta property=\"article:modified_time\" content=\"2025-08-20T19:23:24+00:00\" \/>\n<meta property=\"og:image\" content=\"https:\/\/lfsusa.store\/wp-content\/uploads\/2024\/02\/Skyfood-Full-Service-Countertop-Heated-Display-Case-FWDS2-33-6P.jpg\" \/>\n\t<meta property=\"og:image:width\" content=\"900\" \/>\n\t<meta property=\"og:image:height\" content=\"900\" \/>\n\t<meta property=\"og:image:type\" content=\"image\/jpeg\" \/>\n<meta name=\"twitter:card\" content=\"summary_large_image\" \/>\n<meta name=\"twitter:label1\" content=\"Tiempo de lectura\" \/>\n\t<meta name=\"twitter:data1\" content=\"2 minutos\" \/>\n<script type=\"application\/ld+json\" class=\"yoast-schema-graph\">{\"@context\":\"https:\/\/schema.org\",\"@graph\":[{\"@type\":\"WebPage\",\"@id\":\"https:\/\/lfsusa.store\/es\/producto\/vitrina-calentadora-dealimentos-tita-fwds2-33-6p-33-con-doble-estante-y-6-bandejas\/\",\"url\":\"https:\/\/lfsusa.store\/es\/producto\/vitrina-calentadora-dealimentos-tita-fwds2-33-6p-33-con-doble-estante-y-6-bandejas\/\",\"name\":\"Vitrina calentadora de alimentos Tita FWDS2-33-6P de 33 pulgadas con estante doble y 6 bandejas | LuxeChef Food Service USA\",\"isPartOf\":{\"@id\":\"https:\/\/lfsusa.store\/es\/#website\"},\"primaryImageOfPage\":{\"@id\":\"https:\/\/lfsusa.store\/es\/producto\/vitrina-calentadora-dealimentos-tita-fwds2-33-6p-33-con-doble-estante-y-6-bandejas\/#primaryimage\"},\"image\":{\"@id\":\"https:\/\/lfsusa.store\/es\/producto\/vitrina-calentadora-dealimentos-tita-fwds2-33-6p-33-con-doble-estante-y-6-bandejas\/#primaryimage\"},\"thumbnailUrl\":\"https:\/\/lfsusa.store\/wp-content\/uploads\/2024\/02\/Skyfood-Full-Service-Countertop-Heated-Display-Case-FWDS2-33-6P.jpg\",\"datePublished\":\"2025-08-20T19:01:26+00:00\",\"dateModified\":\"2025-08-20T19:23:24+00:00\",\"breadcrumb\":{\"@id\":\"https:\/\/lfsusa.store\/es\/producto\/vitrina-calentadora-dealimentos-tita-fwds2-33-6p-33-con-doble-estante-y-6-bandejas\/#breadcrumb\"},\"inLanguage\":\"es\",\"potentialAction\":[{\"@type\":\"ReadAction\",\"target\":[\"https:\/\/lfsusa.store\/es\/producto\/vitrina-calentadora-dealimentos-tita-fwds2-33-6p-33-con-doble-estante-y-6-bandejas\/\"]}]},{\"@type\":\"ImageObject\",\"inLanguage\":\"es\",\"@id\":\"https:\/\/lfsusa.store\/es\/producto\/vitrina-calentadora-dealimentos-tita-fwds2-33-6p-33-con-doble-estante-y-6-bandejas\/#primaryimage\",\"url\":\"https:\/\/lfsusa.store\/wp-content\/uploads\/2024\/02\/Skyfood-Full-Service-Countertop-Heated-Display-Case-FWDS2-33-6P.jpg\",\"contentUrl\":\"https:\/\/lfsusa.store\/wp-content\/uploads\/2024\/02\/Skyfood-Full-Service-Countertop-Heated-Display-Case-FWDS2-33-6P.jpg\",\"width\":900,\"height\":900},{\"@type\":\"BreadcrumbList\",\"@id\":\"https:\/\/lfsusa.store\/es\/producto\/vitrina-calentadora-dealimentos-tita-fwds2-33-6p-33-con-doble-estante-y-6-bandejas\/#breadcrumb\",\"itemListElement\":[{\"@type\":\"ListItem\",\"position\":1,\"name\":\"Home\",\"item\":\"https:\/\/lfsusa.store\/es\/inicio-luxechef-food-service-usa\/\"},{\"@type\":\"ListItem\",\"position\":2,\"name\":\"Tienda\",\"item\":\"https:\/\/lfsusa.store\/es\/tienda\/\"},{\"@type\":\"ListItem\",\"position\":3,\"name\":\"Vitrina calentadora de alimentos Tita FWDS2-33-6P de 33 pulgadas con estante doble y 6 bandejas\"}]},{\"@type\":\"WebSite\",\"@id\":\"https:\/\/lfsusa.store\/es\/#website\",\"url\":\"https:\/\/lfsusa.store\/es\/\",\"name\":\"LuxeChef Food Service USA\",\"description\":\"Shop restaurant supplies &amp; equipment products in our online restaurant supply store. Extremely fast shipping &amp; wholesale pricing from the #1 restaurant supply company!\",\"publisher\":{\"@id\":\"https:\/\/lfsusa.store\/es\/#organization\"},\"alternateName\":\"LuxeChef Food Service USA\",\"potentialAction\":[{\"@type\":\"SearchAction\",\"target\":{\"@type\":\"EntryPoint\",\"urlTemplate\":\"https:\/\/lfsusa.store\/es\/?s={search_term_string}\"},\"query-input\":{\"@type\":\"PropertyValueSpecification\",\"valueRequired\":true,\"valueName\":\"search_term_string\"}}],\"inLanguage\":\"es\"},{\"@type\":\"Organization\",\"@id\":\"https:\/\/lfsusa.store\/es\/#organization\",\"name\":\"LuxeChef Food Service USA\",\"alternateName\":\"LuxeChef Food Service\",\"url\":\"https:\/\/lfsusa.store\/es\/\",\"logo\":{\"@type\":\"ImageObject\",\"inLanguage\":\"es\",\"@id\":\"https:\/\/lfsusa.store\/es\/#\/schema\/logo\/image\/\",\"url\":\"https:\/\/lfsusa.store\/wp-content\/uploads\/2025\/07\/luxe-chef-usa-696-696.jpg\",\"contentUrl\":\"https:\/\/lfsusa.store\/wp-content\/uploads\/2025\/07\/luxe-chef-usa-696-696.jpg\",\"width\":696,\"height\":696,\"caption\":\"LuxeChef Food Service USA\"},\"image\":{\"@id\":\"https:\/\/lfsusa.store\/es\/#\/schema\/logo\/image\/\"}}]}<\/script>\n<!-- \/ Yoast SEO plugin. -->","yoast_head_json":{"title":"Vitrina calentadora de alimentos Tita FWDS2-33-6P de 33 pulgadas con estante doble y 6 bandejas | LuxeChef Food Service USA","robots":{"index":"index","follow":"follow","max-snippet":"max-snippet:-1","max-image-preview":"max-image-preview:large","max-video-preview":"max-video-preview:-1"},"canonical":"https:\/\/lfsusa.store\/es\/producto\/vitrina-calentadora-dealimentos-tita-fwds2-33-6p-33-con-doble-estante-y-6-bandejas\/","og_locale":"es_ES","og_type":"article","og_title":"Vitrina calentadora de alimentos Tita FWDS2-33-6P de 33 pulgadas con estante doble y 6 bandejas | LuxeChef Food Service USA","og_description":"ESPECIFICACIONES R\u00c1PIDAS DEL PRODUCTO  Marca: TITA  Voltaje: 127 V  Clasificaci\u00f3n de potencia: 509 W  Dimensiones (An x Pr x Al): 33\u201d x 17 3\/4\u201d x 19 3\/4\u201d  Peso (neto x env\u00edo): 49 lb x 53 lb  Dimensiones de la bandeja (An. x Pr. x Al.): 10\" x 12\" x 3\/4\"  N\u00famero de estantes\/bandejas: : 2 \/6  Temperatura m\u00e1xima:248 F  Temperatura interior m\u00e1xima*: 180F","og_url":"https:\/\/lfsusa.store\/es\/producto\/vitrina-calentadora-dealimentos-tita-fwds2-33-6p-33-con-doble-estante-y-6-bandejas\/","og_site_name":"LuxeChef Food Service USA","article_modified_time":"2025-08-20T19:23:24+00:00","og_image":[{"width":900,"height":900,"url":"https:\/\/lfsusa.store\/wp-content\/uploads\/2024\/02\/Skyfood-Full-Service-Countertop-Heated-Display-Case-FWDS2-33-6P.jpg","type":"image\/jpeg"}],"twitter_card":"summary_large_image","twitter_misc":{"Tiempo de lectura":"2 minutos"},"schema":{"@context":"https:\/\/schema.org","@graph":[{"@type":"WebPage","@id":"https:\/\/lfsusa.store\/es\/producto\/vitrina-calentadora-dealimentos-tita-fwds2-33-6p-33-con-doble-estante-y-6-bandejas\/","url":"https:\/\/lfsusa.store\/es\/producto\/vitrina-calentadora-dealimentos-tita-fwds2-33-6p-33-con-doble-estante-y-6-bandejas\/","name":"Vitrina calentadora de alimentos Tita FWDS2-33-6P de 33 pulgadas con estante doble y 6 bandejas | LuxeChef Food Service USA","isPartOf":{"@id":"https:\/\/lfsusa.store\/es\/#website"},"primaryImageOfPage":{"@id":"https:\/\/lfsusa.store\/es\/producto\/vitrina-calentadora-dealimentos-tita-fwds2-33-6p-33-con-doble-estante-y-6-bandejas\/#primaryimage"},"image":{"@id":"https:\/\/lfsusa.store\/es\/producto\/vitrina-calentadora-dealimentos-tita-fwds2-33-6p-33-con-doble-estante-y-6-bandejas\/#primaryimage"},"thumbnailUrl":"https:\/\/lfsusa.store\/wp-content\/uploads\/2024\/02\/Skyfood-Full-Service-Countertop-Heated-Display-Case-FWDS2-33-6P.jpg","datePublished":"2025-08-20T19:01:26+00:00","dateModified":"2025-08-20T19:23:24+00:00","breadcrumb":{"@id":"https:\/\/lfsusa.store\/es\/producto\/vitrina-calentadora-dealimentos-tita-fwds2-33-6p-33-con-doble-estante-y-6-bandejas\/#breadcrumb"},"inLanguage":"es","potentialAction":[{"@type":"ReadAction","target":["https:\/\/lfsusa.store\/es\/producto\/vitrina-calentadora-dealimentos-tita-fwds2-33-6p-33-con-doble-estante-y-6-bandejas\/"]}]},{"@type":"ImageObject","inLanguage":"es","@id":"https:\/\/lfsusa.store\/es\/producto\/vitrina-calentadora-dealimentos-tita-fwds2-33-6p-33-con-doble-estante-y-6-bandejas\/#primaryimage","url":"https:\/\/lfsusa.store\/wp-content\/uploads\/2024\/02\/Skyfood-Full-Service-Countertop-Heated-Display-Case-FWDS2-33-6P.jpg","contentUrl":"https:\/\/lfsusa.store\/wp-content\/uploads\/2024\/02\/Skyfood-Full-Service-Countertop-Heated-Display-Case-FWDS2-33-6P.jpg","width":900,"height":900},{"@type":"BreadcrumbList","@id":"https:\/\/lfsusa.store\/es\/producto\/vitrina-calentadora-dealimentos-tita-fwds2-33-6p-33-con-doble-estante-y-6-bandejas\/#breadcrumb","itemListElement":[{"@type":"ListItem","position":1,"name":"Home","item":"https:\/\/lfsusa.store\/es\/inicio-luxechef-food-service-usa\/"},{"@type":"ListItem","position":2,"name":"Tienda","item":"https:\/\/lfsusa.store\/es\/tienda\/"},{"@type":"ListItem","position":3,"name":"Vitrina calentadora de alimentos Tita FWDS2-33-6P de 33 pulgadas con estante doble y 6 bandejas"}]},{"@type":"WebSite","@id":"https:\/\/lfsusa.store\/es\/#website","url":"https:\/\/lfsusa.store\/es\/","name":"LuxeChef Food Service USA","description":"Shop restaurant supplies &amp; equipment products in our online restaurant supply store. Extremely fast shipping &amp; wholesale pricing from the #1 restaurant supply company!","publisher":{"@id":"https:\/\/lfsusa.store\/es\/#organization"},"alternateName":"LuxeChef Food Service USA","potentialAction":[{"@type":"SearchAction","target":{"@type":"EntryPoint","urlTemplate":"https:\/\/lfsusa.store\/es\/?s={search_term_string}"},"query-input":{"@type":"PropertyValueSpecification","valueRequired":true,"valueName":"search_term_string"}}],"inLanguage":"es"},{"@type":"Organization","@id":"https:\/\/lfsusa.store\/es\/#organization","name":"LuxeChef Food Service USA","alternateName":"LuxeChef Food Service","url":"https:\/\/lfsusa.store\/es\/","logo":{"@type":"ImageObject","inLanguage":"es","@id":"https:\/\/lfsusa.store\/es\/#\/schema\/logo\/image\/","url":"https:\/\/lfsusa.store\/wp-content\/uploads\/2025\/07\/luxe-chef-usa-696-696.jpg","contentUrl":"https:\/\/lfsusa.store\/wp-content\/uploads\/2025\/07\/luxe-chef-usa-696-696.jpg","width":696,"height":696,"caption":"LuxeChef Food Service USA"},"image":{"@id":"https:\/\/lfsusa.store\/es\/#\/schema\/logo\/image\/"}}]}},"_links":{"self":[{"href":"https:\/\/lfsusa.store\/es\/wp-json\/wp\/v2\/product\/26514","targetHints":{"allow":["GET"]}}],"collection":[{"href":"https:\/\/lfsusa.store\/es\/wp-json\/wp\/v2\/product"}],"about":[{"href":"https:\/\/lfsusa.store\/es\/wp-json\/wp\/v2\/types\/product"}],"version-history":[{"count":1,"href":"https:\/\/lfsusa.store\/es\/wp-json\/wp\/v2\/product\/26514\/revisions"}],"predecessor-version":[{"id":26520,"href":"https:\/\/lfsusa.store\/es\/wp-json\/wp\/v2\/product\/26514\/revisions\/26520"}],"wp:featuredmedia":[{"embeddable":true,"href":"https:\/\/lfsusa.store\/es\/wp-json\/wp\/v2\/media\/22207"}],"wp:attachment":[{"href":"https:\/\/lfsusa.store\/es\/wp-json\/wp\/v2\/media?parent=26514"}],"wp:term":[{"taxonomy":"product_brand","embeddable":true,"href":"https:\/\/lfsusa.store\/es\/wp-json\/wp\/v2\/product_brand?post=26514"},{"taxonomy":"product_cat","embeddable":true,"href":"https:\/\/lfsusa.store\/es\/wp-json\/wp\/v2\/product_cat?post=26514"},{"taxonomy":"product_tag","embeddable":true,"href":"https:\/\/lfsusa.store\/es\/wp-json\/wp\/v2\/product_tag?post=26514"}],"curies":[{"name":"wp","href":"https:\/\/api.w.org\/{rel}","templated":true}]}}