{"id":26863,"date":"2025-08-20T21:35:28","date_gmt":"2025-08-21T02:35:28","guid":{"rendered":"https:\/\/lfsusa.store\/product\/vitrina-calentadora-de-alimentos-tita-fwd2-22-4p-22-con-doble-estante-y-4-bandejas\/"},"modified":"2025-08-20T21:35:28","modified_gmt":"2025-08-21T02:35:28","slug":"vitrina-calentadora-de-alimentos-tita-fwd2-22-4p-22-con-doble-estante-y-4-bandejas","status":"publish","type":"product","link":"https:\/\/lfsusa.store\/es\/producto\/vitrina-calentadora-de-alimentos-tita-fwd2-22-4p-22-con-doble-estante-y-4-bandejas\/","title":{"rendered":"Tita FWD2-22-4P | Vitrina calentadora de alimentos de 22\u00bb &#8211; Estante doble con 4 bandejas"},"content":{"rendered":"<p>Vitrina para calentar alimentos de 22 1\/2 pulgadas de ancho x 17 3\/4 pulgadas de profundidad x 19 3\/4 pulgadas de alto<\/p>\n<p><strong>Vitrina calentadora de alimentos<\/strong><\/p>\n<p>M\u00e1xima calidad para los mejores lugares. Estas vitrinas calentadoras de alimentos Tita presentan un elegante dise\u00f1o con vidrio templado curvo, marco de acero inoxidable cepillado, puertas corredizas de vidrio templado e iluminaci\u00f3n. Control termost\u00e1tico para mantener la temperatura constante y mantener los alimentos calientes y frescos. Este calentador de alimentos de 56 cm de largo es una excelente manera de almacenar, calentar y exhibir productos. La vitrina de vidrio templado curvo cuenta con dos estantes con 6 bandejas. Las puertas corredizas de vidrio templado con iluminaci\u00f3n facilitan el acceso para que los clientes puedan acceder a los art\u00edculos. Control termost\u00e1tico para mantener la temperatura constante y mantener los alimentos calientes y frescos.      <\/p>\n<p><strong>Detalles del producto<\/strong><\/p>\n<ul>\n<li>L\u00edneas limpias con vidrio templado de alta calidad en todos lados sin postes en las esquinas para una visibilidad de 360\u00b0<\/li>\n<li>Iluminaci\u00f3n LED interna en la parte superior para mejorar el atractivo del producto.<\/li>\n<li>Sartenes de acero inoxidable para contener diferentes tipos de alimentos calientes.<\/li>\n<li>Puertas traseras corredizas de vidrio templado y base resistente de acero inoxidable.<\/li>\n<li>Los vidrios laterales serigrafiados con tratamiento t\u00e9rmico y la base frontal de aluminio anodizado proporcionan un acabado elegante.<\/li>\n<li>Modelo de mostrador de servicio completo con 2 estantes<\/li>\n<li>2 bandejas de acero inoxidable por estante (4 en total)<\/li>\n<li>Frente de vidrio templado curvo<\/li>\n<li>Paneles laterales de vidrio serigrafiados y tratados t\u00e9rmicamente<\/li>\n<li>2 puertas corredizas traseras de vidrio templado<\/li>\n<li>Base de acero inoxidable y base frontal de aluminio anodizado.<\/li>\n<li>Elemento calefactor tubular de acero inoxidable 304 con control termost\u00e1tico<\/li>\n<li>Temperatura ajustable a 248 grados F<\/li>\n<li>El cableado el\u00e9ctrico recubierto de silicona soporta temperaturas de hasta 572 grados F.<\/li>\n<\/ul>\n<p><strong>Dimensiones y utilidades<\/strong><\/p>\n<ul>\n<li>Bandejas: (4) 10 in. W x 12 in. D x <sup>3<\/sup>\u2044<sub>4<\/sub> in. H   <\/li>\n<li>En general: 22<sup>1<\/sup>\u2044<sub>2<\/sub> in. W x 17<sup>3<\/sup>\u2044<sub>4<\/sub> in. D x 19<sup>3<\/sup>\u2044<sub>4<\/sub> in. H   <\/li>\n<li>506 W<\/li>\n<li>120 V\/60 Hz\/1 ph, NEMA 5-15P conector<\/li>\n<\/ul>\n<p><strong>Del fabricante<\/strong><\/p>\n<p>Vitrina calentadora de alimentos, encimera, 22-1\/2&#8243; de ancho, (2) estantes, (2) bandejas de acero inoxidable en cada estante, vidrio frontal curvo templado, laterales de vidrio templado y puertas traseras corredizas, iluminaci\u00f3n LED, control por termostato, elemento calefactor tubular de acero inoxidable 304, base de acero inoxidable, 120 V\/60\/1-ph, 506 vatios, cULus, UL-Sanitation<\/p>\n","protected":false},"excerpt":{"rendered":"<ul>\n<li><strong><span style=\"color: #0c7f84;\">ESPECIFICACIONES R\u00c1PIDAS DEL PRODUCTO<\/span><\/strong><\/li>\n<li><strong><span style=\"color: #0c7f84;\">Marca:<\/span> TITA<\/strong><\/li>\n<li><strong><span style=\"color: #0c7f84;\">Voltaje:<\/span> 127 V<\/strong><\/li>\n<li><strong><span style=\"color: #0c7f84;\">Clasificaci\u00f3n de potencia:<\/span>506 W<\/strong><\/li>\n<li><strong><span style=\"color: #0c7f84;\">Dimensiones (An. x Pr. x Al.): <\/span>22 1\/2\u201d x 17 3\/4\u201d x 19 3\/4\u201d<\/strong><\/li>\n<li><strong><span style=\"color: #0c7f84;\">Peso (neto x env\u00edo): <\/span>24 lb x 29 lb<\/strong><\/li>\n<li><strong><span style=\"color: #0c7f84;\">Dimensiones de la bandeja (An. x Pr. x Al.): <\/span>10&#8243; x 12&#8243; x 3\/4&#8243;<\/strong><\/li>\n<li><strong> <span style=\"color: #0c7f84;\"># de estantes: <\/span>2<\/strong><\/li>\n<li><strong><span style=\"color: #0c7f84;\"># de bandejas: <\/span>4<\/strong><\/li>\n<li><strong><span style=\"color: #0c7f84;\">Temperatura m\u00e1xima<\/span>:248 F<\/strong><\/li>\n<li><strong><span style=\"color: #0c7f84;\">Temperatura interior m\u00e1xima*:  <\/span>180F<\/strong><\/li>\n<\/ul>\n","protected":false},"featured_media":22200,"template":"","meta":[],"product_brand":[3707],"product_cat":[3419],"product_tag":[1840,1923,3225,3228,3227,3226],"class_list":{"0":"post-26863","1":"product","2":"type-product","3":"status-publish","4":"has-post-thumbnail","6":"product_brand-tita","7":"product_cat-exhibidores-de-comida-caliente","8":"product_tag-equipamiento-para-restaurantes-y-hoteles-en-panama","9":"product_tag-equipos-de-cocina-comerciales-y-de-restaurantes-de-ee-uu-en-arabia-saudita","10":"product_tag-equipos-para-restaurantes-y-hoteles-en-ee-uu","11":"product_tag-equipos-para-restaurantes-y-hoteles-en-el-salvador","12":"product_tag-equipos-para-restaurantes-y-hoteles-en-puerto-rico","13":"product_tag-equipos-para-restaurantes-y-hoteles-en-republica-dominicana","15":"first","16":"instock","17":"taxable","18":"shipping-taxable","19":"purchasable","20":"product-type-simple"},"yoast_head":"<!-- This site is optimized with the Yoast SEO plugin v26.7 - https:\/\/yoast.com\/wordpress\/plugins\/seo\/ -->\n<title>Tita FWD2-22-4P | Vitrina calentadora de alimentos de 22&#039;&#039; - Estante doble con 4 bandejas | LuxeChef Food Service USA<\/title>\n<meta name=\"robots\" content=\"index, follow, max-snippet:-1, max-image-preview:large, max-video-preview:-1\" \/>\n<link rel=\"canonical\" href=\"https:\/\/lfsusa.store\/es\/producto\/vitrina-calentadora-de-alimentos-tita-fwd2-22-4p-22-con-doble-estante-y-4-bandejas\/\" \/>\n<meta property=\"og:locale\" content=\"es_ES\" \/>\n<meta property=\"og:type\" content=\"article\" \/>\n<meta property=\"og:title\" content=\"Tita FWD2-22-4P | Vitrina calentadora de alimentos de 22&#039;&#039; - Estante doble con 4 bandejas | LuxeChef Food Service USA\" \/>\n<meta property=\"og:description\" content=\"ESPECIFICACIONES R\u00c1PIDAS DEL PRODUCTO  Marca: TITA  Voltaje: 127 V  Clasificaci\u00f3n de potencia:506 W  Dimensiones (An. x Pr. x Al.): 22 1\/2\u201d x 17 3\/4\u201d x 19 3\/4\u201d  Peso (neto x env\u00edo): 24 lb x 29 lb  Dimensiones de la bandeja (An. x Pr. x Al.): 10&quot; x 12&quot; x 3\/4&quot;  # de estantes: 2  # de bandejas: 4  Temperatura m\u00e1xima:248 F  Temperatura interior m\u00e1xima*: 180F\" \/>\n<meta property=\"og:url\" content=\"https:\/\/lfsusa.store\/es\/producto\/vitrina-calentadora-de-alimentos-tita-fwd2-22-4p-22-con-doble-estante-y-4-bandejas\/\" \/>\n<meta property=\"og:site_name\" content=\"LuxeChef Food Service USA\" \/>\n<meta property=\"og:image\" content=\"https:\/\/lfsusa.store\/wp-content\/uploads\/2024\/02\/Skyfood-FWD2-22-4P-Food-Warmer-Display-Case.jpg\" \/>\n\t<meta property=\"og:image:width\" content=\"900\" \/>\n\t<meta property=\"og:image:height\" content=\"900\" \/>\n\t<meta property=\"og:image:type\" content=\"image\/jpeg\" \/>\n<meta name=\"twitter:card\" content=\"summary_large_image\" \/>\n<meta name=\"twitter:label1\" content=\"Tiempo de lectura\" \/>\n\t<meta name=\"twitter:data1\" content=\"2 minutos\" \/>\n<script type=\"application\/ld+json\" class=\"yoast-schema-graph\">{\"@context\":\"https:\/\/schema.org\",\"@graph\":[{\"@type\":\"WebPage\",\"@id\":\"https:\/\/lfsusa.store\/es\/producto\/vitrina-calentadora-de-alimentos-tita-fwd2-22-4p-22-con-doble-estante-y-4-bandejas\/\",\"url\":\"https:\/\/lfsusa.store\/es\/producto\/vitrina-calentadora-de-alimentos-tita-fwd2-22-4p-22-con-doble-estante-y-4-bandejas\/\",\"name\":\"Tita FWD2-22-4P | Vitrina calentadora de alimentos de 22'' - Estante doble con 4 bandejas | LuxeChef Food Service USA\",\"isPartOf\":{\"@id\":\"https:\/\/lfsusa.store\/es\/#website\"},\"primaryImageOfPage\":{\"@id\":\"https:\/\/lfsusa.store\/es\/producto\/vitrina-calentadora-de-alimentos-tita-fwd2-22-4p-22-con-doble-estante-y-4-bandejas\/#primaryimage\"},\"image\":{\"@id\":\"https:\/\/lfsusa.store\/es\/producto\/vitrina-calentadora-de-alimentos-tita-fwd2-22-4p-22-con-doble-estante-y-4-bandejas\/#primaryimage\"},\"thumbnailUrl\":\"https:\/\/lfsusa.store\/wp-content\/uploads\/2024\/02\/Skyfood-FWD2-22-4P-Food-Warmer-Display-Case.jpg\",\"datePublished\":\"2025-08-21T02:35:28+00:00\",\"breadcrumb\":{\"@id\":\"https:\/\/lfsusa.store\/es\/producto\/vitrina-calentadora-de-alimentos-tita-fwd2-22-4p-22-con-doble-estante-y-4-bandejas\/#breadcrumb\"},\"inLanguage\":\"es\",\"potentialAction\":[{\"@type\":\"ReadAction\",\"target\":[\"https:\/\/lfsusa.store\/es\/producto\/vitrina-calentadora-de-alimentos-tita-fwd2-22-4p-22-con-doble-estante-y-4-bandejas\/\"]}]},{\"@type\":\"ImageObject\",\"inLanguage\":\"es\",\"@id\":\"https:\/\/lfsusa.store\/es\/producto\/vitrina-calentadora-de-alimentos-tita-fwd2-22-4p-22-con-doble-estante-y-4-bandejas\/#primaryimage\",\"url\":\"https:\/\/lfsusa.store\/wp-content\/uploads\/2024\/02\/Skyfood-FWD2-22-4P-Food-Warmer-Display-Case.jpg\",\"contentUrl\":\"https:\/\/lfsusa.store\/wp-content\/uploads\/2024\/02\/Skyfood-FWD2-22-4P-Food-Warmer-Display-Case.jpg\",\"width\":900,\"height\":900},{\"@type\":\"BreadcrumbList\",\"@id\":\"https:\/\/lfsusa.store\/es\/producto\/vitrina-calentadora-de-alimentos-tita-fwd2-22-4p-22-con-doble-estante-y-4-bandejas\/#breadcrumb\",\"itemListElement\":[{\"@type\":\"ListItem\",\"position\":1,\"name\":\"Home\",\"item\":\"https:\/\/lfsusa.store\/es\/inicio-luxechef-food-service-usa\/\"},{\"@type\":\"ListItem\",\"position\":2,\"name\":\"Tienda\",\"item\":\"https:\/\/lfsusa.store\/es\/tienda\/\"},{\"@type\":\"ListItem\",\"position\":3,\"name\":\"Tita FWD2-22-4P | Vitrina calentadora de alimentos de 22\u00bb &#8211; Estante doble con 4 bandejas\"}]},{\"@type\":\"WebSite\",\"@id\":\"https:\/\/lfsusa.store\/es\/#website\",\"url\":\"https:\/\/lfsusa.store\/es\/\",\"name\":\"LuxeChef Food Service USA\",\"description\":\"Shop restaurant supplies &amp; equipment products in our online restaurant supply store. Extremely fast shipping &amp; wholesale pricing from the #1 restaurant supply company!\",\"publisher\":{\"@id\":\"https:\/\/lfsusa.store\/es\/#organization\"},\"alternateName\":\"LuxeChef Food Service USA\",\"potentialAction\":[{\"@type\":\"SearchAction\",\"target\":{\"@type\":\"EntryPoint\",\"urlTemplate\":\"https:\/\/lfsusa.store\/es\/?s={search_term_string}\"},\"query-input\":{\"@type\":\"PropertyValueSpecification\",\"valueRequired\":true,\"valueName\":\"search_term_string\"}}],\"inLanguage\":\"es\"},{\"@type\":\"Organization\",\"@id\":\"https:\/\/lfsusa.store\/es\/#organization\",\"name\":\"LuxeChef Food Service USA\",\"alternateName\":\"LuxeChef Food Service\",\"url\":\"https:\/\/lfsusa.store\/es\/\",\"logo\":{\"@type\":\"ImageObject\",\"inLanguage\":\"es\",\"@id\":\"https:\/\/lfsusa.store\/es\/#\/schema\/logo\/image\/\",\"url\":\"https:\/\/lfsusa.store\/wp-content\/uploads\/2025\/07\/luxe-chef-usa-696-696.jpg\",\"contentUrl\":\"https:\/\/lfsusa.store\/wp-content\/uploads\/2025\/07\/luxe-chef-usa-696-696.jpg\",\"width\":696,\"height\":696,\"caption\":\"LuxeChef Food Service USA\"},\"image\":{\"@id\":\"https:\/\/lfsusa.store\/es\/#\/schema\/logo\/image\/\"}}]}<\/script>\n<!-- \/ Yoast SEO plugin. -->","yoast_head_json":{"title":"Tita FWD2-22-4P | Vitrina calentadora de alimentos de 22'' - Estante doble con 4 bandejas | LuxeChef Food Service USA","robots":{"index":"index","follow":"follow","max-snippet":"max-snippet:-1","max-image-preview":"max-image-preview:large","max-video-preview":"max-video-preview:-1"},"canonical":"https:\/\/lfsusa.store\/es\/producto\/vitrina-calentadora-de-alimentos-tita-fwd2-22-4p-22-con-doble-estante-y-4-bandejas\/","og_locale":"es_ES","og_type":"article","og_title":"Tita FWD2-22-4P | Vitrina calentadora de alimentos de 22'' - Estante doble con 4 bandejas | LuxeChef Food Service USA","og_description":"ESPECIFICACIONES R\u00c1PIDAS DEL PRODUCTO  Marca: TITA  Voltaje: 127 V  Clasificaci\u00f3n de potencia:506 W  Dimensiones (An. x Pr. x Al.): 22 1\/2\u201d x 17 3\/4\u201d x 19 3\/4\u201d  Peso (neto x env\u00edo): 24 lb x 29 lb  Dimensiones de la bandeja (An. x Pr. x Al.): 10\" x 12\" x 3\/4\"  # de estantes: 2  # de bandejas: 4  Temperatura m\u00e1xima:248 F  Temperatura interior m\u00e1xima*: 180F","og_url":"https:\/\/lfsusa.store\/es\/producto\/vitrina-calentadora-de-alimentos-tita-fwd2-22-4p-22-con-doble-estante-y-4-bandejas\/","og_site_name":"LuxeChef Food Service USA","og_image":[{"width":900,"height":900,"url":"https:\/\/lfsusa.store\/wp-content\/uploads\/2024\/02\/Skyfood-FWD2-22-4P-Food-Warmer-Display-Case.jpg","type":"image\/jpeg"}],"twitter_card":"summary_large_image","twitter_misc":{"Tiempo de lectura":"2 minutos"},"schema":{"@context":"https:\/\/schema.org","@graph":[{"@type":"WebPage","@id":"https:\/\/lfsusa.store\/es\/producto\/vitrina-calentadora-de-alimentos-tita-fwd2-22-4p-22-con-doble-estante-y-4-bandejas\/","url":"https:\/\/lfsusa.store\/es\/producto\/vitrina-calentadora-de-alimentos-tita-fwd2-22-4p-22-con-doble-estante-y-4-bandejas\/","name":"Tita FWD2-22-4P | Vitrina calentadora de alimentos de 22'' - Estante doble con 4 bandejas | LuxeChef Food Service USA","isPartOf":{"@id":"https:\/\/lfsusa.store\/es\/#website"},"primaryImageOfPage":{"@id":"https:\/\/lfsusa.store\/es\/producto\/vitrina-calentadora-de-alimentos-tita-fwd2-22-4p-22-con-doble-estante-y-4-bandejas\/#primaryimage"},"image":{"@id":"https:\/\/lfsusa.store\/es\/producto\/vitrina-calentadora-de-alimentos-tita-fwd2-22-4p-22-con-doble-estante-y-4-bandejas\/#primaryimage"},"thumbnailUrl":"https:\/\/lfsusa.store\/wp-content\/uploads\/2024\/02\/Skyfood-FWD2-22-4P-Food-Warmer-Display-Case.jpg","datePublished":"2025-08-21T02:35:28+00:00","breadcrumb":{"@id":"https:\/\/lfsusa.store\/es\/producto\/vitrina-calentadora-de-alimentos-tita-fwd2-22-4p-22-con-doble-estante-y-4-bandejas\/#breadcrumb"},"inLanguage":"es","potentialAction":[{"@type":"ReadAction","target":["https:\/\/lfsusa.store\/es\/producto\/vitrina-calentadora-de-alimentos-tita-fwd2-22-4p-22-con-doble-estante-y-4-bandejas\/"]}]},{"@type":"ImageObject","inLanguage":"es","@id":"https:\/\/lfsusa.store\/es\/producto\/vitrina-calentadora-de-alimentos-tita-fwd2-22-4p-22-con-doble-estante-y-4-bandejas\/#primaryimage","url":"https:\/\/lfsusa.store\/wp-content\/uploads\/2024\/02\/Skyfood-FWD2-22-4P-Food-Warmer-Display-Case.jpg","contentUrl":"https:\/\/lfsusa.store\/wp-content\/uploads\/2024\/02\/Skyfood-FWD2-22-4P-Food-Warmer-Display-Case.jpg","width":900,"height":900},{"@type":"BreadcrumbList","@id":"https:\/\/lfsusa.store\/es\/producto\/vitrina-calentadora-de-alimentos-tita-fwd2-22-4p-22-con-doble-estante-y-4-bandejas\/#breadcrumb","itemListElement":[{"@type":"ListItem","position":1,"name":"Home","item":"https:\/\/lfsusa.store\/es\/inicio-luxechef-food-service-usa\/"},{"@type":"ListItem","position":2,"name":"Tienda","item":"https:\/\/lfsusa.store\/es\/tienda\/"},{"@type":"ListItem","position":3,"name":"Tita FWD2-22-4P | Vitrina calentadora de alimentos de 22\u00bb &#8211; Estante doble con 4 bandejas"}]},{"@type":"WebSite","@id":"https:\/\/lfsusa.store\/es\/#website","url":"https:\/\/lfsusa.store\/es\/","name":"LuxeChef Food Service USA","description":"Shop restaurant supplies &amp; equipment products in our online restaurant supply store. Extremely fast shipping &amp; wholesale pricing from the #1 restaurant supply company!","publisher":{"@id":"https:\/\/lfsusa.store\/es\/#organization"},"alternateName":"LuxeChef Food Service USA","potentialAction":[{"@type":"SearchAction","target":{"@type":"EntryPoint","urlTemplate":"https:\/\/lfsusa.store\/es\/?s={search_term_string}"},"query-input":{"@type":"PropertyValueSpecification","valueRequired":true,"valueName":"search_term_string"}}],"inLanguage":"es"},{"@type":"Organization","@id":"https:\/\/lfsusa.store\/es\/#organization","name":"LuxeChef Food Service USA","alternateName":"LuxeChef Food Service","url":"https:\/\/lfsusa.store\/es\/","logo":{"@type":"ImageObject","inLanguage":"es","@id":"https:\/\/lfsusa.store\/es\/#\/schema\/logo\/image\/","url":"https:\/\/lfsusa.store\/wp-content\/uploads\/2025\/07\/luxe-chef-usa-696-696.jpg","contentUrl":"https:\/\/lfsusa.store\/wp-content\/uploads\/2025\/07\/luxe-chef-usa-696-696.jpg","width":696,"height":696,"caption":"LuxeChef Food Service USA"},"image":{"@id":"https:\/\/lfsusa.store\/es\/#\/schema\/logo\/image\/"}}]}},"_links":{"self":[{"href":"https:\/\/lfsusa.store\/es\/wp-json\/wp\/v2\/product\/26863","targetHints":{"allow":["GET"]}}],"collection":[{"href":"https:\/\/lfsusa.store\/es\/wp-json\/wp\/v2\/product"}],"about":[{"href":"https:\/\/lfsusa.store\/es\/wp-json\/wp\/v2\/types\/product"}],"version-history":[{"count":0,"href":"https:\/\/lfsusa.store\/es\/wp-json\/wp\/v2\/product\/26863\/revisions"}],"wp:featuredmedia":[{"embeddable":true,"href":"https:\/\/lfsusa.store\/es\/wp-json\/wp\/v2\/media\/22200"}],"wp:attachment":[{"href":"https:\/\/lfsusa.store\/es\/wp-json\/wp\/v2\/media?parent=26863"}],"wp:term":[{"taxonomy":"product_brand","embeddable":true,"href":"https:\/\/lfsusa.store\/es\/wp-json\/wp\/v2\/product_brand?post=26863"},{"taxonomy":"product_cat","embeddable":true,"href":"https:\/\/lfsusa.store\/es\/wp-json\/wp\/v2\/product_cat?post=26863"},{"taxonomy":"product_tag","embeddable":true,"href":"https:\/\/lfsusa.store\/es\/wp-json\/wp\/v2\/product_tag?post=26863"}],"curies":[{"name":"wp","href":"https:\/\/api.w.org\/{rel}","templated":true}]}}