{"id":26895,"date":"2025-08-20T22:07:52","date_gmt":"2025-08-21T03:07:52","guid":{"rendered":"https:\/\/lfsusa.store\/product\/vitrina-calentadora-de-alimentos-tita-fwd2-18o-18-con-doble-estante\/"},"modified":"2025-08-20T22:07:52","modified_gmt":"2025-08-21T03:07:52","slug":"vitrina-calentadora-de-alimentos-tita-fwd2-18o-18-con-doble-estante","status":"publish","type":"product","link":"https:\/\/lfsusa.store\/es\/producto\/vitrina-calentadora-de-alimentos-tita-fwd2-18o-18-con-doble-estante\/","title":{"rendered":"Vitrina calentadora de alimentos Tita FWD2-18O de 18 pulgadas con doble estante"},"content":{"rendered":"<p>Vitrina para calentar alimentos de 18 1\/2 pulgadas de ancho x 14 3\/8 pulgadas de profundidad x 17 1\/2 pulgadas de alto<\/p>\n<p><strong>Vitrina calentadora de alimentos azul<\/strong><\/p>\n<p>Esta vitrina expositora Skymsen con calentador de alimentos es la soluci\u00f3n perfecta para tiendas de conveniencia, cafeter\u00edas y peque\u00f1os restaurantes que desean a\u00f1adir una atractiva presentaci\u00f3n de alimentos a su mostrador. Este calentador de alimentos de 120 V mantiene sus garras de oso, pasteles y hot dogs a la temperatura \u00f3ptima durante todo el horario de atenci\u00f3n y los mantiene frescos todo el d\u00eda. Adem\u00e1s, esta unidad cuenta con control por termostato, lo que garantiza que el interior mantendr\u00e1 la temperatura deseada. Esta vitrina luce impecable en el mostrador. Su frente curvo de vidrio templado ofrece a los clientes una amplia ventana para ver sus productos. Deje que sus productos hablen por s\u00ed solos, no su vitrina. Su exterior de aluminio anodizado es resistente y f\u00e1cil de limpiar, mientras que su interior de acero inoxidable es la superficie perfecta para alimentos. Esta unidad cuenta con un estante y una vitrina inferior, tres bandejas en cada estante y dos puertas corredizas en la parte trasera.       <\/p>\n<p><strong>CARACTER\u00cdSTICAS<\/strong><\/p>\n<ul>\n<li>Estante doble<\/li>\n<li>Calefacci\u00f3n en seco<\/li>\n<li>Vidrio templado curvado<\/li>\n<li>Puertas corredizas de vidrio templado traseras<\/li>\n<li>Control termost\u00e1tico para mantener la comida caliente y fresca.<\/li>\n<li>Disponible en dos colores diferentes: rojo y azul.<\/li>\n<\/ul>\n","protected":false},"excerpt":{"rendered":"<ul>\n<li><strong><span style=\"color: #0c7f84;\">ESPECIFICACIONES R\u00c1PIDAS DEL PRODUCTO<\/span><\/strong><\/li>\n<li><strong><span style=\"color: #0c7f84;\">Marca:<\/span> TITA<\/strong><\/li>\n<li><strong><span style=\"color: #0c7f84;\">Voltaje: <\/span>120 V<\/strong><\/li>\n<li><strong><span style=\"color: #0c7f84;\">Clasificaci\u00f3n de potencia: <\/span>250 W<\/strong><\/li>\n<li><strong><span style=\"color: #0c7f84;\">Dimensiones (An x Pr x Al): <\/span>18 1\/2\u201d x 14 3\/8\u201d x 17 1\/2\u201d<\/strong><\/li>\n<li><strong><span style=\"color: #0c7f84;\">Peso (neto x env\u00edo): <\/span>19 lb x 24 lb<\/strong><\/li>\n<li><strong><span style=\"color: #0c7f84;\">Dimensiones de la bandeja (An. x Pr. x Al.): <\/span>5 \u00bd\u201d x 11\u201d x 3\/4 \u201d<\/strong><\/li>\n<li><strong><span style=\"color: #0c7f84;\"># de estantes x # de bandejas: <\/span>2 x 6<\/strong><\/li>\n<li><strong><span style=\"color: #0c7f84;\">Temperatura interior m\u00e1xima*:  <\/span>180 F<\/strong><\/li>\n<\/ul>\n","protected":false},"featured_media":11972,"template":"","meta":[],"product_brand":[3707],"product_cat":[3419],"product_tag":[1840,1923,3225,3228,3227,3226],"class_list":{"0":"post-26895","1":"product","2":"type-product","3":"status-publish","4":"has-post-thumbnail","6":"product_brand-tita","7":"product_cat-exhibidores-de-comida-caliente","8":"product_tag-equipamiento-para-restaurantes-y-hoteles-en-panama","9":"product_tag-equipos-de-cocina-comerciales-y-de-restaurantes-de-ee-uu-en-arabia-saudita","10":"product_tag-equipos-para-restaurantes-y-hoteles-en-ee-uu","11":"product_tag-equipos-para-restaurantes-y-hoteles-en-el-salvador","12":"product_tag-equipos-para-restaurantes-y-hoteles-en-puerto-rico","13":"product_tag-equipos-para-restaurantes-y-hoteles-en-republica-dominicana","15":"first","16":"instock","17":"taxable","18":"shipping-taxable","19":"purchasable","20":"product-type-variable"},"yoast_head":"<!-- This site is optimized with the Yoast SEO plugin v26.7 - https:\/\/yoast.com\/wordpress\/plugins\/seo\/ -->\n<title>Vitrina calentadora de alimentos Tita FWD2-18O de 18 pulgadas con doble estante | LuxeChef Food Service USA<\/title>\n<meta name=\"robots\" content=\"index, follow, max-snippet:-1, max-image-preview:large, max-video-preview:-1\" \/>\n<link rel=\"canonical\" href=\"https:\/\/lfsusa.store\/es\/producto\/vitrina-calentadora-de-alimentos-tita-fwd2-18o-18-con-doble-estante\/\" \/>\n<meta property=\"og:locale\" content=\"es_ES\" \/>\n<meta property=\"og:type\" content=\"article\" \/>\n<meta property=\"og:title\" content=\"Vitrina calentadora de alimentos Tita FWD2-18O de 18 pulgadas con doble estante | LuxeChef Food Service USA\" \/>\n<meta property=\"og:description\" content=\"ESPECIFICACIONES R\u00c1PIDAS DEL PRODUCTO  Marca: TITA  Voltaje: 120 V  Clasificaci\u00f3n de potencia: 250 W  Dimensiones (An x Pr x Al): 18 1\/2\u201d x 14 3\/8\u201d x 17 1\/2\u201d  Peso (neto x env\u00edo): 19 lb x 24 lb  Dimensiones de la bandeja (An. x Pr. x Al.): 5 \u00bd\u201d x 11\u201d x 3\/4 \u201d  # de estantes x # de bandejas: 2 x 6  Temperatura interior m\u00e1xima*: 180 F\" \/>\n<meta property=\"og:url\" content=\"https:\/\/lfsusa.store\/es\/producto\/vitrina-calentadora-de-alimentos-tita-fwd2-18o-18-con-doble-estante\/\" \/>\n<meta property=\"og:site_name\" content=\"LuxeChef Food Service USA\" \/>\n<meta property=\"og:image\" content=\"https:\/\/lfsusa.store\/wp-content\/uploads\/2024\/02\/Skyfood-FWD2-18G-18-Food-Warmer-Display-Case.ORANGE.jpg\" \/>\n\t<meta property=\"og:image:width\" content=\"900\" \/>\n\t<meta property=\"og:image:height\" content=\"900\" \/>\n\t<meta property=\"og:image:type\" content=\"image\/jpeg\" \/>\n<meta name=\"twitter:card\" content=\"summary_large_image\" \/>\n<meta name=\"twitter:label1\" content=\"Tiempo de lectura\" \/>\n\t<meta name=\"twitter:data1\" content=\"1 minuto\" \/>\n<script type=\"application\/ld+json\" class=\"yoast-schema-graph\">{\"@context\":\"https:\/\/schema.org\",\"@graph\":[{\"@type\":\"WebPage\",\"@id\":\"https:\/\/lfsusa.store\/es\/producto\/vitrina-calentadora-de-alimentos-tita-fwd2-18o-18-con-doble-estante\/\",\"url\":\"https:\/\/lfsusa.store\/es\/producto\/vitrina-calentadora-de-alimentos-tita-fwd2-18o-18-con-doble-estante\/\",\"name\":\"Vitrina calentadora de alimentos Tita FWD2-18O de 18 pulgadas con doble estante | LuxeChef Food Service USA\",\"isPartOf\":{\"@id\":\"https:\/\/lfsusa.store\/es\/#website\"},\"primaryImageOfPage\":{\"@id\":\"https:\/\/lfsusa.store\/es\/producto\/vitrina-calentadora-de-alimentos-tita-fwd2-18o-18-con-doble-estante\/#primaryimage\"},\"image\":{\"@id\":\"https:\/\/lfsusa.store\/es\/producto\/vitrina-calentadora-de-alimentos-tita-fwd2-18o-18-con-doble-estante\/#primaryimage\"},\"thumbnailUrl\":\"https:\/\/lfsusa.store\/wp-content\/uploads\/2024\/02\/Skyfood-FWD2-18G-18-Food-Warmer-Display-Case.ORANGE.jpg\",\"datePublished\":\"2025-08-21T03:07:52+00:00\",\"breadcrumb\":{\"@id\":\"https:\/\/lfsusa.store\/es\/producto\/vitrina-calentadora-de-alimentos-tita-fwd2-18o-18-con-doble-estante\/#breadcrumb\"},\"inLanguage\":\"es\",\"potentialAction\":[{\"@type\":\"ReadAction\",\"target\":[\"https:\/\/lfsusa.store\/es\/producto\/vitrina-calentadora-de-alimentos-tita-fwd2-18o-18-con-doble-estante\/\"]}]},{\"@type\":\"ImageObject\",\"inLanguage\":\"es\",\"@id\":\"https:\/\/lfsusa.store\/es\/producto\/vitrina-calentadora-de-alimentos-tita-fwd2-18o-18-con-doble-estante\/#primaryimage\",\"url\":\"https:\/\/lfsusa.store\/wp-content\/uploads\/2024\/02\/Skyfood-FWD2-18G-18-Food-Warmer-Display-Case.ORANGE.jpg\",\"contentUrl\":\"https:\/\/lfsusa.store\/wp-content\/uploads\/2024\/02\/Skyfood-FWD2-18G-18-Food-Warmer-Display-Case.ORANGE.jpg\",\"width\":900,\"height\":900},{\"@type\":\"BreadcrumbList\",\"@id\":\"https:\/\/lfsusa.store\/es\/producto\/vitrina-calentadora-de-alimentos-tita-fwd2-18o-18-con-doble-estante\/#breadcrumb\",\"itemListElement\":[{\"@type\":\"ListItem\",\"position\":1,\"name\":\"Home\",\"item\":\"https:\/\/lfsusa.store\/es\/inicio-luxechef-food-service-usa\/\"},{\"@type\":\"ListItem\",\"position\":2,\"name\":\"Tienda\",\"item\":\"https:\/\/lfsusa.store\/es\/tienda\/\"},{\"@type\":\"ListItem\",\"position\":3,\"name\":\"Vitrina calentadora de alimentos Tita FWD2-18O de 18 pulgadas con doble estante\"}]},{\"@type\":\"WebSite\",\"@id\":\"https:\/\/lfsusa.store\/es\/#website\",\"url\":\"https:\/\/lfsusa.store\/es\/\",\"name\":\"LuxeChef Food Service USA\",\"description\":\"Shop restaurant supplies &amp; equipment products in our online restaurant supply store. Extremely fast shipping &amp; wholesale pricing from the #1 restaurant supply company!\",\"publisher\":{\"@id\":\"https:\/\/lfsusa.store\/es\/#organization\"},\"alternateName\":\"LuxeChef Food Service USA\",\"potentialAction\":[{\"@type\":\"SearchAction\",\"target\":{\"@type\":\"EntryPoint\",\"urlTemplate\":\"https:\/\/lfsusa.store\/es\/?s={search_term_string}\"},\"query-input\":{\"@type\":\"PropertyValueSpecification\",\"valueRequired\":true,\"valueName\":\"search_term_string\"}}],\"inLanguage\":\"es\"},{\"@type\":\"Organization\",\"@id\":\"https:\/\/lfsusa.store\/es\/#organization\",\"name\":\"LuxeChef Food Service USA\",\"alternateName\":\"LuxeChef Food Service\",\"url\":\"https:\/\/lfsusa.store\/es\/\",\"logo\":{\"@type\":\"ImageObject\",\"inLanguage\":\"es\",\"@id\":\"https:\/\/lfsusa.store\/es\/#\/schema\/logo\/image\/\",\"url\":\"https:\/\/lfsusa.store\/wp-content\/uploads\/2025\/07\/luxe-chef-usa-696-696.jpg\",\"contentUrl\":\"https:\/\/lfsusa.store\/wp-content\/uploads\/2025\/07\/luxe-chef-usa-696-696.jpg\",\"width\":696,\"height\":696,\"caption\":\"LuxeChef Food Service USA\"},\"image\":{\"@id\":\"https:\/\/lfsusa.store\/es\/#\/schema\/logo\/image\/\"}}]}<\/script>\n<!-- \/ Yoast SEO plugin. -->","yoast_head_json":{"title":"Vitrina calentadora de alimentos Tita FWD2-18O de 18 pulgadas con doble estante | LuxeChef Food Service USA","robots":{"index":"index","follow":"follow","max-snippet":"max-snippet:-1","max-image-preview":"max-image-preview:large","max-video-preview":"max-video-preview:-1"},"canonical":"https:\/\/lfsusa.store\/es\/producto\/vitrina-calentadora-de-alimentos-tita-fwd2-18o-18-con-doble-estante\/","og_locale":"es_ES","og_type":"article","og_title":"Vitrina calentadora de alimentos Tita FWD2-18O de 18 pulgadas con doble estante | LuxeChef Food Service USA","og_description":"ESPECIFICACIONES R\u00c1PIDAS DEL PRODUCTO  Marca: TITA  Voltaje: 120 V  Clasificaci\u00f3n de potencia: 250 W  Dimensiones (An x Pr x Al): 18 1\/2\u201d x 14 3\/8\u201d x 17 1\/2\u201d  Peso (neto x env\u00edo): 19 lb x 24 lb  Dimensiones de la bandeja (An. x Pr. x Al.): 5 \u00bd\u201d x 11\u201d x 3\/4 \u201d  # de estantes x # de bandejas: 2 x 6  Temperatura interior m\u00e1xima*: 180 F","og_url":"https:\/\/lfsusa.store\/es\/producto\/vitrina-calentadora-de-alimentos-tita-fwd2-18o-18-con-doble-estante\/","og_site_name":"LuxeChef Food Service USA","og_image":[{"width":900,"height":900,"url":"https:\/\/lfsusa.store\/wp-content\/uploads\/2024\/02\/Skyfood-FWD2-18G-18-Food-Warmer-Display-Case.ORANGE.jpg","type":"image\/jpeg"}],"twitter_card":"summary_large_image","twitter_misc":{"Tiempo de lectura":"1 minuto"},"schema":{"@context":"https:\/\/schema.org","@graph":[{"@type":"WebPage","@id":"https:\/\/lfsusa.store\/es\/producto\/vitrina-calentadora-de-alimentos-tita-fwd2-18o-18-con-doble-estante\/","url":"https:\/\/lfsusa.store\/es\/producto\/vitrina-calentadora-de-alimentos-tita-fwd2-18o-18-con-doble-estante\/","name":"Vitrina calentadora de alimentos Tita FWD2-18O de 18 pulgadas con doble estante | LuxeChef Food Service USA","isPartOf":{"@id":"https:\/\/lfsusa.store\/es\/#website"},"primaryImageOfPage":{"@id":"https:\/\/lfsusa.store\/es\/producto\/vitrina-calentadora-de-alimentos-tita-fwd2-18o-18-con-doble-estante\/#primaryimage"},"image":{"@id":"https:\/\/lfsusa.store\/es\/producto\/vitrina-calentadora-de-alimentos-tita-fwd2-18o-18-con-doble-estante\/#primaryimage"},"thumbnailUrl":"https:\/\/lfsusa.store\/wp-content\/uploads\/2024\/02\/Skyfood-FWD2-18G-18-Food-Warmer-Display-Case.ORANGE.jpg","datePublished":"2025-08-21T03:07:52+00:00","breadcrumb":{"@id":"https:\/\/lfsusa.store\/es\/producto\/vitrina-calentadora-de-alimentos-tita-fwd2-18o-18-con-doble-estante\/#breadcrumb"},"inLanguage":"es","potentialAction":[{"@type":"ReadAction","target":["https:\/\/lfsusa.store\/es\/producto\/vitrina-calentadora-de-alimentos-tita-fwd2-18o-18-con-doble-estante\/"]}]},{"@type":"ImageObject","inLanguage":"es","@id":"https:\/\/lfsusa.store\/es\/producto\/vitrina-calentadora-de-alimentos-tita-fwd2-18o-18-con-doble-estante\/#primaryimage","url":"https:\/\/lfsusa.store\/wp-content\/uploads\/2024\/02\/Skyfood-FWD2-18G-18-Food-Warmer-Display-Case.ORANGE.jpg","contentUrl":"https:\/\/lfsusa.store\/wp-content\/uploads\/2024\/02\/Skyfood-FWD2-18G-18-Food-Warmer-Display-Case.ORANGE.jpg","width":900,"height":900},{"@type":"BreadcrumbList","@id":"https:\/\/lfsusa.store\/es\/producto\/vitrina-calentadora-de-alimentos-tita-fwd2-18o-18-con-doble-estante\/#breadcrumb","itemListElement":[{"@type":"ListItem","position":1,"name":"Home","item":"https:\/\/lfsusa.store\/es\/inicio-luxechef-food-service-usa\/"},{"@type":"ListItem","position":2,"name":"Tienda","item":"https:\/\/lfsusa.store\/es\/tienda\/"},{"@type":"ListItem","position":3,"name":"Vitrina calentadora de alimentos Tita FWD2-18O de 18 pulgadas con doble estante"}]},{"@type":"WebSite","@id":"https:\/\/lfsusa.store\/es\/#website","url":"https:\/\/lfsusa.store\/es\/","name":"LuxeChef Food Service USA","description":"Shop restaurant supplies &amp; equipment products in our online restaurant supply store. Extremely fast shipping &amp; wholesale pricing from the #1 restaurant supply company!","publisher":{"@id":"https:\/\/lfsusa.store\/es\/#organization"},"alternateName":"LuxeChef Food Service USA","potentialAction":[{"@type":"SearchAction","target":{"@type":"EntryPoint","urlTemplate":"https:\/\/lfsusa.store\/es\/?s={search_term_string}"},"query-input":{"@type":"PropertyValueSpecification","valueRequired":true,"valueName":"search_term_string"}}],"inLanguage":"es"},{"@type":"Organization","@id":"https:\/\/lfsusa.store\/es\/#organization","name":"LuxeChef Food Service USA","alternateName":"LuxeChef Food Service","url":"https:\/\/lfsusa.store\/es\/","logo":{"@type":"ImageObject","inLanguage":"es","@id":"https:\/\/lfsusa.store\/es\/#\/schema\/logo\/image\/","url":"https:\/\/lfsusa.store\/wp-content\/uploads\/2025\/07\/luxe-chef-usa-696-696.jpg","contentUrl":"https:\/\/lfsusa.store\/wp-content\/uploads\/2025\/07\/luxe-chef-usa-696-696.jpg","width":696,"height":696,"caption":"LuxeChef Food Service USA"},"image":{"@id":"https:\/\/lfsusa.store\/es\/#\/schema\/logo\/image\/"}}]}},"_links":{"self":[{"href":"https:\/\/lfsusa.store\/es\/wp-json\/wp\/v2\/product\/26895","targetHints":{"allow":["GET"]}}],"collection":[{"href":"https:\/\/lfsusa.store\/es\/wp-json\/wp\/v2\/product"}],"about":[{"href":"https:\/\/lfsusa.store\/es\/wp-json\/wp\/v2\/types\/product"}],"version-history":[{"count":0,"href":"https:\/\/lfsusa.store\/es\/wp-json\/wp\/v2\/product\/26895\/revisions"}],"wp:featuredmedia":[{"embeddable":true,"href":"https:\/\/lfsusa.store\/es\/wp-json\/wp\/v2\/media\/11972"}],"wp:attachment":[{"href":"https:\/\/lfsusa.store\/es\/wp-json\/wp\/v2\/media?parent=26895"}],"wp:term":[{"taxonomy":"product_brand","embeddable":true,"href":"https:\/\/lfsusa.store\/es\/wp-json\/wp\/v2\/product_brand?post=26895"},{"taxonomy":"product_cat","embeddable":true,"href":"https:\/\/lfsusa.store\/es\/wp-json\/wp\/v2\/product_cat?post=26895"},{"taxonomy":"product_tag","embeddable":true,"href":"https:\/\/lfsusa.store\/es\/wp-json\/wp\/v2\/product_tag?post=26895"}],"curies":[{"name":"wp","href":"https:\/\/api.w.org\/{rel}","templated":true}]}}