{"id":27192,"date":"2024-02-12T14:33:33","date_gmt":"2024-02-12T19:33:33","guid":{"rendered":"https:\/\/lfsusa.store\/product\/refrigerador-vitrina-de-suelo-nsr8-a\/"},"modified":"2024-02-12T14:33:33","modified_gmt":"2024-02-12T19:33:33","slug":"refrigerador-vitrina-de-suelo-nsr8-a","status":"publish","type":"product","link":"https:\/\/lfsusa.store\/es\/producto\/refrigerador-vitrina-de-suelo-nsr8-a\/","title":{"rendered":"NSR8 A| Frigor\u00edfico vitrina de suelo"},"content":{"rendered":"<p><strong>Caracter\u00edsticas del producto<\/strong><\/p>\n<ul>\n<li>Luz LED en iluminaci\u00f3n, evitando deslumbramientos.<\/li>\n<li>Controlador digital acumulador, visualizaci\u00f3n precisa de la temperatura de trabajo.<\/li>\n<li>Pista de enfriamiento mejorada, con rodamiento importado de alta calidad, bajo nivel de ruido y suavidad.<\/li>\n<li>Placa electr\u00f3nica independiente y sistema mg fr\u00edo, se pueden quitar f\u00e1cilmente para mantenimiento o reemplazo<\/li>\n<li>Compresor importado de alta calidad, ahorro de energ\u00eda y bajo nivel de ruido.<\/li>\n<li>Ruedas horneadas para facilitar su movimiento.<\/li>\n<li>Vidrio templado ITO calentado, anticondensaci\u00f3n, ahorro de energ\u00eda y buen efecto visual.<\/li>\n<li>Sistema de refrigeraci\u00f3n por aire mejorado para garantizar una circulaci\u00f3n de aire eficaz.<\/li>\n<li>Dispositivo de almacenamiento de agua debajo de la rejilla de aire trasera, y la velocidad del ventilador del evaporador es ajustable, lo que puede garantizar la humedad adecuada para los alimentos.<\/li>\n<li>El descongelamiento autom\u00e1tico garantiza el \u00f3ptimo funcionamiento del evaporador. Vaporizaci\u00f3n autom\u00e1tica del agua descongelada. <\/li>\n<li>EBM condensado<\/li>\n<li>Decoraci\u00f3n exterior con acabado en m\u00e1rmol artificial blanco y negro y acero inoxidable n.\u00b0 304 para elegir, hermosa y pr\u00e1ctica.<\/li>\n<li>La rejilla de ventilaci\u00f3n se puede colgar mediante un gancho, es f\u00e1cil de quitar y facilita el mantenimiento.<\/li>\n<li>Voltaje y ciclos a solicitud<\/li>\n<li>Hecho en china<\/li>\n<\/ul>\n","protected":false},"excerpt":{"rendered":"<pre id=\"tw-target-text\" class=\"tw-data-text tw-text-large tw-ta\" dir=\"ltr\" data-placeholder=\"Traducci\u00f3n\"><\/pre>\n<p class=\"nonFullWidth\">\n","protected":false},"featured_media":22273,"template":"","meta":[],"product_brand":[],"product_cat":[3404],"product_tag":[1924],"class_list":{"0":"post-27192","1":"product","2":"type-product","3":"status-publish","4":"has-post-thumbnail","6":"product_cat-venta-al-por-mayor-refrigerador-del-escaparate","7":"product_tag-venta-al-por-mayor-1","9":"first","10":"instock","11":"taxable","12":"shipping-taxable","13":"purchasable","14":"product-type-simple"},"yoast_head":"<!-- This site is optimized with the Yoast SEO plugin v26.7 - https:\/\/yoast.com\/wordpress\/plugins\/seo\/ -->\n<title>NSR8 A| Frigor\u00edfico vitrina de suelo | LuxeChef Food Service USA<\/title>\n<meta name=\"robots\" content=\"index, follow, max-snippet:-1, max-image-preview:large, max-video-preview:-1\" \/>\n<link rel=\"canonical\" href=\"https:\/\/lfsusa.store\/es\/producto\/refrigerador-vitrina-de-suelo-nsr8-a\/\" \/>\n<meta property=\"og:locale\" content=\"es_ES\" \/>\n<meta property=\"og:type\" content=\"article\" \/>\n<meta property=\"og:title\" content=\"NSR8 A| Frigor\u00edfico vitrina de suelo | LuxeChef Food Service USA\" \/>\n<meta property=\"og:url\" content=\"https:\/\/lfsusa.store\/es\/producto\/refrigerador-vitrina-de-suelo-nsr8-a\/\" \/>\n<meta property=\"og:site_name\" content=\"LuxeChef Food Service USA\" \/>\n<meta property=\"og:image\" content=\"https:\/\/lfsusa.store\/wp-content\/uploads\/2024\/02\/floor-standing-showcase-refrigerator-NSR8-A.jpg\" \/>\n\t<meta property=\"og:image:width\" content=\"900\" \/>\n\t<meta property=\"og:image:height\" content=\"900\" \/>\n\t<meta property=\"og:image:type\" content=\"image\/jpeg\" \/>\n<meta name=\"twitter:card\" content=\"summary_large_image\" \/>\n<meta name=\"twitter:label1\" content=\"Tiempo de lectura\" \/>\n\t<meta name=\"twitter:data1\" content=\"1 minuto\" \/>\n<script type=\"application\/ld+json\" class=\"yoast-schema-graph\">{\"@context\":\"https:\/\/schema.org\",\"@graph\":[{\"@type\":\"WebPage\",\"@id\":\"https:\/\/lfsusa.store\/es\/producto\/refrigerador-vitrina-de-suelo-nsr8-a\/\",\"url\":\"https:\/\/lfsusa.store\/es\/producto\/refrigerador-vitrina-de-suelo-nsr8-a\/\",\"name\":\"NSR8 A| Frigor\u00edfico vitrina de suelo | LuxeChef Food Service USA\",\"isPartOf\":{\"@id\":\"https:\/\/lfsusa.store\/es\/#website\"},\"primaryImageOfPage\":{\"@id\":\"https:\/\/lfsusa.store\/es\/producto\/refrigerador-vitrina-de-suelo-nsr8-a\/#primaryimage\"},\"image\":{\"@id\":\"https:\/\/lfsusa.store\/es\/producto\/refrigerador-vitrina-de-suelo-nsr8-a\/#primaryimage\"},\"thumbnailUrl\":\"https:\/\/lfsusa.store\/wp-content\/uploads\/2024\/02\/floor-standing-showcase-refrigerator-NSR8-A.jpg\",\"datePublished\":\"2024-02-12T19:33:33+00:00\",\"breadcrumb\":{\"@id\":\"https:\/\/lfsusa.store\/es\/producto\/refrigerador-vitrina-de-suelo-nsr8-a\/#breadcrumb\"},\"inLanguage\":\"es\",\"potentialAction\":[{\"@type\":\"ReadAction\",\"target\":[\"https:\/\/lfsusa.store\/es\/producto\/refrigerador-vitrina-de-suelo-nsr8-a\/\"]}]},{\"@type\":\"ImageObject\",\"inLanguage\":\"es\",\"@id\":\"https:\/\/lfsusa.store\/es\/producto\/refrigerador-vitrina-de-suelo-nsr8-a\/#primaryimage\",\"url\":\"https:\/\/lfsusa.store\/wp-content\/uploads\/2024\/02\/floor-standing-showcase-refrigerator-NSR8-A.jpg\",\"contentUrl\":\"https:\/\/lfsusa.store\/wp-content\/uploads\/2024\/02\/floor-standing-showcase-refrigerator-NSR8-A.jpg\",\"width\":900,\"height\":900},{\"@type\":\"BreadcrumbList\",\"@id\":\"https:\/\/lfsusa.store\/es\/producto\/refrigerador-vitrina-de-suelo-nsr8-a\/#breadcrumb\",\"itemListElement\":[{\"@type\":\"ListItem\",\"position\":1,\"name\":\"Home\",\"item\":\"https:\/\/lfsusa.store\/es\/inicio-luxechef-food-service-usa\/\"},{\"@type\":\"ListItem\",\"position\":2,\"name\":\"Tienda\",\"item\":\"https:\/\/lfsusa.store\/es\/tienda\/\"},{\"@type\":\"ListItem\",\"position\":3,\"name\":\"NSR8 A| Frigor\u00edfico vitrina de suelo\"}]},{\"@type\":\"WebSite\",\"@id\":\"https:\/\/lfsusa.store\/es\/#website\",\"url\":\"https:\/\/lfsusa.store\/es\/\",\"name\":\"LuxeChef Food Service USA\",\"description\":\"Shop restaurant supplies &amp; equipment products in our online restaurant supply store. Extremely fast shipping &amp; wholesale pricing from the #1 restaurant supply company!\",\"publisher\":{\"@id\":\"https:\/\/lfsusa.store\/es\/#organization\"},\"alternateName\":\"LuxeChef Food Service USA\",\"potentialAction\":[{\"@type\":\"SearchAction\",\"target\":{\"@type\":\"EntryPoint\",\"urlTemplate\":\"https:\/\/lfsusa.store\/es\/?s={search_term_string}\"},\"query-input\":{\"@type\":\"PropertyValueSpecification\",\"valueRequired\":true,\"valueName\":\"search_term_string\"}}],\"inLanguage\":\"es\"},{\"@type\":\"Organization\",\"@id\":\"https:\/\/lfsusa.store\/es\/#organization\",\"name\":\"LuxeChef Food Service USA\",\"alternateName\":\"LuxeChef Food Service\",\"url\":\"https:\/\/lfsusa.store\/es\/\",\"logo\":{\"@type\":\"ImageObject\",\"inLanguage\":\"es\",\"@id\":\"https:\/\/lfsusa.store\/es\/#\/schema\/logo\/image\/\",\"url\":\"https:\/\/lfsusa.store\/wp-content\/uploads\/2025\/07\/luxe-chef-usa-696-696.jpg\",\"contentUrl\":\"https:\/\/lfsusa.store\/wp-content\/uploads\/2025\/07\/luxe-chef-usa-696-696.jpg\",\"width\":696,\"height\":696,\"caption\":\"LuxeChef Food Service USA\"},\"image\":{\"@id\":\"https:\/\/lfsusa.store\/es\/#\/schema\/logo\/image\/\"}}]}<\/script>\n<!-- \/ Yoast SEO plugin. -->","yoast_head_json":{"title":"NSR8 A| Frigor\u00edfico vitrina de suelo | LuxeChef Food Service USA","robots":{"index":"index","follow":"follow","max-snippet":"max-snippet:-1","max-image-preview":"max-image-preview:large","max-video-preview":"max-video-preview:-1"},"canonical":"https:\/\/lfsusa.store\/es\/producto\/refrigerador-vitrina-de-suelo-nsr8-a\/","og_locale":"es_ES","og_type":"article","og_title":"NSR8 A| Frigor\u00edfico vitrina de suelo | LuxeChef Food Service USA","og_url":"https:\/\/lfsusa.store\/es\/producto\/refrigerador-vitrina-de-suelo-nsr8-a\/","og_site_name":"LuxeChef Food Service USA","og_image":[{"width":900,"height":900,"url":"https:\/\/lfsusa.store\/wp-content\/uploads\/2024\/02\/floor-standing-showcase-refrigerator-NSR8-A.jpg","type":"image\/jpeg"}],"twitter_card":"summary_large_image","twitter_misc":{"Tiempo de lectura":"1 minuto"},"schema":{"@context":"https:\/\/schema.org","@graph":[{"@type":"WebPage","@id":"https:\/\/lfsusa.store\/es\/producto\/refrigerador-vitrina-de-suelo-nsr8-a\/","url":"https:\/\/lfsusa.store\/es\/producto\/refrigerador-vitrina-de-suelo-nsr8-a\/","name":"NSR8 A| Frigor\u00edfico vitrina de suelo | LuxeChef Food Service USA","isPartOf":{"@id":"https:\/\/lfsusa.store\/es\/#website"},"primaryImageOfPage":{"@id":"https:\/\/lfsusa.store\/es\/producto\/refrigerador-vitrina-de-suelo-nsr8-a\/#primaryimage"},"image":{"@id":"https:\/\/lfsusa.store\/es\/producto\/refrigerador-vitrina-de-suelo-nsr8-a\/#primaryimage"},"thumbnailUrl":"https:\/\/lfsusa.store\/wp-content\/uploads\/2024\/02\/floor-standing-showcase-refrigerator-NSR8-A.jpg","datePublished":"2024-02-12T19:33:33+00:00","breadcrumb":{"@id":"https:\/\/lfsusa.store\/es\/producto\/refrigerador-vitrina-de-suelo-nsr8-a\/#breadcrumb"},"inLanguage":"es","potentialAction":[{"@type":"ReadAction","target":["https:\/\/lfsusa.store\/es\/producto\/refrigerador-vitrina-de-suelo-nsr8-a\/"]}]},{"@type":"ImageObject","inLanguage":"es","@id":"https:\/\/lfsusa.store\/es\/producto\/refrigerador-vitrina-de-suelo-nsr8-a\/#primaryimage","url":"https:\/\/lfsusa.store\/wp-content\/uploads\/2024\/02\/floor-standing-showcase-refrigerator-NSR8-A.jpg","contentUrl":"https:\/\/lfsusa.store\/wp-content\/uploads\/2024\/02\/floor-standing-showcase-refrigerator-NSR8-A.jpg","width":900,"height":900},{"@type":"BreadcrumbList","@id":"https:\/\/lfsusa.store\/es\/producto\/refrigerador-vitrina-de-suelo-nsr8-a\/#breadcrumb","itemListElement":[{"@type":"ListItem","position":1,"name":"Home","item":"https:\/\/lfsusa.store\/es\/inicio-luxechef-food-service-usa\/"},{"@type":"ListItem","position":2,"name":"Tienda","item":"https:\/\/lfsusa.store\/es\/tienda\/"},{"@type":"ListItem","position":3,"name":"NSR8 A| Frigor\u00edfico vitrina de suelo"}]},{"@type":"WebSite","@id":"https:\/\/lfsusa.store\/es\/#website","url":"https:\/\/lfsusa.store\/es\/","name":"LuxeChef Food Service USA","description":"Shop restaurant supplies &amp; equipment products in our online restaurant supply store. Extremely fast shipping &amp; wholesale pricing from the #1 restaurant supply company!","publisher":{"@id":"https:\/\/lfsusa.store\/es\/#organization"},"alternateName":"LuxeChef Food Service USA","potentialAction":[{"@type":"SearchAction","target":{"@type":"EntryPoint","urlTemplate":"https:\/\/lfsusa.store\/es\/?s={search_term_string}"},"query-input":{"@type":"PropertyValueSpecification","valueRequired":true,"valueName":"search_term_string"}}],"inLanguage":"es"},{"@type":"Organization","@id":"https:\/\/lfsusa.store\/es\/#organization","name":"LuxeChef Food Service USA","alternateName":"LuxeChef Food Service","url":"https:\/\/lfsusa.store\/es\/","logo":{"@type":"ImageObject","inLanguage":"es","@id":"https:\/\/lfsusa.store\/es\/#\/schema\/logo\/image\/","url":"https:\/\/lfsusa.store\/wp-content\/uploads\/2025\/07\/luxe-chef-usa-696-696.jpg","contentUrl":"https:\/\/lfsusa.store\/wp-content\/uploads\/2025\/07\/luxe-chef-usa-696-696.jpg","width":696,"height":696,"caption":"LuxeChef Food Service USA"},"image":{"@id":"https:\/\/lfsusa.store\/es\/#\/schema\/logo\/image\/"}}]}},"_links":{"self":[{"href":"https:\/\/lfsusa.store\/es\/wp-json\/wp\/v2\/product\/27192","targetHints":{"allow":["GET"]}}],"collection":[{"href":"https:\/\/lfsusa.store\/es\/wp-json\/wp\/v2\/product"}],"about":[{"href":"https:\/\/lfsusa.store\/es\/wp-json\/wp\/v2\/types\/product"}],"version-history":[{"count":0,"href":"https:\/\/lfsusa.store\/es\/wp-json\/wp\/v2\/product\/27192\/revisions"}],"wp:featuredmedia":[{"embeddable":true,"href":"https:\/\/lfsusa.store\/es\/wp-json\/wp\/v2\/media\/22273"}],"wp:attachment":[{"href":"https:\/\/lfsusa.store\/es\/wp-json\/wp\/v2\/media?parent=27192"}],"wp:term":[{"taxonomy":"product_brand","embeddable":true,"href":"https:\/\/lfsusa.store\/es\/wp-json\/wp\/v2\/product_brand?post=27192"},{"taxonomy":"product_cat","embeddable":true,"href":"https:\/\/lfsusa.store\/es\/wp-json\/wp\/v2\/product_cat?post=27192"},{"taxonomy":"product_tag","embeddable":true,"href":"https:\/\/lfsusa.store\/es\/wp-json\/wp\/v2\/product_tag?post=27192"}],"curies":[{"name":"wp","href":"https:\/\/api.w.org\/{rel}","templated":true}]}}