{"id":27268,"date":"2024-02-12T14:48:28","date_gmt":"2024-02-12T19:48:28","guid":{"rendered":"https:\/\/lfsusa.store\/product\/pase-el-cursor-sobre-la-imagen-para-ampliarla-gelopar-grb-23ev-gw-pr-refrigerador-para-cerveza-y-bebidas-frias\/"},"modified":"2024-02-12T14:48:28","modified_gmt":"2024-02-12T19:48:28","slug":"pase-el-cursor-sobre-la-imagen-para-ampliarla-gelopar-grb-23ev-gw-pr-refrigerador-para-cerveza-y-bebidas-frias","status":"publish","type":"product","link":"https:\/\/lfsusa.store\/es\/producto\/pase-el-cursor-sobre-la-imagen-para-ampliarla-gelopar-grb-23ev-gw-pr-refrigerador-para-cerveza-y-bebidas-frias\/","title":{"rendered":"Pase el cursor sobre la imagen para hacer zoom. Refrigerador para cerveza y bebidas fr\u00edas Gelopar GRB-23EV GW PR."},"content":{"rendered":"<h1><strong>Gelopar GRB-23EV GW PR.<\/strong><\/h1>\n<p>&nbsp;<\/p>\n<ul>\n<li id=\"tw-target-text\" class=\"tw-data-text tw-text-large tw-ta\" dir=\"ltr\" data-placeholder=\"Traducci\u00f3n\"><span class=\"Y2IQFc\" lang=\"en\">Refrigerador de hermoso dise\u00f1o para Conservaci\u00f3n y Exhibici\u00f3n de Cervezas y Bebidas (Agua, Jugos y Refrescos).<\/span><\/li>\n<li class=\"tw-data-text tw-text-large tw-ta\" dir=\"ltr\" data-placeholder=\"Traducci\u00f3n\"><span class=\"Y2IQFc\" lang=\"en\">Refrigeraci\u00f3n: Aire forzado con evaporador con aletas Temperatura: -6, -4, +1C o +3C (Modo Econ\u00f3mico)<\/span><\/li>\n<li><span class=\"Y2IQFc\" lang=\"en\">Descongelaci\u00f3n: Autom\u00e1tica (sin escarcha)<\/span><\/li>\n<li><span class=\"Y2IQFc\" lang=\"en\">Controlador electr\u00f3nico con indicador de temperatura<\/span><\/li>\n<li><span class=\"Y2IQFc\" lang=\"en\">Revestimiento interior<\/span>: <span class=\"Y2IQFc\" lang=\"en\">acero prepintado negro<\/span><\/li>\n<li><span class=\"Y2IQFc\" lang=\"en\">Revestimiento exterior: acero prepintado negro<\/span><\/li>\n<li><span class=\"Y2IQFc\" lang=\"en\">Iluminaci\u00f3n: 2 barras LED internas (perimetrales)<\/span><\/li>\n<li><span class=\"Y2IQFc\" lang=\"en\">Puerta de triple cristal templado de baja emisividad, sin sistema de calefacci\u00f3n con estantes de alambre de cierre autom\u00e1tico adhesivo 3 niveles ajustables + 1 plataforma Mueble sobre ruedas (bloqueos en ruedas delanteras)<\/span><\/li>\n<li><span class=\"Y2IQFc\" lang=\"en\">Condensador est\u00e1tico, con ventilaci\u00f3n natural para evitar puerta empa\u00f1ada o empa\u00f1ada, manteniendo la visibilidad despejada.<\/span><\/li>\n<li><span class=\"Y2IQFc\" lang=\"en\">Equipo certificado seg\u00fan Ordenanza Inmetro N\u00b0 371\/2009<\/span><\/li>\n<li><span class=\"Y2IQFc\" lang=\"en\">Producto destinado a uso comercial. * Im\u00e1genes meramente ilustrativas. Las im\u00e1genes y la informaci\u00f3n est\u00e1n sujetas a cambios sin previo aviso. ** Los colores y materiales de acabado pueden variar seg\u00fan el lote de producci\u00f3n o entre los materiales que componen el producto (p. ej., chapa met\u00e1lica, pl\u00e1stico, madera, etc.).  <\/span><\/li>\n<\/ul>\n","protected":false},"excerpt":{"rendered":"<p><strong>Nota<\/strong>: <span class=\"Y2IQFc\" lang=\"en\">Este producto se encuentra en inventario disponible, el tiempo estimado de entrega es de 5 a 8 d\u00edas h\u00e1biles.<\/span><\/p>\n<ul>\n<li>Refrigerador de cerveza y bebidas fr\u00edas<\/li>\n<li>Luz LED incorporada.<\/li>\n<li>3 estantes ajustables incluidos.<\/li>\n<li>Ruedas bloqueables para facilitar el transporte.<\/li>\n<li>Modelo: 80247.09.1<\/li>\n<\/ul>\n","protected":false},"featured_media":22531,"template":"","meta":[],"product_brand":[],"product_cat":[1914],"product_tag":[],"class_list":{"0":"post-27268","1":"product","2":"type-product","3":"status-publish","4":"has-post-thumbnail","6":"product_cat-refrigeracion-comercial","8":"first","9":"instock","10":"taxable","11":"shipping-taxable","12":"purchasable","13":"product-type-simple"},"yoast_head":"<!-- This site is optimized with the Yoast SEO plugin v26.7 - https:\/\/yoast.com\/wordpress\/plugins\/seo\/ -->\n<title>Pase el cursor sobre la imagen para hacer zoom. Refrigerador para cerveza y bebidas fr\u00edas Gelopar GRB-23EV GW PR. | LuxeChef Food Service USA<\/title>\n<meta name=\"robots\" content=\"index, follow, max-snippet:-1, max-image-preview:large, max-video-preview:-1\" \/>\n<link rel=\"canonical\" href=\"https:\/\/lfsusa.store\/es\/producto\/pase-el-cursor-sobre-la-imagen-para-ampliarla-gelopar-grb-23ev-gw-pr-refrigerador-para-cerveza-y-bebidas-frias\/\" \/>\n<meta property=\"og:locale\" content=\"es_ES\" \/>\n<meta property=\"og:type\" content=\"article\" \/>\n<meta property=\"og:title\" content=\"Pase el cursor sobre la imagen para hacer zoom. Refrigerador para cerveza y bebidas fr\u00edas Gelopar GRB-23EV GW PR. | LuxeChef Food Service USA\" \/>\n<meta property=\"og:description\" content=\"Nota: Este producto se encuentra en inventario disponible, el tiempo estimado de entrega es de 5 a 8 d\u00edas h\u00e1biles.  Refrigerador de cerveza y bebidas fr\u00edas  Luz LED incorporada.  3 estantes ajustables incluidos.  Ruedas bloqueables para facilitar el transporte.  Modelo: 80247.09.1\" \/>\n<meta property=\"og:url\" content=\"https:\/\/lfsusa.store\/es\/producto\/pase-el-cursor-sobre-la-imagen-para-ampliarla-gelopar-grb-23ev-gw-pr-refrigerador-para-cerveza-y-bebidas-frias\/\" \/>\n<meta property=\"og:site_name\" content=\"LuxeChef Food Service USA\" \/>\n<meta property=\"og:image\" content=\"https:\/\/lfsusa.store\/wp-content\/uploads\/2024\/02\/Gelopar-beer-and-cold-drinks-refrigerator.webp\" \/>\n\t<meta property=\"og:image:width\" content=\"850\" \/>\n\t<meta property=\"og:image:height\" content=\"850\" \/>\n\t<meta property=\"og:image:type\" content=\"image\/webp\" \/>\n<meta name=\"twitter:card\" content=\"summary_large_image\" \/>\n<meta name=\"twitter:label1\" content=\"Tiempo de lectura\" \/>\n\t<meta name=\"twitter:data1\" content=\"1 minuto\" \/>\n<script type=\"application\/ld+json\" class=\"yoast-schema-graph\">{\"@context\":\"https:\/\/schema.org\",\"@graph\":[{\"@type\":\"WebPage\",\"@id\":\"https:\/\/lfsusa.store\/es\/producto\/pase-el-cursor-sobre-la-imagen-para-ampliarla-gelopar-grb-23ev-gw-pr-refrigerador-para-cerveza-y-bebidas-frias\/\",\"url\":\"https:\/\/lfsusa.store\/es\/producto\/pase-el-cursor-sobre-la-imagen-para-ampliarla-gelopar-grb-23ev-gw-pr-refrigerador-para-cerveza-y-bebidas-frias\/\",\"name\":\"Pase el cursor sobre la imagen para hacer zoom. Refrigerador para cerveza y bebidas fr\u00edas Gelopar GRB-23EV GW PR. | LuxeChef Food Service USA\",\"isPartOf\":{\"@id\":\"https:\/\/lfsusa.store\/es\/#website\"},\"primaryImageOfPage\":{\"@id\":\"https:\/\/lfsusa.store\/es\/producto\/pase-el-cursor-sobre-la-imagen-para-ampliarla-gelopar-grb-23ev-gw-pr-refrigerador-para-cerveza-y-bebidas-frias\/#primaryimage\"},\"image\":{\"@id\":\"https:\/\/lfsusa.store\/es\/producto\/pase-el-cursor-sobre-la-imagen-para-ampliarla-gelopar-grb-23ev-gw-pr-refrigerador-para-cerveza-y-bebidas-frias\/#primaryimage\"},\"thumbnailUrl\":\"https:\/\/lfsusa.store\/wp-content\/uploads\/2024\/02\/Gelopar-beer-and-cold-drinks-refrigerator.webp\",\"datePublished\":\"2024-02-12T19:48:28+00:00\",\"breadcrumb\":{\"@id\":\"https:\/\/lfsusa.store\/es\/producto\/pase-el-cursor-sobre-la-imagen-para-ampliarla-gelopar-grb-23ev-gw-pr-refrigerador-para-cerveza-y-bebidas-frias\/#breadcrumb\"},\"inLanguage\":\"es\",\"potentialAction\":[{\"@type\":\"ReadAction\",\"target\":[\"https:\/\/lfsusa.store\/es\/producto\/pase-el-cursor-sobre-la-imagen-para-ampliarla-gelopar-grb-23ev-gw-pr-refrigerador-para-cerveza-y-bebidas-frias\/\"]}]},{\"@type\":\"ImageObject\",\"inLanguage\":\"es\",\"@id\":\"https:\/\/lfsusa.store\/es\/producto\/pase-el-cursor-sobre-la-imagen-para-ampliarla-gelopar-grb-23ev-gw-pr-refrigerador-para-cerveza-y-bebidas-frias\/#primaryimage\",\"url\":\"https:\/\/lfsusa.store\/wp-content\/uploads\/2024\/02\/Gelopar-beer-and-cold-drinks-refrigerator.webp\",\"contentUrl\":\"https:\/\/lfsusa.store\/wp-content\/uploads\/2024\/02\/Gelopar-beer-and-cold-drinks-refrigerator.webp\",\"width\":850,\"height\":850},{\"@type\":\"BreadcrumbList\",\"@id\":\"https:\/\/lfsusa.store\/es\/producto\/pase-el-cursor-sobre-la-imagen-para-ampliarla-gelopar-grb-23ev-gw-pr-refrigerador-para-cerveza-y-bebidas-frias\/#breadcrumb\",\"itemListElement\":[{\"@type\":\"ListItem\",\"position\":1,\"name\":\"Home\",\"item\":\"https:\/\/lfsusa.store\/es\/inicio-luxechef-food-service-usa\/\"},{\"@type\":\"ListItem\",\"position\":2,\"name\":\"Tienda\",\"item\":\"https:\/\/lfsusa.store\/es\/tienda\/\"},{\"@type\":\"ListItem\",\"position\":3,\"name\":\"Pase el cursor sobre la imagen para hacer zoom. Refrigerador para cerveza y bebidas fr\u00edas Gelopar GRB-23EV GW PR.\"}]},{\"@type\":\"WebSite\",\"@id\":\"https:\/\/lfsusa.store\/es\/#website\",\"url\":\"https:\/\/lfsusa.store\/es\/\",\"name\":\"LuxeChef Food Service USA\",\"description\":\"Shop restaurant supplies &amp; equipment products in our online restaurant supply store. Extremely fast shipping &amp; wholesale pricing from the #1 restaurant supply company!\",\"publisher\":{\"@id\":\"https:\/\/lfsusa.store\/es\/#organization\"},\"alternateName\":\"LuxeChef Food Service USA\",\"potentialAction\":[{\"@type\":\"SearchAction\",\"target\":{\"@type\":\"EntryPoint\",\"urlTemplate\":\"https:\/\/lfsusa.store\/es\/?s={search_term_string}\"},\"query-input\":{\"@type\":\"PropertyValueSpecification\",\"valueRequired\":true,\"valueName\":\"search_term_string\"}}],\"inLanguage\":\"es\"},{\"@type\":\"Organization\",\"@id\":\"https:\/\/lfsusa.store\/es\/#organization\",\"name\":\"LuxeChef Food Service USA\",\"alternateName\":\"LuxeChef Food Service\",\"url\":\"https:\/\/lfsusa.store\/es\/\",\"logo\":{\"@type\":\"ImageObject\",\"inLanguage\":\"es\",\"@id\":\"https:\/\/lfsusa.store\/es\/#\/schema\/logo\/image\/\",\"url\":\"https:\/\/lfsusa.store\/wp-content\/uploads\/2025\/07\/luxe-chef-usa-696-696.jpg\",\"contentUrl\":\"https:\/\/lfsusa.store\/wp-content\/uploads\/2025\/07\/luxe-chef-usa-696-696.jpg\",\"width\":696,\"height\":696,\"caption\":\"LuxeChef Food Service USA\"},\"image\":{\"@id\":\"https:\/\/lfsusa.store\/es\/#\/schema\/logo\/image\/\"}}]}<\/script>\n<!-- \/ Yoast SEO plugin. -->","yoast_head_json":{"title":"Pase el cursor sobre la imagen para hacer zoom. Refrigerador para cerveza y bebidas fr\u00edas Gelopar GRB-23EV GW PR. | LuxeChef Food Service USA","robots":{"index":"index","follow":"follow","max-snippet":"max-snippet:-1","max-image-preview":"max-image-preview:large","max-video-preview":"max-video-preview:-1"},"canonical":"https:\/\/lfsusa.store\/es\/producto\/pase-el-cursor-sobre-la-imagen-para-ampliarla-gelopar-grb-23ev-gw-pr-refrigerador-para-cerveza-y-bebidas-frias\/","og_locale":"es_ES","og_type":"article","og_title":"Pase el cursor sobre la imagen para hacer zoom. Refrigerador para cerveza y bebidas fr\u00edas Gelopar GRB-23EV GW PR. | LuxeChef Food Service USA","og_description":"Nota: Este producto se encuentra en inventario disponible, el tiempo estimado de entrega es de 5 a 8 d\u00edas h\u00e1biles.  Refrigerador de cerveza y bebidas fr\u00edas  Luz LED incorporada.  3 estantes ajustables incluidos.  Ruedas bloqueables para facilitar el transporte.  Modelo: 80247.09.1","og_url":"https:\/\/lfsusa.store\/es\/producto\/pase-el-cursor-sobre-la-imagen-para-ampliarla-gelopar-grb-23ev-gw-pr-refrigerador-para-cerveza-y-bebidas-frias\/","og_site_name":"LuxeChef Food Service USA","og_image":[{"width":850,"height":850,"url":"https:\/\/lfsusa.store\/wp-content\/uploads\/2024\/02\/Gelopar-beer-and-cold-drinks-refrigerator.webp","type":"image\/webp"}],"twitter_card":"summary_large_image","twitter_misc":{"Tiempo de lectura":"1 minuto"},"schema":{"@context":"https:\/\/schema.org","@graph":[{"@type":"WebPage","@id":"https:\/\/lfsusa.store\/es\/producto\/pase-el-cursor-sobre-la-imagen-para-ampliarla-gelopar-grb-23ev-gw-pr-refrigerador-para-cerveza-y-bebidas-frias\/","url":"https:\/\/lfsusa.store\/es\/producto\/pase-el-cursor-sobre-la-imagen-para-ampliarla-gelopar-grb-23ev-gw-pr-refrigerador-para-cerveza-y-bebidas-frias\/","name":"Pase el cursor sobre la imagen para hacer zoom. Refrigerador para cerveza y bebidas fr\u00edas Gelopar GRB-23EV GW PR. | LuxeChef Food Service USA","isPartOf":{"@id":"https:\/\/lfsusa.store\/es\/#website"},"primaryImageOfPage":{"@id":"https:\/\/lfsusa.store\/es\/producto\/pase-el-cursor-sobre-la-imagen-para-ampliarla-gelopar-grb-23ev-gw-pr-refrigerador-para-cerveza-y-bebidas-frias\/#primaryimage"},"image":{"@id":"https:\/\/lfsusa.store\/es\/producto\/pase-el-cursor-sobre-la-imagen-para-ampliarla-gelopar-grb-23ev-gw-pr-refrigerador-para-cerveza-y-bebidas-frias\/#primaryimage"},"thumbnailUrl":"https:\/\/lfsusa.store\/wp-content\/uploads\/2024\/02\/Gelopar-beer-and-cold-drinks-refrigerator.webp","datePublished":"2024-02-12T19:48:28+00:00","breadcrumb":{"@id":"https:\/\/lfsusa.store\/es\/producto\/pase-el-cursor-sobre-la-imagen-para-ampliarla-gelopar-grb-23ev-gw-pr-refrigerador-para-cerveza-y-bebidas-frias\/#breadcrumb"},"inLanguage":"es","potentialAction":[{"@type":"ReadAction","target":["https:\/\/lfsusa.store\/es\/producto\/pase-el-cursor-sobre-la-imagen-para-ampliarla-gelopar-grb-23ev-gw-pr-refrigerador-para-cerveza-y-bebidas-frias\/"]}]},{"@type":"ImageObject","inLanguage":"es","@id":"https:\/\/lfsusa.store\/es\/producto\/pase-el-cursor-sobre-la-imagen-para-ampliarla-gelopar-grb-23ev-gw-pr-refrigerador-para-cerveza-y-bebidas-frias\/#primaryimage","url":"https:\/\/lfsusa.store\/wp-content\/uploads\/2024\/02\/Gelopar-beer-and-cold-drinks-refrigerator.webp","contentUrl":"https:\/\/lfsusa.store\/wp-content\/uploads\/2024\/02\/Gelopar-beer-and-cold-drinks-refrigerator.webp","width":850,"height":850},{"@type":"BreadcrumbList","@id":"https:\/\/lfsusa.store\/es\/producto\/pase-el-cursor-sobre-la-imagen-para-ampliarla-gelopar-grb-23ev-gw-pr-refrigerador-para-cerveza-y-bebidas-frias\/#breadcrumb","itemListElement":[{"@type":"ListItem","position":1,"name":"Home","item":"https:\/\/lfsusa.store\/es\/inicio-luxechef-food-service-usa\/"},{"@type":"ListItem","position":2,"name":"Tienda","item":"https:\/\/lfsusa.store\/es\/tienda\/"},{"@type":"ListItem","position":3,"name":"Pase el cursor sobre la imagen para hacer zoom. Refrigerador para cerveza y bebidas fr\u00edas Gelopar GRB-23EV GW PR."}]},{"@type":"WebSite","@id":"https:\/\/lfsusa.store\/es\/#website","url":"https:\/\/lfsusa.store\/es\/","name":"LuxeChef Food Service USA","description":"Shop restaurant supplies &amp; equipment products in our online restaurant supply store. Extremely fast shipping &amp; wholesale pricing from the #1 restaurant supply company!","publisher":{"@id":"https:\/\/lfsusa.store\/es\/#organization"},"alternateName":"LuxeChef Food Service USA","potentialAction":[{"@type":"SearchAction","target":{"@type":"EntryPoint","urlTemplate":"https:\/\/lfsusa.store\/es\/?s={search_term_string}"},"query-input":{"@type":"PropertyValueSpecification","valueRequired":true,"valueName":"search_term_string"}}],"inLanguage":"es"},{"@type":"Organization","@id":"https:\/\/lfsusa.store\/es\/#organization","name":"LuxeChef Food Service USA","alternateName":"LuxeChef Food Service","url":"https:\/\/lfsusa.store\/es\/","logo":{"@type":"ImageObject","inLanguage":"es","@id":"https:\/\/lfsusa.store\/es\/#\/schema\/logo\/image\/","url":"https:\/\/lfsusa.store\/wp-content\/uploads\/2025\/07\/luxe-chef-usa-696-696.jpg","contentUrl":"https:\/\/lfsusa.store\/wp-content\/uploads\/2025\/07\/luxe-chef-usa-696-696.jpg","width":696,"height":696,"caption":"LuxeChef Food Service USA"},"image":{"@id":"https:\/\/lfsusa.store\/es\/#\/schema\/logo\/image\/"}}]}},"_links":{"self":[{"href":"https:\/\/lfsusa.store\/es\/wp-json\/wp\/v2\/product\/27268","targetHints":{"allow":["GET"]}}],"collection":[{"href":"https:\/\/lfsusa.store\/es\/wp-json\/wp\/v2\/product"}],"about":[{"href":"https:\/\/lfsusa.store\/es\/wp-json\/wp\/v2\/types\/product"}],"version-history":[{"count":0,"href":"https:\/\/lfsusa.store\/es\/wp-json\/wp\/v2\/product\/27268\/revisions"}],"wp:featuredmedia":[{"embeddable":true,"href":"https:\/\/lfsusa.store\/es\/wp-json\/wp\/v2\/media\/22531"}],"wp:attachment":[{"href":"https:\/\/lfsusa.store\/es\/wp-json\/wp\/v2\/media?parent=27268"}],"wp:term":[{"taxonomy":"product_brand","embeddable":true,"href":"https:\/\/lfsusa.store\/es\/wp-json\/wp\/v2\/product_brand?post=27268"},{"taxonomy":"product_cat","embeddable":true,"href":"https:\/\/lfsusa.store\/es\/wp-json\/wp\/v2\/product_cat?post=27268"},{"taxonomy":"product_tag","embeddable":true,"href":"https:\/\/lfsusa.store\/es\/wp-json\/wp\/v2\/product_tag?post=27268"}],"curies":[{"name":"wp","href":"https:\/\/api.w.org\/{rel}","templated":true}]}}