{"id":27270,"date":"2024-02-12T14:47:36","date_gmt":"2024-02-12T19:47:36","guid":{"rendered":"https:\/\/lfsusa.store\/product\/maquina-de-granizados-my-granita-2s\/"},"modified":"2024-02-12T14:47:36","modified_gmt":"2024-02-12T19:47:36","slug":"maquina-de-granizados-my-granita-2s","status":"publish","type":"product","link":"https:\/\/lfsusa.store\/es\/producto\/maquina-de-granizados-my-granita-2s\/","title":{"rendered":"M\u00e1quina de granizados My Granita-2S"},"content":{"rendered":"<p><strong>Caracter\u00edsticas del producto<\/strong><\/p>\n<p>MyGranita puede servir varios tipos de bebidas fr\u00edas, como granizados, batidos, sorbetes y otras bebidas congeladas.<\/p>\n<ul class=\" list-paddingleft-2\">\n<li>De primera calidad y lujoso en dise\u00f1o.<\/li>\n<li>Recipiente de policarbonato antiagrietamiento de alta densidad de grado alimenticio, saludable y respetuoso con el medio ambiente.<\/li>\n<li>Alta calidad en compresor<\/li>\n<li>Luz LED en iluminaci\u00f3n.<\/li>\n<li>Bandeja de goteo con indicador de flotaci\u00f3n que avisa cuando est\u00e1 llena<\/li>\n<li>El sistema de control patentado por par con motor de CC sin escobillas garantiza un rendimiento excepcional en diferentes entornos. El avanzado controlador electr\u00f3nico de temperatura con pantalla digital indica con precisi\u00f3n la temperatura de las bebidas y cuenta con funciones inteligentes de protecci\u00f3n contra fallos. <\/li>\n<li>La t\u00e9cnica variable de semifrecuencia patentada que utiliza una v\u00e1lvula de expansi\u00f3n electr\u00f3nica controlada por VFD (variador de frecuencia) garantiza un excelente rendimiento de trabajo.<\/li>\n<li>Tanque y asa extra\u00edbles, f\u00e1cil limpieza.<\/li>\n<li>Refrigerante ecol\u00f3gico libre de CFC R404a o R290<\/li>\n<li>Voltaje y ciclos a solicitud<\/li>\n<li>Hay cuatro colores disponibles para el panel lateral: rojo, negro, gris oscuro y verde.<\/li>\n<\/ul>\n","protected":false},"excerpt":{"rendered":"<p>Caracter\u00edsticas del producto MyGranita puede servir varios tipos de bebidas fr\u00edas, como granizados, batidos, sorbetes y otras bebidas congeladas. De<\/p>\n","protected":false},"featured_media":22517,"template":"","meta":[],"product_brand":[],"product_cat":[3418],"product_tag":[],"class_list":{"0":"post-27270","1":"product","2":"type-product","3":"status-publish","4":"has-post-thumbnail","6":"product_cat-maquina-de-granizado","8":"first","9":"instock","10":"taxable","11":"shipping-taxable","12":"purchasable","13":"product-type-simple"},"yoast_head":"<!-- This site is optimized with the Yoast SEO plugin v26.7 - https:\/\/yoast.com\/wordpress\/plugins\/seo\/ -->\n<title>M\u00e1quina de granizados My Granita-2S | LuxeChef Food Service USA<\/title>\n<meta name=\"robots\" content=\"index, follow, max-snippet:-1, max-image-preview:large, max-video-preview:-1\" \/>\n<link rel=\"canonical\" href=\"https:\/\/lfsusa.store\/es\/producto\/maquina-de-granizados-my-granita-2s\/\" \/>\n<meta property=\"og:locale\" content=\"es_ES\" \/>\n<meta property=\"og:type\" content=\"article\" \/>\n<meta property=\"og:title\" content=\"M\u00e1quina de granizados My Granita-2S | LuxeChef Food Service USA\" \/>\n<meta property=\"og:description\" content=\"Caracter\u00edsticas del producto MyGranita puede servir varios tipos de bebidas fr\u00edas, como granizados, batidos, sorbetes y otras bebidas congeladas. De\" \/>\n<meta property=\"og:url\" content=\"https:\/\/lfsusa.store\/es\/producto\/maquina-de-granizados-my-granita-2s\/\" \/>\n<meta property=\"og:site_name\" content=\"LuxeChef Food Service USA\" \/>\n<meta property=\"og:image\" content=\"https:\/\/lfsusa.store\/wp-content\/uploads\/2024\/02\/Slush-Machine-My-Granita-2S.jpg\" \/>\n\t<meta property=\"og:image:width\" content=\"900\" \/>\n\t<meta property=\"og:image:height\" content=\"900\" \/>\n\t<meta property=\"og:image:type\" content=\"image\/jpeg\" \/>\n<meta name=\"twitter:card\" content=\"summary_large_image\" \/>\n<meta name=\"twitter:label1\" content=\"Tiempo de lectura\" \/>\n\t<meta name=\"twitter:data1\" content=\"1 minuto\" \/>\n<script type=\"application\/ld+json\" class=\"yoast-schema-graph\">{\"@context\":\"https:\/\/schema.org\",\"@graph\":[{\"@type\":\"WebPage\",\"@id\":\"https:\/\/lfsusa.store\/es\/producto\/maquina-de-granizados-my-granita-2s\/\",\"url\":\"https:\/\/lfsusa.store\/es\/producto\/maquina-de-granizados-my-granita-2s\/\",\"name\":\"M\u00e1quina de granizados My Granita-2S | LuxeChef Food Service USA\",\"isPartOf\":{\"@id\":\"https:\/\/lfsusa.store\/es\/#website\"},\"primaryImageOfPage\":{\"@id\":\"https:\/\/lfsusa.store\/es\/producto\/maquina-de-granizados-my-granita-2s\/#primaryimage\"},\"image\":{\"@id\":\"https:\/\/lfsusa.store\/es\/producto\/maquina-de-granizados-my-granita-2s\/#primaryimage\"},\"thumbnailUrl\":\"https:\/\/lfsusa.store\/wp-content\/uploads\/2024\/02\/Slush-Machine-My-Granita-2S.jpg\",\"datePublished\":\"2024-02-12T19:47:36+00:00\",\"breadcrumb\":{\"@id\":\"https:\/\/lfsusa.store\/es\/producto\/maquina-de-granizados-my-granita-2s\/#breadcrumb\"},\"inLanguage\":\"es\",\"potentialAction\":[{\"@type\":\"ReadAction\",\"target\":[\"https:\/\/lfsusa.store\/es\/producto\/maquina-de-granizados-my-granita-2s\/\"]}]},{\"@type\":\"ImageObject\",\"inLanguage\":\"es\",\"@id\":\"https:\/\/lfsusa.store\/es\/producto\/maquina-de-granizados-my-granita-2s\/#primaryimage\",\"url\":\"https:\/\/lfsusa.store\/wp-content\/uploads\/2024\/02\/Slush-Machine-My-Granita-2S.jpg\",\"contentUrl\":\"https:\/\/lfsusa.store\/wp-content\/uploads\/2024\/02\/Slush-Machine-My-Granita-2S.jpg\",\"width\":900,\"height\":900},{\"@type\":\"BreadcrumbList\",\"@id\":\"https:\/\/lfsusa.store\/es\/producto\/maquina-de-granizados-my-granita-2s\/#breadcrumb\",\"itemListElement\":[{\"@type\":\"ListItem\",\"position\":1,\"name\":\"Home\",\"item\":\"https:\/\/lfsusa.store\/es\/inicio-luxechef-food-service-usa\/\"},{\"@type\":\"ListItem\",\"position\":2,\"name\":\"Tienda\",\"item\":\"https:\/\/lfsusa.store\/es\/tienda\/\"},{\"@type\":\"ListItem\",\"position\":3,\"name\":\"M\u00e1quina de granizados My Granita-2S\"}]},{\"@type\":\"WebSite\",\"@id\":\"https:\/\/lfsusa.store\/es\/#website\",\"url\":\"https:\/\/lfsusa.store\/es\/\",\"name\":\"LuxeChef Food Service USA\",\"description\":\"Shop restaurant supplies &amp; equipment products in our online restaurant supply store. Extremely fast shipping &amp; wholesale pricing from the #1 restaurant supply company!\",\"publisher\":{\"@id\":\"https:\/\/lfsusa.store\/es\/#organization\"},\"alternateName\":\"LuxeChef Food Service USA\",\"potentialAction\":[{\"@type\":\"SearchAction\",\"target\":{\"@type\":\"EntryPoint\",\"urlTemplate\":\"https:\/\/lfsusa.store\/es\/?s={search_term_string}\"},\"query-input\":{\"@type\":\"PropertyValueSpecification\",\"valueRequired\":true,\"valueName\":\"search_term_string\"}}],\"inLanguage\":\"es\"},{\"@type\":\"Organization\",\"@id\":\"https:\/\/lfsusa.store\/es\/#organization\",\"name\":\"LuxeChef Food Service USA\",\"alternateName\":\"LuxeChef Food Service\",\"url\":\"https:\/\/lfsusa.store\/es\/\",\"logo\":{\"@type\":\"ImageObject\",\"inLanguage\":\"es\",\"@id\":\"https:\/\/lfsusa.store\/es\/#\/schema\/logo\/image\/\",\"url\":\"https:\/\/lfsusa.store\/wp-content\/uploads\/2025\/07\/luxe-chef-usa-696-696.jpg\",\"contentUrl\":\"https:\/\/lfsusa.store\/wp-content\/uploads\/2025\/07\/luxe-chef-usa-696-696.jpg\",\"width\":696,\"height\":696,\"caption\":\"LuxeChef Food Service USA\"},\"image\":{\"@id\":\"https:\/\/lfsusa.store\/es\/#\/schema\/logo\/image\/\"}}]}<\/script>\n<!-- \/ Yoast SEO plugin. -->","yoast_head_json":{"title":"M\u00e1quina de granizados My Granita-2S | LuxeChef Food Service USA","robots":{"index":"index","follow":"follow","max-snippet":"max-snippet:-1","max-image-preview":"max-image-preview:large","max-video-preview":"max-video-preview:-1"},"canonical":"https:\/\/lfsusa.store\/es\/producto\/maquina-de-granizados-my-granita-2s\/","og_locale":"es_ES","og_type":"article","og_title":"M\u00e1quina de granizados My Granita-2S | LuxeChef Food Service USA","og_description":"Caracter\u00edsticas del producto MyGranita puede servir varios tipos de bebidas fr\u00edas, como granizados, batidos, sorbetes y otras bebidas congeladas. De","og_url":"https:\/\/lfsusa.store\/es\/producto\/maquina-de-granizados-my-granita-2s\/","og_site_name":"LuxeChef Food Service USA","og_image":[{"width":900,"height":900,"url":"https:\/\/lfsusa.store\/wp-content\/uploads\/2024\/02\/Slush-Machine-My-Granita-2S.jpg","type":"image\/jpeg"}],"twitter_card":"summary_large_image","twitter_misc":{"Tiempo de lectura":"1 minuto"},"schema":{"@context":"https:\/\/schema.org","@graph":[{"@type":"WebPage","@id":"https:\/\/lfsusa.store\/es\/producto\/maquina-de-granizados-my-granita-2s\/","url":"https:\/\/lfsusa.store\/es\/producto\/maquina-de-granizados-my-granita-2s\/","name":"M\u00e1quina de granizados My Granita-2S | LuxeChef Food Service USA","isPartOf":{"@id":"https:\/\/lfsusa.store\/es\/#website"},"primaryImageOfPage":{"@id":"https:\/\/lfsusa.store\/es\/producto\/maquina-de-granizados-my-granita-2s\/#primaryimage"},"image":{"@id":"https:\/\/lfsusa.store\/es\/producto\/maquina-de-granizados-my-granita-2s\/#primaryimage"},"thumbnailUrl":"https:\/\/lfsusa.store\/wp-content\/uploads\/2024\/02\/Slush-Machine-My-Granita-2S.jpg","datePublished":"2024-02-12T19:47:36+00:00","breadcrumb":{"@id":"https:\/\/lfsusa.store\/es\/producto\/maquina-de-granizados-my-granita-2s\/#breadcrumb"},"inLanguage":"es","potentialAction":[{"@type":"ReadAction","target":["https:\/\/lfsusa.store\/es\/producto\/maquina-de-granizados-my-granita-2s\/"]}]},{"@type":"ImageObject","inLanguage":"es","@id":"https:\/\/lfsusa.store\/es\/producto\/maquina-de-granizados-my-granita-2s\/#primaryimage","url":"https:\/\/lfsusa.store\/wp-content\/uploads\/2024\/02\/Slush-Machine-My-Granita-2S.jpg","contentUrl":"https:\/\/lfsusa.store\/wp-content\/uploads\/2024\/02\/Slush-Machine-My-Granita-2S.jpg","width":900,"height":900},{"@type":"BreadcrumbList","@id":"https:\/\/lfsusa.store\/es\/producto\/maquina-de-granizados-my-granita-2s\/#breadcrumb","itemListElement":[{"@type":"ListItem","position":1,"name":"Home","item":"https:\/\/lfsusa.store\/es\/inicio-luxechef-food-service-usa\/"},{"@type":"ListItem","position":2,"name":"Tienda","item":"https:\/\/lfsusa.store\/es\/tienda\/"},{"@type":"ListItem","position":3,"name":"M\u00e1quina de granizados My Granita-2S"}]},{"@type":"WebSite","@id":"https:\/\/lfsusa.store\/es\/#website","url":"https:\/\/lfsusa.store\/es\/","name":"LuxeChef Food Service USA","description":"Shop restaurant supplies &amp; equipment products in our online restaurant supply store. Extremely fast shipping &amp; wholesale pricing from the #1 restaurant supply company!","publisher":{"@id":"https:\/\/lfsusa.store\/es\/#organization"},"alternateName":"LuxeChef Food Service USA","potentialAction":[{"@type":"SearchAction","target":{"@type":"EntryPoint","urlTemplate":"https:\/\/lfsusa.store\/es\/?s={search_term_string}"},"query-input":{"@type":"PropertyValueSpecification","valueRequired":true,"valueName":"search_term_string"}}],"inLanguage":"es"},{"@type":"Organization","@id":"https:\/\/lfsusa.store\/es\/#organization","name":"LuxeChef Food Service USA","alternateName":"LuxeChef Food Service","url":"https:\/\/lfsusa.store\/es\/","logo":{"@type":"ImageObject","inLanguage":"es","@id":"https:\/\/lfsusa.store\/es\/#\/schema\/logo\/image\/","url":"https:\/\/lfsusa.store\/wp-content\/uploads\/2025\/07\/luxe-chef-usa-696-696.jpg","contentUrl":"https:\/\/lfsusa.store\/wp-content\/uploads\/2025\/07\/luxe-chef-usa-696-696.jpg","width":696,"height":696,"caption":"LuxeChef Food Service USA"},"image":{"@id":"https:\/\/lfsusa.store\/es\/#\/schema\/logo\/image\/"}}]}},"_links":{"self":[{"href":"https:\/\/lfsusa.store\/es\/wp-json\/wp\/v2\/product\/27270","targetHints":{"allow":["GET"]}}],"collection":[{"href":"https:\/\/lfsusa.store\/es\/wp-json\/wp\/v2\/product"}],"about":[{"href":"https:\/\/lfsusa.store\/es\/wp-json\/wp\/v2\/types\/product"}],"version-history":[{"count":0,"href":"https:\/\/lfsusa.store\/es\/wp-json\/wp\/v2\/product\/27270\/revisions"}],"wp:featuredmedia":[{"embeddable":true,"href":"https:\/\/lfsusa.store\/es\/wp-json\/wp\/v2\/media\/22517"}],"wp:attachment":[{"href":"https:\/\/lfsusa.store\/es\/wp-json\/wp\/v2\/media?parent=27270"}],"wp:term":[{"taxonomy":"product_brand","embeddable":true,"href":"https:\/\/lfsusa.store\/es\/wp-json\/wp\/v2\/product_brand?post=27270"},{"taxonomy":"product_cat","embeddable":true,"href":"https:\/\/lfsusa.store\/es\/wp-json\/wp\/v2\/product_cat?post=27270"},{"taxonomy":"product_tag","embeddable":true,"href":"https:\/\/lfsusa.store\/es\/wp-json\/wp\/v2\/product_tag?post=27270"}],"curies":[{"name":"wp","href":"https:\/\/api.w.org\/{rel}","templated":true}]}}