{"id":27298,"date":"2024-02-12T14:46:45","date_gmt":"2024-02-12T19:46:45","guid":{"rendered":"https:\/\/lfsusa.store\/product\/maquina-de-helados\/"},"modified":"2024-02-12T14:46:45","modified_gmt":"2024-02-12T19:46:45","slug":"maquina-de-helados","status":"publish","type":"product","link":"https:\/\/lfsusa.store\/es\/producto\/maquina-de-helados\/","title":{"rendered":"M\u00e1quina de helado"},"content":{"rendered":"<p><strong>Caracter\u00edsticas del producto<\/strong><\/p>\n<ul>\n<li>Sistema de control inteligente<\/li>\n<li>Detecci\u00f3n infrarroja<\/li>\n<li>Pasteurizaci\u00f3n, 14 d\u00edas sin limpieza<\/li>\n<li>Sistema de soplado tipo engranaje<\/li>\n<li>Dispositivo de agitaci\u00f3n magn\u00e9tico<\/li>\n<li>Alarma por la escasez de ingredientes<\/li>\n<li>Utilizando la tecnolog\u00eda de motor DD m\u00e1s avanzada, en lugar de caja de cambios<\/li>\n<li>Funci\u00f3n de preenfriamiento independiente, que controla la temperatura entre 1 \u2103 y 4 \u2103.<\/li>\n<\/ul>\n","protected":false},"excerpt":{"rendered":"<p>Caracter\u00edsticas del producto Sistema de control inteligente Detecci\u00f3n infrarroja Pasteurizaci\u00f3n, 14 d\u00edas sin limpieza Sistema de soplado tipo engranaje Dispositivo<\/p>\n","protected":false},"featured_media":22497,"template":"","meta":[],"product_brand":[],"product_cat":[3417],"product_tag":[],"class_list":{"0":"post-27298","1":"product","2":"type-product","3":"status-publish","4":"has-post-thumbnail","6":"product_cat-maquinaria-para-bebidas","8":"first","9":"instock","10":"taxable","11":"shipping-taxable","12":"purchasable","13":"product-type-simple"},"yoast_head":"<!-- This site is optimized with the Yoast SEO plugin v26.7 - https:\/\/yoast.com\/wordpress\/plugins\/seo\/ -->\n<title>M\u00e1quina de helado | LuxeChef Food Service USA<\/title>\n<meta name=\"robots\" content=\"index, follow, max-snippet:-1, max-image-preview:large, max-video-preview:-1\" \/>\n<link rel=\"canonical\" href=\"https:\/\/lfsusa.store\/es\/producto\/maquina-de-helados\/\" \/>\n<meta property=\"og:locale\" content=\"es_ES\" \/>\n<meta property=\"og:type\" content=\"article\" \/>\n<meta property=\"og:title\" content=\"M\u00e1quina de helado | LuxeChef Food Service USA\" \/>\n<meta property=\"og:description\" content=\"Caracter\u00edsticas del producto Sistema de control inteligente Detecci\u00f3n infrarroja Pasteurizaci\u00f3n, 14 d\u00edas sin limpieza Sistema de soplado tipo engranaje Dispositivo\" \/>\n<meta property=\"og:url\" content=\"https:\/\/lfsusa.store\/es\/producto\/maquina-de-helados\/\" \/>\n<meta property=\"og:site_name\" content=\"LuxeChef Food Service USA\" \/>\n<meta property=\"og:image\" content=\"https:\/\/lfsusa.store\/wp-content\/uploads\/2024\/02\/Ice-Cream-Machine.jpg\" \/>\n\t<meta property=\"og:image:width\" content=\"900\" \/>\n\t<meta property=\"og:image:height\" content=\"900\" \/>\n\t<meta property=\"og:image:type\" content=\"image\/jpeg\" \/>\n<meta name=\"twitter:card\" content=\"summary_large_image\" \/>\n<script type=\"application\/ld+json\" class=\"yoast-schema-graph\">{\"@context\":\"https:\/\/schema.org\",\"@graph\":[{\"@type\":\"WebPage\",\"@id\":\"https:\/\/lfsusa.store\/es\/producto\/maquina-de-helados\/\",\"url\":\"https:\/\/lfsusa.store\/es\/producto\/maquina-de-helados\/\",\"name\":\"M\u00e1quina de helado | LuxeChef Food Service USA\",\"isPartOf\":{\"@id\":\"https:\/\/lfsusa.store\/es\/#website\"},\"primaryImageOfPage\":{\"@id\":\"https:\/\/lfsusa.store\/es\/producto\/maquina-de-helados\/#primaryimage\"},\"image\":{\"@id\":\"https:\/\/lfsusa.store\/es\/producto\/maquina-de-helados\/#primaryimage\"},\"thumbnailUrl\":\"https:\/\/lfsusa.store\/wp-content\/uploads\/2024\/02\/Ice-Cream-Machine.jpg\",\"datePublished\":\"2024-02-12T19:46:45+00:00\",\"breadcrumb\":{\"@id\":\"https:\/\/lfsusa.store\/es\/producto\/maquina-de-helados\/#breadcrumb\"},\"inLanguage\":\"es\",\"potentialAction\":[{\"@type\":\"ReadAction\",\"target\":[\"https:\/\/lfsusa.store\/es\/producto\/maquina-de-helados\/\"]}]},{\"@type\":\"ImageObject\",\"inLanguage\":\"es\",\"@id\":\"https:\/\/lfsusa.store\/es\/producto\/maquina-de-helados\/#primaryimage\",\"url\":\"https:\/\/lfsusa.store\/wp-content\/uploads\/2024\/02\/Ice-Cream-Machine.jpg\",\"contentUrl\":\"https:\/\/lfsusa.store\/wp-content\/uploads\/2024\/02\/Ice-Cream-Machine.jpg\",\"width\":900,\"height\":900},{\"@type\":\"BreadcrumbList\",\"@id\":\"https:\/\/lfsusa.store\/es\/producto\/maquina-de-helados\/#breadcrumb\",\"itemListElement\":[{\"@type\":\"ListItem\",\"position\":1,\"name\":\"Home\",\"item\":\"https:\/\/lfsusa.store\/es\/inicio-luxechef-food-service-usa\/\"},{\"@type\":\"ListItem\",\"position\":2,\"name\":\"Tienda\",\"item\":\"https:\/\/lfsusa.store\/es\/tienda\/\"},{\"@type\":\"ListItem\",\"position\":3,\"name\":\"M\u00e1quina de helado\"}]},{\"@type\":\"WebSite\",\"@id\":\"https:\/\/lfsusa.store\/es\/#website\",\"url\":\"https:\/\/lfsusa.store\/es\/\",\"name\":\"LuxeChef Food Service USA\",\"description\":\"Shop restaurant supplies &amp; equipment products in our online restaurant supply store. Extremely fast shipping &amp; wholesale pricing from the #1 restaurant supply company!\",\"publisher\":{\"@id\":\"https:\/\/lfsusa.store\/es\/#organization\"},\"alternateName\":\"LuxeChef Food Service USA\",\"potentialAction\":[{\"@type\":\"SearchAction\",\"target\":{\"@type\":\"EntryPoint\",\"urlTemplate\":\"https:\/\/lfsusa.store\/es\/?s={search_term_string}\"},\"query-input\":{\"@type\":\"PropertyValueSpecification\",\"valueRequired\":true,\"valueName\":\"search_term_string\"}}],\"inLanguage\":\"es\"},{\"@type\":\"Organization\",\"@id\":\"https:\/\/lfsusa.store\/es\/#organization\",\"name\":\"LuxeChef Food Service USA\",\"alternateName\":\"LuxeChef Food Service\",\"url\":\"https:\/\/lfsusa.store\/es\/\",\"logo\":{\"@type\":\"ImageObject\",\"inLanguage\":\"es\",\"@id\":\"https:\/\/lfsusa.store\/es\/#\/schema\/logo\/image\/\",\"url\":\"https:\/\/lfsusa.store\/wp-content\/uploads\/2025\/07\/luxe-chef-usa-696-696.jpg\",\"contentUrl\":\"https:\/\/lfsusa.store\/wp-content\/uploads\/2025\/07\/luxe-chef-usa-696-696.jpg\",\"width\":696,\"height\":696,\"caption\":\"LuxeChef Food Service USA\"},\"image\":{\"@id\":\"https:\/\/lfsusa.store\/es\/#\/schema\/logo\/image\/\"}}]}<\/script>\n<!-- \/ Yoast SEO plugin. -->","yoast_head_json":{"title":"M\u00e1quina de helado | LuxeChef Food Service USA","robots":{"index":"index","follow":"follow","max-snippet":"max-snippet:-1","max-image-preview":"max-image-preview:large","max-video-preview":"max-video-preview:-1"},"canonical":"https:\/\/lfsusa.store\/es\/producto\/maquina-de-helados\/","og_locale":"es_ES","og_type":"article","og_title":"M\u00e1quina de helado | LuxeChef Food Service USA","og_description":"Caracter\u00edsticas del producto Sistema de control inteligente Detecci\u00f3n infrarroja Pasteurizaci\u00f3n, 14 d\u00edas sin limpieza Sistema de soplado tipo engranaje Dispositivo","og_url":"https:\/\/lfsusa.store\/es\/producto\/maquina-de-helados\/","og_site_name":"LuxeChef Food Service USA","og_image":[{"width":900,"height":900,"url":"https:\/\/lfsusa.store\/wp-content\/uploads\/2024\/02\/Ice-Cream-Machine.jpg","type":"image\/jpeg"}],"twitter_card":"summary_large_image","schema":{"@context":"https:\/\/schema.org","@graph":[{"@type":"WebPage","@id":"https:\/\/lfsusa.store\/es\/producto\/maquina-de-helados\/","url":"https:\/\/lfsusa.store\/es\/producto\/maquina-de-helados\/","name":"M\u00e1quina de helado | LuxeChef Food Service USA","isPartOf":{"@id":"https:\/\/lfsusa.store\/es\/#website"},"primaryImageOfPage":{"@id":"https:\/\/lfsusa.store\/es\/producto\/maquina-de-helados\/#primaryimage"},"image":{"@id":"https:\/\/lfsusa.store\/es\/producto\/maquina-de-helados\/#primaryimage"},"thumbnailUrl":"https:\/\/lfsusa.store\/wp-content\/uploads\/2024\/02\/Ice-Cream-Machine.jpg","datePublished":"2024-02-12T19:46:45+00:00","breadcrumb":{"@id":"https:\/\/lfsusa.store\/es\/producto\/maquina-de-helados\/#breadcrumb"},"inLanguage":"es","potentialAction":[{"@type":"ReadAction","target":["https:\/\/lfsusa.store\/es\/producto\/maquina-de-helados\/"]}]},{"@type":"ImageObject","inLanguage":"es","@id":"https:\/\/lfsusa.store\/es\/producto\/maquina-de-helados\/#primaryimage","url":"https:\/\/lfsusa.store\/wp-content\/uploads\/2024\/02\/Ice-Cream-Machine.jpg","contentUrl":"https:\/\/lfsusa.store\/wp-content\/uploads\/2024\/02\/Ice-Cream-Machine.jpg","width":900,"height":900},{"@type":"BreadcrumbList","@id":"https:\/\/lfsusa.store\/es\/producto\/maquina-de-helados\/#breadcrumb","itemListElement":[{"@type":"ListItem","position":1,"name":"Home","item":"https:\/\/lfsusa.store\/es\/inicio-luxechef-food-service-usa\/"},{"@type":"ListItem","position":2,"name":"Tienda","item":"https:\/\/lfsusa.store\/es\/tienda\/"},{"@type":"ListItem","position":3,"name":"M\u00e1quina de helado"}]},{"@type":"WebSite","@id":"https:\/\/lfsusa.store\/es\/#website","url":"https:\/\/lfsusa.store\/es\/","name":"LuxeChef Food Service USA","description":"Shop restaurant supplies &amp; equipment products in our online restaurant supply store. Extremely fast shipping &amp; wholesale pricing from the #1 restaurant supply company!","publisher":{"@id":"https:\/\/lfsusa.store\/es\/#organization"},"alternateName":"LuxeChef Food Service USA","potentialAction":[{"@type":"SearchAction","target":{"@type":"EntryPoint","urlTemplate":"https:\/\/lfsusa.store\/es\/?s={search_term_string}"},"query-input":{"@type":"PropertyValueSpecification","valueRequired":true,"valueName":"search_term_string"}}],"inLanguage":"es"},{"@type":"Organization","@id":"https:\/\/lfsusa.store\/es\/#organization","name":"LuxeChef Food Service USA","alternateName":"LuxeChef Food Service","url":"https:\/\/lfsusa.store\/es\/","logo":{"@type":"ImageObject","inLanguage":"es","@id":"https:\/\/lfsusa.store\/es\/#\/schema\/logo\/image\/","url":"https:\/\/lfsusa.store\/wp-content\/uploads\/2025\/07\/luxe-chef-usa-696-696.jpg","contentUrl":"https:\/\/lfsusa.store\/wp-content\/uploads\/2025\/07\/luxe-chef-usa-696-696.jpg","width":696,"height":696,"caption":"LuxeChef Food Service USA"},"image":{"@id":"https:\/\/lfsusa.store\/es\/#\/schema\/logo\/image\/"}}]}},"_links":{"self":[{"href":"https:\/\/lfsusa.store\/es\/wp-json\/wp\/v2\/product\/27298","targetHints":{"allow":["GET"]}}],"collection":[{"href":"https:\/\/lfsusa.store\/es\/wp-json\/wp\/v2\/product"}],"about":[{"href":"https:\/\/lfsusa.store\/es\/wp-json\/wp\/v2\/types\/product"}],"version-history":[{"count":0,"href":"https:\/\/lfsusa.store\/es\/wp-json\/wp\/v2\/product\/27298\/revisions"}],"wp:featuredmedia":[{"embeddable":true,"href":"https:\/\/lfsusa.store\/es\/wp-json\/wp\/v2\/media\/22497"}],"wp:attachment":[{"href":"https:\/\/lfsusa.store\/es\/wp-json\/wp\/v2\/media?parent=27298"}],"wp:term":[{"taxonomy":"product_brand","embeddable":true,"href":"https:\/\/lfsusa.store\/es\/wp-json\/wp\/v2\/product_brand?post=27298"},{"taxonomy":"product_cat","embeddable":true,"href":"https:\/\/lfsusa.store\/es\/wp-json\/wp\/v2\/product_cat?post=27298"},{"taxonomy":"product_tag","embeddable":true,"href":"https:\/\/lfsusa.store\/es\/wp-json\/wp\/v2\/product_tag?post=27298"}],"curies":[{"name":"wp","href":"https:\/\/api.w.org\/{rel}","templated":true}]}}