{"id":27344,"date":"2024-02-12T14:42:31","date_gmt":"2024-02-12T19:42:31","guid":{"rendered":"https:\/\/lfsusa.store\/product\/enfriador-congelador-de-mostrador-pw7-6t3hhh-con-unidad-de-condensacion-remota\/"},"modified":"2024-02-12T14:42:31","modified_gmt":"2024-02-12T19:42:31","slug":"enfriador-congelador-de-mostrador-pw7-6t3hhh-con-unidad-de-condensacion-remota","status":"publish","type":"product","link":"https:\/\/lfsusa.store\/es\/producto\/enfriador-congelador-de-mostrador-pw7-6t3hhh-con-unidad-de-condensacion-remota\/","title":{"rendered":"PW7\/6T3HHH-S|Enfriador y congelador de mostrador con unidad de condensaci\u00f3n remota"},"content":{"rendered":"<p><strong>Caracter\u00edsticas del producto<\/strong><\/p>\n<ul>\n<li><strong>Modelos: M-PW7T3HHH-S \/ M-PW7T3HHH-S \/ M-PW7T3HHH-S<\/strong><\/li>\n<li>Bandeja GN dise\u00f1ada.<\/li>\n<li>Acabado exterior e interior de acero inoxidable de grado 304 Seguro para alimentos, duradero y de f\u00e1cil limpieza Proporciona propiedades de alta resistencia a la corrosi\u00f3n, garantiza que se cumplan los est\u00e1ndares de seguridad alimentaria<\/li>\n<li>Dise\u00f1o de esquinas redondeadas, f\u00e1cil de limpiar.<\/li>\n<li>Espuma aislante de alta densidad de 75 mm de espesor con cero ODP (potencial de agotamiento de la capa de ozono) y bajo GWP (potencial de calentamiento global)<\/li>\n<li>Correderas de bandeja antivuelco ajustables, compatibles con el dise\u00f1o GN<\/li>\n<li>El evaporador con aletas recubiertas proporciona altas propiedades de resistencia a la corrosi\u00f3n.<\/li>\n<li>Junta de puerta extra\u00edble, f\u00e1cil de reemplazar los calentadores en el interior.<\/li>\n<li>Dise\u00f1o de puertas con cierre autom\u00e1tico para evitar la entrada de calor y reducir el consumo de energ\u00eda.<\/li>\n<li>La apertura de la puerta de m\u00e1s de 90\u00b0 permite una f\u00e1cil carga y control de existencias.<\/li>\n<li>T\u00e9cnica variable de semifrecuencia patentada que utiliza una v\u00e1lvula de expansi\u00f3n electr\u00f3nica controlada por VFD (variador de frecuencia), que puede ajustar autom\u00e1ticamente los par\u00e1metros operativos, garantizar un excelente rendimiento de trabajo y un menor consumo de energ\u00eda.<\/li>\n<li>El sistema de control desarrollado por nosotros puede examinar los fallos autom\u00e1ticamente y mostrar los c\u00f3digos relativos en el controlador digital, lo que hace que el mantenimiento sea mucho m\u00e1s f\u00e1cil y efectivo.<\/li>\n<li>El sistema de enfriamiento de aire forzado garantiza una circulaci\u00f3n de aire efectiva.<\/li>\n<li>La descongelaci\u00f3n por gas caliente garantiza que el evaporador funcione a su rendimiento \u00f3ptimo.<\/li>\n<li>Vaporiza autom\u00e1ticamente el agua de descongelaci\u00f3n, no se requiere drenaje.<\/li>\n<li>La alarma sonora y visual Er4 de puerta abierta (m\u00e1s de 3 minutos) para congelador garantiza la calidad de los alimentos y minimiza el consumo de energ\u00eda.<\/li>\n<li>El motor del ventilador del evaporador se detiene una vez que se abre la puerta para reducir el consumo de energ\u00eda.<\/li>\n<li>Sistema de enfriamiento independiente extra\u00edble y patentado montado en la parte superior, toda la unidad se puede reemplazar por una nueva inmediatamente. La unidad de casete con diferentes rangos de temperatura intercambiables permite una aplicaci\u00f3n flexible y tambi\u00e9n es f\u00e1cil de mantener.<\/li>\n<li>Sistema de evaporaci\u00f3n montado en la parte superior con evaporador oculto, maximiza la capacidad interna y facilita el mantenimiento.<\/li>\n<li>Refrigerante ecol\u00f3gico sin CFC (R134a\/R290)<\/li>\n<li>Dise\u00f1ado y fabricado para funcionar desde 0 \u00b0C hasta 43 \u00b0C de temperatura ambiente.<\/li>\n<li>Si se solicita, se puede cambiar la media puerta por dos cajones. El riel es bimodal de acero inoxidable complejo y admite una carga de 50 kg. <\/li>\n<li>Puerta de cristal ITO opcional. Anticondensaci\u00f3n y visibilidad clara. <\/li>\n<li>Patas o ruedas regulables bajo pedido.<\/li>\n<li>Hecho en china<\/li>\n<\/ul>\n","protected":false},"excerpt":{"rendered":"<pre id=\"tw-target-text\" class=\"tw-data-text tw-text-large tw-ta\" dir=\"ltr\" data-placeholder=\"Traducci\u00f3n\"><\/pre>\n<p class=\"nonFullWidth\">\n","protected":false},"featured_media":22443,"template":"","meta":[],"product_brand":[],"product_cat":[3428],"product_tag":[1920,1924],"class_list":{"0":"post-27344","1":"product","2":"type-product","3":"status-publish","4":"has-post-thumbnail","6":"product_cat-enfriadores-y-congeladores-de-mostrador-al-por-mayor","7":"product_tag-disponible-solo-para-latinoamerica","8":"product_tag-venta-al-por-mayor-1","10":"first","11":"instock","12":"taxable","13":"shipping-taxable","14":"purchasable","15":"product-type-simple"},"yoast_head":"<!-- This site is optimized with the Yoast SEO plugin v26.7 - https:\/\/yoast.com\/wordpress\/plugins\/seo\/ -->\n<title>PW7\/6T3HHH-S|Enfriador y congelador de mostrador con unidad de condensaci\u00f3n remota | LuxeChef Food Service USA<\/title>\n<meta name=\"robots\" content=\"index, follow, max-snippet:-1, max-image-preview:large, max-video-preview:-1\" \/>\n<link rel=\"canonical\" href=\"https:\/\/lfsusa.store\/es\/producto\/enfriador-congelador-de-mostrador-pw7-6t3hhh-con-unidad-de-condensacion-remota\/\" \/>\n<meta property=\"og:locale\" content=\"es_ES\" \/>\n<meta property=\"og:type\" content=\"article\" \/>\n<meta property=\"og:title\" content=\"PW7\/6T3HHH-S|Enfriador y congelador de mostrador con unidad de condensaci\u00f3n remota | LuxeChef Food Service USA\" \/>\n<meta property=\"og:url\" content=\"https:\/\/lfsusa.store\/es\/producto\/enfriador-congelador-de-mostrador-pw7-6t3hhh-con-unidad-de-condensacion-remota\/\" \/>\n<meta property=\"og:site_name\" content=\"LuxeChef Food Service USA\" \/>\n<meta property=\"og:image\" content=\"https:\/\/lfsusa.store\/wp-content\/uploads\/2024\/02\/Counter-Chiller-Freezer-with-Remote-Condensation-Unit-PW76T3HHH-S.jpg\" \/>\n\t<meta property=\"og:image:width\" content=\"900\" \/>\n\t<meta property=\"og:image:height\" content=\"900\" \/>\n\t<meta property=\"og:image:type\" content=\"image\/jpeg\" \/>\n<meta name=\"twitter:card\" content=\"summary_large_image\" \/>\n<meta name=\"twitter:label1\" content=\"Tiempo de lectura\" \/>\n\t<meta name=\"twitter:data1\" content=\"2 minutos\" \/>\n<script type=\"application\/ld+json\" class=\"yoast-schema-graph\">{\"@context\":\"https:\/\/schema.org\",\"@graph\":[{\"@type\":\"WebPage\",\"@id\":\"https:\/\/lfsusa.store\/es\/producto\/enfriador-congelador-de-mostrador-pw7-6t3hhh-con-unidad-de-condensacion-remota\/\",\"url\":\"https:\/\/lfsusa.store\/es\/producto\/enfriador-congelador-de-mostrador-pw7-6t3hhh-con-unidad-de-condensacion-remota\/\",\"name\":\"PW7\/6T3HHH-S|Enfriador y congelador de mostrador con unidad de condensaci\u00f3n remota | LuxeChef Food Service USA\",\"isPartOf\":{\"@id\":\"https:\/\/lfsusa.store\/es\/#website\"},\"primaryImageOfPage\":{\"@id\":\"https:\/\/lfsusa.store\/es\/producto\/enfriador-congelador-de-mostrador-pw7-6t3hhh-con-unidad-de-condensacion-remota\/#primaryimage\"},\"image\":{\"@id\":\"https:\/\/lfsusa.store\/es\/producto\/enfriador-congelador-de-mostrador-pw7-6t3hhh-con-unidad-de-condensacion-remota\/#primaryimage\"},\"thumbnailUrl\":\"https:\/\/lfsusa.store\/wp-content\/uploads\/2024\/02\/Counter-Chiller-Freezer-with-Remote-Condensation-Unit-PW76T3HHH-S.jpg\",\"datePublished\":\"2024-02-12T19:42:31+00:00\",\"breadcrumb\":{\"@id\":\"https:\/\/lfsusa.store\/es\/producto\/enfriador-congelador-de-mostrador-pw7-6t3hhh-con-unidad-de-condensacion-remota\/#breadcrumb\"},\"inLanguage\":\"es\",\"potentialAction\":[{\"@type\":\"ReadAction\",\"target\":[\"https:\/\/lfsusa.store\/es\/producto\/enfriador-congelador-de-mostrador-pw7-6t3hhh-con-unidad-de-condensacion-remota\/\"]}]},{\"@type\":\"ImageObject\",\"inLanguage\":\"es\",\"@id\":\"https:\/\/lfsusa.store\/es\/producto\/enfriador-congelador-de-mostrador-pw7-6t3hhh-con-unidad-de-condensacion-remota\/#primaryimage\",\"url\":\"https:\/\/lfsusa.store\/wp-content\/uploads\/2024\/02\/Counter-Chiller-Freezer-with-Remote-Condensation-Unit-PW76T3HHH-S.jpg\",\"contentUrl\":\"https:\/\/lfsusa.store\/wp-content\/uploads\/2024\/02\/Counter-Chiller-Freezer-with-Remote-Condensation-Unit-PW76T3HHH-S.jpg\",\"width\":900,\"height\":900},{\"@type\":\"BreadcrumbList\",\"@id\":\"https:\/\/lfsusa.store\/es\/producto\/enfriador-congelador-de-mostrador-pw7-6t3hhh-con-unidad-de-condensacion-remota\/#breadcrumb\",\"itemListElement\":[{\"@type\":\"ListItem\",\"position\":1,\"name\":\"Home\",\"item\":\"https:\/\/lfsusa.store\/es\/inicio-luxechef-food-service-usa\/\"},{\"@type\":\"ListItem\",\"position\":2,\"name\":\"Tienda\",\"item\":\"https:\/\/lfsusa.store\/es\/tienda\/\"},{\"@type\":\"ListItem\",\"position\":3,\"name\":\"PW7\/6T3HHH-S|Enfriador y congelador de mostrador con unidad de condensaci\u00f3n remota\"}]},{\"@type\":\"WebSite\",\"@id\":\"https:\/\/lfsusa.store\/es\/#website\",\"url\":\"https:\/\/lfsusa.store\/es\/\",\"name\":\"LuxeChef Food Service USA\",\"description\":\"Shop restaurant supplies &amp; equipment products in our online restaurant supply store. Extremely fast shipping &amp; wholesale pricing from the #1 restaurant supply company!\",\"publisher\":{\"@id\":\"https:\/\/lfsusa.store\/es\/#organization\"},\"alternateName\":\"LuxeChef Food Service USA\",\"potentialAction\":[{\"@type\":\"SearchAction\",\"target\":{\"@type\":\"EntryPoint\",\"urlTemplate\":\"https:\/\/lfsusa.store\/es\/?s={search_term_string}\"},\"query-input\":{\"@type\":\"PropertyValueSpecification\",\"valueRequired\":true,\"valueName\":\"search_term_string\"}}],\"inLanguage\":\"es\"},{\"@type\":\"Organization\",\"@id\":\"https:\/\/lfsusa.store\/es\/#organization\",\"name\":\"LuxeChef Food Service USA\",\"alternateName\":\"LuxeChef Food Service\",\"url\":\"https:\/\/lfsusa.store\/es\/\",\"logo\":{\"@type\":\"ImageObject\",\"inLanguage\":\"es\",\"@id\":\"https:\/\/lfsusa.store\/es\/#\/schema\/logo\/image\/\",\"url\":\"https:\/\/lfsusa.store\/wp-content\/uploads\/2025\/07\/luxe-chef-usa-696-696.jpg\",\"contentUrl\":\"https:\/\/lfsusa.store\/wp-content\/uploads\/2025\/07\/luxe-chef-usa-696-696.jpg\",\"width\":696,\"height\":696,\"caption\":\"LuxeChef Food Service USA\"},\"image\":{\"@id\":\"https:\/\/lfsusa.store\/es\/#\/schema\/logo\/image\/\"}}]}<\/script>\n<!-- \/ Yoast SEO plugin. -->","yoast_head_json":{"title":"PW7\/6T3HHH-S|Enfriador y congelador de mostrador con unidad de condensaci\u00f3n remota | LuxeChef Food Service USA","robots":{"index":"index","follow":"follow","max-snippet":"max-snippet:-1","max-image-preview":"max-image-preview:large","max-video-preview":"max-video-preview:-1"},"canonical":"https:\/\/lfsusa.store\/es\/producto\/enfriador-congelador-de-mostrador-pw7-6t3hhh-con-unidad-de-condensacion-remota\/","og_locale":"es_ES","og_type":"article","og_title":"PW7\/6T3HHH-S|Enfriador y congelador de mostrador con unidad de condensaci\u00f3n remota | LuxeChef Food Service USA","og_url":"https:\/\/lfsusa.store\/es\/producto\/enfriador-congelador-de-mostrador-pw7-6t3hhh-con-unidad-de-condensacion-remota\/","og_site_name":"LuxeChef Food Service USA","og_image":[{"width":900,"height":900,"url":"https:\/\/lfsusa.store\/wp-content\/uploads\/2024\/02\/Counter-Chiller-Freezer-with-Remote-Condensation-Unit-PW76T3HHH-S.jpg","type":"image\/jpeg"}],"twitter_card":"summary_large_image","twitter_misc":{"Tiempo de lectura":"2 minutos"},"schema":{"@context":"https:\/\/schema.org","@graph":[{"@type":"WebPage","@id":"https:\/\/lfsusa.store\/es\/producto\/enfriador-congelador-de-mostrador-pw7-6t3hhh-con-unidad-de-condensacion-remota\/","url":"https:\/\/lfsusa.store\/es\/producto\/enfriador-congelador-de-mostrador-pw7-6t3hhh-con-unidad-de-condensacion-remota\/","name":"PW7\/6T3HHH-S|Enfriador y congelador de mostrador con unidad de condensaci\u00f3n remota | LuxeChef Food Service USA","isPartOf":{"@id":"https:\/\/lfsusa.store\/es\/#website"},"primaryImageOfPage":{"@id":"https:\/\/lfsusa.store\/es\/producto\/enfriador-congelador-de-mostrador-pw7-6t3hhh-con-unidad-de-condensacion-remota\/#primaryimage"},"image":{"@id":"https:\/\/lfsusa.store\/es\/producto\/enfriador-congelador-de-mostrador-pw7-6t3hhh-con-unidad-de-condensacion-remota\/#primaryimage"},"thumbnailUrl":"https:\/\/lfsusa.store\/wp-content\/uploads\/2024\/02\/Counter-Chiller-Freezer-with-Remote-Condensation-Unit-PW76T3HHH-S.jpg","datePublished":"2024-02-12T19:42:31+00:00","breadcrumb":{"@id":"https:\/\/lfsusa.store\/es\/producto\/enfriador-congelador-de-mostrador-pw7-6t3hhh-con-unidad-de-condensacion-remota\/#breadcrumb"},"inLanguage":"es","potentialAction":[{"@type":"ReadAction","target":["https:\/\/lfsusa.store\/es\/producto\/enfriador-congelador-de-mostrador-pw7-6t3hhh-con-unidad-de-condensacion-remota\/"]}]},{"@type":"ImageObject","inLanguage":"es","@id":"https:\/\/lfsusa.store\/es\/producto\/enfriador-congelador-de-mostrador-pw7-6t3hhh-con-unidad-de-condensacion-remota\/#primaryimage","url":"https:\/\/lfsusa.store\/wp-content\/uploads\/2024\/02\/Counter-Chiller-Freezer-with-Remote-Condensation-Unit-PW76T3HHH-S.jpg","contentUrl":"https:\/\/lfsusa.store\/wp-content\/uploads\/2024\/02\/Counter-Chiller-Freezer-with-Remote-Condensation-Unit-PW76T3HHH-S.jpg","width":900,"height":900},{"@type":"BreadcrumbList","@id":"https:\/\/lfsusa.store\/es\/producto\/enfriador-congelador-de-mostrador-pw7-6t3hhh-con-unidad-de-condensacion-remota\/#breadcrumb","itemListElement":[{"@type":"ListItem","position":1,"name":"Home","item":"https:\/\/lfsusa.store\/es\/inicio-luxechef-food-service-usa\/"},{"@type":"ListItem","position":2,"name":"Tienda","item":"https:\/\/lfsusa.store\/es\/tienda\/"},{"@type":"ListItem","position":3,"name":"PW7\/6T3HHH-S|Enfriador y congelador de mostrador con unidad de condensaci\u00f3n remota"}]},{"@type":"WebSite","@id":"https:\/\/lfsusa.store\/es\/#website","url":"https:\/\/lfsusa.store\/es\/","name":"LuxeChef Food Service USA","description":"Shop restaurant supplies &amp; equipment products in our online restaurant supply store. Extremely fast shipping &amp; wholesale pricing from the #1 restaurant supply company!","publisher":{"@id":"https:\/\/lfsusa.store\/es\/#organization"},"alternateName":"LuxeChef Food Service USA","potentialAction":[{"@type":"SearchAction","target":{"@type":"EntryPoint","urlTemplate":"https:\/\/lfsusa.store\/es\/?s={search_term_string}"},"query-input":{"@type":"PropertyValueSpecification","valueRequired":true,"valueName":"search_term_string"}}],"inLanguage":"es"},{"@type":"Organization","@id":"https:\/\/lfsusa.store\/es\/#organization","name":"LuxeChef Food Service USA","alternateName":"LuxeChef Food Service","url":"https:\/\/lfsusa.store\/es\/","logo":{"@type":"ImageObject","inLanguage":"es","@id":"https:\/\/lfsusa.store\/es\/#\/schema\/logo\/image\/","url":"https:\/\/lfsusa.store\/wp-content\/uploads\/2025\/07\/luxe-chef-usa-696-696.jpg","contentUrl":"https:\/\/lfsusa.store\/wp-content\/uploads\/2025\/07\/luxe-chef-usa-696-696.jpg","width":696,"height":696,"caption":"LuxeChef Food Service USA"},"image":{"@id":"https:\/\/lfsusa.store\/es\/#\/schema\/logo\/image\/"}}]}},"_links":{"self":[{"href":"https:\/\/lfsusa.store\/es\/wp-json\/wp\/v2\/product\/27344","targetHints":{"allow":["GET"]}}],"collection":[{"href":"https:\/\/lfsusa.store\/es\/wp-json\/wp\/v2\/product"}],"about":[{"href":"https:\/\/lfsusa.store\/es\/wp-json\/wp\/v2\/types\/product"}],"version-history":[{"count":0,"href":"https:\/\/lfsusa.store\/es\/wp-json\/wp\/v2\/product\/27344\/revisions"}],"wp:featuredmedia":[{"embeddable":true,"href":"https:\/\/lfsusa.store\/es\/wp-json\/wp\/v2\/media\/22443"}],"wp:attachment":[{"href":"https:\/\/lfsusa.store\/es\/wp-json\/wp\/v2\/media?parent=27344"}],"wp:term":[{"taxonomy":"product_brand","embeddable":true,"href":"https:\/\/lfsusa.store\/es\/wp-json\/wp\/v2\/product_brand?post=27344"},{"taxonomy":"product_cat","embeddable":true,"href":"https:\/\/lfsusa.store\/es\/wp-json\/wp\/v2\/product_cat?post=27344"},{"taxonomy":"product_tag","embeddable":true,"href":"https:\/\/lfsusa.store\/es\/wp-json\/wp\/v2\/product_tag?post=27344"}],"curies":[{"name":"wp","href":"https:\/\/api.w.org\/{rel}","templated":true}]}}