{"id":27369,"date":"2024-03-11T16:48:47","date_gmt":"2024-03-11T21:48:47","guid":{"rendered":"https:\/\/lfsusa.store\/product\/maquina-de-helados-2\/"},"modified":"2025-08-21T19:32:58","modified_gmt":"2025-08-22T00:32:58","slug":"maquina-de-helados-2","status":"publish","type":"product","link":"https:\/\/lfsusa.store\/es\/producto\/maquina-de-helados-2\/","title":{"rendered":"LFS| M\u00e1quina de helados"},"content":{"rendered":"\t\t<div data-elementor-type=\"product-post\" data-elementor-id=\"27369\" class=\"elementor elementor-27369 elementor-12466\" data-elementor-post-type=\"product\">\n\t\t\t\t<div class=\"wd-negative-gap elementor-element elementor-element-56f02237 e-flex e-con-boxed e-con e-parent\" data-id=\"56f02237\" data-element_type=\"container\" data-settings=\"{&quot;jet_parallax_layout_list&quot;:[]}\">\n\t\t\t\t\t<div class=\"e-con-inner\">\n\t\t\t\t<div class=\"elementor-element elementor-element-6f018c42 color-scheme-inherit text-left elementor-widget elementor-widget-text-editor\" data-id=\"6f018c42\" data-element_type=\"widget\" data-widget_type=\"text-editor.default\">\n\t\t\t\t<div class=\"elementor-widget-container\">\n\t\t\t\t\t\t\t\t\t<strong>Caracter\u00edsticas del producto<\/strong>\r\n<ul>\r\n \t<li>Sistema de control inteligente<\/li>\r\n \t<li>Detecci\u00f3n infrarroja<\/li>\r\n \t<li>Pasteurizaci\u00f3n, 14 d\u00edas sin limpieza<\/li>\r\n \t<li>Sistema de soplado tipo engranaje<\/li>\r\n \t<li>Dispositivo de agitaci\u00f3n magn\u00e9tico<\/li>\r\n \t<li>Alarma por la escasez de ingredientes<\/li>\r\n \t<li>Utilizando la tecnolog\u00eda de motor DD m\u00e1s avanzada, en lugar de caja de cambios<\/li>\r\n \t<li>Funci\u00f3n de preenfriamiento independiente, que controla la temperatura entre 1 \u2103 y 4 \u2103.<\/li>\r\n<\/ul>\t\t\t\t\t\t\t\t<\/div>\n\t\t\t\t<\/div>\n\t\t\t\t\t<\/div>\n\t\t\t\t<\/div>\n\t\t<div class=\"wd-negative-gap elementor-element elementor-element-3b7e893f e-flex e-con-boxed e-con e-parent\" data-id=\"3b7e893f\" data-element_type=\"container\" data-settings=\"{&quot;jet_parallax_layout_list&quot;:[]}\">\n\t\t\t\t\t<div class=\"e-con-inner\">\n\t\t\t\t<div class=\"elementor-element elementor-element-211cf94b wd-width-100 elementor-widget elementor-widget-wd_title\" data-id=\"211cf94b\" data-element_type=\"widget\" data-widget_type=\"wd_title.default\">\n\t\t\t\t<div class=\"elementor-widget-container\">\n\t\t\t\t\t\t\t<div class=\"title-wrapper wd-set-mb reset-last-child wd-title-color-default wd-title-style-default wd-title-size-default text-center\">\n\n\t\t\t\n\t\t\t<div class=\"liner-continer\">\n\t\t\t\t<h4 class=\"woodmart-title-container title wd-fontsize-l\">Detalles del producto<\/h4> \n\t\t\t\t\t\t\t<\/div>\n\n\t\t\t\t\t<\/div>\n\t\t\t\t\t\t<\/div>\n\t\t\t\t<\/div>\n\t\t\t\t<div class=\"elementor-element elementor-element-7be08684 elementor-widget elementor-widget-wd_image_or_svg\" data-id=\"7be08684\" data-element_type=\"widget\" data-widget_type=\"wd_image_or_svg.default\">\n\t\t\t\t<div class=\"elementor-widget-container\">\n\t\t\t\t\t\n\t\t<div class=\"wd-image text-center photoswipe-images\">\n\t\t\t\t\t\t\t<a  href=\"https:\/\/lfsusa.store\/wp-content\/uploads\/2024\/03\/Ice-Cream-Machine-2024-1.jpg\"data-width=\"700\" data-height=\"800\" data-elementor-open-lightbox=\"no\" aria-label=\"Image link\">\n\t\t\t\t\t\t\t\t<img fetchpriority=\"high\" decoding=\"async\" width=\"700\" height=\"800\" src=\"https:\/\/lfsusa.store\/wp-content\/uploads\/2024\/03\/Ice-Cream-Machine-2024-1.jpg\" class=\"attachment-full size-full\" alt=\"LFS| Ice Cream Machine\" srcset=\"https:\/\/lfsusa.store\/wp-content\/uploads\/2024\/03\/Ice-Cream-Machine-2024-1.jpg 700w, https:\/\/lfsusa.store\/wp-content\/uploads\/2024\/03\/Ice-Cream-Machine-2024-1-263x300.jpg 263w, https:\/\/lfsusa.store\/wp-content\/uploads\/2024\/03\/Ice-Cream-Machine-2024-1-500x571.jpg 500w, https:\/\/lfsusa.store\/wp-content\/uploads\/2024\/03\/Ice-Cream-Machine-2024-1-250x286.jpg 250w, https:\/\/lfsusa.store\/wp-content\/uploads\/2024\/03\/Ice-Cream-Machine-2024-1-600x686.jpg 600w, https:\/\/lfsusa.store\/wp-content\/uploads\/2024\/03\/Ice-Cream-Machine-2024-1-150x171.jpg 150w, https:\/\/lfsusa.store\/wp-content\/uploads\/2024\/03\/Ice-Cream-Machine-2024-1-64x73.jpg 64w\" sizes=\"(max-width: 700px) 100vw, 700px\" \/>\t\t\t\t\t\t\t<\/a>\n\t\t\t\t\t<\/div>\n\n\t\t\t\t\t\t<\/div>\n\t\t\t\t<\/div>\n\t\t\t\t\t<\/div>\n\t\t\t\t<\/div>\n\t\t<div class=\"wd-negative-gap elementor-element elementor-element-4a6a3511 e-flex e-con-boxed e-con e-parent\" data-id=\"4a6a3511\" data-element_type=\"container\" data-settings=\"{&quot;jet_parallax_layout_list&quot;:[]}\">\n\t\t\t\t\t<div class=\"e-con-inner\">\n\t\t<div class=\"elementor-element elementor-element-4b8322f1 e-con-full e-flex e-con e-child\" data-id=\"4b8322f1\" data-element_type=\"container\" data-settings=\"{&quot;jet_parallax_layout_list&quot;:[]}\">\n\t\t\t\t<div class=\"elementor-element elementor-element-6d03f28b elementor-widget elementor-widget-wd_text_block\" data-id=\"6d03f28b\" data-element_type=\"widget\" data-widget_type=\"wd_text_block.default\">\n\t\t\t\t<div class=\"elementor-widget-container\">\n\t\t\t\t\t\t\t<div class=\"wd-text-block reset-last-child text-left color-title\">\n\t\t\t\n\t\t\t<p>Recursos y descargas<\/p>\n\t\t\t\t\t<\/div>\n\t\t\t\t\t\t<\/div>\n\t\t\t\t<\/div>\n\t\t\t\t<div class=\"elementor-element elementor-element-55e302e9 elementor-widget-divider--view-line elementor-widget elementor-widget-divider\" data-id=\"55e302e9\" data-element_type=\"widget\" data-widget_type=\"divider.default\">\n\t\t\t\t<div class=\"elementor-widget-container\">\n\t\t\t\t\t\t\t<div class=\"elementor-divider\">\n\t\t\t<span class=\"elementor-divider-separator\">\n\t\t\t\t\t\t<\/span>\n\t\t<\/div>\n\t\t\t\t\t\t<\/div>\n\t\t\t\t<\/div>\n\t\t\t\t<\/div>\n\t\t\t\t\t<\/div>\n\t\t\t\t<\/div>\n\t\t<div class=\"elementor-element elementor-element-49a0ee32 e-flex e-con-boxed e-con e-parent\" data-id=\"49a0ee32\" data-element_type=\"container\" data-settings=\"{&quot;background_background&quot;:&quot;classic&quot;,&quot;jet_parallax_layout_list&quot;:[]}\">\n\t\t\t\t\t<div class=\"e-con-inner\">\n\t\t<div class=\"elementor-element elementor-element-11c1209 e-con-full e-flex e-con e-child\" data-id=\"11c1209\" data-element_type=\"container\" data-settings=\"{&quot;jet_parallax_layout_list&quot;:[]}\">\n\t\t\t\t<div class=\"elementor-element elementor-element-241d7f44 elementor-widget elementor-widget-wd_banner\" data-id=\"241d7f44\" data-element_type=\"widget\" data-widget_type=\"wd_banner.default\">\n\t\t\t\t<div class=\"elementor-widget-container\">\n\t\t\t\t\t\t\t<div class=\"promo-banner-wrapper\">\n\t\t\t<div class=\"promo-banner banner-default banner-hover-zoom color-scheme- banner-btn-size-default banner-btn-style-default wd-with-link\">\n\t\t\t\t<div class=\"main-wrapp-img\">\n\t\t\t\t\t<div class=\"banner-image\">\n\t\t\t\t\t\t\t\t\t\t\t\t\t\t\t\t\t\t\t\t\t<img decoding=\"async\" width=\"400\" height=\"500\" src=\"https:\/\/lfsusa.store\/wp-content\/uploads\/2024\/03\/DRINKIRG-MACHINERY.jpg\" class=\"attachment-full size-full\" alt=\"\" srcset=\"https:\/\/lfsusa.store\/wp-content\/uploads\/2024\/03\/DRINKIRG-MACHINERY.jpg 400w, https:\/\/lfsusa.store\/wp-content\/uploads\/2024\/03\/DRINKIRG-MACHINERY-240x300.jpg 240w, https:\/\/lfsusa.store\/wp-content\/uploads\/2024\/03\/DRINKIRG-MACHINERY-250x313.jpg 250w, https:\/\/lfsusa.store\/wp-content\/uploads\/2024\/03\/DRINKIRG-MACHINERY-150x188.jpg 150w, https:\/\/lfsusa.store\/wp-content\/uploads\/2024\/03\/DRINKIRG-MACHINERY-64x80.jpg 64w\" sizes=\"(max-width: 400px) 100vw, 400px\" \/>\t\t\t\t\t\t\t\t\t\t\t\t\t\t\t\t\t\t<\/div>\n\t\t\t\t<\/div>\n\n\t\t\t\t<div class=\"wrapper-content-banner wd-fill wd-items-top wd-justify-left\">\n\t\t\t\t\t<div class=\"content-banner  text-left\">\n\t\t\t\t\t\t\n\t\t\t\t\t\t\n\t\t\t\t\t\t\n\t\t\t\t\t\t\n\t\t\t\t\t\t\t\t\t\t\t<\/div>\n\t\t\t\t<\/div>\n\n\t\t\t\t\t\t\t\t\t<a href=\"https:\/\/lfsusa.store\/download\/18195\/?tmstv=1710273322\" class=\"wd-promo-banner-link wd-fill\" aria-label=\"Banner link\"><\/a>\n\t\t\t\t\t\t\t<\/div>\n\t\t<\/div>\n\t\t\t\t\t\t<\/div>\n\t\t\t\t<\/div>\n\t\t\t\t<div class=\"elementor-element elementor-element-550ab711 elementor-widget elementor-widget-wd_button\" data-id=\"550ab711\" data-element_type=\"widget\" data-widget_type=\"wd_button.default\">\n\t\t\t\t<div class=\"elementor-widget-container\">\n\t\t\t\t\t\t\t<div class=\"wd-button-wrapper text-center\" >\n\t\t\t<a class=\"btn btn-style-link btn-shape- btn-size-default btn-color-primary btn-icon-pos-right\"  href=\"https:\/\/lfsusa.store\/download\/18195\/?tmstv=1710273322\">\n\t\t\t\t<span class=\"wd-btn-text\" data-elementor-setting-key=\"text\">\n\t\t\t\t\tHojas de especificaciones\t\t\t\t<\/span>\n\n\t\t\t\t\t\t\t\t\t<span class=\"wd-btn-icon\">\n\t\t\t\t\t\t<svg class=\"wd-icon e-font-icon-svg e-fas-chevron-circle-down\" viewBox=\"0 0 512 512\" xmlns=\"http:\/\/www.w3.org\/2000\/svg\"><path d=\"M504 256c0 137-111 248-248 248S8 393 8 256 119 8 256 8s248 111 248 248zM273 369.9l135.5-135.5c9.4-9.4 9.4-24.6 0-33.9l-17-17c-9.4-9.4-24.6-9.4-33.9 0L256 285.1 154.4 183.5c-9.4-9.4-24.6-9.4-33.9 0l-17 17c-9.4 9.4-9.4 24.6 0 33.9L239 369.9c9.4 9.4 24.6 9.4 34 0z\"><\/path><\/svg>\t\t\t\t\t<\/span>\n\t\t\t\t\t\t\t<\/a>\n\t\t<\/div>\n\t\t\t\t\t\t<\/div>\n\t\t\t\t<\/div>\n\t\t\t\t<\/div>\n\t\t<div class=\"elementor-element elementor-element-6d86481 e-con-full e-flex e-con e-child\" data-id=\"6d86481\" data-element_type=\"container\" data-settings=\"{&quot;jet_parallax_layout_list&quot;:[]}\">\n\t\t\t\t<\/div>\n\t\t<div class=\"elementor-element elementor-element-4ceeaa87 e-con-full e-flex e-con e-child\" data-id=\"4ceeaa87\" data-element_type=\"container\" data-settings=\"{&quot;jet_parallax_layout_list&quot;:[]}\">\n\t\t\t\t<\/div>\n\t\t\t\t\t<\/div>\n\t\t\t\t<\/div>\n\t\t\t\t<\/div>\n\t\t","protected":false},"excerpt":{"rendered":"<p>Caracter\u00edsticas del producto Sistema de control inteligente Detecci\u00f3n infrarroja Pasteurizaci\u00f3n, 14 d\u00edas sin limpieza Sistema de soplado tipo engranaje Dispositivo<\/p>\n","protected":false},"featured_media":23366,"template":"","meta":[],"product_brand":[],"product_cat":[3423],"product_tag":[1840,1923,3225,3228,3227,3226,1924],"class_list":{"0":"post-27369","1":"product","2":"type-product","3":"status-publish","4":"has-post-thumbnail","6":"product_cat-maquinaria-para-bebidas-al-por-mayor","7":"product_tag-equipamiento-para-restaurantes-y-hoteles-en-panama","8":"product_tag-equipos-de-cocina-comerciales-y-de-restaurantes-de-ee-uu-en-arabia-saudita","9":"product_tag-equipos-para-restaurantes-y-hoteles-en-ee-uu","10":"product_tag-equipos-para-restaurantes-y-hoteles-en-el-salvador","11":"product_tag-equipos-para-restaurantes-y-hoteles-en-puerto-rico","12":"product_tag-equipos-para-restaurantes-y-hoteles-en-republica-dominicana","13":"product_tag-venta-al-por-mayor-1","15":"first","16":"instock","17":"taxable","18":"shipping-taxable","19":"purchasable","20":"product-type-simple"},"yoast_head":"<!-- This site is optimized with the Yoast SEO plugin v26.7 - https:\/\/yoast.com\/wordpress\/plugins\/seo\/ -->\n<title>LFS| M\u00e1quina de helados | LuxeChef Food Service USA<\/title>\n<meta name=\"description\" content=\"Comprar Online LFS| M\u00e1quina de helados en Latam Food Service te ayuda, si operas un restaurante y tu plan es renovar tus equipos de refrigeraci\u00f3n comercial y cocina&quot;.\" \/>\n<meta name=\"robots\" content=\"index, follow, max-snippet:-1, max-image-preview:large, max-video-preview:-1\" \/>\n<link rel=\"canonical\" href=\"https:\/\/lfsusa.store\/es\/producto\/maquina-de-helados-2\/\" \/>\n<meta property=\"og:locale\" content=\"es_ES\" \/>\n<meta property=\"og:type\" content=\"article\" \/>\n<meta property=\"og:title\" content=\"LFS| M\u00e1quina de helados | LuxeChef Food Service USA\" \/>\n<meta property=\"og:description\" content=\"Comprar Online LFS| M\u00e1quina de helados en Latam Food Service te ayuda, si operas un restaurante y tu plan es renovar tus equipos de refrigeraci\u00f3n comercial y cocina&quot;.\" \/>\n<meta property=\"og:url\" content=\"https:\/\/lfsusa.store\/es\/producto\/maquina-de-helados-2\/\" \/>\n<meta property=\"og:site_name\" content=\"LuxeChef Food Service USA\" \/>\n<meta property=\"article:modified_time\" content=\"2025-08-22T00:32:58+00:00\" \/>\n<meta property=\"og:image\" content=\"https:\/\/lfsusa.store\/wp-content\/uploads\/2024\/03\/Ice-Cream-Machine-2024.jpg\" \/>\n\t<meta property=\"og:image:width\" content=\"700\" \/>\n\t<meta property=\"og:image:height\" content=\"800\" \/>\n\t<meta property=\"og:image:type\" content=\"image\/jpeg\" \/>\n<meta name=\"twitter:card\" content=\"summary_large_image\" \/>\n<script type=\"application\/ld+json\" class=\"yoast-schema-graph\">{\"@context\":\"https:\/\/schema.org\",\"@graph\":[{\"@type\":\"WebPage\",\"@id\":\"https:\/\/lfsusa.store\/es\/producto\/maquina-de-helados-2\/\",\"url\":\"https:\/\/lfsusa.store\/es\/producto\/maquina-de-helados-2\/\",\"name\":\"LFS| M\u00e1quina de helados | LuxeChef Food Service USA\",\"isPartOf\":{\"@id\":\"https:\/\/lfsusa.store\/es\/#website\"},\"primaryImageOfPage\":{\"@id\":\"https:\/\/lfsusa.store\/es\/producto\/maquina-de-helados-2\/#primaryimage\"},\"image\":{\"@id\":\"https:\/\/lfsusa.store\/es\/producto\/maquina-de-helados-2\/#primaryimage\"},\"thumbnailUrl\":\"https:\/\/lfsusa.store\/wp-content\/uploads\/2024\/03\/Ice-Cream-Machine-2024.jpg\",\"datePublished\":\"2024-03-11T21:48:47+00:00\",\"dateModified\":\"2025-08-22T00:32:58+00:00\",\"description\":\"Comprar Online LFS| M\u00e1quina de helados en Latam Food Service te ayuda, si operas un restaurante y tu plan es renovar tus equipos de refrigeraci\u00f3n comercial y cocina\\\".\",\"breadcrumb\":{\"@id\":\"https:\/\/lfsusa.store\/es\/producto\/maquina-de-helados-2\/#breadcrumb\"},\"inLanguage\":\"es\",\"potentialAction\":[{\"@type\":\"ReadAction\",\"target\":[\"https:\/\/lfsusa.store\/es\/producto\/maquina-de-helados-2\/\"]}]},{\"@type\":\"ImageObject\",\"inLanguage\":\"es\",\"@id\":\"https:\/\/lfsusa.store\/es\/producto\/maquina-de-helados-2\/#primaryimage\",\"url\":\"https:\/\/lfsusa.store\/wp-content\/uploads\/2024\/03\/Ice-Cream-Machine-2024.jpg\",\"contentUrl\":\"https:\/\/lfsusa.store\/wp-content\/uploads\/2024\/03\/Ice-Cream-Machine-2024.jpg\",\"width\":700,\"height\":800,\"caption\":\"LFS| M\u00e1quina de helados\"},{\"@type\":\"BreadcrumbList\",\"@id\":\"https:\/\/lfsusa.store\/es\/producto\/maquina-de-helados-2\/#breadcrumb\",\"itemListElement\":[{\"@type\":\"ListItem\",\"position\":1,\"name\":\"Home\",\"item\":\"https:\/\/lfsusa.store\/es\/inicio-luxechef-food-service-usa\/\"},{\"@type\":\"ListItem\",\"position\":2,\"name\":\"Tienda\",\"item\":\"https:\/\/lfsusa.store\/es\/tienda\/\"},{\"@type\":\"ListItem\",\"position\":3,\"name\":\"LFS| M\u00e1quina de helados\"}]},{\"@type\":\"WebSite\",\"@id\":\"https:\/\/lfsusa.store\/es\/#website\",\"url\":\"https:\/\/lfsusa.store\/es\/\",\"name\":\"LuxeChef Food Service USA\",\"description\":\"Shop restaurant supplies &amp; equipment products in our online restaurant supply store. Extremely fast shipping &amp; wholesale pricing from the #1 restaurant supply company!\",\"publisher\":{\"@id\":\"https:\/\/lfsusa.store\/es\/#organization\"},\"alternateName\":\"LuxeChef Food Service USA\",\"potentialAction\":[{\"@type\":\"SearchAction\",\"target\":{\"@type\":\"EntryPoint\",\"urlTemplate\":\"https:\/\/lfsusa.store\/es\/?s={search_term_string}\"},\"query-input\":{\"@type\":\"PropertyValueSpecification\",\"valueRequired\":true,\"valueName\":\"search_term_string\"}}],\"inLanguage\":\"es\"},{\"@type\":\"Organization\",\"@id\":\"https:\/\/lfsusa.store\/es\/#organization\",\"name\":\"LuxeChef Food Service USA\",\"alternateName\":\"LuxeChef Food Service\",\"url\":\"https:\/\/lfsusa.store\/es\/\",\"logo\":{\"@type\":\"ImageObject\",\"inLanguage\":\"es\",\"@id\":\"https:\/\/lfsusa.store\/es\/#\/schema\/logo\/image\/\",\"url\":\"https:\/\/lfsusa.store\/wp-content\/uploads\/2025\/07\/luxe-chef-usa-696-696.jpg\",\"contentUrl\":\"https:\/\/lfsusa.store\/wp-content\/uploads\/2025\/07\/luxe-chef-usa-696-696.jpg\",\"width\":696,\"height\":696,\"caption\":\"LuxeChef Food Service USA\"},\"image\":{\"@id\":\"https:\/\/lfsusa.store\/es\/#\/schema\/logo\/image\/\"}}]}<\/script>\n<!-- \/ Yoast SEO plugin. -->","yoast_head_json":{"title":"LFS| M\u00e1quina de helados | LuxeChef Food Service USA","description":"Comprar Online LFS| M\u00e1quina de helados en Latam Food Service te ayuda, si operas un restaurante y tu plan es renovar tus equipos de refrigeraci\u00f3n comercial y cocina\".","robots":{"index":"index","follow":"follow","max-snippet":"max-snippet:-1","max-image-preview":"max-image-preview:large","max-video-preview":"max-video-preview:-1"},"canonical":"https:\/\/lfsusa.store\/es\/producto\/maquina-de-helados-2\/","og_locale":"es_ES","og_type":"article","og_title":"LFS| M\u00e1quina de helados | LuxeChef Food Service USA","og_description":"Comprar Online LFS| M\u00e1quina de helados en Latam Food Service te ayuda, si operas un restaurante y tu plan es renovar tus equipos de refrigeraci\u00f3n comercial y cocina\".","og_url":"https:\/\/lfsusa.store\/es\/producto\/maquina-de-helados-2\/","og_site_name":"LuxeChef Food Service USA","article_modified_time":"2025-08-22T00:32:58+00:00","og_image":[{"width":700,"height":800,"url":"https:\/\/lfsusa.store\/wp-content\/uploads\/2024\/03\/Ice-Cream-Machine-2024.jpg","type":"image\/jpeg"}],"twitter_card":"summary_large_image","schema":{"@context":"https:\/\/schema.org","@graph":[{"@type":"WebPage","@id":"https:\/\/lfsusa.store\/es\/producto\/maquina-de-helados-2\/","url":"https:\/\/lfsusa.store\/es\/producto\/maquina-de-helados-2\/","name":"LFS| M\u00e1quina de helados | LuxeChef Food Service USA","isPartOf":{"@id":"https:\/\/lfsusa.store\/es\/#website"},"primaryImageOfPage":{"@id":"https:\/\/lfsusa.store\/es\/producto\/maquina-de-helados-2\/#primaryimage"},"image":{"@id":"https:\/\/lfsusa.store\/es\/producto\/maquina-de-helados-2\/#primaryimage"},"thumbnailUrl":"https:\/\/lfsusa.store\/wp-content\/uploads\/2024\/03\/Ice-Cream-Machine-2024.jpg","datePublished":"2024-03-11T21:48:47+00:00","dateModified":"2025-08-22T00:32:58+00:00","description":"Comprar Online LFS| M\u00e1quina de helados en Latam Food Service te ayuda, si operas un restaurante y tu plan es renovar tus equipos de refrigeraci\u00f3n comercial y cocina\".","breadcrumb":{"@id":"https:\/\/lfsusa.store\/es\/producto\/maquina-de-helados-2\/#breadcrumb"},"inLanguage":"es","potentialAction":[{"@type":"ReadAction","target":["https:\/\/lfsusa.store\/es\/producto\/maquina-de-helados-2\/"]}]},{"@type":"ImageObject","inLanguage":"es","@id":"https:\/\/lfsusa.store\/es\/producto\/maquina-de-helados-2\/#primaryimage","url":"https:\/\/lfsusa.store\/wp-content\/uploads\/2024\/03\/Ice-Cream-Machine-2024.jpg","contentUrl":"https:\/\/lfsusa.store\/wp-content\/uploads\/2024\/03\/Ice-Cream-Machine-2024.jpg","width":700,"height":800,"caption":"LFS| M\u00e1quina de helados"},{"@type":"BreadcrumbList","@id":"https:\/\/lfsusa.store\/es\/producto\/maquina-de-helados-2\/#breadcrumb","itemListElement":[{"@type":"ListItem","position":1,"name":"Home","item":"https:\/\/lfsusa.store\/es\/inicio-luxechef-food-service-usa\/"},{"@type":"ListItem","position":2,"name":"Tienda","item":"https:\/\/lfsusa.store\/es\/tienda\/"},{"@type":"ListItem","position":3,"name":"LFS| M\u00e1quina de helados"}]},{"@type":"WebSite","@id":"https:\/\/lfsusa.store\/es\/#website","url":"https:\/\/lfsusa.store\/es\/","name":"LuxeChef Food Service USA","description":"Shop restaurant supplies &amp; equipment products in our online restaurant supply store. Extremely fast shipping &amp; wholesale pricing from the #1 restaurant supply company!","publisher":{"@id":"https:\/\/lfsusa.store\/es\/#organization"},"alternateName":"LuxeChef Food Service USA","potentialAction":[{"@type":"SearchAction","target":{"@type":"EntryPoint","urlTemplate":"https:\/\/lfsusa.store\/es\/?s={search_term_string}"},"query-input":{"@type":"PropertyValueSpecification","valueRequired":true,"valueName":"search_term_string"}}],"inLanguage":"es"},{"@type":"Organization","@id":"https:\/\/lfsusa.store\/es\/#organization","name":"LuxeChef Food Service USA","alternateName":"LuxeChef Food Service","url":"https:\/\/lfsusa.store\/es\/","logo":{"@type":"ImageObject","inLanguage":"es","@id":"https:\/\/lfsusa.store\/es\/#\/schema\/logo\/image\/","url":"https:\/\/lfsusa.store\/wp-content\/uploads\/2025\/07\/luxe-chef-usa-696-696.jpg","contentUrl":"https:\/\/lfsusa.store\/wp-content\/uploads\/2025\/07\/luxe-chef-usa-696-696.jpg","width":696,"height":696,"caption":"LuxeChef Food Service USA"},"image":{"@id":"https:\/\/lfsusa.store\/es\/#\/schema\/logo\/image\/"}}]}},"_links":{"self":[{"href":"https:\/\/lfsusa.store\/es\/wp-json\/wp\/v2\/product\/27369","targetHints":{"allow":["GET"]}}],"collection":[{"href":"https:\/\/lfsusa.store\/es\/wp-json\/wp\/v2\/product"}],"about":[{"href":"https:\/\/lfsusa.store\/es\/wp-json\/wp\/v2\/types\/product"}],"version-history":[{"count":1,"href":"https:\/\/lfsusa.store\/es\/wp-json\/wp\/v2\/product\/27369\/revisions"}],"predecessor-version":[{"id":27370,"href":"https:\/\/lfsusa.store\/es\/wp-json\/wp\/v2\/product\/27369\/revisions\/27370"}],"wp:featuredmedia":[{"embeddable":true,"href":"https:\/\/lfsusa.store\/es\/wp-json\/wp\/v2\/media\/23366"}],"wp:attachment":[{"href":"https:\/\/lfsusa.store\/es\/wp-json\/wp\/v2\/media?parent=27369"}],"wp:term":[{"taxonomy":"product_brand","embeddable":true,"href":"https:\/\/lfsusa.store\/es\/wp-json\/wp\/v2\/product_brand?post=27369"},{"taxonomy":"product_cat","embeddable":true,"href":"https:\/\/lfsusa.store\/es\/wp-json\/wp\/v2\/product_cat?post=27369"},{"taxonomy":"product_tag","embeddable":true,"href":"https:\/\/lfsusa.store\/es\/wp-json\/wp\/v2\/product_tag?post=27369"}],"curies":[{"name":"wp","href":"https:\/\/api.w.org\/{rel}","templated":true}]}}