{"id":27562,"date":"2024-03-15T21:45:02","date_gmt":"2024-03-16T02:45:02","guid":{"rendered":"https:\/\/lfsusa.store\/product\/m-pss9l1-recoleccion-de-bebidas\/"},"modified":"2025-08-22T13:02:49","modified_gmt":"2025-08-22T18:02:49","slug":"m-pss9l1-recoleccion-de-bebidas","status":"publish","type":"product","link":"https:\/\/lfsusa.store\/es\/producto\/m-pss9l1-recoleccion-de-bebidas\/","title":{"rendered":"M-PSS9L1- Colecci\u00f3n de bebidas"},"content":{"rendered":"\t\t<div data-elementor-type=\"product-post\" data-elementor-id=\"27562\" class=\"elementor elementor-27562 elementor-18990\" data-elementor-post-type=\"product\">\n\t\t\t\t<div class=\"wd-negative-gap elementor-element elementor-element-4ff5073d e-flex e-con-boxed e-con e-parent\" data-id=\"4ff5073d\" data-element_type=\"container\" data-settings=\"{&quot;jet_parallax_layout_list&quot;:[]}\">\n\t\t\t\t\t<div class=\"e-con-inner\">\n\t\t\t\t<div class=\"elementor-element elementor-element-50f8b325 wd-width-100 elementor-widget elementor-widget-wd_title\" data-id=\"50f8b325\" data-element_type=\"widget\" data-widget_type=\"wd_title.default\">\n\t\t\t\t<div class=\"elementor-widget-container\">\n\t\t\t\t\t\t\t<div class=\"title-wrapper wd-set-mb reset-last-child wd-title-color-default wd-title-style-default wd-title-size-default text-left\">\n\n\t\t\t\n\t\t\t<div class=\"liner-continer\">\n\t\t\t\t<h4 class=\"woodmart-title-container title wd-fontsize-l\">Caracter\u00edsticas del producto<\/h4> \n\t\t\t\t\t\t\t<\/div>\n\n\t\t\t\t\t<\/div>\n\t\t\t\t\t\t<\/div>\n\t\t\t\t<\/div>\n\t\t\t\t<div class=\"elementor-element elementor-element-90c6d2d color-scheme-inherit text-left elementor-widget elementor-widget-text-editor\" data-id=\"90c6d2d\" data-element_type=\"widget\" data-widget_type=\"text-editor.default\">\n\t\t\t\t<div class=\"elementor-widget-container\">\n\t\t\t\t\t\t\t\t\t<ul><li>Luz LED en iluminaci\u00f3n.<\/li><li>Compresor importado de alta calidad.<\/li><li>Estantes ajustables de acero inoxidable #304<\/li><li>Equipado con puerta de cristal ITO anticondensaci\u00f3n con marco de acero inoxidable.<\/li><li>Dise\u00f1ado con unidad condensadora oculta para adaptarse al dise\u00f1o interior y minimizar el espacio de instalaci\u00f3n solicitado.<\/li><li>Excelente eficiencia t\u00e9rmica, aislamiento de poliuretano de alta densidad con cero ODP (potencial de agotamiento de la capa de ozono) y bajo GWP (potencial de calentamiento global)<\/li><li>Evaporador con aletas recubiertas, proporciona altas propiedades de resistencia a la corrosi\u00f3n.<\/li><li>El sistema de refrigeraci\u00f3n por aire forzado garantiza una circulaci\u00f3n de aire eficaz.<\/li><li>La descongelaci\u00f3n por gas caliente garantiza que el evaporador funcione a su rendimiento \u00f3ptimo.<\/li><li>Vaporiza autom\u00e1ticamente el agua de descongelaci\u00f3n, no se requiere drenaje<\/li><li>Refrigerante libre de CFC respetuoso con el medio ambiente<\/li><li>Dise\u00f1ado y fabricado para funcionar a temperaturas ambiente de 10 a 32 \u00b0C.<\/li><\/ul>\t\t\t\t\t\t\t\t<\/div>\n\t\t\t\t<\/div>\n\t\t\t\t\t<\/div>\n\t\t\t\t<\/div>\n\t\t<div class=\"wd-negative-gap elementor-element elementor-element-1e381ec3 e-flex e-con-boxed e-con e-parent\" data-id=\"1e381ec3\" data-element_type=\"container\" data-settings=\"{&quot;jet_parallax_layout_list&quot;:[]}\">\n\t\t\t\t\t<div class=\"e-con-inner\">\n\t\t<div class=\"elementor-element elementor-element-4768b9ee e-con-full e-flex e-con e-child\" data-id=\"4768b9ee\" data-element_type=\"container\" data-settings=\"{&quot;jet_parallax_layout_list&quot;:[]}\">\n\t\t\t\t<div class=\"elementor-element elementor-element-57da331a elementor-widget elementor-widget-wd_text_block\" data-id=\"57da331a\" data-element_type=\"widget\" data-widget_type=\"wd_text_block.default\">\n\t\t\t\t<div class=\"elementor-widget-container\">\n\t\t\t\t\t\t\t<div class=\"wd-text-block reset-last-child text-left color-title\">\n\t\t\t\n\t\t\t<p>Recursos y descargas<\/p>\n\t\t\t\t\t<\/div>\n\t\t\t\t\t\t<\/div>\n\t\t\t\t<\/div>\n\t\t\t\t<div class=\"elementor-element elementor-element-4eddbfc2 elementor-widget-divider--view-line elementor-widget elementor-widget-divider\" data-id=\"4eddbfc2\" data-element_type=\"widget\" data-widget_type=\"divider.default\">\n\t\t\t\t<div class=\"elementor-widget-container\">\n\t\t\t\t\t\t\t<div class=\"elementor-divider\">\n\t\t\t<span class=\"elementor-divider-separator\">\n\t\t\t\t\t\t<\/span>\n\t\t<\/div>\n\t\t\t\t\t\t<\/div>\n\t\t\t\t<\/div>\n\t\t\t\t<\/div>\n\t\t\t\t\t<\/div>\n\t\t\t\t<\/div>\n\t\t<div class=\"elementor-element elementor-element-41ed0c11 e-flex e-con-boxed e-con e-parent\" data-id=\"41ed0c11\" data-element_type=\"container\" data-settings=\"{&quot;background_background&quot;:&quot;classic&quot;,&quot;jet_parallax_layout_list&quot;:[]}\">\n\t\t\t\t\t<div class=\"e-con-inner\">\n\t\t<div class=\"elementor-element elementor-element-4057c8c0 e-con-full e-flex e-con e-child\" data-id=\"4057c8c0\" data-element_type=\"container\" data-settings=\"{&quot;jet_parallax_layout_list&quot;:[]}\">\n\t\t\t\t<div class=\"elementor-element elementor-element-7c54fd30 elementor-widget elementor-widget-wd_banner\" data-id=\"7c54fd30\" data-element_type=\"widget\" data-widget_type=\"wd_banner.default\">\n\t\t\t\t<div class=\"elementor-widget-container\">\n\t\t\t\t\t\t\t<div class=\"promo-banner-wrapper\">\n\t\t\t<div class=\"promo-banner banner-default banner-hover-zoom color-scheme- banner-btn-size-default banner-btn-style-default wd-with-link\">\n\t\t\t\t<div class=\"main-wrapp-img\">\n\t\t\t\t\t<div class=\"banner-image\">\n\t\t\t\t\t\t\t\t\t\t\t\t\t\t\t\t\t\t\t\t\t<img fetchpriority=\"high\" decoding=\"async\" width=\"400\" height=\"335\" src=\"https:\/\/lfsusa.store\/wp-content\/uploads\/2024\/03\/Brochue-berverage-collection-sepcs-3.jpg\" class=\"attachment-full size-full\" alt=\"\" srcset=\"https:\/\/lfsusa.store\/wp-content\/uploads\/2024\/03\/Brochue-berverage-collection-sepcs-3.jpg 400w, https:\/\/lfsusa.store\/wp-content\/uploads\/2024\/03\/Brochue-berverage-collection-sepcs-3-300x251.jpg 300w, https:\/\/lfsusa.store\/wp-content\/uploads\/2024\/03\/Brochue-berverage-collection-sepcs-3-250x209.jpg 250w, https:\/\/lfsusa.store\/wp-content\/uploads\/2024\/03\/Brochue-berverage-collection-sepcs-3-150x126.jpg 150w, https:\/\/lfsusa.store\/wp-content\/uploads\/2024\/03\/Brochue-berverage-collection-sepcs-3-64x54.jpg 64w\" sizes=\"(max-width: 400px) 100vw, 400px\" \/>\t\t\t\t\t\t\t\t\t\t\t\t\t\t\t\t\t\t<\/div>\n\t\t\t\t<\/div>\n\n\t\t\t\t<div class=\"wrapper-content-banner wd-fill wd-items-top wd-justify-left\">\n\t\t\t\t\t<div class=\"content-banner  text-left\">\n\t\t\t\t\t\t\n\t\t\t\t\t\t\n\t\t\t\t\t\t\n\t\t\t\t\t\t\n\t\t\t\t\t\t\t\t\t\t\t<\/div>\n\t\t\t\t<\/div>\n\n\t\t\t\t\t\t\t\t\t<a href=\"https:\/\/lfsusa.store\/download\/18984\/?tmstv=1710555926\" class=\"wd-promo-banner-link wd-fill\" aria-label=\"Banner link\"><\/a>\n\t\t\t\t\t\t\t<\/div>\n\t\t<\/div>\n\t\t\t\t\t\t<\/div>\n\t\t\t\t<\/div>\n\t\t\t\t<div class=\"elementor-element elementor-element-1b93a61a elementor-widget elementor-widget-wd_button\" data-id=\"1b93a61a\" data-element_type=\"widget\" data-widget_type=\"wd_button.default\">\n\t\t\t\t<div class=\"elementor-widget-container\">\n\t\t\t\t\t\t\t<div class=\"wd-button-wrapper text-center\" >\n\t\t\t<a class=\"btn btn-style-link btn-shape- btn-size-default btn-color-primary btn-icon-pos-right\"  href=\"https:\/\/lfsusa.store\/download\/18984\/?tmstv=1710555926\">\n\t\t\t\t<span class=\"wd-btn-text\" data-elementor-setting-key=\"text\">\n\t\t\t\t\tHoja de especificaciones\t\t\t\t<\/span>\n\n\t\t\t\t\t\t\t\t\t<span class=\"wd-btn-icon\">\n\t\t\t\t\t\t<svg class=\"wd-icon e-font-icon-svg e-fas-chevron-circle-down\" viewBox=\"0 0 512 512\" xmlns=\"http:\/\/www.w3.org\/2000\/svg\"><path d=\"M504 256c0 137-111 248-248 248S8 393 8 256 119 8 256 8s248 111 248 248zM273 369.9l135.5-135.5c9.4-9.4 9.4-24.6 0-33.9l-17-17c-9.4-9.4-24.6-9.4-33.9 0L256 285.1 154.4 183.5c-9.4-9.4-24.6-9.4-33.9 0l-17 17c-9.4 9.4-9.4 24.6 0 33.9L239 369.9c9.4 9.4 24.6 9.4 34 0z\"><\/path><\/svg>\t\t\t\t\t<\/span>\n\t\t\t\t\t\t\t<\/a>\n\t\t<\/div>\n\t\t\t\t\t\t<\/div>\n\t\t\t\t<\/div>\n\t\t\t\t<\/div>\n\t\t<div class=\"elementor-element elementor-element-222eb357 e-con-full e-flex e-con e-child\" data-id=\"222eb357\" data-element_type=\"container\" data-settings=\"{&quot;jet_parallax_layout_list&quot;:[]}\">\n\t\t\t\t<div class=\"elementor-element elementor-element-3c98b920 elementor-widget elementor-widget-wd_banner\" data-id=\"3c98b920\" data-element_type=\"widget\" data-widget_type=\"wd_banner.default\">\n\t\t\t\t<div class=\"elementor-widget-container\">\n\t\t\t\t\t\t\t<div class=\"promo-banner-wrapper\">\n\t\t\t<div class=\"promo-banner banner-default banner-hover-zoom color-scheme- banner-btn-size-default banner-btn-style-default wd-with-link\">\n\t\t\t\t<div class=\"main-wrapp-img\">\n\t\t\t\t\t<div class=\"banner-image\">\n\t\t\t\t\t\t\t\t\t\t\t\t\t\t\t\t\t\t\t\t\t<img decoding=\"async\" width=\"400\" height=\"335\" src=\"https:\/\/lfsusa.store\/wp-content\/uploads\/2024\/03\/Brochue-latam-wft-1-1.jpg\" class=\"attachment-full size-full\" alt=\"\" srcset=\"https:\/\/lfsusa.store\/wp-content\/uploads\/2024\/03\/Brochue-latam-wft-1-1.jpg 400w, https:\/\/lfsusa.store\/wp-content\/uploads\/2024\/03\/Brochue-latam-wft-1-1-300x251.jpg 300w, https:\/\/lfsusa.store\/wp-content\/uploads\/2024\/03\/Brochue-latam-wft-1-1-250x209.jpg 250w, https:\/\/lfsusa.store\/wp-content\/uploads\/2024\/03\/Brochue-latam-wft-1-1-150x126.jpg 150w, https:\/\/lfsusa.store\/wp-content\/uploads\/2024\/03\/Brochue-latam-wft-1-1-64x54.jpg 64w\" sizes=\"(max-width: 400px) 100vw, 400px\" \/>\t\t\t\t\t\t\t\t\t\t\t\t\t\t\t\t\t\t<\/div>\n\t\t\t\t<\/div>\n\n\t\t\t\t<div class=\"wrapper-content-banner wd-fill wd-items-top wd-justify-left\">\n\t\t\t\t\t<div class=\"content-banner  text-left\">\n\t\t\t\t\t\t\n\t\t\t\t\t\t\n\t\t\t\t\t\t\n\t\t\t\t\t\t\n\t\t\t\t\t\t\t\t\t\t\t<\/div>\n\t\t\t\t<\/div>\n\n\t\t\t\t\t\t\t\t\t<a href=\"https:\/\/lfsusa.store\/download\/18983\/?tmstv=1710555926\" class=\"wd-promo-banner-link wd-fill\" aria-label=\"Banner link\"><\/a>\n\t\t\t\t\t\t\t<\/div>\n\t\t<\/div>\n\t\t\t\t\t\t<\/div>\n\t\t\t\t<\/div>\n\t\t\t\t<div class=\"elementor-element elementor-element-25138f80 elementor-widget elementor-widget-wd_button\" data-id=\"25138f80\" data-element_type=\"widget\" data-widget_type=\"wd_button.default\">\n\t\t\t\t<div class=\"elementor-widget-container\">\n\t\t\t\t\t\t\t<div class=\"wd-button-wrapper text-center\" >\n\t\t\t<a class=\"btn btn-style-link btn-shape- btn-size-default btn-color-primary btn-icon-pos-right\"  href=\"https:\/\/lfsusa.store\/download\/18983\/?tmstv=1710555926\">\n\t\t\t\t<span class=\"wd-btn-text\" data-elementor-setting-key=\"text\">\n\t\t\t\t\tFolleto\t\t\t\t<\/span>\n\n\t\t\t\t\t\t\t\t\t<span class=\"wd-btn-icon\">\n\t\t\t\t\t\t<svg class=\"wd-icon e-font-icon-svg e-fas-chevron-circle-down\" viewBox=\"0 0 512 512\" xmlns=\"http:\/\/www.w3.org\/2000\/svg\"><path d=\"M504 256c0 137-111 248-248 248S8 393 8 256 119 8 256 8s248 111 248 248zM273 369.9l135.5-135.5c9.4-9.4 9.4-24.6 0-33.9l-17-17c-9.4-9.4-24.6-9.4-33.9 0L256 285.1 154.4 183.5c-9.4-9.4-24.6-9.4-33.9 0l-17 17c-9.4 9.4-9.4 24.6 0 33.9L239 369.9c9.4 9.4 24.6 9.4 34 0z\"><\/path><\/svg>\t\t\t\t\t<\/span>\n\t\t\t\t\t\t\t<\/a>\n\t\t<\/div>\n\t\t\t\t\t\t<\/div>\n\t\t\t\t<\/div>\n\t\t\t\t<\/div>\n\t\t\t\t\t<\/div>\n\t\t\t\t<\/div>\n\t\t\t\t<\/div>\n\t\t","protected":false},"excerpt":{"rendered":"<p>Caracter\u00edsticas del producto Luz LED en iluminaci\u00f3n. Compresor importado de alta calidad. Estantes ajustables de acero inoxidable #304 Equipado con<\/p>\n","protected":false},"featured_media":23490,"template":"","meta":[],"product_brand":[],"product_cat":[3422],"product_tag":[1920,1840,1923,3225,3228,3227,3226,1924],"class_list":{"0":"post-27562","1":"product","2":"type-product","3":"status-publish","4":"has-post-thumbnail","6":"product_cat-coleccion-personalizada","7":"product_tag-disponible-solo-para-latinoamerica","8":"product_tag-equipamiento-para-restaurantes-y-hoteles-en-panama","9":"product_tag-equipos-de-cocina-comerciales-y-de-restaurantes-de-ee-uu-en-arabia-saudita","10":"product_tag-equipos-para-restaurantes-y-hoteles-en-ee-uu","11":"product_tag-equipos-para-restaurantes-y-hoteles-en-el-salvador","12":"product_tag-equipos-para-restaurantes-y-hoteles-en-puerto-rico","13":"product_tag-equipos-para-restaurantes-y-hoteles-en-republica-dominicana","14":"product_tag-venta-al-por-mayor-1","16":"first","17":"instock","18":"taxable","19":"shipping-taxable","20":"purchasable","21":"product-type-simple"},"yoast_head":"<!-- This site is optimized with the Yoast SEO plugin v26.7 - https:\/\/yoast.com\/wordpress\/plugins\/seo\/ -->\n<title>M-PSS9L1- Colecci\u00f3n de bebidas<\/title>\n<meta name=\"description\" content=\"Compra al por mayor M-PSS9L1- Colecci\u00f3n de bebidas online, y el mejor equipamiento para tu negocio a solo un clic con env\u00edo r\u00e1pido y seguro.\" \/>\n<meta name=\"robots\" content=\"index, follow, max-snippet:-1, max-image-preview:large, max-video-preview:-1\" \/>\n<link rel=\"canonical\" href=\"https:\/\/lfsusa.store\/es\/producto\/m-pss9l1-recoleccion-de-bebidas\/\" \/>\n<meta property=\"og:locale\" content=\"es_ES\" \/>\n<meta property=\"og:type\" content=\"article\" \/>\n<meta property=\"og:title\" content=\"M-PSS9L1- Colecci\u00f3n de bebidas\" \/>\n<meta property=\"og:description\" content=\"Compra al por mayor M-PSS9L1- Colecci\u00f3n de bebidas online, y el mejor equipamiento para tu negocio a solo un clic con env\u00edo r\u00e1pido y seguro.\" \/>\n<meta property=\"og:url\" content=\"https:\/\/lfsusa.store\/es\/producto\/m-pss9l1-recoleccion-de-bebidas\/\" \/>\n<meta property=\"og:site_name\" content=\"LuxeChef Food Service USA\" \/>\n<meta property=\"article:modified_time\" content=\"2025-08-22T18:02:49+00:00\" \/>\n<meta property=\"og:image\" content=\"https:\/\/lfsusa.store\/wp-content\/uploads\/2024\/03\/M-PSS9L1-Beverage-Collection.jpg\" \/>\n\t<meta property=\"og:image:width\" content=\"700\" \/>\n\t<meta property=\"og:image:height\" content=\"800\" \/>\n\t<meta property=\"og:image:type\" content=\"image\/jpeg\" \/>\n<meta name=\"twitter:card\" content=\"summary_large_image\" \/>\n<meta name=\"twitter:label1\" content=\"Tiempo de lectura\" \/>\n\t<meta name=\"twitter:data1\" content=\"1 minuto\" \/>\n<script type=\"application\/ld+json\" class=\"yoast-schema-graph\">{\"@context\":\"https:\/\/schema.org\",\"@graph\":[{\"@type\":\"WebPage\",\"@id\":\"https:\/\/lfsusa.store\/es\/producto\/m-pss9l1-recoleccion-de-bebidas\/\",\"url\":\"https:\/\/lfsusa.store\/es\/producto\/m-pss9l1-recoleccion-de-bebidas\/\",\"name\":\"M-PSS9L1- Colecci\u00f3n de bebidas\",\"isPartOf\":{\"@id\":\"https:\/\/lfsusa.store\/es\/#website\"},\"primaryImageOfPage\":{\"@id\":\"https:\/\/lfsusa.store\/es\/producto\/m-pss9l1-recoleccion-de-bebidas\/#primaryimage\"},\"image\":{\"@id\":\"https:\/\/lfsusa.store\/es\/producto\/m-pss9l1-recoleccion-de-bebidas\/#primaryimage\"},\"thumbnailUrl\":\"https:\/\/lfsusa.store\/wp-content\/uploads\/2024\/03\/M-PSS9L1-Beverage-Collection.jpg\",\"datePublished\":\"2024-03-16T02:45:02+00:00\",\"dateModified\":\"2025-08-22T18:02:49+00:00\",\"description\":\"Compra al por mayor M-PSS9L1- Colecci\u00f3n de bebidas online, y el mejor equipamiento para tu negocio a solo un clic con env\u00edo r\u00e1pido y seguro.\",\"breadcrumb\":{\"@id\":\"https:\/\/lfsusa.store\/es\/producto\/m-pss9l1-recoleccion-de-bebidas\/#breadcrumb\"},\"inLanguage\":\"es\",\"potentialAction\":[{\"@type\":\"ReadAction\",\"target\":[\"https:\/\/lfsusa.store\/es\/producto\/m-pss9l1-recoleccion-de-bebidas\/\"]}]},{\"@type\":\"ImageObject\",\"inLanguage\":\"es\",\"@id\":\"https:\/\/lfsusa.store\/es\/producto\/m-pss9l1-recoleccion-de-bebidas\/#primaryimage\",\"url\":\"https:\/\/lfsusa.store\/wp-content\/uploads\/2024\/03\/M-PSS9L1-Beverage-Collection.jpg\",\"contentUrl\":\"https:\/\/lfsusa.store\/wp-content\/uploads\/2024\/03\/M-PSS9L1-Beverage-Collection.jpg\",\"width\":700,\"height\":800,\"caption\":\"M-PSS9L1- Colecci\u00f3n de bebidas\"},{\"@type\":\"BreadcrumbList\",\"@id\":\"https:\/\/lfsusa.store\/es\/producto\/m-pss9l1-recoleccion-de-bebidas\/#breadcrumb\",\"itemListElement\":[{\"@type\":\"ListItem\",\"position\":1,\"name\":\"Home\",\"item\":\"https:\/\/lfsusa.store\/es\/inicio-luxechef-food-service-usa\/\"},{\"@type\":\"ListItem\",\"position\":2,\"name\":\"Tienda\",\"item\":\"https:\/\/lfsusa.store\/es\/tienda\/\"},{\"@type\":\"ListItem\",\"position\":3,\"name\":\"M-PSS9L1- Colecci\u00f3n de bebidas\"}]},{\"@type\":\"WebSite\",\"@id\":\"https:\/\/lfsusa.store\/es\/#website\",\"url\":\"https:\/\/lfsusa.store\/es\/\",\"name\":\"LuxeChef Food Service USA\",\"description\":\"Shop restaurant supplies &amp; equipment products in our online restaurant supply store. Extremely fast shipping &amp; wholesale pricing from the #1 restaurant supply company!\",\"publisher\":{\"@id\":\"https:\/\/lfsusa.store\/es\/#organization\"},\"alternateName\":\"LuxeChef Food Service USA\",\"potentialAction\":[{\"@type\":\"SearchAction\",\"target\":{\"@type\":\"EntryPoint\",\"urlTemplate\":\"https:\/\/lfsusa.store\/es\/?s={search_term_string}\"},\"query-input\":{\"@type\":\"PropertyValueSpecification\",\"valueRequired\":true,\"valueName\":\"search_term_string\"}}],\"inLanguage\":\"es\"},{\"@type\":\"Organization\",\"@id\":\"https:\/\/lfsusa.store\/es\/#organization\",\"name\":\"LuxeChef Food Service USA\",\"alternateName\":\"LuxeChef Food Service\",\"url\":\"https:\/\/lfsusa.store\/es\/\",\"logo\":{\"@type\":\"ImageObject\",\"inLanguage\":\"es\",\"@id\":\"https:\/\/lfsusa.store\/es\/#\/schema\/logo\/image\/\",\"url\":\"https:\/\/lfsusa.store\/wp-content\/uploads\/2025\/07\/luxe-chef-usa-696-696.jpg\",\"contentUrl\":\"https:\/\/lfsusa.store\/wp-content\/uploads\/2025\/07\/luxe-chef-usa-696-696.jpg\",\"width\":696,\"height\":696,\"caption\":\"LuxeChef Food Service USA\"},\"image\":{\"@id\":\"https:\/\/lfsusa.store\/es\/#\/schema\/logo\/image\/\"}}]}<\/script>\n<!-- \/ Yoast SEO plugin. -->","yoast_head_json":{"title":"M-PSS9L1- Colecci\u00f3n de bebidas","description":"Compra al por mayor M-PSS9L1- Colecci\u00f3n de bebidas online, y el mejor equipamiento para tu negocio a solo un clic con env\u00edo r\u00e1pido y seguro.","robots":{"index":"index","follow":"follow","max-snippet":"max-snippet:-1","max-image-preview":"max-image-preview:large","max-video-preview":"max-video-preview:-1"},"canonical":"https:\/\/lfsusa.store\/es\/producto\/m-pss9l1-recoleccion-de-bebidas\/","og_locale":"es_ES","og_type":"article","og_title":"M-PSS9L1- Colecci\u00f3n de bebidas","og_description":"Compra al por mayor M-PSS9L1- Colecci\u00f3n de bebidas online, y el mejor equipamiento para tu negocio a solo un clic con env\u00edo r\u00e1pido y seguro.","og_url":"https:\/\/lfsusa.store\/es\/producto\/m-pss9l1-recoleccion-de-bebidas\/","og_site_name":"LuxeChef Food Service USA","article_modified_time":"2025-08-22T18:02:49+00:00","og_image":[{"width":700,"height":800,"url":"https:\/\/lfsusa.store\/wp-content\/uploads\/2024\/03\/M-PSS9L1-Beverage-Collection.jpg","type":"image\/jpeg"}],"twitter_card":"summary_large_image","twitter_misc":{"Tiempo de lectura":"1 minuto"},"schema":{"@context":"https:\/\/schema.org","@graph":[{"@type":"WebPage","@id":"https:\/\/lfsusa.store\/es\/producto\/m-pss9l1-recoleccion-de-bebidas\/","url":"https:\/\/lfsusa.store\/es\/producto\/m-pss9l1-recoleccion-de-bebidas\/","name":"M-PSS9L1- Colecci\u00f3n de bebidas","isPartOf":{"@id":"https:\/\/lfsusa.store\/es\/#website"},"primaryImageOfPage":{"@id":"https:\/\/lfsusa.store\/es\/producto\/m-pss9l1-recoleccion-de-bebidas\/#primaryimage"},"image":{"@id":"https:\/\/lfsusa.store\/es\/producto\/m-pss9l1-recoleccion-de-bebidas\/#primaryimage"},"thumbnailUrl":"https:\/\/lfsusa.store\/wp-content\/uploads\/2024\/03\/M-PSS9L1-Beverage-Collection.jpg","datePublished":"2024-03-16T02:45:02+00:00","dateModified":"2025-08-22T18:02:49+00:00","description":"Compra al por mayor M-PSS9L1- Colecci\u00f3n de bebidas online, y el mejor equipamiento para tu negocio a solo un clic con env\u00edo r\u00e1pido y seguro.","breadcrumb":{"@id":"https:\/\/lfsusa.store\/es\/producto\/m-pss9l1-recoleccion-de-bebidas\/#breadcrumb"},"inLanguage":"es","potentialAction":[{"@type":"ReadAction","target":["https:\/\/lfsusa.store\/es\/producto\/m-pss9l1-recoleccion-de-bebidas\/"]}]},{"@type":"ImageObject","inLanguage":"es","@id":"https:\/\/lfsusa.store\/es\/producto\/m-pss9l1-recoleccion-de-bebidas\/#primaryimage","url":"https:\/\/lfsusa.store\/wp-content\/uploads\/2024\/03\/M-PSS9L1-Beverage-Collection.jpg","contentUrl":"https:\/\/lfsusa.store\/wp-content\/uploads\/2024\/03\/M-PSS9L1-Beverage-Collection.jpg","width":700,"height":800,"caption":"M-PSS9L1- Colecci\u00f3n de bebidas"},{"@type":"BreadcrumbList","@id":"https:\/\/lfsusa.store\/es\/producto\/m-pss9l1-recoleccion-de-bebidas\/#breadcrumb","itemListElement":[{"@type":"ListItem","position":1,"name":"Home","item":"https:\/\/lfsusa.store\/es\/inicio-luxechef-food-service-usa\/"},{"@type":"ListItem","position":2,"name":"Tienda","item":"https:\/\/lfsusa.store\/es\/tienda\/"},{"@type":"ListItem","position":3,"name":"M-PSS9L1- Colecci\u00f3n de bebidas"}]},{"@type":"WebSite","@id":"https:\/\/lfsusa.store\/es\/#website","url":"https:\/\/lfsusa.store\/es\/","name":"LuxeChef Food Service USA","description":"Shop restaurant supplies &amp; equipment products in our online restaurant supply store. Extremely fast shipping &amp; wholesale pricing from the #1 restaurant supply company!","publisher":{"@id":"https:\/\/lfsusa.store\/es\/#organization"},"alternateName":"LuxeChef Food Service USA","potentialAction":[{"@type":"SearchAction","target":{"@type":"EntryPoint","urlTemplate":"https:\/\/lfsusa.store\/es\/?s={search_term_string}"},"query-input":{"@type":"PropertyValueSpecification","valueRequired":true,"valueName":"search_term_string"}}],"inLanguage":"es"},{"@type":"Organization","@id":"https:\/\/lfsusa.store\/es\/#organization","name":"LuxeChef Food Service USA","alternateName":"LuxeChef Food Service","url":"https:\/\/lfsusa.store\/es\/","logo":{"@type":"ImageObject","inLanguage":"es","@id":"https:\/\/lfsusa.store\/es\/#\/schema\/logo\/image\/","url":"https:\/\/lfsusa.store\/wp-content\/uploads\/2025\/07\/luxe-chef-usa-696-696.jpg","contentUrl":"https:\/\/lfsusa.store\/wp-content\/uploads\/2025\/07\/luxe-chef-usa-696-696.jpg","width":696,"height":696,"caption":"LuxeChef Food Service USA"},"image":{"@id":"https:\/\/lfsusa.store\/es\/#\/schema\/logo\/image\/"}}]}},"_links":{"self":[{"href":"https:\/\/lfsusa.store\/es\/wp-json\/wp\/v2\/product\/27562","targetHints":{"allow":["GET"]}}],"collection":[{"href":"https:\/\/lfsusa.store\/es\/wp-json\/wp\/v2\/product"}],"about":[{"href":"https:\/\/lfsusa.store\/es\/wp-json\/wp\/v2\/types\/product"}],"version-history":[{"count":1,"href":"https:\/\/lfsusa.store\/es\/wp-json\/wp\/v2\/product\/27562\/revisions"}],"predecessor-version":[{"id":27563,"href":"https:\/\/lfsusa.store\/es\/wp-json\/wp\/v2\/product\/27562\/revisions\/27563"}],"wp:featuredmedia":[{"embeddable":true,"href":"https:\/\/lfsusa.store\/es\/wp-json\/wp\/v2\/media\/23490"}],"wp:attachment":[{"href":"https:\/\/lfsusa.store\/es\/wp-json\/wp\/v2\/media?parent=27562"}],"wp:term":[{"taxonomy":"product_brand","embeddable":true,"href":"https:\/\/lfsusa.store\/es\/wp-json\/wp\/v2\/product_brand?post=27562"},{"taxonomy":"product_cat","embeddable":true,"href":"https:\/\/lfsusa.store\/es\/wp-json\/wp\/v2\/product_cat?post=27562"},{"taxonomy":"product_tag","embeddable":true,"href":"https:\/\/lfsusa.store\/es\/wp-json\/wp\/v2\/product_tag?post=27562"}],"curies":[{"name":"wp","href":"https:\/\/api.w.org\/{rel}","templated":true}]}}