{"id":27570,"date":"2024-03-15T19:41:02","date_gmt":"2024-03-16T00:41:02","guid":{"rendered":"https:\/\/lfsusa.store\/product\/armario-de-verduras\/"},"modified":"2025-08-22T13:07:38","modified_gmt":"2025-08-22T18:07:38","slug":"armario-de-verduras","status":"publish","type":"product","link":"https:\/\/lfsusa.store\/es\/producto\/armario-de-verduras\/","title":{"rendered":"Gabinete de verduras"},"content":{"rendered":"\t\t<div data-elementor-type=\"product-post\" data-elementor-id=\"27570\" class=\"elementor elementor-27570 elementor-18962\" data-elementor-post-type=\"product\">\n\t\t\t\t<div class=\"wd-negative-gap elementor-element elementor-element-e8260a5 e-flex e-con-boxed e-con e-parent\" data-id=\"e8260a5\" data-element_type=\"container\" data-settings=\"{&quot;jet_parallax_layout_list&quot;:[]}\">\n\t\t\t\t\t<div class=\"e-con-inner\">\n\t\t<div class=\"elementor-element elementor-element-03a968b e-con-full e-flex e-con e-child\" data-id=\"03a968b\" data-element_type=\"container\" data-settings=\"{&quot;jet_parallax_layout_list&quot;:[]}\">\n\t\t\t\t<div class=\"elementor-element elementor-element-076f09d elementor-widget elementor-widget-wd_image_or_svg\" data-id=\"076f09d\" data-element_type=\"widget\" data-widget_type=\"wd_image_or_svg.default\">\n\t\t\t\t<div class=\"elementor-widget-container\">\n\t\t\t\t\t\n\t\t<div class=\"wd-image text-center\">\n\t\t\t\t\t\t\t\t<img fetchpriority=\"high\" decoding=\"async\" width=\"860\" height=\"1221\" src=\"https:\/\/lfsusa.store\/wp-content\/uploads\/2024\/03\/Vegetable-Cabinet-2.jpg\" class=\"attachment-full size-full\" alt=\"Vegetable Cabinet\" srcset=\"https:\/\/lfsusa.store\/wp-content\/uploads\/2024\/03\/Vegetable-Cabinet-2.jpg 860w, https:\/\/lfsusa.store\/wp-content\/uploads\/2024\/03\/Vegetable-Cabinet-2-211x300.jpg 211w, https:\/\/lfsusa.store\/wp-content\/uploads\/2024\/03\/Vegetable-Cabinet-2-721x1024.jpg 721w, https:\/\/lfsusa.store\/wp-content\/uploads\/2024\/03\/Vegetable-Cabinet-2-768x1090.jpg 768w, https:\/\/lfsusa.store\/wp-content\/uploads\/2024\/03\/Vegetable-Cabinet-2-500x710.jpg 500w, https:\/\/lfsusa.store\/wp-content\/uploads\/2024\/03\/Vegetable-Cabinet-2-250x355.jpg 250w, https:\/\/lfsusa.store\/wp-content\/uploads\/2024\/03\/Vegetable-Cabinet-2-600x852.jpg 600w, https:\/\/lfsusa.store\/wp-content\/uploads\/2024\/03\/Vegetable-Cabinet-2-150x213.jpg 150w, https:\/\/lfsusa.store\/wp-content\/uploads\/2024\/03\/Vegetable-Cabinet-2-64x91.jpg 64w\" sizes=\"(max-width: 860px) 100vw, 860px\" \/>\t\t\t\t\t<\/div>\n\n\t\t\t\t\t\t<\/div>\n\t\t\t\t<\/div>\n\t\t\t\t<\/div>\n\t\t\t\t\t<\/div>\n\t\t\t\t<\/div>\n\t\t<div class=\"wd-negative-gap elementor-element elementor-element-4ff5073d e-flex e-con-boxed e-con e-parent\" data-id=\"4ff5073d\" data-element_type=\"container\" data-settings=\"{&quot;jet_parallax_layout_list&quot;:[]}\">\n\t\t\t\t\t<div class=\"e-con-inner\">\n\t\t\t\t<div class=\"elementor-element elementor-element-50f8b325 wd-width-100 elementor-widget elementor-widget-wd_title\" data-id=\"50f8b325\" data-element_type=\"widget\" data-widget_type=\"wd_title.default\">\n\t\t\t\t<div class=\"elementor-widget-container\">\n\t\t\t\t\t\t\t<div class=\"title-wrapper wd-set-mb reset-last-child wd-title-color-default wd-title-style-default wd-title-size-default text-left\">\n\n\t\t\t\n\t\t\t<div class=\"liner-continer\">\n\t\t\t\t<h4 class=\"woodmart-title-container title wd-fontsize-l\">Caracter\u00edsticas del gabinete de verduras<\/h4> \n\t\t\t\t\t\t\t<\/div>\n\n\t\t\t\t\t<\/div>\n\t\t\t\t\t\t<\/div>\n\t\t\t\t<\/div>\n\t\t\t\t<div class=\"elementor-element elementor-element-90c6d2d color-scheme-inherit text-left elementor-widget elementor-widget-text-editor\" data-id=\"90c6d2d\" data-element_type=\"widget\" data-widget_type=\"text-editor.default\">\n\t\t\t\t<div class=\"elementor-widget-container\">\n\t\t\t\t\t\t\t\t\t<ul><li>Luz LED en iluminaci\u00f3n.<\/li><li>Compresor importado de alta calidad.<\/li><li>Estantes ajustables de acero inoxidable #304<\/li><li>Equipado con puerta de cristal ITO anticondensaci\u00f3n con marco de acero inoxidable.<\/li><li>Dise\u00f1ado con unidad condensadora oculta para adaptarse al dise\u00f1o interior y minimizar el espacio de instalaci\u00f3n solicitado.<\/li><li>Excelente eficiencia t\u00e9rmica, aislamiento de poliuretano de alta densidad con cero ODP (potencial de agotamiento de la capa de ozono) y bajo GWP (potencial de calentamiento global)<\/li><li>Evaporador con aletas recubiertas, proporciona altas propiedades de resistencia a la corrosi\u00f3n.<\/li><li>El sistema de refrigeraci\u00f3n por aire forzado garantiza una circulaci\u00f3n de aire eficaz.<\/li><li>El descongelador de gas caliente garantiza que el evaporador funcione a su rendimiento \u00f3ptimo.<\/li><li>Vaporiza autom\u00e1ticamente el agua de descongelaci\u00f3n, no se requiere drenaje<\/li><li>Refrigerante libre de CFC respetuoso con el medio ambiente<\/li><li>Dise\u00f1ado y fabricado para funcionar a temperaturas ambiente de 10 a 32 \u00b0C.<\/li><\/ul>\t\t\t\t\t\t\t\t<\/div>\n\t\t\t\t<\/div>\n\t\t\t\t\t<\/div>\n\t\t\t\t<\/div>\n\t\t\t\t<\/div>\n\t\t","protected":false},"excerpt":{"rendered":"<p>Caracter\u00edsticas del gabinete de verduras Luz LED en iluminaci\u00f3n. Compresor importado de alta calidad. Estantes ajustables de acero inoxidable #304<\/p>\n","protected":false},"featured_media":23481,"template":"","meta":[],"product_brand":[],"product_cat":[3422],"product_tag":[1920,1840,1923,3225,3228,3227,3226,1924],"class_list":{"0":"post-27570","1":"product","2":"type-product","3":"status-publish","4":"has-post-thumbnail","6":"product_cat-coleccion-personalizada","7":"product_tag-disponible-solo-para-latinoamerica","8":"product_tag-equipamiento-para-restaurantes-y-hoteles-en-panama","9":"product_tag-equipos-de-cocina-comerciales-y-de-restaurantes-de-ee-uu-en-arabia-saudita","10":"product_tag-equipos-para-restaurantes-y-hoteles-en-ee-uu","11":"product_tag-equipos-para-restaurantes-y-hoteles-en-el-salvador","12":"product_tag-equipos-para-restaurantes-y-hoteles-en-puerto-rico","13":"product_tag-equipos-para-restaurantes-y-hoteles-en-republica-dominicana","14":"product_tag-venta-al-por-mayor-1","16":"first","17":"instock","18":"taxable","19":"shipping-taxable","20":"purchasable","21":"product-type-simple"},"yoast_head":"<!-- This site is optimized with the Yoast SEO plugin v26.7 - https:\/\/yoast.com\/wordpress\/plugins\/seo\/ -->\n<title>Gabinete de verduras | LuxeChef Food Service USA<\/title>\n<meta name=\"description\" content=\"Compra al por mayor Gabinete de verduras online, y el mejor equipamiento para tu negocio a solo un clic con env\u00edo r\u00e1pido y seguro.\" \/>\n<meta name=\"robots\" content=\"index, follow, max-snippet:-1, max-image-preview:large, max-video-preview:-1\" \/>\n<link rel=\"canonical\" href=\"https:\/\/lfsusa.store\/es\/producto\/armario-de-verduras\/\" \/>\n<meta property=\"og:locale\" content=\"es_ES\" \/>\n<meta property=\"og:type\" content=\"article\" \/>\n<meta property=\"og:title\" content=\"Gabinete de verduras | LuxeChef Food Service USA\" \/>\n<meta property=\"og:description\" content=\"Compra al por mayor Gabinete de verduras online, y el mejor equipamiento para tu negocio a solo un clic con env\u00edo r\u00e1pido y seguro.\" \/>\n<meta property=\"og:url\" content=\"https:\/\/lfsusa.store\/es\/producto\/armario-de-verduras\/\" \/>\n<meta property=\"og:site_name\" content=\"LuxeChef Food Service USA\" \/>\n<meta property=\"article:modified_time\" content=\"2025-08-22T18:07:38+00:00\" \/>\n<meta property=\"og:image\" content=\"https:\/\/lfsusa.store\/wp-content\/uploads\/2024\/03\/Vegetable-Cabinet.jpg\" \/>\n\t<meta property=\"og:image:width\" content=\"700\" \/>\n\t<meta property=\"og:image:height\" content=\"800\" \/>\n\t<meta property=\"og:image:type\" content=\"image\/jpeg\" \/>\n<meta name=\"twitter:card\" content=\"summary_large_image\" \/>\n<meta name=\"twitter:label1\" content=\"Tiempo de lectura\" \/>\n\t<meta name=\"twitter:data1\" content=\"1 minuto\" \/>\n<script type=\"application\/ld+json\" class=\"yoast-schema-graph\">{\"@context\":\"https:\/\/schema.org\",\"@graph\":[{\"@type\":\"WebPage\",\"@id\":\"https:\/\/lfsusa.store\/es\/producto\/armario-de-verduras\/\",\"url\":\"https:\/\/lfsusa.store\/es\/producto\/armario-de-verduras\/\",\"name\":\"Gabinete de verduras | LuxeChef Food Service USA\",\"isPartOf\":{\"@id\":\"https:\/\/lfsusa.store\/es\/#website\"},\"primaryImageOfPage\":{\"@id\":\"https:\/\/lfsusa.store\/es\/producto\/armario-de-verduras\/#primaryimage\"},\"image\":{\"@id\":\"https:\/\/lfsusa.store\/es\/producto\/armario-de-verduras\/#primaryimage\"},\"thumbnailUrl\":\"https:\/\/lfsusa.store\/wp-content\/uploads\/2024\/03\/Vegetable-Cabinet.jpg\",\"datePublished\":\"2024-03-16T00:41:02+00:00\",\"dateModified\":\"2025-08-22T18:07:38+00:00\",\"description\":\"Compra al por mayor Gabinete de verduras online, y el mejor equipamiento para tu negocio a solo un clic con env\u00edo r\u00e1pido y seguro.\",\"breadcrumb\":{\"@id\":\"https:\/\/lfsusa.store\/es\/producto\/armario-de-verduras\/#breadcrumb\"},\"inLanguage\":\"es\",\"potentialAction\":[{\"@type\":\"ReadAction\",\"target\":[\"https:\/\/lfsusa.store\/es\/producto\/armario-de-verduras\/\"]}]},{\"@type\":\"ImageObject\",\"inLanguage\":\"es\",\"@id\":\"https:\/\/lfsusa.store\/es\/producto\/armario-de-verduras\/#primaryimage\",\"url\":\"https:\/\/lfsusa.store\/wp-content\/uploads\/2024\/03\/Vegetable-Cabinet.jpg\",\"contentUrl\":\"https:\/\/lfsusa.store\/wp-content\/uploads\/2024\/03\/Vegetable-Cabinet.jpg\",\"width\":700,\"height\":800,\"caption\":\"Gabinete de verduras\"},{\"@type\":\"BreadcrumbList\",\"@id\":\"https:\/\/lfsusa.store\/es\/producto\/armario-de-verduras\/#breadcrumb\",\"itemListElement\":[{\"@type\":\"ListItem\",\"position\":1,\"name\":\"Home\",\"item\":\"https:\/\/lfsusa.store\/es\/inicio-luxechef-food-service-usa\/\"},{\"@type\":\"ListItem\",\"position\":2,\"name\":\"Tienda\",\"item\":\"https:\/\/lfsusa.store\/es\/tienda\/\"},{\"@type\":\"ListItem\",\"position\":3,\"name\":\"Gabinete de verduras\"}]},{\"@type\":\"WebSite\",\"@id\":\"https:\/\/lfsusa.store\/es\/#website\",\"url\":\"https:\/\/lfsusa.store\/es\/\",\"name\":\"LuxeChef Food Service USA\",\"description\":\"Shop restaurant supplies &amp; equipment products in our online restaurant supply store. Extremely fast shipping &amp; wholesale pricing from the #1 restaurant supply company!\",\"publisher\":{\"@id\":\"https:\/\/lfsusa.store\/es\/#organization\"},\"alternateName\":\"LuxeChef Food Service USA\",\"potentialAction\":[{\"@type\":\"SearchAction\",\"target\":{\"@type\":\"EntryPoint\",\"urlTemplate\":\"https:\/\/lfsusa.store\/es\/?s={search_term_string}\"},\"query-input\":{\"@type\":\"PropertyValueSpecification\",\"valueRequired\":true,\"valueName\":\"search_term_string\"}}],\"inLanguage\":\"es\"},{\"@type\":\"Organization\",\"@id\":\"https:\/\/lfsusa.store\/es\/#organization\",\"name\":\"LuxeChef Food Service USA\",\"alternateName\":\"LuxeChef Food Service\",\"url\":\"https:\/\/lfsusa.store\/es\/\",\"logo\":{\"@type\":\"ImageObject\",\"inLanguage\":\"es\",\"@id\":\"https:\/\/lfsusa.store\/es\/#\/schema\/logo\/image\/\",\"url\":\"https:\/\/lfsusa.store\/wp-content\/uploads\/2025\/07\/luxe-chef-usa-696-696.jpg\",\"contentUrl\":\"https:\/\/lfsusa.store\/wp-content\/uploads\/2025\/07\/luxe-chef-usa-696-696.jpg\",\"width\":696,\"height\":696,\"caption\":\"LuxeChef Food Service USA\"},\"image\":{\"@id\":\"https:\/\/lfsusa.store\/es\/#\/schema\/logo\/image\/\"}}]}<\/script>\n<!-- \/ Yoast SEO plugin. -->","yoast_head_json":{"title":"Gabinete de verduras | LuxeChef Food Service USA","description":"Compra al por mayor Gabinete de verduras online, y el mejor equipamiento para tu negocio a solo un clic con env\u00edo r\u00e1pido y seguro.","robots":{"index":"index","follow":"follow","max-snippet":"max-snippet:-1","max-image-preview":"max-image-preview:large","max-video-preview":"max-video-preview:-1"},"canonical":"https:\/\/lfsusa.store\/es\/producto\/armario-de-verduras\/","og_locale":"es_ES","og_type":"article","og_title":"Gabinete de verduras | LuxeChef Food Service USA","og_description":"Compra al por mayor Gabinete de verduras online, y el mejor equipamiento para tu negocio a solo un clic con env\u00edo r\u00e1pido y seguro.","og_url":"https:\/\/lfsusa.store\/es\/producto\/armario-de-verduras\/","og_site_name":"LuxeChef Food Service USA","article_modified_time":"2025-08-22T18:07:38+00:00","og_image":[{"width":700,"height":800,"url":"https:\/\/lfsusa.store\/wp-content\/uploads\/2024\/03\/Vegetable-Cabinet.jpg","type":"image\/jpeg"}],"twitter_card":"summary_large_image","twitter_misc":{"Tiempo de lectura":"1 minuto"},"schema":{"@context":"https:\/\/schema.org","@graph":[{"@type":"WebPage","@id":"https:\/\/lfsusa.store\/es\/producto\/armario-de-verduras\/","url":"https:\/\/lfsusa.store\/es\/producto\/armario-de-verduras\/","name":"Gabinete de verduras | LuxeChef Food Service USA","isPartOf":{"@id":"https:\/\/lfsusa.store\/es\/#website"},"primaryImageOfPage":{"@id":"https:\/\/lfsusa.store\/es\/producto\/armario-de-verduras\/#primaryimage"},"image":{"@id":"https:\/\/lfsusa.store\/es\/producto\/armario-de-verduras\/#primaryimage"},"thumbnailUrl":"https:\/\/lfsusa.store\/wp-content\/uploads\/2024\/03\/Vegetable-Cabinet.jpg","datePublished":"2024-03-16T00:41:02+00:00","dateModified":"2025-08-22T18:07:38+00:00","description":"Compra al por mayor Gabinete de verduras online, y el mejor equipamiento para tu negocio a solo un clic con env\u00edo r\u00e1pido y seguro.","breadcrumb":{"@id":"https:\/\/lfsusa.store\/es\/producto\/armario-de-verduras\/#breadcrumb"},"inLanguage":"es","potentialAction":[{"@type":"ReadAction","target":["https:\/\/lfsusa.store\/es\/producto\/armario-de-verduras\/"]}]},{"@type":"ImageObject","inLanguage":"es","@id":"https:\/\/lfsusa.store\/es\/producto\/armario-de-verduras\/#primaryimage","url":"https:\/\/lfsusa.store\/wp-content\/uploads\/2024\/03\/Vegetable-Cabinet.jpg","contentUrl":"https:\/\/lfsusa.store\/wp-content\/uploads\/2024\/03\/Vegetable-Cabinet.jpg","width":700,"height":800,"caption":"Gabinete de verduras"},{"@type":"BreadcrumbList","@id":"https:\/\/lfsusa.store\/es\/producto\/armario-de-verduras\/#breadcrumb","itemListElement":[{"@type":"ListItem","position":1,"name":"Home","item":"https:\/\/lfsusa.store\/es\/inicio-luxechef-food-service-usa\/"},{"@type":"ListItem","position":2,"name":"Tienda","item":"https:\/\/lfsusa.store\/es\/tienda\/"},{"@type":"ListItem","position":3,"name":"Gabinete de verduras"}]},{"@type":"WebSite","@id":"https:\/\/lfsusa.store\/es\/#website","url":"https:\/\/lfsusa.store\/es\/","name":"LuxeChef Food Service USA","description":"Shop restaurant supplies &amp; equipment products in our online restaurant supply store. Extremely fast shipping &amp; wholesale pricing from the #1 restaurant supply company!","publisher":{"@id":"https:\/\/lfsusa.store\/es\/#organization"},"alternateName":"LuxeChef Food Service USA","potentialAction":[{"@type":"SearchAction","target":{"@type":"EntryPoint","urlTemplate":"https:\/\/lfsusa.store\/es\/?s={search_term_string}"},"query-input":{"@type":"PropertyValueSpecification","valueRequired":true,"valueName":"search_term_string"}}],"inLanguage":"es"},{"@type":"Organization","@id":"https:\/\/lfsusa.store\/es\/#organization","name":"LuxeChef Food Service USA","alternateName":"LuxeChef Food Service","url":"https:\/\/lfsusa.store\/es\/","logo":{"@type":"ImageObject","inLanguage":"es","@id":"https:\/\/lfsusa.store\/es\/#\/schema\/logo\/image\/","url":"https:\/\/lfsusa.store\/wp-content\/uploads\/2025\/07\/luxe-chef-usa-696-696.jpg","contentUrl":"https:\/\/lfsusa.store\/wp-content\/uploads\/2025\/07\/luxe-chef-usa-696-696.jpg","width":696,"height":696,"caption":"LuxeChef Food Service USA"},"image":{"@id":"https:\/\/lfsusa.store\/es\/#\/schema\/logo\/image\/"}}]}},"_links":{"self":[{"href":"https:\/\/lfsusa.store\/es\/wp-json\/wp\/v2\/product\/27570","targetHints":{"allow":["GET"]}}],"collection":[{"href":"https:\/\/lfsusa.store\/es\/wp-json\/wp\/v2\/product"}],"about":[{"href":"https:\/\/lfsusa.store\/es\/wp-json\/wp\/v2\/types\/product"}],"version-history":[{"count":1,"href":"https:\/\/lfsusa.store\/es\/wp-json\/wp\/v2\/product\/27570\/revisions"}],"predecessor-version":[{"id":27571,"href":"https:\/\/lfsusa.store\/es\/wp-json\/wp\/v2\/product\/27570\/revisions\/27571"}],"wp:featuredmedia":[{"embeddable":true,"href":"https:\/\/lfsusa.store\/es\/wp-json\/wp\/v2\/media\/23481"}],"wp:attachment":[{"href":"https:\/\/lfsusa.store\/es\/wp-json\/wp\/v2\/media?parent=27570"}],"wp:term":[{"taxonomy":"product_brand","embeddable":true,"href":"https:\/\/lfsusa.store\/es\/wp-json\/wp\/v2\/product_brand?post=27570"},{"taxonomy":"product_cat","embeddable":true,"href":"https:\/\/lfsusa.store\/es\/wp-json\/wp\/v2\/product_cat?post=27570"},{"taxonomy":"product_tag","embeddable":true,"href":"https:\/\/lfsusa.store\/es\/wp-json\/wp\/v2\/product_tag?post=27570"}],"curies":[{"name":"wp","href":"https:\/\/api.w.org\/{rel}","templated":true}]}}