{"id":27592,"date":"2024-03-17T23:50:35","date_gmt":"2024-03-18T04:50:35","guid":{"rendered":"https:\/\/lfsusa.store\/product\/madurador-de-carne-mx1000\/"},"modified":"2025-08-22T13:25:58","modified_gmt":"2025-08-22T18:25:58","slug":"madurador-de-carne-mx1000","status":"publish","type":"product","link":"https:\/\/lfsusa.store\/es\/producto\/madurador-de-carne-mx1000\/","title":{"rendered":"Armario para curar carnes MX1000 de 220 lb"},"content":{"rendered":"\t\t<div data-elementor-type=\"product-post\" data-elementor-id=\"27592\" class=\"elementor elementor-27592 elementor-12032\" data-elementor-post-type=\"product\">\n\t\t\t\t<div class=\"wd-negative-gap elementor-element elementor-element-71f7fc24 e-flex e-con-boxed e-con e-parent\" data-id=\"71f7fc24\" data-element_type=\"container\" data-settings=\"{&quot;jet_parallax_layout_list&quot;:[]}\">\n\t\t\t\t\t<div class=\"e-con-inner\">\n\t\t\t\t<div class=\"elementor-element elementor-element-36a36f1f color-scheme-inherit text-left elementor-widget elementor-widget-text-editor\" data-id=\"36a36f1f\" data-element_type=\"widget\" data-widget_type=\"text-editor.default\">\n\t\t\t\t<div class=\"elementor-widget-container\">\n\t\t\t\t\t\t\t\t\tNuestro madurador de carnes ofrece un dise\u00f1o moderno y atemporal por fuera, y tecnolog\u00eda sofisticada de alta precisi\u00f3n por dentro. Calidad, artesan\u00eda y alta tecnolog\u00eda se unen. \r\n\r\n<strong>Caracter\u00edsticas del producto<\/strong>\r\n<ul class=\" list-paddingleft-2\">\r\n \t<li>Hecho en china<\/li>\r\n \t<li>Revestimiento y estantes de calidad alimentaria<\/li>\r\n \t<li>Controlador digital preciso<\/li>\r\n \t<li>Esterilizaci\u00f3n UVC<\/li>\r\n \t<li>Carb\u00f3n activo para filtraci\u00f3n de aire<\/li>\r\n \t<li>Puerta de vidrio de alta transparencia a prueba de rayos ultravioleta<\/li>\r\n \t<li>Control de ahorro de energ\u00eda, el ventilador se detiene cuando se abre la puerta.<\/li>\r\n \t<li>Estantes ajustables<\/li>\r\n<\/ul>\r\n&nbsp;\t\t\t\t\t\t\t\t<\/div>\n\t\t\t\t<\/div>\n\t\t\t\t\t<\/div>\n\t\t\t\t<\/div>\n\t\t<div class=\"wd-negative-gap elementor-element elementor-element-66788b52 e-flex e-con-boxed e-con e-parent\" data-id=\"66788b52\" data-element_type=\"container\" data-settings=\"{&quot;jet_parallax_layout_list&quot;:[]}\">\n\t\t\t\t\t<div class=\"e-con-inner\">\n\t\t\t\t<div class=\"elementor-element elementor-element-36750f0 wd-width-100 elementor-widget elementor-widget-wd_title\" data-id=\"36750f0\" data-element_type=\"widget\" data-widget_type=\"wd_title.default\">\n\t\t\t\t<div class=\"elementor-widget-container\">\n\t\t\t\t\t\t\t<div class=\"title-wrapper wd-set-mb reset-last-child wd-title-color-default wd-title-style-default wd-title-size-default text-left\">\n\n\t\t\t\n\t\t\t<div class=\"liner-continer\">\n\t\t\t\t<h4 class=\"woodmart-title-container title wd-fontsize-l\">Detalles del gabinete para pizzas<\/h4> \n\t\t\t\t\t\t\t<\/div>\n\n\t\t\t\t\t<\/div>\n\t\t\t\t\t\t<\/div>\n\t\t\t\t<\/div>\n\t\t\t\t<div class=\"elementor-element elementor-element-2f6896b2 elementor-widget elementor-widget-wd_image_or_svg\" data-id=\"2f6896b2\" data-element_type=\"widget\" data-widget_type=\"wd_image_or_svg.default\">\n\t\t\t\t<div class=\"elementor-widget-container\">\n\t\t\t\t\t\n\t\t<div class=\"wd-image text-center photoswipe-images\">\n\t\t\t\t\t\t\t<a  href=\"https:\/\/lfsusa.store\/wp-content\/uploads\/2024\/03\/MX1000-Meat-Ager-2024-3.jpg\"data-width=\"700\" data-height=\"800\" data-elementor-open-lightbox=\"no\" aria-label=\"Image link\">\n\t\t\t\t\t\t\t\t<img fetchpriority=\"high\" decoding=\"async\" width=\"700\" height=\"800\" src=\"https:\/\/lfsusa.store\/wp-content\/uploads\/2024\/03\/MX1000-Meat-Ager-2024-3.jpg\" class=\"attachment-full size-full\" alt=\"Meat Ager | MX1000 Meat Curing Cabinet 220 lb.\" srcset=\"https:\/\/lfsusa.store\/wp-content\/uploads\/2024\/03\/MX1000-Meat-Ager-2024-3.jpg 700w, https:\/\/lfsusa.store\/wp-content\/uploads\/2024\/03\/MX1000-Meat-Ager-2024-3-263x300.jpg 263w, https:\/\/lfsusa.store\/wp-content\/uploads\/2024\/03\/MX1000-Meat-Ager-2024-3-500x571.jpg 500w, https:\/\/lfsusa.store\/wp-content\/uploads\/2024\/03\/MX1000-Meat-Ager-2024-3-250x286.jpg 250w, https:\/\/lfsusa.store\/wp-content\/uploads\/2024\/03\/MX1000-Meat-Ager-2024-3-600x686.jpg 600w, https:\/\/lfsusa.store\/wp-content\/uploads\/2024\/03\/MX1000-Meat-Ager-2024-3-150x171.jpg 150w, https:\/\/lfsusa.store\/wp-content\/uploads\/2024\/03\/MX1000-Meat-Ager-2024-3-64x73.jpg 64w\" sizes=\"(max-width: 700px) 100vw, 700px\" \/>\t\t\t\t\t\t\t<\/a>\n\t\t\t\t\t<\/div>\n\n\t\t\t\t\t\t<\/div>\n\t\t\t\t<\/div>\n\t\t\t\t\t<\/div>\n\t\t\t\t<\/div>\n\t\t<div class=\"wd-negative-gap elementor-element elementor-element-eea0f14 e-flex e-con-boxed e-con e-parent\" data-id=\"eea0f14\" data-element_type=\"container\" data-settings=\"{&quot;jet_parallax_layout_list&quot;:[]}\">\n\t\t\t\t\t<div class=\"e-con-inner\">\n\t\t\t\t<div class=\"elementor-element elementor-element-9220113 wd-width-100 elementor-widget elementor-widget-wd_title\" data-id=\"9220113\" data-element_type=\"widget\" data-widget_type=\"wd_title.default\">\n\t\t\t\t<div class=\"elementor-widget-container\">\n\t\t\t\t\t\t\t<div class=\"title-wrapper wd-set-mb reset-last-child wd-title-color-default wd-title-style-default wd-title-size-default text-left\">\n\n\t\t\t\n\t\t\t<div class=\"liner-continer\">\n\t\t\t\t<h4 class=\"woodmart-title-container title wd-fontsize-l\">Caracter\u00edsticas del producto<\/h4> \n\t\t\t\t\t\t\t<\/div>\n\n\t\t\t\t\t<\/div>\n\t\t\t\t\t\t<\/div>\n\t\t\t\t<\/div>\n\t\t\t\t<div class=\"elementor-element elementor-element-b82e378 elementor-widget elementor-widget-wd_image_or_svg\" data-id=\"b82e378\" data-element_type=\"widget\" data-widget_type=\"wd_image_or_svg.default\">\n\t\t\t\t<div class=\"elementor-widget-container\">\n\t\t\t\t\t\n\t\t<div class=\"wd-image text-center photoswipe-images\">\n\t\t\t\t\t\t\t<a  href=\"https:\/\/lfsusa.store\/wp-content\/uploads\/2024\/03\/MX1000-Meat-Ager-2024-5.jpg\"data-width=\"700\" data-height=\"800\" data-elementor-open-lightbox=\"no\" aria-label=\"Image link\">\n\t\t\t\t\t\t\t\t<img decoding=\"async\" width=\"700\" height=\"800\" src=\"https:\/\/lfsusa.store\/wp-content\/uploads\/2024\/03\/MX1000-Meat-Ager-2024-5.jpg\" class=\"attachment-full size-full\" alt=\"Meat Ager | MX1000 Meat Curing Cabinet 220 lb.\" srcset=\"https:\/\/lfsusa.store\/wp-content\/uploads\/2024\/03\/MX1000-Meat-Ager-2024-5.jpg 700w, https:\/\/lfsusa.store\/wp-content\/uploads\/2024\/03\/MX1000-Meat-Ager-2024-5-263x300.jpg 263w, https:\/\/lfsusa.store\/wp-content\/uploads\/2024\/03\/MX1000-Meat-Ager-2024-5-500x571.jpg 500w, https:\/\/lfsusa.store\/wp-content\/uploads\/2024\/03\/MX1000-Meat-Ager-2024-5-250x286.jpg 250w, https:\/\/lfsusa.store\/wp-content\/uploads\/2024\/03\/MX1000-Meat-Ager-2024-5-600x686.jpg 600w, https:\/\/lfsusa.store\/wp-content\/uploads\/2024\/03\/MX1000-Meat-Ager-2024-5-150x171.jpg 150w, https:\/\/lfsusa.store\/wp-content\/uploads\/2024\/03\/MX1000-Meat-Ager-2024-5-64x73.jpg 64w\" sizes=\"(max-width: 700px) 100vw, 700px\" \/>\t\t\t\t\t\t\t<\/a>\n\t\t\t\t\t<\/div>\n\n\t\t\t\t\t\t<\/div>\n\t\t\t\t<\/div>\n\t\t\t\t\t<\/div>\n\t\t\t\t<\/div>\n\t\t<div class=\"wd-negative-gap elementor-element elementor-element-77721569 e-flex e-con-boxed e-con e-parent\" data-id=\"77721569\" data-element_type=\"container\" data-settings=\"{&quot;jet_parallax_layout_list&quot;:[]}\">\n\t\t\t\t\t<div class=\"e-con-inner\">\n\t\t<div class=\"elementor-element elementor-element-6f6983be e-con-full e-flex e-con e-child\" data-id=\"6f6983be\" data-element_type=\"container\" data-settings=\"{&quot;jet_parallax_layout_list&quot;:[]}\">\n\t\t\t\t<div class=\"elementor-element elementor-element-7aa23a6e elementor-widget elementor-widget-wd_text_block\" data-id=\"7aa23a6e\" data-element_type=\"widget\" data-widget_type=\"wd_text_block.default\">\n\t\t\t\t<div class=\"elementor-widget-container\">\n\t\t\t\t\t\t\t<div class=\"wd-text-block reset-last-child text-left color-title\">\n\t\t\t\n\t\t\t<p>Recursos y descargas<\/p>\n\t\t\t\t\t<\/div>\n\t\t\t\t\t\t<\/div>\n\t\t\t\t<\/div>\n\t\t\t\t<div class=\"elementor-element elementor-element-1c69d9d1 elementor-widget-divider--view-line elementor-widget elementor-widget-divider\" data-id=\"1c69d9d1\" data-element_type=\"widget\" data-widget_type=\"divider.default\">\n\t\t\t\t<div class=\"elementor-widget-container\">\n\t\t\t\t\t\t\t<div class=\"elementor-divider\">\n\t\t\t<span class=\"elementor-divider-separator\">\n\t\t\t\t\t\t<\/span>\n\t\t<\/div>\n\t\t\t\t\t\t<\/div>\n\t\t\t\t<\/div>\n\t\t\t\t<\/div>\n\t\t\t\t\t<\/div>\n\t\t\t\t<\/div>\n\t\t<div class=\"elementor-element elementor-element-7ea229c0 e-flex e-con-boxed e-con e-parent\" data-id=\"7ea229c0\" data-element_type=\"container\" data-settings=\"{&quot;background_background&quot;:&quot;classic&quot;,&quot;jet_parallax_layout_list&quot;:[]}\">\n\t\t\t\t\t<div class=\"e-con-inner\">\n\t\t<div class=\"elementor-element elementor-element-4b1d7f4f e-con-full e-flex e-con e-child\" data-id=\"4b1d7f4f\" data-element_type=\"container\" data-settings=\"{&quot;jet_parallax_layout_list&quot;:[]}\">\n\t\t\t\t<div class=\"elementor-element elementor-element-77c5d889 elementor-widget elementor-widget-wd_banner\" data-id=\"77c5d889\" data-element_type=\"widget\" data-widget_type=\"wd_banner.default\">\n\t\t\t\t<div class=\"elementor-widget-container\">\n\t\t\t\t\t\t\t<div class=\"promo-banner-wrapper\">\n\t\t\t<div class=\"promo-banner banner-default banner-hover-zoom color-scheme- banner-btn-size-default banner-btn-style-default wd-with-link\">\n\t\t\t\t<div class=\"main-wrapp-img\">\n\t\t\t\t\t<div class=\"banner-image\">\n\t\t\t\t\t\t\t\t\t\t\t\t\t\t\t\t\t\t\t\t\t<img decoding=\"async\" width=\"400\" height=\"335\" src=\"https:\/\/lfsusa.store\/wp-content\/uploads\/2024\/03\/meat-ager-sepcs.jpg\" class=\"attachment-full size-full\" alt=\"\" srcset=\"https:\/\/lfsusa.store\/wp-content\/uploads\/2024\/03\/meat-ager-sepcs.jpg 400w, https:\/\/lfsusa.store\/wp-content\/uploads\/2024\/03\/meat-ager-sepcs-300x251.jpg 300w, https:\/\/lfsusa.store\/wp-content\/uploads\/2024\/03\/meat-ager-sepcs-250x209.jpg 250w, https:\/\/lfsusa.store\/wp-content\/uploads\/2024\/03\/meat-ager-sepcs-150x126.jpg 150w, https:\/\/lfsusa.store\/wp-content\/uploads\/2024\/03\/meat-ager-sepcs-64x54.jpg 64w\" sizes=\"(max-width: 400px) 100vw, 400px\" \/>\t\t\t\t\t\t\t\t\t\t\t\t\t\t\t\t\t\t<\/div>\n\t\t\t\t<\/div>\n\n\t\t\t\t<div class=\"wrapper-content-banner wd-fill wd-items-top wd-justify-left\">\n\t\t\t\t\t<div class=\"content-banner  text-left\">\n\t\t\t\t\t\t\n\t\t\t\t\t\t\n\t\t\t\t\t\t\n\t\t\t\t\t\t\n\t\t\t\t\t\t\t\t\t\t\t<\/div>\n\t\t\t\t<\/div>\n\n\t\t\t\t\t\t\t\t\t<a href=\"https:\/\/lfsusa.store\/download\/19345\/?tmstv=1710623393\" class=\"wd-promo-banner-link wd-fill\" aria-label=\"Banner link\"><\/a>\n\t\t\t\t\t\t\t<\/div>\n\t\t<\/div>\n\t\t\t\t\t\t<\/div>\n\t\t\t\t<\/div>\n\t\t\t\t<div class=\"elementor-element elementor-element-fecb173 elementor-widget elementor-widget-wd_button\" data-id=\"fecb173\" data-element_type=\"widget\" data-widget_type=\"wd_button.default\">\n\t\t\t\t<div class=\"elementor-widget-container\">\n\t\t\t\t\t\t\t<div class=\"wd-button-wrapper text-center\" >\n\t\t\t<a class=\"btn btn-style-link btn-shape- btn-size-default btn-color-primary btn-icon-pos-right\"  href=\"https:\/\/lfsusa.store\/download\/19345\/?tmstv=1710623393\">\n\t\t\t\t<span class=\"wd-btn-text\" data-elementor-setting-key=\"text\">\n\t\t\t\t\tHoja de especificaciones\t\t\t\t<\/span>\n\n\t\t\t\t\t\t\t\t\t<span class=\"wd-btn-icon\">\n\t\t\t\t\t\t<svg class=\"wd-icon e-font-icon-svg e-fas-chevron-circle-down\" viewBox=\"0 0 512 512\" xmlns=\"http:\/\/www.w3.org\/2000\/svg\"><path d=\"M504 256c0 137-111 248-248 248S8 393 8 256 119 8 256 8s248 111 248 248zM273 369.9l135.5-135.5c9.4-9.4 9.4-24.6 0-33.9l-17-17c-9.4-9.4-24.6-9.4-33.9 0L256 285.1 154.4 183.5c-9.4-9.4-24.6-9.4-33.9 0l-17 17c-9.4 9.4-9.4 24.6 0 33.9L239 369.9c9.4 9.4 24.6 9.4 34 0z\"><\/path><\/svg>\t\t\t\t\t<\/span>\n\t\t\t\t\t\t\t<\/a>\n\t\t<\/div>\n\t\t\t\t\t\t<\/div>\n\t\t\t\t<\/div>\n\t\t\t\t<\/div>\n\t\t<div class=\"elementor-element elementor-element-76818bf4 e-con-full e-flex e-con e-child\" data-id=\"76818bf4\" data-element_type=\"container\" data-settings=\"{&quot;jet_parallax_layout_list&quot;:[]}\">\n\t\t\t\t<div class=\"elementor-element elementor-element-5b0a2416 elementor-widget elementor-widget-wd_banner\" data-id=\"5b0a2416\" data-element_type=\"widget\" data-widget_type=\"wd_banner.default\">\n\t\t\t\t<div class=\"elementor-widget-container\">\n\t\t\t\t\t\t\t<div class=\"promo-banner-wrapper\">\n\t\t\t<div class=\"promo-banner banner-default banner-hover-zoom color-scheme- banner-btn-size-default banner-btn-style-default wd-with-link\">\n\t\t\t\t<div class=\"main-wrapp-img\">\n\t\t\t\t\t<div class=\"banner-image\">\n\t\t\t\t\t\t\t\t\t\t\t\t\t\t\t\t\t\t\t\t\t<img loading=\"lazy\" decoding=\"async\" width=\"400\" height=\"335\" src=\"https:\/\/lfsusa.store\/wp-content\/uploads\/2024\/03\/Brochue-latam-wft-1-1.jpg\" class=\"attachment-full size-full\" alt=\"\" srcset=\"https:\/\/lfsusa.store\/wp-content\/uploads\/2024\/03\/Brochue-latam-wft-1-1.jpg 400w, https:\/\/lfsusa.store\/wp-content\/uploads\/2024\/03\/Brochue-latam-wft-1-1-300x251.jpg 300w, https:\/\/lfsusa.store\/wp-content\/uploads\/2024\/03\/Brochue-latam-wft-1-1-250x209.jpg 250w, https:\/\/lfsusa.store\/wp-content\/uploads\/2024\/03\/Brochue-latam-wft-1-1-150x126.jpg 150w, https:\/\/lfsusa.store\/wp-content\/uploads\/2024\/03\/Brochue-latam-wft-1-1-64x54.jpg 64w\" sizes=\"(max-width: 400px) 100vw, 400px\" \/>\t\t\t\t\t\t\t\t\t\t\t\t\t\t\t\t\t\t<\/div>\n\t\t\t\t<\/div>\n\n\t\t\t\t<div class=\"wrapper-content-banner wd-fill wd-items-top wd-justify-left\">\n\t\t\t\t\t<div class=\"content-banner  text-left\">\n\t\t\t\t\t\t\n\t\t\t\t\t\t\n\t\t\t\t\t\t\n\t\t\t\t\t\t\n\t\t\t\t\t\t\t\t\t\t\t<\/div>\n\t\t\t\t<\/div>\n\n\t\t\t\t\t\t\t\t\t<a href=\"https:\/\/lfsusa.store\/download\/18983\/?tmstv=1710555926\" class=\"wd-promo-banner-link wd-fill\" aria-label=\"Banner link\"><\/a>\n\t\t\t\t\t\t\t<\/div>\n\t\t<\/div>\n\t\t\t\t\t\t<\/div>\n\t\t\t\t<\/div>\n\t\t\t\t<div class=\"elementor-element elementor-element-1b2deb93 elementor-widget elementor-widget-wd_button\" data-id=\"1b2deb93\" data-element_type=\"widget\" data-widget_type=\"wd_button.default\">\n\t\t\t\t<div class=\"elementor-widget-container\">\n\t\t\t\t\t\t\t<div class=\"wd-button-wrapper text-center\" >\n\t\t\t<a class=\"btn btn-style-link btn-shape- btn-size-default btn-color-primary btn-icon-pos-right\"  href=\"https:\/\/lfsusa.store\/download\/18983\/?tmstv=1710555926\">\n\t\t\t\t<span class=\"wd-btn-text\" data-elementor-setting-key=\"text\">\n\t\t\t\t\tFolleto\t\t\t\t<\/span>\n\n\t\t\t\t\t\t\t\t\t<span class=\"wd-btn-icon\">\n\t\t\t\t\t\t<svg class=\"wd-icon e-font-icon-svg e-fas-chevron-circle-down\" viewBox=\"0 0 512 512\" xmlns=\"http:\/\/www.w3.org\/2000\/svg\"><path d=\"M504 256c0 137-111 248-248 248S8 393 8 256 119 8 256 8s248 111 248 248zM273 369.9l135.5-135.5c9.4-9.4 9.4-24.6 0-33.9l-17-17c-9.4-9.4-24.6-9.4-33.9 0L256 285.1 154.4 183.5c-9.4-9.4-24.6-9.4-33.9 0l-17 17c-9.4 9.4-9.4 24.6 0 33.9L239 369.9c9.4 9.4 24.6 9.4 34 0z\"><\/path><\/svg>\t\t\t\t\t<\/span>\n\t\t\t\t\t\t\t<\/a>\n\t\t<\/div>\n\t\t\t\t\t\t<\/div>\n\t\t\t\t<\/div>\n\t\t\t\t<\/div>\n\t\t\t\t\t<\/div>\n\t\t\t\t<\/div>\n\t\t\t\t<\/div>\n\t\t","protected":false},"excerpt":{"rendered":"<p>Nuestro madurador de carnes ofrece un dise\u00f1o moderno y atemporal por fuera, y tecnolog\u00eda sofisticada de alta precisi\u00f3n por dentro.<\/p>\n","protected":false},"featured_media":23470,"template":"","meta":[],"product_brand":[],"product_cat":[3404],"product_tag":[1920,1840,1923,3225,3228,3227,3226,1924],"class_list":{"0":"post-27592","1":"product","2":"type-product","3":"status-publish","4":"has-post-thumbnail","6":"product_cat-venta-al-por-mayor-refrigerador-del-escaparate","7":"product_tag-disponible-solo-para-latinoamerica","8":"product_tag-equipamiento-para-restaurantes-y-hoteles-en-panama","9":"product_tag-equipos-de-cocina-comerciales-y-de-restaurantes-de-ee-uu-en-arabia-saudita","10":"product_tag-equipos-para-restaurantes-y-hoteles-en-ee-uu","11":"product_tag-equipos-para-restaurantes-y-hoteles-en-el-salvador","12":"product_tag-equipos-para-restaurantes-y-hoteles-en-puerto-rico","13":"product_tag-equipos-para-restaurantes-y-hoteles-en-republica-dominicana","14":"product_tag-venta-al-por-mayor-1","16":"first","17":"instock","18":"taxable","19":"shipping-taxable","20":"purchasable","21":"product-type-simple"},"yoast_head":"<!-- This site is optimized with the Yoast SEO plugin v26.7 - https:\/\/yoast.com\/wordpress\/plugins\/seo\/ -->\n<title>Armario para curar carnes MX1000 de 220 lb | LuxeChef Food Service USA<\/title>\n<meta name=\"description\" content=\"Compra al por mayor Armario para curar carnes MX1000 de 220 lb online, y el mejor equipamiento para tu negocio a solo un clic con env\u00edo r\u00e1pido y seguro.\" \/>\n<meta name=\"robots\" content=\"index, follow, max-snippet:-1, max-image-preview:large, max-video-preview:-1\" \/>\n<link rel=\"canonical\" href=\"https:\/\/lfsusa.store\/es\/producto\/madurador-de-carne-mx1000\/\" \/>\n<meta property=\"og:locale\" content=\"es_ES\" \/>\n<meta property=\"og:type\" content=\"article\" \/>\n<meta property=\"og:title\" content=\"Armario para curar carnes MX1000 de 220 lb | LuxeChef Food Service USA\" \/>\n<meta property=\"og:description\" content=\"Compra al por mayor Armario para curar carnes MX1000 de 220 lb online, y el mejor equipamiento para tu negocio a solo un clic con env\u00edo r\u00e1pido y seguro.\" \/>\n<meta property=\"og:url\" content=\"https:\/\/lfsusa.store\/es\/producto\/madurador-de-carne-mx1000\/\" \/>\n<meta property=\"og:site_name\" content=\"LuxeChef Food Service USA\" \/>\n<meta property=\"article:modified_time\" content=\"2025-08-22T18:25:58+00:00\" \/>\n<meta property=\"og:image\" content=\"https:\/\/lfsusa.store\/wp-content\/uploads\/2024\/03\/MX1000-Meat-Ager-2024.jpg\" \/>\n\t<meta property=\"og:image:width\" content=\"700\" \/>\n\t<meta property=\"og:image:height\" content=\"800\" \/>\n\t<meta property=\"og:image:type\" content=\"image\/jpeg\" \/>\n<meta name=\"twitter:card\" content=\"summary_large_image\" \/>\n<meta name=\"twitter:label1\" content=\"Tiempo de lectura\" \/>\n\t<meta name=\"twitter:data1\" content=\"1 minuto\" \/>\n<script type=\"application\/ld+json\" class=\"yoast-schema-graph\">{\"@context\":\"https:\/\/schema.org\",\"@graph\":[{\"@type\":\"WebPage\",\"@id\":\"https:\/\/lfsusa.store\/es\/producto\/madurador-de-carne-mx1000\/\",\"url\":\"https:\/\/lfsusa.store\/es\/producto\/madurador-de-carne-mx1000\/\",\"name\":\"Armario para curar carnes MX1000 de 220 lb | LuxeChef Food Service USA\",\"isPartOf\":{\"@id\":\"https:\/\/lfsusa.store\/es\/#website\"},\"primaryImageOfPage\":{\"@id\":\"https:\/\/lfsusa.store\/es\/producto\/madurador-de-carne-mx1000\/#primaryimage\"},\"image\":{\"@id\":\"https:\/\/lfsusa.store\/es\/producto\/madurador-de-carne-mx1000\/#primaryimage\"},\"thumbnailUrl\":\"https:\/\/lfsusa.store\/wp-content\/uploads\/2024\/03\/MX1000-Meat-Ager-2024.jpg\",\"datePublished\":\"2024-03-18T04:50:35+00:00\",\"dateModified\":\"2025-08-22T18:25:58+00:00\",\"description\":\"Compra al por mayor Armario para curar carnes MX1000 de 220 lb online, y el mejor equipamiento para tu negocio a solo un clic con env\u00edo r\u00e1pido y seguro.\",\"breadcrumb\":{\"@id\":\"https:\/\/lfsusa.store\/es\/producto\/madurador-de-carne-mx1000\/#breadcrumb\"},\"inLanguage\":\"es\",\"potentialAction\":[{\"@type\":\"ReadAction\",\"target\":[\"https:\/\/lfsusa.store\/es\/producto\/madurador-de-carne-mx1000\/\"]}]},{\"@type\":\"ImageObject\",\"inLanguage\":\"es\",\"@id\":\"https:\/\/lfsusa.store\/es\/producto\/madurador-de-carne-mx1000\/#primaryimage\",\"url\":\"https:\/\/lfsusa.store\/wp-content\/uploads\/2024\/03\/MX1000-Meat-Ager-2024.jpg\",\"contentUrl\":\"https:\/\/lfsusa.store\/wp-content\/uploads\/2024\/03\/MX1000-Meat-Ager-2024.jpg\",\"width\":700,\"height\":800,\"caption\":\"c\u00e1mara de maduraci\u00f3n de carne | MX1000\"},{\"@type\":\"BreadcrumbList\",\"@id\":\"https:\/\/lfsusa.store\/es\/producto\/madurador-de-carne-mx1000\/#breadcrumb\",\"itemListElement\":[{\"@type\":\"ListItem\",\"position\":1,\"name\":\"Home\",\"item\":\"https:\/\/lfsusa.store\/es\/inicio-luxechef-food-service-usa\/\"},{\"@type\":\"ListItem\",\"position\":2,\"name\":\"Tienda\",\"item\":\"https:\/\/lfsusa.store\/es\/tienda\/\"},{\"@type\":\"ListItem\",\"position\":3,\"name\":\"Armario para curar carnes MX1000 de 220 lb\"}]},{\"@type\":\"WebSite\",\"@id\":\"https:\/\/lfsusa.store\/es\/#website\",\"url\":\"https:\/\/lfsusa.store\/es\/\",\"name\":\"LuxeChef Food Service USA\",\"description\":\"Shop restaurant supplies &amp; equipment products in our online restaurant supply store. Extremely fast shipping &amp; wholesale pricing from the #1 restaurant supply company!\",\"publisher\":{\"@id\":\"https:\/\/lfsusa.store\/es\/#organization\"},\"alternateName\":\"LuxeChef Food Service USA\",\"potentialAction\":[{\"@type\":\"SearchAction\",\"target\":{\"@type\":\"EntryPoint\",\"urlTemplate\":\"https:\/\/lfsusa.store\/es\/?s={search_term_string}\"},\"query-input\":{\"@type\":\"PropertyValueSpecification\",\"valueRequired\":true,\"valueName\":\"search_term_string\"}}],\"inLanguage\":\"es\"},{\"@type\":\"Organization\",\"@id\":\"https:\/\/lfsusa.store\/es\/#organization\",\"name\":\"LuxeChef Food Service USA\",\"alternateName\":\"LuxeChef Food Service\",\"url\":\"https:\/\/lfsusa.store\/es\/\",\"logo\":{\"@type\":\"ImageObject\",\"inLanguage\":\"es\",\"@id\":\"https:\/\/lfsusa.store\/es\/#\/schema\/logo\/image\/\",\"url\":\"https:\/\/lfsusa.store\/wp-content\/uploads\/2025\/07\/luxe-chef-usa-696-696.jpg\",\"contentUrl\":\"https:\/\/lfsusa.store\/wp-content\/uploads\/2025\/07\/luxe-chef-usa-696-696.jpg\",\"width\":696,\"height\":696,\"caption\":\"LuxeChef Food Service USA\"},\"image\":{\"@id\":\"https:\/\/lfsusa.store\/es\/#\/schema\/logo\/image\/\"}}]}<\/script>\n<!-- \/ Yoast SEO plugin. -->","yoast_head_json":{"title":"Armario para curar carnes MX1000 de 220 lb | LuxeChef Food Service USA","description":"Compra al por mayor Armario para curar carnes MX1000 de 220 lb online, y el mejor equipamiento para tu negocio a solo un clic con env\u00edo r\u00e1pido y seguro.","robots":{"index":"index","follow":"follow","max-snippet":"max-snippet:-1","max-image-preview":"max-image-preview:large","max-video-preview":"max-video-preview:-1"},"canonical":"https:\/\/lfsusa.store\/es\/producto\/madurador-de-carne-mx1000\/","og_locale":"es_ES","og_type":"article","og_title":"Armario para curar carnes MX1000 de 220 lb | LuxeChef Food Service USA","og_description":"Compra al por mayor Armario para curar carnes MX1000 de 220 lb online, y el mejor equipamiento para tu negocio a solo un clic con env\u00edo r\u00e1pido y seguro.","og_url":"https:\/\/lfsusa.store\/es\/producto\/madurador-de-carne-mx1000\/","og_site_name":"LuxeChef Food Service USA","article_modified_time":"2025-08-22T18:25:58+00:00","og_image":[{"width":700,"height":800,"url":"https:\/\/lfsusa.store\/wp-content\/uploads\/2024\/03\/MX1000-Meat-Ager-2024.jpg","type":"image\/jpeg"}],"twitter_card":"summary_large_image","twitter_misc":{"Tiempo de lectura":"1 minuto"},"schema":{"@context":"https:\/\/schema.org","@graph":[{"@type":"WebPage","@id":"https:\/\/lfsusa.store\/es\/producto\/madurador-de-carne-mx1000\/","url":"https:\/\/lfsusa.store\/es\/producto\/madurador-de-carne-mx1000\/","name":"Armario para curar carnes MX1000 de 220 lb | LuxeChef Food Service USA","isPartOf":{"@id":"https:\/\/lfsusa.store\/es\/#website"},"primaryImageOfPage":{"@id":"https:\/\/lfsusa.store\/es\/producto\/madurador-de-carne-mx1000\/#primaryimage"},"image":{"@id":"https:\/\/lfsusa.store\/es\/producto\/madurador-de-carne-mx1000\/#primaryimage"},"thumbnailUrl":"https:\/\/lfsusa.store\/wp-content\/uploads\/2024\/03\/MX1000-Meat-Ager-2024.jpg","datePublished":"2024-03-18T04:50:35+00:00","dateModified":"2025-08-22T18:25:58+00:00","description":"Compra al por mayor Armario para curar carnes MX1000 de 220 lb online, y el mejor equipamiento para tu negocio a solo un clic con env\u00edo r\u00e1pido y seguro.","breadcrumb":{"@id":"https:\/\/lfsusa.store\/es\/producto\/madurador-de-carne-mx1000\/#breadcrumb"},"inLanguage":"es","potentialAction":[{"@type":"ReadAction","target":["https:\/\/lfsusa.store\/es\/producto\/madurador-de-carne-mx1000\/"]}]},{"@type":"ImageObject","inLanguage":"es","@id":"https:\/\/lfsusa.store\/es\/producto\/madurador-de-carne-mx1000\/#primaryimage","url":"https:\/\/lfsusa.store\/wp-content\/uploads\/2024\/03\/MX1000-Meat-Ager-2024.jpg","contentUrl":"https:\/\/lfsusa.store\/wp-content\/uploads\/2024\/03\/MX1000-Meat-Ager-2024.jpg","width":700,"height":800,"caption":"c\u00e1mara de maduraci\u00f3n de carne | MX1000"},{"@type":"BreadcrumbList","@id":"https:\/\/lfsusa.store\/es\/producto\/madurador-de-carne-mx1000\/#breadcrumb","itemListElement":[{"@type":"ListItem","position":1,"name":"Home","item":"https:\/\/lfsusa.store\/es\/inicio-luxechef-food-service-usa\/"},{"@type":"ListItem","position":2,"name":"Tienda","item":"https:\/\/lfsusa.store\/es\/tienda\/"},{"@type":"ListItem","position":3,"name":"Armario para curar carnes MX1000 de 220 lb"}]},{"@type":"WebSite","@id":"https:\/\/lfsusa.store\/es\/#website","url":"https:\/\/lfsusa.store\/es\/","name":"LuxeChef Food Service USA","description":"Shop restaurant supplies &amp; equipment products in our online restaurant supply store. Extremely fast shipping &amp; wholesale pricing from the #1 restaurant supply company!","publisher":{"@id":"https:\/\/lfsusa.store\/es\/#organization"},"alternateName":"LuxeChef Food Service USA","potentialAction":[{"@type":"SearchAction","target":{"@type":"EntryPoint","urlTemplate":"https:\/\/lfsusa.store\/es\/?s={search_term_string}"},"query-input":{"@type":"PropertyValueSpecification","valueRequired":true,"valueName":"search_term_string"}}],"inLanguage":"es"},{"@type":"Organization","@id":"https:\/\/lfsusa.store\/es\/#organization","name":"LuxeChef Food Service USA","alternateName":"LuxeChef Food Service","url":"https:\/\/lfsusa.store\/es\/","logo":{"@type":"ImageObject","inLanguage":"es","@id":"https:\/\/lfsusa.store\/es\/#\/schema\/logo\/image\/","url":"https:\/\/lfsusa.store\/wp-content\/uploads\/2025\/07\/luxe-chef-usa-696-696.jpg","contentUrl":"https:\/\/lfsusa.store\/wp-content\/uploads\/2025\/07\/luxe-chef-usa-696-696.jpg","width":696,"height":696,"caption":"LuxeChef Food Service USA"},"image":{"@id":"https:\/\/lfsusa.store\/es\/#\/schema\/logo\/image\/"}}]}},"_links":{"self":[{"href":"https:\/\/lfsusa.store\/es\/wp-json\/wp\/v2\/product\/27592","targetHints":{"allow":["GET"]}}],"collection":[{"href":"https:\/\/lfsusa.store\/es\/wp-json\/wp\/v2\/product"}],"about":[{"href":"https:\/\/lfsusa.store\/es\/wp-json\/wp\/v2\/types\/product"}],"version-history":[{"count":1,"href":"https:\/\/lfsusa.store\/es\/wp-json\/wp\/v2\/product\/27592\/revisions"}],"predecessor-version":[{"id":27593,"href":"https:\/\/lfsusa.store\/es\/wp-json\/wp\/v2\/product\/27592\/revisions\/27593"}],"wp:featuredmedia":[{"embeddable":true,"href":"https:\/\/lfsusa.store\/es\/wp-json\/wp\/v2\/media\/23470"}],"wp:attachment":[{"href":"https:\/\/lfsusa.store\/es\/wp-json\/wp\/v2\/media?parent=27592"}],"wp:term":[{"taxonomy":"product_brand","embeddable":true,"href":"https:\/\/lfsusa.store\/es\/wp-json\/wp\/v2\/product_brand?post=27592"},{"taxonomy":"product_cat","embeddable":true,"href":"https:\/\/lfsusa.store\/es\/wp-json\/wp\/v2\/product_cat?post=27592"},{"taxonomy":"product_tag","embeddable":true,"href":"https:\/\/lfsusa.store\/es\/wp-json\/wp\/v2\/product_tag?post=27592"}],"curies":[{"name":"wp","href":"https:\/\/api.w.org\/{rel}","templated":true}]}}