{"id":27624,"date":"2024-03-15T23:00:00","date_gmt":"2024-03-16T04:00:00","guid":{"rendered":"https:\/\/lfsusa.store\/product\/gabinete-para-pizza-pw20hh\/"},"modified":"2025-08-22T13:46:17","modified_gmt":"2025-08-22T18:46:17","slug":"gabinete-para-pizza-pw20hh","status":"publish","type":"product","link":"https:\/\/lfsusa.store\/es\/producto\/gabinete-para-pizza-pw20hh\/","title":{"rendered":"PW20HH| Estaci\u00f3n de pizza refrigerada"},"content":{"rendered":"\t\t<div data-elementor-type=\"product-post\" data-elementor-id=\"27624\" class=\"elementor elementor-27624 elementor-12353\" data-elementor-post-type=\"product\">\n\t\t\t\t<div class=\"wd-negative-gap elementor-element elementor-element-77711291 e-flex e-con-boxed e-con e-parent\" data-id=\"77711291\" data-element_type=\"container\" data-settings=\"{&quot;jet_parallax_layout_list&quot;:[]}\">\n\t\t\t\t\t<div class=\"e-con-inner\">\n\t\t\t\t<div class=\"elementor-element elementor-element-7752cda8 color-scheme-inherit text-left elementor-widget elementor-widget-text-editor\" data-id=\"7752cda8\" data-element_type=\"widget\" data-widget_type=\"text-editor.default\">\n\t\t\t\t<div class=\"elementor-widget-container\">\n\t\t\t\t\t\t\t\t\t<strong>Caracter\u00edsticas del producto<\/strong>\r\n<ul>\r\n \t<li>Bandeja GN dise\u00f1ada.<\/li>\r\n \t<li>Acabado exterior e interior de acero inoxidable de grado 304 Seguro para alimentos, duradero y de f\u00e1cil limpieza Proporciona propiedades de alta resistencia a la corrosi\u00f3n, garantiza que se cumplan los est\u00e1ndares de seguridad alimentaria<\/li>\r\n \t<li>Dise\u00f1o de esquinas redondeadas, f\u00e1cil de limpiar.<\/li>\r\n \t<li>Espuma aislante de alta densidad de 75 mm de espesor con cero ODP (potencial de agotamiento de la capa de ozono) y bajo GWP (potencial de calentamiento global)<\/li>\r\n \t<li>Correderas de bandeja antivuelco ajustables, compatibles con el dise\u00f1o GN<\/li>\r\n \t<li>El evaporador con aletas recubiertas proporciona altas propiedades de resistencia a la corrosi\u00f3n.<\/li>\r\n \t<li>Junta de puerta extra\u00edble, f\u00e1cil de reemplazar los calentadores en el interior.<\/li>\r\n \t<li>Dise\u00f1o de puertas con cierre autom\u00e1tico para evitar la entrada de calor y reducir el consumo de energ\u00eda.<\/li>\r\n \t<li>La apertura de la puerta de m\u00e1s de 90\u00b0 permite una f\u00e1cil carga y control de existencias.<\/li>\r\n \t<li>T\u00e9cnica variable de semifrecuencia patentada que utiliza una v\u00e1lvula de expansi\u00f3n electr\u00f3nica controlada por VFD (variador de frecuencia), que puede ajustar autom\u00e1ticamente los par\u00e1metros operativos, garantizar un excelente rendimiento de trabajo y un menor consumo de energ\u00eda.<\/li>\r\n \t<li>El sistema de control desarrollado por nosotros puede examinar los fallos autom\u00e1ticamente y mostrar los c\u00f3digos relativos en el controlador digital, lo que hace que el mantenimiento sea mucho m\u00e1s f\u00e1cil y efectivo.<\/li>\r\n \t<li>El sistema de enfriamiento de aire forzado garantiza una circulaci\u00f3n de aire efectiva.<\/li>\r\n \t<li>La descongelaci\u00f3n por gas caliente garantiza que el evaporador funcione a su rendimiento \u00f3ptimo.<\/li>\r\n \t<li>Vaporiza autom\u00e1ticamente el agua de descongelaci\u00f3n, no se requiere drenaje.<\/li>\r\n \t<li>La alarma sonora y visual Er4 de puerta abierta (m\u00e1s de 3 minutos) para congelador garantiza la calidad de los alimentos y minimiza el consumo de energ\u00eda.<\/li>\r\n \t<li>El motor del ventilador del evaporador se detiene una vez que se abre la puerta para reducir el consumo de energ\u00eda.<\/li>\r\n \t<li>Sistema de enfriamiento independiente extra\u00edble y patentado montado en la parte superior, toda la unidad se puede reemplazar por una nueva inmediatamente. La unidad de casete con diferentes rangos de temperatura intercambiables permite una aplicaci\u00f3n flexible y tambi\u00e9n es f\u00e1cil de mantener.<\/li>\r\n \t<li>Sistema de evaporaci\u00f3n montado en la parte superior con evaporador oculto, maximiza la capacidad interna y facilita el mantenimiento.<\/li>\r\n \t<li>Refrigerante ecol\u00f3gico sin CFC (R134a\/R290)<\/li>\r\n \t<li>Dise\u00f1ado y fabricado para funcionar desde 0 \u00b0C hasta 43 \u00b0C de temperatura ambiente.<\/li>\r\n \t<li>Si se solicita, se puede cambiar la media puerta por dos cajones. El riel es bimodal de acero inoxidable complejo y admite una carga de 50 kg. <\/li>\r\n \t<li>Puerta de cristal ITO opcional. Anticondensaci\u00f3n y visibilidad clara. <\/li>\r\n \t<li>Patas o ruedas regulables bajo pedido.<\/li>\r\n \t<li>Hecho en china<\/li>\r\n<\/ul>\t\t\t\t\t\t\t\t<\/div>\n\t\t\t\t<\/div>\n\t\t\t\t\t<\/div>\n\t\t\t\t<\/div>\n\t\t<div class=\"wd-negative-gap elementor-element elementor-element-46bb203b e-flex e-con-boxed e-con e-parent\" data-id=\"46bb203b\" data-element_type=\"container\" data-settings=\"{&quot;jet_parallax_layout_list&quot;:[]}\">\n\t\t\t\t\t<div class=\"e-con-inner\">\n\t\t\t\t<div class=\"elementor-element elementor-element-7562e8ec wd-width-100 elementor-widget elementor-widget-wd_title\" data-id=\"7562e8ec\" data-element_type=\"widget\" data-widget_type=\"wd_title.default\">\n\t\t\t\t<div class=\"elementor-widget-container\">\n\t\t\t\t\t\t\t<div class=\"title-wrapper wd-set-mb reset-last-child wd-title-color-default wd-title-style-default wd-title-size-default text-left\">\n\n\t\t\t\n\t\t\t<div class=\"liner-continer\">\n\t\t\t\t<h4 class=\"woodmart-title-container title wd-fontsize-l\">Detalles del gabinete para pizzas<\/h4> \n\t\t\t\t\t\t\t<\/div>\n\n\t\t\t\t\t<\/div>\n\t\t\t\t\t\t<\/div>\n\t\t\t\t<\/div>\n\t\t\t\t<div class=\"elementor-element elementor-element-2d5516a1 elementor-widget elementor-widget-wd_image_or_svg\" data-id=\"2d5516a1\" data-element_type=\"widget\" data-widget_type=\"wd_image_or_svg.default\">\n\t\t\t\t<div class=\"elementor-widget-container\">\n\t\t\t\t\t\n\t\t<div class=\"wd-image text-center photoswipe-images\">\n\t\t\t\t\t\t\t<a  href=\"https:\/\/lfsusa.store\/wp-content\/uploads\/2024\/03\/PW10H-Pizza-Cabinet-1.jpg\"data-width=\"700\" data-height=\"700\" data-elementor-open-lightbox=\"no\" aria-label=\"Image link\">\n\t\t\t\t\t\t\t\t<img fetchpriority=\"high\" decoding=\"async\" width=\"700\" height=\"700\" src=\"https:\/\/lfsusa.store\/wp-content\/uploads\/2024\/03\/PW10H-Pizza-Cabinet-1.jpg\" class=\"attachment-full size-full\" alt=\"pizza cabinet features\" srcset=\"https:\/\/lfsusa.store\/wp-content\/uploads\/2024\/03\/PW10H-Pizza-Cabinet-1.jpg 700w, https:\/\/lfsusa.store\/wp-content\/uploads\/2024\/03\/PW10H-Pizza-Cabinet-1-300x300.jpg 300w, https:\/\/lfsusa.store\/wp-content\/uploads\/2024\/03\/PW10H-Pizza-Cabinet-1-150x150.jpg 150w, https:\/\/lfsusa.store\/wp-content\/uploads\/2024\/03\/PW10H-Pizza-Cabinet-1-500x500.jpg 500w, https:\/\/lfsusa.store\/wp-content\/uploads\/2024\/03\/PW10H-Pizza-Cabinet-1-250x250.jpg 250w, https:\/\/lfsusa.store\/wp-content\/uploads\/2024\/03\/PW10H-Pizza-Cabinet-1-600x600.jpg 600w, https:\/\/lfsusa.store\/wp-content\/uploads\/2024\/03\/PW10H-Pizza-Cabinet-1-64x64.jpg 64w\" sizes=\"(max-width: 700px) 100vw, 700px\" \/>\t\t\t\t\t\t\t<\/a>\n\t\t\t\t\t<\/div>\n\n\t\t\t\t\t\t<\/div>\n\t\t\t\t<\/div>\n\t\t\t\t\t<\/div>\n\t\t\t\t<\/div>\n\t\t<div class=\"wd-negative-gap elementor-element elementor-element-5c53a408 e-flex e-con-boxed e-con e-parent\" data-id=\"5c53a408\" data-element_type=\"container\" data-settings=\"{&quot;jet_parallax_layout_list&quot;:[]}\">\n\t\t\t\t\t<div class=\"e-con-inner\">\n\t\t<div class=\"elementor-element elementor-element-16b137f1 e-con-full e-flex e-con e-child\" data-id=\"16b137f1\" data-element_type=\"container\" data-settings=\"{&quot;jet_parallax_layout_list&quot;:[]}\">\n\t\t\t\t<div class=\"elementor-element elementor-element-12b5af0b elementor-widget elementor-widget-wd_text_block\" data-id=\"12b5af0b\" data-element_type=\"widget\" data-widget_type=\"wd_text_block.default\">\n\t\t\t\t<div class=\"elementor-widget-container\">\n\t\t\t\t\t\t\t<div class=\"wd-text-block reset-last-child text-left color-title\">\n\t\t\t\n\t\t\t<p>Recursos y descargas<\/p>\n\t\t\t\t\t<\/div>\n\t\t\t\t\t\t<\/div>\n\t\t\t\t<\/div>\n\t\t\t\t<div class=\"elementor-element elementor-element-458d9892 elementor-widget-divider--view-line elementor-widget elementor-widget-divider\" data-id=\"458d9892\" data-element_type=\"widget\" data-widget_type=\"divider.default\">\n\t\t\t\t<div class=\"elementor-widget-container\">\n\t\t\t\t\t\t\t<div class=\"elementor-divider\">\n\t\t\t<span class=\"elementor-divider-separator\">\n\t\t\t\t\t\t<\/span>\n\t\t<\/div>\n\t\t\t\t\t\t<\/div>\n\t\t\t\t<\/div>\n\t\t\t\t<\/div>\n\t\t\t\t\t<\/div>\n\t\t\t\t<\/div>\n\t\t<div class=\"elementor-element elementor-element-7a242960 e-flex e-con-boxed e-con e-parent\" data-id=\"7a242960\" data-element_type=\"container\" data-settings=\"{&quot;background_background&quot;:&quot;classic&quot;,&quot;jet_parallax_layout_list&quot;:[]}\">\n\t\t\t\t\t<div class=\"e-con-inner\">\n\t\t<div class=\"elementor-element elementor-element-1c16e9fd e-con-full e-flex e-con e-child\" data-id=\"1c16e9fd\" data-element_type=\"container\" data-settings=\"{&quot;jet_parallax_layout_list&quot;:[]}\">\n\t\t\t\t<div class=\"elementor-element elementor-element-771c695b elementor-widget elementor-widget-wd_banner\" data-id=\"771c695b\" data-element_type=\"widget\" data-widget_type=\"wd_banner.default\">\n\t\t\t\t<div class=\"elementor-widget-container\">\n\t\t\t\t\t\t\t<div class=\"promo-banner-wrapper\">\n\t\t\t<div class=\"promo-banner banner-default banner-hover-zoom color-scheme- banner-btn-size-default banner-btn-style-default wd-with-link\">\n\t\t\t\t<div class=\"main-wrapp-img\">\n\t\t\t\t\t<div class=\"banner-image\">\n\t\t\t\t\t\t\t\t\t\t\t\t\t\t\t\t\t\t\t\t\t<img decoding=\"async\" width=\"400\" height=\"335\" src=\"https:\/\/lfsusa.store\/wp-content\/uploads\/2024\/03\/pizza-cabinet-specs.jpg\" class=\"attachment-full size-full\" alt=\"\" srcset=\"https:\/\/lfsusa.store\/wp-content\/uploads\/2024\/03\/pizza-cabinet-specs.jpg 400w, https:\/\/lfsusa.store\/wp-content\/uploads\/2024\/03\/pizza-cabinet-specs-300x251.jpg 300w, https:\/\/lfsusa.store\/wp-content\/uploads\/2024\/03\/pizza-cabinet-specs-250x209.jpg 250w, https:\/\/lfsusa.store\/wp-content\/uploads\/2024\/03\/pizza-cabinet-specs-150x126.jpg 150w, https:\/\/lfsusa.store\/wp-content\/uploads\/2024\/03\/pizza-cabinet-specs-64x54.jpg 64w\" sizes=\"(max-width: 400px) 100vw, 400px\" \/>\t\t\t\t\t\t\t\t\t\t\t\t\t\t\t\t\t\t<\/div>\n\t\t\t\t<\/div>\n\n\t\t\t\t<div class=\"wrapper-content-banner wd-fill wd-items-top wd-justify-left\">\n\t\t\t\t\t<div class=\"content-banner  text-left\">\n\t\t\t\t\t\t\n\t\t\t\t\t\t\n\t\t\t\t\t\t\n\t\t\t\t\t\t\n\t\t\t\t\t\t\t\t\t\t\t<\/div>\n\t\t\t\t<\/div>\n\n\t\t\t\t\t\t\t\t\t<a href=\"https:\/\/lfsusa.store\/download\/19284\/?tmstv=1710612725\" class=\"wd-promo-banner-link wd-fill\" aria-label=\"Banner link\"><\/a>\n\t\t\t\t\t\t\t<\/div>\n\t\t<\/div>\n\t\t\t\t\t\t<\/div>\n\t\t\t\t<\/div>\n\t\t\t\t<div class=\"elementor-element elementor-element-2b2f116d elementor-widget elementor-widget-wd_button\" data-id=\"2b2f116d\" data-element_type=\"widget\" data-widget_type=\"wd_button.default\">\n\t\t\t\t<div class=\"elementor-widget-container\">\n\t\t\t\t\t\t\t<div class=\"wd-button-wrapper text-center\" >\n\t\t\t<a class=\"btn btn-style-link btn-shape- btn-size-default btn-color-primary btn-icon-pos-right\"  href=\"https:\/\/lfsusa.store\/download\/19284\/?tmstv=1710612725\">\n\t\t\t\t<span class=\"wd-btn-text\" data-elementor-setting-key=\"text\">\n\t\t\t\t\tHoja de especificaciones\t\t\t\t<\/span>\n\n\t\t\t\t\t\t\t\t\t<span class=\"wd-btn-icon\">\n\t\t\t\t\t\t<svg class=\"wd-icon e-font-icon-svg e-fas-chevron-circle-down\" viewBox=\"0 0 512 512\" xmlns=\"http:\/\/www.w3.org\/2000\/svg\"><path d=\"M504 256c0 137-111 248-248 248S8 393 8 256 119 8 256 8s248 111 248 248zM273 369.9l135.5-135.5c9.4-9.4 9.4-24.6 0-33.9l-17-17c-9.4-9.4-24.6-9.4-33.9 0L256 285.1 154.4 183.5c-9.4-9.4-24.6-9.4-33.9 0l-17 17c-9.4 9.4-9.4 24.6 0 33.9L239 369.9c9.4 9.4 24.6 9.4 34 0z\"><\/path><\/svg>\t\t\t\t\t<\/span>\n\t\t\t\t\t\t\t<\/a>\n\t\t<\/div>\n\t\t\t\t\t\t<\/div>\n\t\t\t\t<\/div>\n\t\t\t\t<\/div>\n\t\t<div class=\"elementor-element elementor-element-65fbe5ec e-con-full e-flex e-con e-child\" data-id=\"65fbe5ec\" data-element_type=\"container\" data-settings=\"{&quot;jet_parallax_layout_list&quot;:[]}\">\n\t\t\t\t<div class=\"elementor-element elementor-element-72d2b77f elementor-widget elementor-widget-wd_banner\" data-id=\"72d2b77f\" data-element_type=\"widget\" data-widget_type=\"wd_banner.default\">\n\t\t\t\t<div class=\"elementor-widget-container\">\n\t\t\t\t\t\t\t<div class=\"promo-banner-wrapper\">\n\t\t\t<div class=\"promo-banner banner-default banner-hover-zoom color-scheme- banner-btn-size-default banner-btn-style-default wd-with-link\">\n\t\t\t\t<div class=\"main-wrapp-img\">\n\t\t\t\t\t<div class=\"banner-image\">\n\t\t\t\t\t\t\t\t\t\t\t\t\t\t\t\t\t\t\t\t\t<img decoding=\"async\" width=\"400\" height=\"335\" src=\"https:\/\/lfsusa.store\/wp-content\/uploads\/2024\/03\/Brochue-latam-wft-1-1.jpg\" class=\"attachment-full size-full\" alt=\"\" srcset=\"https:\/\/lfsusa.store\/wp-content\/uploads\/2024\/03\/Brochue-latam-wft-1-1.jpg 400w, https:\/\/lfsusa.store\/wp-content\/uploads\/2024\/03\/Brochue-latam-wft-1-1-300x251.jpg 300w, https:\/\/lfsusa.store\/wp-content\/uploads\/2024\/03\/Brochue-latam-wft-1-1-250x209.jpg 250w, https:\/\/lfsusa.store\/wp-content\/uploads\/2024\/03\/Brochue-latam-wft-1-1-150x126.jpg 150w, https:\/\/lfsusa.store\/wp-content\/uploads\/2024\/03\/Brochue-latam-wft-1-1-64x54.jpg 64w\" sizes=\"(max-width: 400px) 100vw, 400px\" \/>\t\t\t\t\t\t\t\t\t\t\t\t\t\t\t\t\t\t<\/div>\n\t\t\t\t<\/div>\n\n\t\t\t\t<div class=\"wrapper-content-banner wd-fill wd-items-top wd-justify-left\">\n\t\t\t\t\t<div class=\"content-banner  text-left\">\n\t\t\t\t\t\t\n\t\t\t\t\t\t\n\t\t\t\t\t\t\n\t\t\t\t\t\t\n\t\t\t\t\t\t\t\t\t\t\t<\/div>\n\t\t\t\t<\/div>\n\n\t\t\t\t\t\t\t\t\t<a href=\"https:\/\/lfsusa.store\/download\/18983\/?tmstv=1710555926\" class=\"wd-promo-banner-link wd-fill\" aria-label=\"Banner link\"><\/a>\n\t\t\t\t\t\t\t<\/div>\n\t\t<\/div>\n\t\t\t\t\t\t<\/div>\n\t\t\t\t<\/div>\n\t\t\t\t<div class=\"elementor-element elementor-element-41be3038 elementor-widget elementor-widget-wd_button\" data-id=\"41be3038\" data-element_type=\"widget\" data-widget_type=\"wd_button.default\">\n\t\t\t\t<div class=\"elementor-widget-container\">\n\t\t\t\t\t\t\t<div class=\"wd-button-wrapper text-center\" >\n\t\t\t<a class=\"btn btn-style-link btn-shape- btn-size-default btn-color-primary btn-icon-pos-right\"  href=\"https:\/\/lfsusa.store\/download\/18983\/?tmstv=1710555926\">\n\t\t\t\t<span class=\"wd-btn-text\" data-elementor-setting-key=\"text\">\n\t\t\t\t\tFolleto\t\t\t\t<\/span>\n\n\t\t\t\t\t\t\t\t\t<span class=\"wd-btn-icon\">\n\t\t\t\t\t\t<svg class=\"wd-icon e-font-icon-svg e-fas-chevron-circle-down\" viewBox=\"0 0 512 512\" xmlns=\"http:\/\/www.w3.org\/2000\/svg\"><path d=\"M504 256c0 137-111 248-248 248S8 393 8 256 119 8 256 8s248 111 248 248zM273 369.9l135.5-135.5c9.4-9.4 9.4-24.6 0-33.9l-17-17c-9.4-9.4-24.6-9.4-33.9 0L256 285.1 154.4 183.5c-9.4-9.4-24.6-9.4-33.9 0l-17 17c-9.4 9.4-9.4 24.6 0 33.9L239 369.9c9.4 9.4 24.6 9.4 34 0z\"><\/path><\/svg>\t\t\t\t\t<\/span>\n\t\t\t\t\t\t\t<\/a>\n\t\t<\/div>\n\t\t\t\t\t\t<\/div>\n\t\t\t\t<\/div>\n\t\t\t\t<\/div>\n\t\t\t\t\t<\/div>\n\t\t\t\t<\/div>\n\t\t\t\t<\/div>\n\t\t","protected":false},"excerpt":{"rendered":"<p>Caracter\u00edsticas del producto Bandeja GN dise\u00f1ada. Acabado exterior e interior de acero inoxidable de grado 304 Seguro para alimentos, duradero<\/p>\n","protected":false},"featured_media":23521,"template":"","meta":[],"product_brand":[],"product_cat":[3400],"product_tag":[1920,1840,1923,3225,3228,3227,3226,1924],"class_list":{"0":"post-27624","1":"product","2":"type-product","3":"status-publish","4":"has-post-thumbnail","6":"product_cat-venta-al-por-mayor-gabinete-de-la-pizza","7":"product_tag-disponible-solo-para-latinoamerica","8":"product_tag-equipamiento-para-restaurantes-y-hoteles-en-panama","9":"product_tag-equipos-de-cocina-comerciales-y-de-restaurantes-de-ee-uu-en-arabia-saudita","10":"product_tag-equipos-para-restaurantes-y-hoteles-en-ee-uu","11":"product_tag-equipos-para-restaurantes-y-hoteles-en-el-salvador","12":"product_tag-equipos-para-restaurantes-y-hoteles-en-puerto-rico","13":"product_tag-equipos-para-restaurantes-y-hoteles-en-republica-dominicana","14":"product_tag-venta-al-por-mayor-1","16":"first","17":"instock","18":"taxable","19":"shipping-taxable","20":"purchasable","21":"product-type-simple"},"yoast_head":"<!-- This site is optimized with the Yoast SEO plugin v26.7 - https:\/\/yoast.com\/wordpress\/plugins\/seo\/ -->\n<title>PW20HH| Estaci\u00f3n de pizza refrigerada<\/title>\n<meta name=\"description\" content=\"Compra al por mayor PW20HH| Estaci\u00f3n de pizza refrigerada online, y el mejor equipamiento para tu negocio a solo un clic con env\u00edo r\u00e1pido y seguro.\" \/>\n<meta name=\"robots\" content=\"index, follow, max-snippet:-1, max-image-preview:large, max-video-preview:-1\" \/>\n<link rel=\"canonical\" href=\"https:\/\/lfsusa.store\/es\/producto\/gabinete-para-pizza-pw20hh\/\" \/>\n<meta property=\"og:locale\" content=\"es_ES\" \/>\n<meta property=\"og:type\" content=\"article\" \/>\n<meta property=\"og:title\" content=\"PW20HH| Estaci\u00f3n de pizza refrigerada\" \/>\n<meta property=\"og:description\" content=\"Compra al por mayor PW20HH| Estaci\u00f3n de pizza refrigerada online, y el mejor equipamiento para tu negocio a solo un clic con env\u00edo r\u00e1pido y seguro.\" \/>\n<meta property=\"og:url\" content=\"https:\/\/lfsusa.store\/es\/producto\/gabinete-para-pizza-pw20hh\/\" \/>\n<meta property=\"og:site_name\" content=\"LuxeChef Food Service USA\" \/>\n<meta property=\"article:modified_time\" content=\"2025-08-22T18:46:17+00:00\" \/>\n<meta property=\"og:image\" content=\"https:\/\/lfsusa.store\/wp-content\/uploads\/2024\/03\/PW20HH-Pizza-Cabinet.jpg\" \/>\n\t<meta property=\"og:image:width\" content=\"700\" \/>\n\t<meta property=\"og:image:height\" content=\"800\" \/>\n\t<meta property=\"og:image:type\" content=\"image\/jpeg\" \/>\n<meta name=\"twitter:card\" content=\"summary_large_image\" \/>\n<meta name=\"twitter:label1\" content=\"Tiempo de lectura\" \/>\n\t<meta name=\"twitter:data1\" content=\"2 minutos\" \/>\n<script type=\"application\/ld+json\" class=\"yoast-schema-graph\">{\"@context\":\"https:\/\/schema.org\",\"@graph\":[{\"@type\":\"WebPage\",\"@id\":\"https:\/\/lfsusa.store\/es\/producto\/gabinete-para-pizza-pw20hh\/\",\"url\":\"https:\/\/lfsusa.store\/es\/producto\/gabinete-para-pizza-pw20hh\/\",\"name\":\"PW20HH| Estaci\u00f3n de pizza refrigerada\",\"isPartOf\":{\"@id\":\"https:\/\/lfsusa.store\/es\/#website\"},\"primaryImageOfPage\":{\"@id\":\"https:\/\/lfsusa.store\/es\/producto\/gabinete-para-pizza-pw20hh\/#primaryimage\"},\"image\":{\"@id\":\"https:\/\/lfsusa.store\/es\/producto\/gabinete-para-pizza-pw20hh\/#primaryimage\"},\"thumbnailUrl\":\"https:\/\/lfsusa.store\/wp-content\/uploads\/2024\/03\/PW20HH-Pizza-Cabinet.jpg\",\"datePublished\":\"2024-03-16T04:00:00+00:00\",\"dateModified\":\"2025-08-22T18:46:17+00:00\",\"description\":\"Compra al por mayor PW20HH| Estaci\u00f3n de pizza refrigerada online, y el mejor equipamiento para tu negocio a solo un clic con env\u00edo r\u00e1pido y seguro.\",\"breadcrumb\":{\"@id\":\"https:\/\/lfsusa.store\/es\/producto\/gabinete-para-pizza-pw20hh\/#breadcrumb\"},\"inLanguage\":\"es\",\"potentialAction\":[{\"@type\":\"ReadAction\",\"target\":[\"https:\/\/lfsusa.store\/es\/producto\/gabinete-para-pizza-pw20hh\/\"]}]},{\"@type\":\"ImageObject\",\"inLanguage\":\"es\",\"@id\":\"https:\/\/lfsusa.store\/es\/producto\/gabinete-para-pizza-pw20hh\/#primaryimage\",\"url\":\"https:\/\/lfsusa.store\/wp-content\/uploads\/2024\/03\/PW20HH-Pizza-Cabinet.jpg\",\"contentUrl\":\"https:\/\/lfsusa.store\/wp-content\/uploads\/2024\/03\/PW20HH-Pizza-Cabinet.jpg\",\"width\":700,\"height\":800,\"caption\":\"PW20HH| Estaci\u00f3n de pizza refrigerada\"},{\"@type\":\"BreadcrumbList\",\"@id\":\"https:\/\/lfsusa.store\/es\/producto\/gabinete-para-pizza-pw20hh\/#breadcrumb\",\"itemListElement\":[{\"@type\":\"ListItem\",\"position\":1,\"name\":\"Home\",\"item\":\"https:\/\/lfsusa.store\/es\/inicio-luxechef-food-service-usa\/\"},{\"@type\":\"ListItem\",\"position\":2,\"name\":\"Tienda\",\"item\":\"https:\/\/lfsusa.store\/es\/tienda\/\"},{\"@type\":\"ListItem\",\"position\":3,\"name\":\"PW20HH| Estaci\u00f3n de pizza refrigerada\"}]},{\"@type\":\"WebSite\",\"@id\":\"https:\/\/lfsusa.store\/es\/#website\",\"url\":\"https:\/\/lfsusa.store\/es\/\",\"name\":\"LuxeChef Food Service USA\",\"description\":\"Shop restaurant supplies &amp; equipment products in our online restaurant supply store. Extremely fast shipping &amp; wholesale pricing from the #1 restaurant supply company!\",\"publisher\":{\"@id\":\"https:\/\/lfsusa.store\/es\/#organization\"},\"alternateName\":\"LuxeChef Food Service USA\",\"potentialAction\":[{\"@type\":\"SearchAction\",\"target\":{\"@type\":\"EntryPoint\",\"urlTemplate\":\"https:\/\/lfsusa.store\/es\/?s={search_term_string}\"},\"query-input\":{\"@type\":\"PropertyValueSpecification\",\"valueRequired\":true,\"valueName\":\"search_term_string\"}}],\"inLanguage\":\"es\"},{\"@type\":\"Organization\",\"@id\":\"https:\/\/lfsusa.store\/es\/#organization\",\"name\":\"LuxeChef Food Service USA\",\"alternateName\":\"LuxeChef Food Service\",\"url\":\"https:\/\/lfsusa.store\/es\/\",\"logo\":{\"@type\":\"ImageObject\",\"inLanguage\":\"es\",\"@id\":\"https:\/\/lfsusa.store\/es\/#\/schema\/logo\/image\/\",\"url\":\"https:\/\/lfsusa.store\/wp-content\/uploads\/2025\/07\/luxe-chef-usa-696-696.jpg\",\"contentUrl\":\"https:\/\/lfsusa.store\/wp-content\/uploads\/2025\/07\/luxe-chef-usa-696-696.jpg\",\"width\":696,\"height\":696,\"caption\":\"LuxeChef Food Service USA\"},\"image\":{\"@id\":\"https:\/\/lfsusa.store\/es\/#\/schema\/logo\/image\/\"}}]}<\/script>\n<!-- \/ Yoast SEO plugin. -->","yoast_head_json":{"title":"PW20HH| Estaci\u00f3n de pizza refrigerada","description":"Compra al por mayor PW20HH| Estaci\u00f3n de pizza refrigerada online, y el mejor equipamiento para tu negocio a solo un clic con env\u00edo r\u00e1pido y seguro.","robots":{"index":"index","follow":"follow","max-snippet":"max-snippet:-1","max-image-preview":"max-image-preview:large","max-video-preview":"max-video-preview:-1"},"canonical":"https:\/\/lfsusa.store\/es\/producto\/gabinete-para-pizza-pw20hh\/","og_locale":"es_ES","og_type":"article","og_title":"PW20HH| Estaci\u00f3n de pizza refrigerada","og_description":"Compra al por mayor PW20HH| Estaci\u00f3n de pizza refrigerada online, y el mejor equipamiento para tu negocio a solo un clic con env\u00edo r\u00e1pido y seguro.","og_url":"https:\/\/lfsusa.store\/es\/producto\/gabinete-para-pizza-pw20hh\/","og_site_name":"LuxeChef Food Service USA","article_modified_time":"2025-08-22T18:46:17+00:00","og_image":[{"width":700,"height":800,"url":"https:\/\/lfsusa.store\/wp-content\/uploads\/2024\/03\/PW20HH-Pizza-Cabinet.jpg","type":"image\/jpeg"}],"twitter_card":"summary_large_image","twitter_misc":{"Tiempo de lectura":"2 minutos"},"schema":{"@context":"https:\/\/schema.org","@graph":[{"@type":"WebPage","@id":"https:\/\/lfsusa.store\/es\/producto\/gabinete-para-pizza-pw20hh\/","url":"https:\/\/lfsusa.store\/es\/producto\/gabinete-para-pizza-pw20hh\/","name":"PW20HH| Estaci\u00f3n de pizza refrigerada","isPartOf":{"@id":"https:\/\/lfsusa.store\/es\/#website"},"primaryImageOfPage":{"@id":"https:\/\/lfsusa.store\/es\/producto\/gabinete-para-pizza-pw20hh\/#primaryimage"},"image":{"@id":"https:\/\/lfsusa.store\/es\/producto\/gabinete-para-pizza-pw20hh\/#primaryimage"},"thumbnailUrl":"https:\/\/lfsusa.store\/wp-content\/uploads\/2024\/03\/PW20HH-Pizza-Cabinet.jpg","datePublished":"2024-03-16T04:00:00+00:00","dateModified":"2025-08-22T18:46:17+00:00","description":"Compra al por mayor PW20HH| Estaci\u00f3n de pizza refrigerada online, y el mejor equipamiento para tu negocio a solo un clic con env\u00edo r\u00e1pido y seguro.","breadcrumb":{"@id":"https:\/\/lfsusa.store\/es\/producto\/gabinete-para-pizza-pw20hh\/#breadcrumb"},"inLanguage":"es","potentialAction":[{"@type":"ReadAction","target":["https:\/\/lfsusa.store\/es\/producto\/gabinete-para-pizza-pw20hh\/"]}]},{"@type":"ImageObject","inLanguage":"es","@id":"https:\/\/lfsusa.store\/es\/producto\/gabinete-para-pizza-pw20hh\/#primaryimage","url":"https:\/\/lfsusa.store\/wp-content\/uploads\/2024\/03\/PW20HH-Pizza-Cabinet.jpg","contentUrl":"https:\/\/lfsusa.store\/wp-content\/uploads\/2024\/03\/PW20HH-Pizza-Cabinet.jpg","width":700,"height":800,"caption":"PW20HH| Estaci\u00f3n de pizza refrigerada"},{"@type":"BreadcrumbList","@id":"https:\/\/lfsusa.store\/es\/producto\/gabinete-para-pizza-pw20hh\/#breadcrumb","itemListElement":[{"@type":"ListItem","position":1,"name":"Home","item":"https:\/\/lfsusa.store\/es\/inicio-luxechef-food-service-usa\/"},{"@type":"ListItem","position":2,"name":"Tienda","item":"https:\/\/lfsusa.store\/es\/tienda\/"},{"@type":"ListItem","position":3,"name":"PW20HH| Estaci\u00f3n de pizza refrigerada"}]},{"@type":"WebSite","@id":"https:\/\/lfsusa.store\/es\/#website","url":"https:\/\/lfsusa.store\/es\/","name":"LuxeChef Food Service USA","description":"Shop restaurant supplies &amp; equipment products in our online restaurant supply store. Extremely fast shipping &amp; wholesale pricing from the #1 restaurant supply company!","publisher":{"@id":"https:\/\/lfsusa.store\/es\/#organization"},"alternateName":"LuxeChef Food Service USA","potentialAction":[{"@type":"SearchAction","target":{"@type":"EntryPoint","urlTemplate":"https:\/\/lfsusa.store\/es\/?s={search_term_string}"},"query-input":{"@type":"PropertyValueSpecification","valueRequired":true,"valueName":"search_term_string"}}],"inLanguage":"es"},{"@type":"Organization","@id":"https:\/\/lfsusa.store\/es\/#organization","name":"LuxeChef Food Service USA","alternateName":"LuxeChef Food Service","url":"https:\/\/lfsusa.store\/es\/","logo":{"@type":"ImageObject","inLanguage":"es","@id":"https:\/\/lfsusa.store\/es\/#\/schema\/logo\/image\/","url":"https:\/\/lfsusa.store\/wp-content\/uploads\/2025\/07\/luxe-chef-usa-696-696.jpg","contentUrl":"https:\/\/lfsusa.store\/wp-content\/uploads\/2025\/07\/luxe-chef-usa-696-696.jpg","width":696,"height":696,"caption":"LuxeChef Food Service USA"},"image":{"@id":"https:\/\/lfsusa.store\/es\/#\/schema\/logo\/image\/"}}]}},"_links":{"self":[{"href":"https:\/\/lfsusa.store\/es\/wp-json\/wp\/v2\/product\/27624","targetHints":{"allow":["GET"]}}],"collection":[{"href":"https:\/\/lfsusa.store\/es\/wp-json\/wp\/v2\/product"}],"about":[{"href":"https:\/\/lfsusa.store\/es\/wp-json\/wp\/v2\/types\/product"}],"version-history":[{"count":1,"href":"https:\/\/lfsusa.store\/es\/wp-json\/wp\/v2\/product\/27624\/revisions"}],"predecessor-version":[{"id":27625,"href":"https:\/\/lfsusa.store\/es\/wp-json\/wp\/v2\/product\/27624\/revisions\/27625"}],"wp:featuredmedia":[{"embeddable":true,"href":"https:\/\/lfsusa.store\/es\/wp-json\/wp\/v2\/media\/23521"}],"wp:attachment":[{"href":"https:\/\/lfsusa.store\/es\/wp-json\/wp\/v2\/media?parent=27624"}],"wp:term":[{"taxonomy":"product_brand","embeddable":true,"href":"https:\/\/lfsusa.store\/es\/wp-json\/wp\/v2\/product_brand?post=27624"},{"taxonomy":"product_cat","embeddable":true,"href":"https:\/\/lfsusa.store\/es\/wp-json\/wp\/v2\/product_cat?post=27624"},{"taxonomy":"product_tag","embeddable":true,"href":"https:\/\/lfsusa.store\/es\/wp-json\/wp\/v2\/product_tag?post=27624"}],"curies":[{"name":"wp","href":"https:\/\/api.w.org\/{rel}","templated":true}]}}