{"id":27638,"date":"2025-08-20T22:42:12","date_gmt":"2025-08-21T03:42:12","guid":{"rendered":"https:\/\/lfsusa.store\/product\/tita-fwde2-37-37-food-warmer-display-case-double-shelf-economy-line\/"},"modified":"2025-08-20T22:42:12","modified_gmt":"2025-08-21T03:42:12","slug":"tita-fwde2-37-37-food-warmer-display-case-double-shelf-economy-line","status":"publish","type":"product","link":"https:\/\/lfsusa.store\/es\/producto\/tita-fwde2-37-37-food-warmer-display-case-double-shelf-economy-line\/","title":{"rendered":"Tita FWDE2-37 | Vitrina calentadora de alimentos de 37\u00bb &#8211; Doble estante &#8211; L\u00ednea econ\u00f3mica"},"content":{"rendered":"<p>Vitrina para calentar alimentos de 36 5\/8 pulgadas de ancho x 13 3\/8 pulgadas de profundidad x 16 1\/8 pulgadas de alto<\/p>\n<p><strong>Vitrina calentadora de alimentos L\u00ednea Econ\u00f3mica<\/strong><\/p>\n<p>Las vitrinas calentadoras de alimentos Tita, l\u00ednea econ\u00f3mica, tienen un dise\u00f1o elegante y ofrecen la mejor relaci\u00f3n calidad-precio. Vidrio en todos los lados para una mejor visualizaci\u00f3n de los alimentos. Estas unidades cuentan con vidrio templado curvo. Marco de acero inoxidable pulido y puertas corredizas de vidrio templado. Control termost\u00e1tico para temperaturas constantes que mantienen los alimentos calientes y frescos. El modelo FWDE2-25 incluye 8 bandejas de acero inoxidable de serie.     <\/p>\n<p><strong>CARACTER\u00cdSTICAS<\/strong><\/p>\n<ul>\n<li>Estante doble<\/li>\n<li>Puertas corredizas de vidrio templado curvo y vidrio templado trasero<\/li>\n<li>Marco y bandejas de acero inoxidable pulido.<\/li>\n<li>Control termost\u00e1tico para mantener la comida caliente y fresca.<\/li>\n<li>Calefacci\u00f3n en seco<\/li>\n<\/ul>\n","protected":false},"excerpt":{"rendered":"<ul>\n<li><strong><span style=\"color: #0c7f84;\">ESPECIFICACIONES R\u00c1PIDAS DEL PRODUCTO<\/span><\/strong><\/li>\n<li><strong><span style=\"color: #0c7f84;\">Marca:<\/span> TITA<\/strong><\/li>\n<li><strong><span style=\"color: #0c7f84;\">Voltaje: <\/span>110 V<\/strong><\/li>\n<li><strong><span style=\"color: #0c7f84;\">Clasificaci\u00f3n de potencia:<\/span>500 W<\/strong><\/li>\n<li><strong><span style=\"color: #0c7f84;\">Dimensiones (An. x Pr. x Al.)<\/span>:36 5\/8\u201d x 13 3\/8\u201d x 16 1\/8\u201d<\/strong><\/li>\n<li><strong><span style=\"color: #0c7f84;\">Peso (neto x env\u00edo): <\/span>36 lb x 45 lb<\/strong><\/li>\n<li><strong><span style=\"color: #0c7f84;\">Dimensiones de la bandeja (An. x Pr. x Al.): <\/span>5 \u00bd\u201d x 12.5\u201d x 3\/4 \u201d<\/strong><\/li>\n<li><strong><span style=\"color: #0c7f84;\"># de estantes x # de bandejas: <\/span>2 x 12<\/strong><\/li>\n<li><strong><span style=\"color: #0c7f84;\">Max. Temperatura: <\/span>248 F<\/strong><\/li>\n<li><strong><span style=\"color: #0c7f84;\">Temperatura interior m\u00e1xima*:  <\/span>194 F<\/strong><\/li>\n<\/ul>\n","protected":false},"featured_media":22191,"template":"","meta":[],"product_brand":[3707],"product_cat":[3419],"product_tag":[1840,1923,3225,3228,3227,3226],"class_list":{"0":"post-27638","1":"product","2":"type-product","3":"status-publish","4":"has-post-thumbnail","6":"product_brand-tita","7":"product_cat-exhibidores-de-comida-caliente","8":"product_tag-equipamiento-para-restaurantes-y-hoteles-en-panama","9":"product_tag-equipos-de-cocina-comerciales-y-de-restaurantes-de-ee-uu-en-arabia-saudita","10":"product_tag-equipos-para-restaurantes-y-hoteles-en-ee-uu","11":"product_tag-equipos-para-restaurantes-y-hoteles-en-el-salvador","12":"product_tag-equipos-para-restaurantes-y-hoteles-en-puerto-rico","13":"product_tag-equipos-para-restaurantes-y-hoteles-en-republica-dominicana","15":"first","16":"instock","17":"taxable","18":"shipping-taxable","19":"purchasable","20":"product-type-simple"},"yoast_head":"<!-- This site is optimized with the Yoast SEO plugin v26.7 - https:\/\/yoast.com\/wordpress\/plugins\/seo\/ -->\n<title>Tita FWDE2-37 | Vitrina calentadora de alimentos de 37&#039;&#039; - Doble estante - L\u00ednea econ\u00f3mica | LuxeChef Food Service USA<\/title>\n<meta name=\"robots\" content=\"index, follow, max-snippet:-1, max-image-preview:large, max-video-preview:-1\" \/>\n<link rel=\"canonical\" href=\"https:\/\/lfsusa.store\/es\/producto\/tita-fwde2-37-37-food-warmer-display-case-double-shelf-economy-line\/\" \/>\n<meta property=\"og:locale\" content=\"es_ES\" \/>\n<meta property=\"og:type\" content=\"article\" \/>\n<meta property=\"og:title\" content=\"Tita FWDE2-37 | Vitrina calentadora de alimentos de 37&#039;&#039; - Doble estante - L\u00ednea econ\u00f3mica | LuxeChef Food Service USA\" \/>\n<meta property=\"og:description\" content=\"ESPECIFICACIONES R\u00c1PIDAS DEL PRODUCTO  Marca: TITA  Voltaje: 110 V  Clasificaci\u00f3n de potencia:500 W  Dimensiones (An. x Pr. x Al.):36 5\/8\u201d x 13 3\/8\u201d x 16 1\/8\u201d  Peso (neto x env\u00edo): 36 lb x 45 lb  Dimensiones de la bandeja (An. x Pr. x Al.): 5 \u00bd\u201d x 12.5\u201d x 3\/4 \u201d  # de estantes x # de bandejas: 2 x 12  Max. Temperatura: 248 F  Temperatura interior m\u00e1xima*: 194 F\" \/>\n<meta property=\"og:url\" content=\"https:\/\/lfsusa.store\/es\/producto\/tita-fwde2-37-37-food-warmer-display-case-double-shelf-economy-line\/\" \/>\n<meta property=\"og:site_name\" content=\"LuxeChef Food Service USA\" \/>\n<meta property=\"og:image\" content=\"https:\/\/lfsusa.store\/wp-content\/uploads\/2024\/02\/FWDE2-37-37-Food-Warmer-Display-Case-2.jpg\" \/>\n\t<meta property=\"og:image:width\" content=\"900\" \/>\n\t<meta property=\"og:image:height\" content=\"900\" \/>\n\t<meta property=\"og:image:type\" content=\"image\/jpeg\" \/>\n<meta name=\"twitter:card\" content=\"summary_large_image\" \/>\n<meta name=\"twitter:label1\" content=\"Tiempo de lectura\" \/>\n\t<meta name=\"twitter:data1\" content=\"1 minuto\" \/>\n<script type=\"application\/ld+json\" class=\"yoast-schema-graph\">{\"@context\":\"https:\/\/schema.org\",\"@graph\":[{\"@type\":\"WebPage\",\"@id\":\"https:\/\/lfsusa.store\/es\/producto\/tita-fwde2-37-37-food-warmer-display-case-double-shelf-economy-line\/\",\"url\":\"https:\/\/lfsusa.store\/es\/producto\/tita-fwde2-37-37-food-warmer-display-case-double-shelf-economy-line\/\",\"name\":\"Tita FWDE2-37 | Vitrina calentadora de alimentos de 37'' - Doble estante - L\u00ednea econ\u00f3mica | LuxeChef Food Service USA\",\"isPartOf\":{\"@id\":\"https:\/\/lfsusa.store\/es\/#website\"},\"primaryImageOfPage\":{\"@id\":\"https:\/\/lfsusa.store\/es\/producto\/tita-fwde2-37-37-food-warmer-display-case-double-shelf-economy-line\/#primaryimage\"},\"image\":{\"@id\":\"https:\/\/lfsusa.store\/es\/producto\/tita-fwde2-37-37-food-warmer-display-case-double-shelf-economy-line\/#primaryimage\"},\"thumbnailUrl\":\"https:\/\/lfsusa.store\/wp-content\/uploads\/2024\/02\/FWDE2-37-37-Food-Warmer-Display-Case-2.jpg\",\"datePublished\":\"2025-08-21T03:42:12+00:00\",\"breadcrumb\":{\"@id\":\"https:\/\/lfsusa.store\/es\/producto\/tita-fwde2-37-37-food-warmer-display-case-double-shelf-economy-line\/#breadcrumb\"},\"inLanguage\":\"es\",\"potentialAction\":[{\"@type\":\"ReadAction\",\"target\":[\"https:\/\/lfsusa.store\/es\/producto\/tita-fwde2-37-37-food-warmer-display-case-double-shelf-economy-line\/\"]}]},{\"@type\":\"ImageObject\",\"inLanguage\":\"es\",\"@id\":\"https:\/\/lfsusa.store\/es\/producto\/tita-fwde2-37-37-food-warmer-display-case-double-shelf-economy-line\/#primaryimage\",\"url\":\"https:\/\/lfsusa.store\/wp-content\/uploads\/2024\/02\/FWDE2-37-37-Food-Warmer-Display-Case-2.jpg\",\"contentUrl\":\"https:\/\/lfsusa.store\/wp-content\/uploads\/2024\/02\/FWDE2-37-37-Food-Warmer-Display-Case-2.jpg\",\"width\":900,\"height\":900},{\"@type\":\"BreadcrumbList\",\"@id\":\"https:\/\/lfsusa.store\/es\/producto\/tita-fwde2-37-37-food-warmer-display-case-double-shelf-economy-line\/#breadcrumb\",\"itemListElement\":[{\"@type\":\"ListItem\",\"position\":1,\"name\":\"Home\",\"item\":\"https:\/\/lfsusa.store\/es\/inicio-luxechef-food-service-usa\/\"},{\"@type\":\"ListItem\",\"position\":2,\"name\":\"Tienda\",\"item\":\"https:\/\/lfsusa.store\/es\/tienda\/\"},{\"@type\":\"ListItem\",\"position\":3,\"name\":\"Tita FWDE2-37 | Vitrina calentadora de alimentos de 37\u00bb &#8211; Doble estante &#8211; L\u00ednea econ\u00f3mica\"}]},{\"@type\":\"WebSite\",\"@id\":\"https:\/\/lfsusa.store\/es\/#website\",\"url\":\"https:\/\/lfsusa.store\/es\/\",\"name\":\"LuxeChef Food Service USA\",\"description\":\"Shop restaurant supplies &amp; equipment products in our online restaurant supply store. Extremely fast shipping &amp; wholesale pricing from the #1 restaurant supply company!\",\"publisher\":{\"@id\":\"https:\/\/lfsusa.store\/es\/#organization\"},\"alternateName\":\"LuxeChef Food Service USA\",\"potentialAction\":[{\"@type\":\"SearchAction\",\"target\":{\"@type\":\"EntryPoint\",\"urlTemplate\":\"https:\/\/lfsusa.store\/es\/?s={search_term_string}\"},\"query-input\":{\"@type\":\"PropertyValueSpecification\",\"valueRequired\":true,\"valueName\":\"search_term_string\"}}],\"inLanguage\":\"es\"},{\"@type\":\"Organization\",\"@id\":\"https:\/\/lfsusa.store\/es\/#organization\",\"name\":\"LuxeChef Food Service USA\",\"alternateName\":\"LuxeChef Food Service\",\"url\":\"https:\/\/lfsusa.store\/es\/\",\"logo\":{\"@type\":\"ImageObject\",\"inLanguage\":\"es\",\"@id\":\"https:\/\/lfsusa.store\/es\/#\/schema\/logo\/image\/\",\"url\":\"https:\/\/lfsusa.store\/wp-content\/uploads\/2025\/07\/luxe-chef-usa-696-696.jpg\",\"contentUrl\":\"https:\/\/lfsusa.store\/wp-content\/uploads\/2025\/07\/luxe-chef-usa-696-696.jpg\",\"width\":696,\"height\":696,\"caption\":\"LuxeChef Food Service USA\"},\"image\":{\"@id\":\"https:\/\/lfsusa.store\/es\/#\/schema\/logo\/image\/\"}}]}<\/script>\n<!-- \/ Yoast SEO plugin. -->","yoast_head_json":{"title":"Tita FWDE2-37 | Vitrina calentadora de alimentos de 37'' - Doble estante - L\u00ednea econ\u00f3mica | LuxeChef Food Service USA","robots":{"index":"index","follow":"follow","max-snippet":"max-snippet:-1","max-image-preview":"max-image-preview:large","max-video-preview":"max-video-preview:-1"},"canonical":"https:\/\/lfsusa.store\/es\/producto\/tita-fwde2-37-37-food-warmer-display-case-double-shelf-economy-line\/","og_locale":"es_ES","og_type":"article","og_title":"Tita FWDE2-37 | Vitrina calentadora de alimentos de 37'' - Doble estante - L\u00ednea econ\u00f3mica | LuxeChef Food Service USA","og_description":"ESPECIFICACIONES R\u00c1PIDAS DEL PRODUCTO  Marca: TITA  Voltaje: 110 V  Clasificaci\u00f3n de potencia:500 W  Dimensiones (An. x Pr. x Al.):36 5\/8\u201d x 13 3\/8\u201d x 16 1\/8\u201d  Peso (neto x env\u00edo): 36 lb x 45 lb  Dimensiones de la bandeja (An. x Pr. x Al.): 5 \u00bd\u201d x 12.5\u201d x 3\/4 \u201d  # de estantes x # de bandejas: 2 x 12  Max. Temperatura: 248 F  Temperatura interior m\u00e1xima*: 194 F","og_url":"https:\/\/lfsusa.store\/es\/producto\/tita-fwde2-37-37-food-warmer-display-case-double-shelf-economy-line\/","og_site_name":"LuxeChef Food Service USA","og_image":[{"width":900,"height":900,"url":"https:\/\/lfsusa.store\/wp-content\/uploads\/2024\/02\/FWDE2-37-37-Food-Warmer-Display-Case-2.jpg","type":"image\/jpeg"}],"twitter_card":"summary_large_image","twitter_misc":{"Tiempo de lectura":"1 minuto"},"schema":{"@context":"https:\/\/schema.org","@graph":[{"@type":"WebPage","@id":"https:\/\/lfsusa.store\/es\/producto\/tita-fwde2-37-37-food-warmer-display-case-double-shelf-economy-line\/","url":"https:\/\/lfsusa.store\/es\/producto\/tita-fwde2-37-37-food-warmer-display-case-double-shelf-economy-line\/","name":"Tita FWDE2-37 | Vitrina calentadora de alimentos de 37'' - Doble estante - L\u00ednea econ\u00f3mica | LuxeChef Food Service USA","isPartOf":{"@id":"https:\/\/lfsusa.store\/es\/#website"},"primaryImageOfPage":{"@id":"https:\/\/lfsusa.store\/es\/producto\/tita-fwde2-37-37-food-warmer-display-case-double-shelf-economy-line\/#primaryimage"},"image":{"@id":"https:\/\/lfsusa.store\/es\/producto\/tita-fwde2-37-37-food-warmer-display-case-double-shelf-economy-line\/#primaryimage"},"thumbnailUrl":"https:\/\/lfsusa.store\/wp-content\/uploads\/2024\/02\/FWDE2-37-37-Food-Warmer-Display-Case-2.jpg","datePublished":"2025-08-21T03:42:12+00:00","breadcrumb":{"@id":"https:\/\/lfsusa.store\/es\/producto\/tita-fwde2-37-37-food-warmer-display-case-double-shelf-economy-line\/#breadcrumb"},"inLanguage":"es","potentialAction":[{"@type":"ReadAction","target":["https:\/\/lfsusa.store\/es\/producto\/tita-fwde2-37-37-food-warmer-display-case-double-shelf-economy-line\/"]}]},{"@type":"ImageObject","inLanguage":"es","@id":"https:\/\/lfsusa.store\/es\/producto\/tita-fwde2-37-37-food-warmer-display-case-double-shelf-economy-line\/#primaryimage","url":"https:\/\/lfsusa.store\/wp-content\/uploads\/2024\/02\/FWDE2-37-37-Food-Warmer-Display-Case-2.jpg","contentUrl":"https:\/\/lfsusa.store\/wp-content\/uploads\/2024\/02\/FWDE2-37-37-Food-Warmer-Display-Case-2.jpg","width":900,"height":900},{"@type":"BreadcrumbList","@id":"https:\/\/lfsusa.store\/es\/producto\/tita-fwde2-37-37-food-warmer-display-case-double-shelf-economy-line\/#breadcrumb","itemListElement":[{"@type":"ListItem","position":1,"name":"Home","item":"https:\/\/lfsusa.store\/es\/inicio-luxechef-food-service-usa\/"},{"@type":"ListItem","position":2,"name":"Tienda","item":"https:\/\/lfsusa.store\/es\/tienda\/"},{"@type":"ListItem","position":3,"name":"Tita FWDE2-37 | Vitrina calentadora de alimentos de 37\u00bb &#8211; Doble estante &#8211; L\u00ednea econ\u00f3mica"}]},{"@type":"WebSite","@id":"https:\/\/lfsusa.store\/es\/#website","url":"https:\/\/lfsusa.store\/es\/","name":"LuxeChef Food Service USA","description":"Shop restaurant supplies &amp; equipment products in our online restaurant supply store. Extremely fast shipping &amp; wholesale pricing from the #1 restaurant supply company!","publisher":{"@id":"https:\/\/lfsusa.store\/es\/#organization"},"alternateName":"LuxeChef Food Service USA","potentialAction":[{"@type":"SearchAction","target":{"@type":"EntryPoint","urlTemplate":"https:\/\/lfsusa.store\/es\/?s={search_term_string}"},"query-input":{"@type":"PropertyValueSpecification","valueRequired":true,"valueName":"search_term_string"}}],"inLanguage":"es"},{"@type":"Organization","@id":"https:\/\/lfsusa.store\/es\/#organization","name":"LuxeChef Food Service USA","alternateName":"LuxeChef Food Service","url":"https:\/\/lfsusa.store\/es\/","logo":{"@type":"ImageObject","inLanguage":"es","@id":"https:\/\/lfsusa.store\/es\/#\/schema\/logo\/image\/","url":"https:\/\/lfsusa.store\/wp-content\/uploads\/2025\/07\/luxe-chef-usa-696-696.jpg","contentUrl":"https:\/\/lfsusa.store\/wp-content\/uploads\/2025\/07\/luxe-chef-usa-696-696.jpg","width":696,"height":696,"caption":"LuxeChef Food Service USA"},"image":{"@id":"https:\/\/lfsusa.store\/es\/#\/schema\/logo\/image\/"}}]}},"_links":{"self":[{"href":"https:\/\/lfsusa.store\/es\/wp-json\/wp\/v2\/product\/27638","targetHints":{"allow":["GET"]}}],"collection":[{"href":"https:\/\/lfsusa.store\/es\/wp-json\/wp\/v2\/product"}],"about":[{"href":"https:\/\/lfsusa.store\/es\/wp-json\/wp\/v2\/types\/product"}],"version-history":[{"count":0,"href":"https:\/\/lfsusa.store\/es\/wp-json\/wp\/v2\/product\/27638\/revisions"}],"wp:featuredmedia":[{"embeddable":true,"href":"https:\/\/lfsusa.store\/es\/wp-json\/wp\/v2\/media\/22191"}],"wp:attachment":[{"href":"https:\/\/lfsusa.store\/es\/wp-json\/wp\/v2\/media?parent=27638"}],"wp:term":[{"taxonomy":"product_brand","embeddable":true,"href":"https:\/\/lfsusa.store\/es\/wp-json\/wp\/v2\/product_brand?post=27638"},{"taxonomy":"product_cat","embeddable":true,"href":"https:\/\/lfsusa.store\/es\/wp-json\/wp\/v2\/product_cat?post=27638"},{"taxonomy":"product_tag","embeddable":true,"href":"https:\/\/lfsusa.store\/es\/wp-json\/wp\/v2\/product_tag?post=27638"}],"curies":[{"name":"wp","href":"https:\/\/api.w.org\/{rel}","templated":true}]}}