{"id":28652,"date":"2025-09-03T09:30:36","date_gmt":"2025-09-03T14:30:36","guid":{"rendered":"https:\/\/lfsusa.store\/?post_type=product&#038;p=28652"},"modified":"2025-09-03T09:44:49","modified_gmt":"2025-09-03T14:44:49","slug":"walk-in-cooler-freezer-cold-room-225x315x250-cm-cabinet-only","status":"publish","type":"product","link":"https:\/\/lfsusa.store\/es\/producto\/walk-in-cooler-freezer-cold-room-225x315x250-cm-cabinet-only\/","title":{"rendered":"C\u00e1mara frigor\u00edfica\/congeladora de acceso directo \u2013 225 \u00d7 315 \u00d7 250 cm (solo armario)"},"content":{"rendered":"<p data-start=\"262\" data-end=\"684\"><strong data-start=\"262\" data-end=\"682\"><img fetchpriority=\"high\" decoding=\"async\" class=\"size-medium wp-image-28370 alignright\" src=\"https:\/\/lfsusa.store\/wp-content\/uploads\/2025\/09\/WALK-IN-COOLER-COLD-STORAGE-ROOM-5-263x300.jpg\" alt=\"Gran c\u00e1mara frigor\u00edfica para cocina comercial.\" width=\"263\" height=\"300\" srcset=\"https:\/\/lfsusa.store\/wp-content\/uploads\/2025\/09\/WALK-IN-COOLER-COLD-STORAGE-ROOM-5-263x300.jpg 263w, https:\/\/lfsusa.store\/wp-content\/uploads\/2025\/09\/WALK-IN-COOLER-COLD-STORAGE-ROOM-5-250x286.jpg 250w, https:\/\/lfsusa.store\/wp-content\/uploads\/2025\/09\/WALK-IN-COOLER-COLD-STORAGE-ROOM-5-600x686.jpg 600w, https:\/\/lfsusa.store\/wp-content\/uploads\/2025\/09\/WALK-IN-COOLER-COLD-STORAGE-ROOM-5-150x171.jpg 150w, https:\/\/lfsusa.store\/wp-content\/uploads\/2025\/09\/WALK-IN-COOLER-COLD-STORAGE-ROOM-5.jpg 700w\" sizes=\"(max-width: 263px) 100vw, 263px\" \/>Nuestras c\u00e1maras frigor\u00edficas est\u00e1n dise\u00f1adas para ofrecer el equilibrio perfecto entre rendimiento, durabilidad y comodidad. Construidas con paneles aislantes modulares de alta calidad, se pueden ensamblar o ampliar f\u00e1cilmente in situ, lo que reduce el tiempo y los costos de instalaci\u00f3n. Ya sea para refrigeraci\u00f3n o ultracongelaci\u00f3n, cada unidad garantiza un control preciso de la temperatura para proteger la frescura, la seguridad y la calidad de sus productos.  <\/strong><\/p>\n<p data-start=\"686\" data-end=\"1195\"><strong data-start=\"686\" data-end=\"1193\">Dise\u00f1adas con materiales robustos y tecnolog\u00eda de aislamiento avanzada, estas c\u00e1maras frigor\u00edficas est\u00e1n dise\u00f1adas para soportar un uso intensivo, manteniendo la eficiencia energ\u00e9tica y un rendimiento constante. Su dise\u00f1o modular no solo permite una instalaci\u00f3n r\u00e1pida, sino que tambi\u00e9n ofrece flexibilidad, facilitando la adaptaci\u00f3n del tama\u00f1o o la distribuci\u00f3n a las necesidades cambiantes de su negocio. Desde restaurantes y hoteles hasta supermercados, almacenes y procesadores de alimentos, nuestras c\u00e1maras frigor\u00edficas ofrecen una soluci\u00f3n fiable en la que conf\u00edan profesionales de todo el mundo.  <\/strong><\/p>\n<p data-start=\"1197\" data-end=\"1374\"><strong data-start=\"1197\" data-end=\"1372\">Elija un sistema de almacenamiento que crezca con su negocio, garantice tranquilidad y ofrezca la confiabilidad a largo plazo que necesita para mantener sus operaciones funcionando sin problemas.<\/strong><\/p>\n<p><iframe title=\"How to Assemble a Modular Walk\u2011In Cooler | Walls, Ceiling &amp; Doors for Sale\" width=\"422\" height=\"750\" src=\"https:\/\/www.youtube.com\/embed\/oaAghQ6kfJc?feature=oembed\" frameborder=\"0\" allow=\"accelerometer; autoplay; clipboard-write; encrypted-media; gyroscope; picture-in-picture; web-share\" referrerpolicy=\"strict-origin-when-cross-origin\" allowfullscreen><\/iframe><\/p>\n<h2 data-start=\"1034\" data-end=\"1067\">Qu\u00e9 incluye (solo gabinete)<\/h2>\n<ul data-start=\"1068\" data-end=\"1200\">\n<li data-start=\"1068\" data-end=\"1101\">\n<p data-start=\"1070\" data-end=\"1101\">Paneles <strong data-start=\"1080\" data-end=\"1099\">laterales aislados<\/strong><\/p>\n<\/li>\n<li data-start=\"1102\" data-end=\"1135\">\n<p data-start=\"1104\" data-end=\"1135\">Juego de paneles de <strong data-start=\"1114\" data-end=\"1123\">suelo<\/strong> aislantes<\/p>\n<\/li>\n<li data-start=\"1136\" data-end=\"1171\">\n<p data-start=\"1138\" data-end=\"1171\">Juego de paneles de <strong data-start=\"1148\" data-end=\"1159\">techo<\/strong> aislantes<\/p>\n<\/li>\n<li data-start=\"1172\" data-end=\"1200\">\n<p data-start=\"1174\" data-end=\"1200\"><strong data-start=\"1174\" data-end=\"1189\">Puerta abatible <\/strong>(est\u00e1ndar)<\/p>\n<\/li>\n<\/ul>\n<blockquote data-start=\"1202\" data-end=\"1314\">\n<p data-start=\"1204\" data-end=\"1314\">Nota: Este producto no incluye sistema de refrigeraci\u00f3n. No incluye estanter\u00edas ni herrajes de exhibici\u00f3n. <\/p>\n<\/blockquote>\n<h2 data-start=\"1316\" data-end=\"1357\">Accesorios opcionales (se venden por separado)<\/h2>\n<ul data-start=\"1358\" data-end=\"1534\">\n<li data-start=\"1358\" data-end=\"1385\">\n<p data-start=\"1360\" data-end=\"1385\"><strong data-start=\"1360\" data-end=\"1383\">Puertas de exhibici\u00f3n de vidrio<\/strong><\/p>\n<\/li>\n<li data-start=\"1386\" data-end=\"1409\">\n<p data-start=\"1388\" data-end=\"1409\"><strong data-start=\"1388\" data-end=\"1407\">Ventanas de visualizaci\u00f3n<\/strong><\/p>\n<\/li>\n<li data-start=\"1410\" data-end=\"1431\">\n<p data-start=\"1412\" data-end=\"1431\"><strong data-start=\"1412\" data-end=\"1429\">puertas corredizas<\/strong><\/p>\n<\/li>\n<li data-start=\"1432\" data-end=\"1534\">\n<p data-start=\"1434\" data-end=\"1534\">Puertas con bisagras adicionales, rampas, iluminaci\u00f3n LED interior, estanter\u00edas, control de temperatura y otros accesorios.<\/p>\n<\/li>\n<\/ul>\n<h2 data-start=\"1536\" data-end=\"1558\">Montaje f\u00e1cil y r\u00e1pido<\/h2>\n<p data-start=\"1559\" data-end=\"1801\">La habitaci\u00f3n se entrega con <strong data-start=\"1577\" data-end=\"1605\">paneles aislantes modulares<\/strong> que se encajan entre s\u00ed para lograr un ajuste perfecto y herm\u00e9tico. Los paneles est\u00e1n etiquetados para una instalaci\u00f3n sencilla, que requiere dos personas y requiere un m\u00ednimo de herramientas. El dise\u00f1o permite su posterior reubicaci\u00f3n o ampliaci\u00f3n a\u00f1adiendo m\u00e1s paneles.  <\/p>\n<ul data-start=\"1827\" data-end=\"2024\">\n<li data-start=\"1827\" data-end=\"1895\">\n<p data-start=\"1829\" data-end=\"1895\"><strong data-start=\"1837\" data-end=\"1866\">Refrigeraci\u00f3n o congelaci\u00f3n<\/strong> directa para servicios de alimentaci\u00f3n y venta minorista<\/p>\n<\/li>\n<li data-start=\"1896\" data-end=\"1949\">\n<p data-start=\"1898\" data-end=\"1949\">Aspecto limpio, profesional y construcci\u00f3n duradera.<\/p>\n<\/li>\n<li data-start=\"1950\" data-end=\"2024\">\n<p data-start=\"1952\" data-end=\"2024\">Formato modular = m\u00e1s f\u00e1cil transporte, instalaci\u00f3n, servicio y futuro redimensionamiento<\/p>\n<\/li>\n<\/ul>\n","protected":false},"excerpt":{"rendered":"<p>C\u00e1mara frigor\u00edfica modular para refrigeraci\u00f3n o congelaci\u00f3n. <strong data-start=\"731\" data-end=\"773\">Esta oferta incluye solo el gabinete:<\/strong> paneles de pared aislantes, <strong data-start=\"798\" data-end=\"807\">suelo<\/strong>, <strong data-start=\"809\" data-end=\"820\">techo <\/strong>y <strong data-start=\"826\" data-end=\"845\">una puerta abatible<\/strong>. El sistema de refrigeraci\u00f3n y todos los accesorios <strong data-start=\"892\" data-end=\"911\">se venden por separado<\/strong>. Montaje r\u00e1pido y sencillo; ideal para restaurantes, supermercados, panader\u00edas, laboratorios y m\u00e1s.  <\/p>\n","protected":false},"featured_media":28603,"template":"","meta":[],"product_brand":[3767],"product_cat":[3800],"product_tag":[1920,3227,3226],"class_list":{"0":"post-28652","1":"product","2":"type-product","3":"status-publish","4":"has-post-thumbnail","6":"product_brand-luxechef","7":"product_cat-camara-frigorifica-cuarto-frio","8":"product_tag-disponible-solo-para-latinoamerica","9":"product_tag-equipos-para-restaurantes-y-hoteles-en-puerto-rico","10":"product_tag-equipos-para-restaurantes-y-hoteles-en-republica-dominicana","12":"first","13":"instock","14":"taxable","15":"shipping-taxable","16":"purchasable","17":"product-type-simple"},"yoast_head":"<!-- This site is optimized with the Yoast SEO plugin v26.7 - https:\/\/yoast.com\/wordpress\/plugins\/seo\/ -->\n<title>C\u00e1mara frigor\u00edfica\/congeladora de acceso directo \u2013 225 \u00d7 315 \u00d7 250 cm (solo armario) | LuxeChef Food Service USA<\/title>\n<meta name=\"description\" content=\"C\u00e1mara frigor\u00edfica modular (solo armario): paredes, suelo, techo y puerta. F\u00e1cil de montar. Se pueden a\u00f1adir puertas de cristal, ventanas o puertas correderas como accesorios.\" \/>\n<meta name=\"robots\" content=\"index, follow, max-snippet:-1, max-image-preview:large, max-video-preview:-1\" \/>\n<link rel=\"canonical\" href=\"https:\/\/lfsusa.store\/es\/producto\/walk-in-cooler-freezer-cold-room-225x315x250-cm-cabinet-only\/\" \/>\n<meta property=\"og:locale\" content=\"es_ES\" \/>\n<meta property=\"og:type\" content=\"article\" \/>\n<meta property=\"og:title\" content=\"C\u00e1mara frigor\u00edfica\/congeladora de acceso directo \u2013 225 \u00d7 315 \u00d7 250 cm (solo armario) | LuxeChef Food Service USA\" \/>\n<meta property=\"og:description\" content=\"C\u00e1mara frigor\u00edfica modular (solo armario): paredes, suelo, techo y puerta. F\u00e1cil de montar. Se pueden a\u00f1adir puertas de cristal, ventanas o puertas correderas como accesorios.\" \/>\n<meta property=\"og:url\" content=\"https:\/\/lfsusa.store\/es\/producto\/walk-in-cooler-freezer-cold-room-225x315x250-cm-cabinet-only\/\" \/>\n<meta property=\"og:site_name\" content=\"LuxeChef Food Service USA\" \/>\n<meta property=\"article:modified_time\" content=\"2025-09-03T14:44:49+00:00\" \/>\n<meta property=\"og:image\" content=\"https:\/\/lfsusa.store\/wp-content\/uploads\/2025\/09\/WALK-IN-COOLER-COLD-STORAGE-ROOM-1.jpg\" \/>\n\t<meta property=\"og:image:width\" content=\"700\" \/>\n\t<meta property=\"og:image:height\" content=\"800\" \/>\n\t<meta property=\"og:image:type\" content=\"image\/jpeg\" \/>\n<meta name=\"twitter:card\" content=\"summary_large_image\" \/>\n<meta name=\"twitter:label1\" content=\"Tiempo de lectura\" \/>\n\t<meta name=\"twitter:data1\" content=\"2 minutos\" \/>\n<script type=\"application\/ld+json\" class=\"yoast-schema-graph\">{\"@context\":\"https:\/\/schema.org\",\"@graph\":[{\"@type\":\"WebPage\",\"@id\":\"https:\/\/lfsusa.store\/es\/producto\/walk-in-cooler-freezer-cold-room-225x315x250-cm-cabinet-only\/\",\"url\":\"https:\/\/lfsusa.store\/es\/producto\/walk-in-cooler-freezer-cold-room-225x315x250-cm-cabinet-only\/\",\"name\":\"C\u00e1mara frigor\u00edfica\/congeladora de acceso directo \u2013 225 \u00d7 315 \u00d7 250 cm (solo armario) | LuxeChef Food Service USA\",\"isPartOf\":{\"@id\":\"https:\/\/lfsusa.store\/es\/#website\"},\"primaryImageOfPage\":{\"@id\":\"https:\/\/lfsusa.store\/es\/producto\/walk-in-cooler-freezer-cold-room-225x315x250-cm-cabinet-only\/#primaryimage\"},\"image\":{\"@id\":\"https:\/\/lfsusa.store\/es\/producto\/walk-in-cooler-freezer-cold-room-225x315x250-cm-cabinet-only\/#primaryimage\"},\"thumbnailUrl\":\"https:\/\/lfsusa.store\/wp-content\/uploads\/2025\/09\/WALK-IN-COOLER-COLD-STORAGE-ROOM-1.jpg\",\"datePublished\":\"2025-09-03T14:30:36+00:00\",\"dateModified\":\"2025-09-03T14:44:49+00:00\",\"description\":\"C\u00e1mara frigor\u00edfica modular (solo armario): paredes, suelo, techo y puerta. F\u00e1cil de montar. Se pueden a\u00f1adir puertas de cristal, ventanas o puertas correderas como accesorios.\",\"breadcrumb\":{\"@id\":\"https:\/\/lfsusa.store\/es\/producto\/walk-in-cooler-freezer-cold-room-225x315x250-cm-cabinet-only\/#breadcrumb\"},\"inLanguage\":\"es\",\"potentialAction\":[{\"@type\":\"ReadAction\",\"target\":[\"https:\/\/lfsusa.store\/es\/producto\/walk-in-cooler-freezer-cold-room-225x315x250-cm-cabinet-only\/\"]}]},{\"@type\":\"ImageObject\",\"inLanguage\":\"es\",\"@id\":\"https:\/\/lfsusa.store\/es\/producto\/walk-in-cooler-freezer-cold-room-225x315x250-cm-cabinet-only\/#primaryimage\",\"url\":\"https:\/\/lfsusa.store\/wp-content\/uploads\/2025\/09\/WALK-IN-COOLER-COLD-STORAGE-ROOM-1.jpg\",\"contentUrl\":\"https:\/\/lfsusa.store\/wp-content\/uploads\/2025\/09\/WALK-IN-COOLER-COLD-STORAGE-ROOM-1.jpg\",\"width\":700,\"height\":800,\"caption\":\"C\u00e1mara frigor\u00edfica comercial de almacenamiento en fr\u00edo\"},{\"@type\":\"BreadcrumbList\",\"@id\":\"https:\/\/lfsusa.store\/es\/producto\/walk-in-cooler-freezer-cold-room-225x315x250-cm-cabinet-only\/#breadcrumb\",\"itemListElement\":[{\"@type\":\"ListItem\",\"position\":1,\"name\":\"Home\",\"item\":\"https:\/\/lfsusa.store\/es\/inicio-luxechef-food-service-usa\/\"},{\"@type\":\"ListItem\",\"position\":2,\"name\":\"Tienda\",\"item\":\"https:\/\/lfsusa.store\/es\/tienda\/\"},{\"@type\":\"ListItem\",\"position\":3,\"name\":\"C\u00e1mara frigor\u00edfica\/congeladora de acceso directo \u2013 225 \u00d7 315 \u00d7 250 cm (solo armario)\"}]},{\"@type\":\"WebSite\",\"@id\":\"https:\/\/lfsusa.store\/es\/#website\",\"url\":\"https:\/\/lfsusa.store\/es\/\",\"name\":\"LuxeChef Food Service USA\",\"description\":\"Shop restaurant supplies &amp; equipment products in our online restaurant supply store. Extremely fast shipping &amp; wholesale pricing from the #1 restaurant supply company!\",\"publisher\":{\"@id\":\"https:\/\/lfsusa.store\/es\/#organization\"},\"alternateName\":\"LuxeChef Food Service USA\",\"potentialAction\":[{\"@type\":\"SearchAction\",\"target\":{\"@type\":\"EntryPoint\",\"urlTemplate\":\"https:\/\/lfsusa.store\/es\/?s={search_term_string}\"},\"query-input\":{\"@type\":\"PropertyValueSpecification\",\"valueRequired\":true,\"valueName\":\"search_term_string\"}}],\"inLanguage\":\"es\"},{\"@type\":\"Organization\",\"@id\":\"https:\/\/lfsusa.store\/es\/#organization\",\"name\":\"LuxeChef Food Service USA\",\"alternateName\":\"LuxeChef Food Service\",\"url\":\"https:\/\/lfsusa.store\/es\/\",\"logo\":{\"@type\":\"ImageObject\",\"inLanguage\":\"es\",\"@id\":\"https:\/\/lfsusa.store\/es\/#\/schema\/logo\/image\/\",\"url\":\"https:\/\/lfsusa.store\/wp-content\/uploads\/2025\/07\/luxe-chef-usa-696-696.jpg\",\"contentUrl\":\"https:\/\/lfsusa.store\/wp-content\/uploads\/2025\/07\/luxe-chef-usa-696-696.jpg\",\"width\":696,\"height\":696,\"caption\":\"LuxeChef Food Service USA\"},\"image\":{\"@id\":\"https:\/\/lfsusa.store\/es\/#\/schema\/logo\/image\/\"}}]}<\/script>\n<!-- \/ Yoast SEO plugin. -->","yoast_head_json":{"title":"C\u00e1mara frigor\u00edfica\/congeladora de acceso directo \u2013 225 \u00d7 315 \u00d7 250 cm (solo armario) | LuxeChef Food Service USA","description":"C\u00e1mara frigor\u00edfica modular (solo armario): paredes, suelo, techo y puerta. F\u00e1cil de montar. Se pueden a\u00f1adir puertas de cristal, ventanas o puertas correderas como accesorios.","robots":{"index":"index","follow":"follow","max-snippet":"max-snippet:-1","max-image-preview":"max-image-preview:large","max-video-preview":"max-video-preview:-1"},"canonical":"https:\/\/lfsusa.store\/es\/producto\/walk-in-cooler-freezer-cold-room-225x315x250-cm-cabinet-only\/","og_locale":"es_ES","og_type":"article","og_title":"C\u00e1mara frigor\u00edfica\/congeladora de acceso directo \u2013 225 \u00d7 315 \u00d7 250 cm (solo armario) | LuxeChef Food Service USA","og_description":"C\u00e1mara frigor\u00edfica modular (solo armario): paredes, suelo, techo y puerta. F\u00e1cil de montar. Se pueden a\u00f1adir puertas de cristal, ventanas o puertas correderas como accesorios.","og_url":"https:\/\/lfsusa.store\/es\/producto\/walk-in-cooler-freezer-cold-room-225x315x250-cm-cabinet-only\/","og_site_name":"LuxeChef Food Service USA","article_modified_time":"2025-09-03T14:44:49+00:00","og_image":[{"width":700,"height":800,"url":"https:\/\/lfsusa.store\/wp-content\/uploads\/2025\/09\/WALK-IN-COOLER-COLD-STORAGE-ROOM-1.jpg","type":"image\/jpeg"}],"twitter_card":"summary_large_image","twitter_misc":{"Tiempo de lectura":"2 minutos"},"schema":{"@context":"https:\/\/schema.org","@graph":[{"@type":"WebPage","@id":"https:\/\/lfsusa.store\/es\/producto\/walk-in-cooler-freezer-cold-room-225x315x250-cm-cabinet-only\/","url":"https:\/\/lfsusa.store\/es\/producto\/walk-in-cooler-freezer-cold-room-225x315x250-cm-cabinet-only\/","name":"C\u00e1mara frigor\u00edfica\/congeladora de acceso directo \u2013 225 \u00d7 315 \u00d7 250 cm (solo armario) | LuxeChef Food Service USA","isPartOf":{"@id":"https:\/\/lfsusa.store\/es\/#website"},"primaryImageOfPage":{"@id":"https:\/\/lfsusa.store\/es\/producto\/walk-in-cooler-freezer-cold-room-225x315x250-cm-cabinet-only\/#primaryimage"},"image":{"@id":"https:\/\/lfsusa.store\/es\/producto\/walk-in-cooler-freezer-cold-room-225x315x250-cm-cabinet-only\/#primaryimage"},"thumbnailUrl":"https:\/\/lfsusa.store\/wp-content\/uploads\/2025\/09\/WALK-IN-COOLER-COLD-STORAGE-ROOM-1.jpg","datePublished":"2025-09-03T14:30:36+00:00","dateModified":"2025-09-03T14:44:49+00:00","description":"C\u00e1mara frigor\u00edfica modular (solo armario): paredes, suelo, techo y puerta. F\u00e1cil de montar. Se pueden a\u00f1adir puertas de cristal, ventanas o puertas correderas como accesorios.","breadcrumb":{"@id":"https:\/\/lfsusa.store\/es\/producto\/walk-in-cooler-freezer-cold-room-225x315x250-cm-cabinet-only\/#breadcrumb"},"inLanguage":"es","potentialAction":[{"@type":"ReadAction","target":["https:\/\/lfsusa.store\/es\/producto\/walk-in-cooler-freezer-cold-room-225x315x250-cm-cabinet-only\/"]}]},{"@type":"ImageObject","inLanguage":"es","@id":"https:\/\/lfsusa.store\/es\/producto\/walk-in-cooler-freezer-cold-room-225x315x250-cm-cabinet-only\/#primaryimage","url":"https:\/\/lfsusa.store\/wp-content\/uploads\/2025\/09\/WALK-IN-COOLER-COLD-STORAGE-ROOM-1.jpg","contentUrl":"https:\/\/lfsusa.store\/wp-content\/uploads\/2025\/09\/WALK-IN-COOLER-COLD-STORAGE-ROOM-1.jpg","width":700,"height":800,"caption":"C\u00e1mara frigor\u00edfica comercial de almacenamiento en fr\u00edo"},{"@type":"BreadcrumbList","@id":"https:\/\/lfsusa.store\/es\/producto\/walk-in-cooler-freezer-cold-room-225x315x250-cm-cabinet-only\/#breadcrumb","itemListElement":[{"@type":"ListItem","position":1,"name":"Home","item":"https:\/\/lfsusa.store\/es\/inicio-luxechef-food-service-usa\/"},{"@type":"ListItem","position":2,"name":"Tienda","item":"https:\/\/lfsusa.store\/es\/tienda\/"},{"@type":"ListItem","position":3,"name":"C\u00e1mara frigor\u00edfica\/congeladora de acceso directo \u2013 225 \u00d7 315 \u00d7 250 cm (solo armario)"}]},{"@type":"WebSite","@id":"https:\/\/lfsusa.store\/es\/#website","url":"https:\/\/lfsusa.store\/es\/","name":"LuxeChef Food Service USA","description":"Shop restaurant supplies &amp; equipment products in our online restaurant supply store. Extremely fast shipping &amp; wholesale pricing from the #1 restaurant supply company!","publisher":{"@id":"https:\/\/lfsusa.store\/es\/#organization"},"alternateName":"LuxeChef Food Service USA","potentialAction":[{"@type":"SearchAction","target":{"@type":"EntryPoint","urlTemplate":"https:\/\/lfsusa.store\/es\/?s={search_term_string}"},"query-input":{"@type":"PropertyValueSpecification","valueRequired":true,"valueName":"search_term_string"}}],"inLanguage":"es"},{"@type":"Organization","@id":"https:\/\/lfsusa.store\/es\/#organization","name":"LuxeChef Food Service USA","alternateName":"LuxeChef Food Service","url":"https:\/\/lfsusa.store\/es\/","logo":{"@type":"ImageObject","inLanguage":"es","@id":"https:\/\/lfsusa.store\/es\/#\/schema\/logo\/image\/","url":"https:\/\/lfsusa.store\/wp-content\/uploads\/2025\/07\/luxe-chef-usa-696-696.jpg","contentUrl":"https:\/\/lfsusa.store\/wp-content\/uploads\/2025\/07\/luxe-chef-usa-696-696.jpg","width":696,"height":696,"caption":"LuxeChef Food Service USA"},"image":{"@id":"https:\/\/lfsusa.store\/es\/#\/schema\/logo\/image\/"}}]}},"_links":{"self":[{"href":"https:\/\/lfsusa.store\/es\/wp-json\/wp\/v2\/product\/28652","targetHints":{"allow":["GET"]}}],"collection":[{"href":"https:\/\/lfsusa.store\/es\/wp-json\/wp\/v2\/product"}],"about":[{"href":"https:\/\/lfsusa.store\/es\/wp-json\/wp\/v2\/types\/product"}],"version-history":[{"count":2,"href":"https:\/\/lfsusa.store\/es\/wp-json\/wp\/v2\/product\/28652\/revisions"}],"predecessor-version":[{"id":28663,"href":"https:\/\/lfsusa.store\/es\/wp-json\/wp\/v2\/product\/28652\/revisions\/28663"}],"wp:featuredmedia":[{"embeddable":true,"href":"https:\/\/lfsusa.store\/es\/wp-json\/wp\/v2\/media\/28603"}],"wp:attachment":[{"href":"https:\/\/lfsusa.store\/es\/wp-json\/wp\/v2\/media?parent=28652"}],"wp:term":[{"taxonomy":"product_brand","embeddable":true,"href":"https:\/\/lfsusa.store\/es\/wp-json\/wp\/v2\/product_brand?post=28652"},{"taxonomy":"product_cat","embeddable":true,"href":"https:\/\/lfsusa.store\/es\/wp-json\/wp\/v2\/product_cat?post=28652"},{"taxonomy":"product_tag","embeddable":true,"href":"https:\/\/lfsusa.store\/es\/wp-json\/wp\/v2\/product_tag?post=28652"}],"curies":[{"name":"wp","href":"https:\/\/api.w.org\/{rel}","templated":true}]}}