{"id":29275,"date":"2025-09-23T14:07:15","date_gmt":"2025-09-23T19:07:15","guid":{"rendered":"https:\/\/lfsusa.store\/?post_type=product&#038;p=29275"},"modified":"2025-09-25T13:22:08","modified_gmt":"2025-09-25T18:22:08","slug":"wolf-60-cocina-a-gas-con-6-quemadores-parrilla-y-plancha","status":"publish","type":"product","link":"https:\/\/lfsusa.store\/es\/producto\/wolf-60-cocina-a-gas-con-6-quemadores-parrilla-y-plancha\/","title":{"rendered":"Estufa Wolf de 60\u2033 con 6 Quemadores, Charbroiler e Infrared Griddle, Gas Natural"},"content":{"rendered":"<p data-start=\"1922\" data-end=\"2135\">La <strong data-start=\"1936\" data-end=\"1956\">Wolf GR606CG de 60\u2033 <\/strong>ofrece un rendimiento excepcional para cocinas exigentes. Sus 6 quemadores sellados proporcionan un control preciso de la temperatura, desde fuego alto hasta fuego lento, ideal para diversas necesidades culinarias. <\/p>\n<p data-start=\"2137\" data-end=\"2396\">Una parrilla infrarroja de 16,000 BTU ofrece un sellado excepcional en filetes, hamburguesas y chuletas, mientras que la plancha infrarroja de 15,000 BTU es ideal para panqueques, salteados o un sellado r\u00e1pido. El amplio horno de convecci\u00f3n garantiza un horneado uniforme, incluso al usar varias parrillas. <\/p>\n<p data-start=\"2398\" data-end=\"2715\">Las rejillas continuas de hierro fundido facilitan el movimiento de ollas y sartenes, y las bandejas de los quemadores revestidas de porcelana retienen los derrames para una limpieza m\u00e1s sencilla. Con acabados duraderos de acero inoxidable, opciones de colores ic\u00f3nicos para las perillas de control y una s\u00f3lida garant\u00eda, la Wolf GR606CG combina potencia, versatilidad y fiabilidad a largo plazo en una sola unidad. <\/p>\n<ul>\n<li>Controle la temperatura con precisi\u00f3n con seis quemadores de gas sellados de doble pila para lograr temperaturas m\u00e1s altas y m\u00e1s bajas.<\/li>\n<li>Conf\u00ede en una parrilla infrarroja de 16,000 Btu para obtener filetes, chuletas y hamburguesas m\u00e1s suculentas.<\/li>\n<li>Conf\u00ede en una plancha infrarroja de 15,000 Btu para dorar hamburguesas, saltear verduras y m\u00e1s.<\/li>\n<li>Disfrute de un calor m\u00e1s r\u00e1pido y una cocci\u00f3n m\u00e1s uniforme con este horno de convecci\u00f3n a gas de gran capacidad.<\/li>\n<li>Multi-task with an additional 30&#8243; oven<\/li>\n<li>Limpie salpicaduras y derrames f\u00e1cilmente con las bandejas de quemador revestidas de porcelana negra, selladas y sin juntas.<\/li>\n<li>Produzca cortezas m\u00e1s crujientes y se sella m\u00e1s r\u00e1pido con el potente asador interior infrarrojo<\/li>\n<li>Reenciende la llama autom\u00e1ticamente con nuestro sistema de encendido por chispa para un mejor control de la temperatura y mayor seguridad.<\/li>\n<li>Mueva ollas y sartenes f\u00e1cilmente a trav\u00e9s de rejillas continuas de hierro fundido<\/li>\n<li>Encuentre el estilo de su cocina con una selecci\u00f3n de perillas de control ic\u00f3nicas en rojo, negro o acero inoxidable cepillado.<\/li>\n<\/ul>\n<p data-start=\"2398\" data-end=\"2715\">\n","protected":false},"excerpt":{"rendered":"<p>Cocina a gas profesional Wolf de 60\u2033 con 6 potentes quemadores sellados, parrilla infrarroja y plancha: perfecta para sellar con precisi\u00f3n y cocinar de forma vers\u00e1til.<\/p>\n","protected":false},"featured_media":29280,"template":"","meta":[],"product_brand":[3801],"product_cat":[3163],"product_tag":[],"class_list":{"0":"post-29275","1":"product","2":"type-product","3":"status-publish","4":"has-post-thumbnail","6":"product_brand-wolf","7":"product_cat-cocinas-de-gas-comerciales","9":"first","10":"instock","11":"taxable","12":"shipping-taxable","13":"purchasable","14":"product-type-simple"},"yoast_head":"<!-- This site is optimized with the Yoast SEO plugin v26.7 - https:\/\/yoast.com\/wordpress\/plugins\/seo\/ -->\n<title>Estufa Wolf de 60\u2033 con 6 Quemadores, Charbroiler e Infrared Griddle, Gas Natural | LuxeChef Food Service USA<\/title>\n<meta name=\"description\" content=\"Cocina Wolf GR606CG de 60\u2033: 6 quemadores sellados, parrilla infrarroja y plancha. Potencia y control profesionales para su cocina.\" \/>\n<meta name=\"robots\" content=\"index, follow, max-snippet:-1, max-image-preview:large, max-video-preview:-1\" \/>\n<link rel=\"canonical\" href=\"https:\/\/lfsusa.store\/es\/producto\/wolf-60-cocina-a-gas-con-6-quemadores-parrilla-y-plancha\/\" \/>\n<meta property=\"og:locale\" content=\"es_ES\" \/>\n<meta property=\"og:type\" content=\"article\" \/>\n<meta property=\"og:title\" content=\"Estufa Wolf de 60\u2033 con 6 Quemadores, Charbroiler e Infrared Griddle, Gas Natural | LuxeChef Food Service USA\" \/>\n<meta property=\"og:description\" content=\"Cocina Wolf GR606CG de 60\u2033: 6 quemadores sellados, parrilla infrarroja y plancha. Potencia y control profesionales para su cocina.\" \/>\n<meta property=\"og:url\" content=\"https:\/\/lfsusa.store\/es\/producto\/wolf-60-cocina-a-gas-con-6-quemadores-parrilla-y-plancha\/\" \/>\n<meta property=\"og:site_name\" content=\"LuxeChef Food Service USA\" \/>\n<meta property=\"article:modified_time\" content=\"2025-09-25T18:22:08+00:00\" \/>\n<meta property=\"og:image\" content=\"https:\/\/lfsusa.store\/wp-content\/uploads\/2025\/09\/60-Gas-Range-2.jpg\" \/>\n\t<meta property=\"og:image:width\" content=\"285\" \/>\n\t<meta property=\"og:image:height\" content=\"185\" \/>\n\t<meta property=\"og:image:type\" content=\"image\/jpeg\" \/>\n<meta name=\"twitter:card\" content=\"summary_large_image\" \/>\n<meta name=\"twitter:label1\" content=\"Tiempo de lectura\" \/>\n\t<meta name=\"twitter:data1\" content=\"2 minutos\" \/>\n<script type=\"application\/ld+json\" class=\"yoast-schema-graph\">{\"@context\":\"https:\/\/schema.org\",\"@graph\":[{\"@type\":\"WebPage\",\"@id\":\"https:\/\/lfsusa.store\/es\/producto\/wolf-60-cocina-a-gas-con-6-quemadores-parrilla-y-plancha\/\",\"url\":\"https:\/\/lfsusa.store\/es\/producto\/wolf-60-cocina-a-gas-con-6-quemadores-parrilla-y-plancha\/\",\"name\":\"Estufa Wolf de 60\u2033 con 6 Quemadores, Charbroiler e Infrared Griddle, Gas Natural | LuxeChef Food Service USA\",\"isPartOf\":{\"@id\":\"https:\/\/lfsusa.store\/es\/#website\"},\"primaryImageOfPage\":{\"@id\":\"https:\/\/lfsusa.store\/es\/producto\/wolf-60-cocina-a-gas-con-6-quemadores-parrilla-y-plancha\/#primaryimage\"},\"image\":{\"@id\":\"https:\/\/lfsusa.store\/es\/producto\/wolf-60-cocina-a-gas-con-6-quemadores-parrilla-y-plancha\/#primaryimage\"},\"thumbnailUrl\":\"https:\/\/lfsusa.store\/wp-content\/uploads\/2025\/09\/60-Gas-Range-2.jpg\",\"datePublished\":\"2025-09-23T19:07:15+00:00\",\"dateModified\":\"2025-09-25T18:22:08+00:00\",\"description\":\"Cocina Wolf GR606CG de 60\u2033: 6 quemadores sellados, parrilla infrarroja y plancha. Potencia y control profesionales para su cocina.\",\"breadcrumb\":{\"@id\":\"https:\/\/lfsusa.store\/es\/producto\/wolf-60-cocina-a-gas-con-6-quemadores-parrilla-y-plancha\/#breadcrumb\"},\"inLanguage\":\"es\",\"potentialAction\":[{\"@type\":\"ReadAction\",\"target\":[\"https:\/\/lfsusa.store\/es\/producto\/wolf-60-cocina-a-gas-con-6-quemadores-parrilla-y-plancha\/\"]}]},{\"@type\":\"ImageObject\",\"inLanguage\":\"es\",\"@id\":\"https:\/\/lfsusa.store\/es\/producto\/wolf-60-cocina-a-gas-con-6-quemadores-parrilla-y-plancha\/#primaryimage\",\"url\":\"https:\/\/lfsusa.store\/wp-content\/uploads\/2025\/09\/60-Gas-Range-2.jpg\",\"contentUrl\":\"https:\/\/lfsusa.store\/wp-content\/uploads\/2025\/09\/60-Gas-Range-2.jpg\",\"width\":285,\"height\":185,\"caption\":\"Estufa a gas Wolf de 60 pulgadas con 6 quemadores, parrilla infrarroja y plancha\"},{\"@type\":\"BreadcrumbList\",\"@id\":\"https:\/\/lfsusa.store\/es\/producto\/wolf-60-cocina-a-gas-con-6-quemadores-parrilla-y-plancha\/#breadcrumb\",\"itemListElement\":[{\"@type\":\"ListItem\",\"position\":1,\"name\":\"Home\",\"item\":\"https:\/\/lfsusa.store\/es\/inicio-luxechef-food-service-usa\/\"},{\"@type\":\"ListItem\",\"position\":2,\"name\":\"Tienda\",\"item\":\"https:\/\/lfsusa.store\/es\/tienda\/\"},{\"@type\":\"ListItem\",\"position\":3,\"name\":\"Estufa Wolf de 60\u2033 con 6 Quemadores, Charbroiler e Infrared Griddle, Gas Natural\"}]},{\"@type\":\"WebSite\",\"@id\":\"https:\/\/lfsusa.store\/es\/#website\",\"url\":\"https:\/\/lfsusa.store\/es\/\",\"name\":\"LuxeChef Food Service USA\",\"description\":\"Shop restaurant supplies &amp; equipment products in our online restaurant supply store. Extremely fast shipping &amp; wholesale pricing from the #1 restaurant supply company!\",\"publisher\":{\"@id\":\"https:\/\/lfsusa.store\/es\/#organization\"},\"alternateName\":\"LuxeChef Food Service USA\",\"potentialAction\":[{\"@type\":\"SearchAction\",\"target\":{\"@type\":\"EntryPoint\",\"urlTemplate\":\"https:\/\/lfsusa.store\/es\/?s={search_term_string}\"},\"query-input\":{\"@type\":\"PropertyValueSpecification\",\"valueRequired\":true,\"valueName\":\"search_term_string\"}}],\"inLanguage\":\"es\"},{\"@type\":\"Organization\",\"@id\":\"https:\/\/lfsusa.store\/es\/#organization\",\"name\":\"LuxeChef Food Service USA\",\"alternateName\":\"LuxeChef Food Service\",\"url\":\"https:\/\/lfsusa.store\/es\/\",\"logo\":{\"@type\":\"ImageObject\",\"inLanguage\":\"es\",\"@id\":\"https:\/\/lfsusa.store\/es\/#\/schema\/logo\/image\/\",\"url\":\"https:\/\/lfsusa.store\/wp-content\/uploads\/2025\/07\/luxe-chef-usa-696-696.jpg\",\"contentUrl\":\"https:\/\/lfsusa.store\/wp-content\/uploads\/2025\/07\/luxe-chef-usa-696-696.jpg\",\"width\":696,\"height\":696,\"caption\":\"LuxeChef Food Service USA\"},\"image\":{\"@id\":\"https:\/\/lfsusa.store\/es\/#\/schema\/logo\/image\/\"}}]}<\/script>\n<!-- \/ Yoast SEO plugin. -->","yoast_head_json":{"title":"Estufa Wolf de 60\u2033 con 6 Quemadores, Charbroiler e Infrared Griddle, Gas Natural | LuxeChef Food Service USA","description":"Cocina Wolf GR606CG de 60\u2033: 6 quemadores sellados, parrilla infrarroja y plancha. Potencia y control profesionales para su cocina.","robots":{"index":"index","follow":"follow","max-snippet":"max-snippet:-1","max-image-preview":"max-image-preview:large","max-video-preview":"max-video-preview:-1"},"canonical":"https:\/\/lfsusa.store\/es\/producto\/wolf-60-cocina-a-gas-con-6-quemadores-parrilla-y-plancha\/","og_locale":"es_ES","og_type":"article","og_title":"Estufa Wolf de 60\u2033 con 6 Quemadores, Charbroiler e Infrared Griddle, Gas Natural | LuxeChef Food Service USA","og_description":"Cocina Wolf GR606CG de 60\u2033: 6 quemadores sellados, parrilla infrarroja y plancha. Potencia y control profesionales para su cocina.","og_url":"https:\/\/lfsusa.store\/es\/producto\/wolf-60-cocina-a-gas-con-6-quemadores-parrilla-y-plancha\/","og_site_name":"LuxeChef Food Service USA","article_modified_time":"2025-09-25T18:22:08+00:00","og_image":[{"width":285,"height":185,"url":"https:\/\/lfsusa.store\/wp-content\/uploads\/2025\/09\/60-Gas-Range-2.jpg","type":"image\/jpeg"}],"twitter_card":"summary_large_image","twitter_misc":{"Tiempo de lectura":"2 minutos"},"schema":{"@context":"https:\/\/schema.org","@graph":[{"@type":"WebPage","@id":"https:\/\/lfsusa.store\/es\/producto\/wolf-60-cocina-a-gas-con-6-quemadores-parrilla-y-plancha\/","url":"https:\/\/lfsusa.store\/es\/producto\/wolf-60-cocina-a-gas-con-6-quemadores-parrilla-y-plancha\/","name":"Estufa Wolf de 60\u2033 con 6 Quemadores, Charbroiler e Infrared Griddle, Gas Natural | LuxeChef Food Service USA","isPartOf":{"@id":"https:\/\/lfsusa.store\/es\/#website"},"primaryImageOfPage":{"@id":"https:\/\/lfsusa.store\/es\/producto\/wolf-60-cocina-a-gas-con-6-quemadores-parrilla-y-plancha\/#primaryimage"},"image":{"@id":"https:\/\/lfsusa.store\/es\/producto\/wolf-60-cocina-a-gas-con-6-quemadores-parrilla-y-plancha\/#primaryimage"},"thumbnailUrl":"https:\/\/lfsusa.store\/wp-content\/uploads\/2025\/09\/60-Gas-Range-2.jpg","datePublished":"2025-09-23T19:07:15+00:00","dateModified":"2025-09-25T18:22:08+00:00","description":"Cocina Wolf GR606CG de 60\u2033: 6 quemadores sellados, parrilla infrarroja y plancha. Potencia y control profesionales para su cocina.","breadcrumb":{"@id":"https:\/\/lfsusa.store\/es\/producto\/wolf-60-cocina-a-gas-con-6-quemadores-parrilla-y-plancha\/#breadcrumb"},"inLanguage":"es","potentialAction":[{"@type":"ReadAction","target":["https:\/\/lfsusa.store\/es\/producto\/wolf-60-cocina-a-gas-con-6-quemadores-parrilla-y-plancha\/"]}]},{"@type":"ImageObject","inLanguage":"es","@id":"https:\/\/lfsusa.store\/es\/producto\/wolf-60-cocina-a-gas-con-6-quemadores-parrilla-y-plancha\/#primaryimage","url":"https:\/\/lfsusa.store\/wp-content\/uploads\/2025\/09\/60-Gas-Range-2.jpg","contentUrl":"https:\/\/lfsusa.store\/wp-content\/uploads\/2025\/09\/60-Gas-Range-2.jpg","width":285,"height":185,"caption":"Estufa a gas Wolf de 60 pulgadas con 6 quemadores, parrilla infrarroja y plancha"},{"@type":"BreadcrumbList","@id":"https:\/\/lfsusa.store\/es\/producto\/wolf-60-cocina-a-gas-con-6-quemadores-parrilla-y-plancha\/#breadcrumb","itemListElement":[{"@type":"ListItem","position":1,"name":"Home","item":"https:\/\/lfsusa.store\/es\/inicio-luxechef-food-service-usa\/"},{"@type":"ListItem","position":2,"name":"Tienda","item":"https:\/\/lfsusa.store\/es\/tienda\/"},{"@type":"ListItem","position":3,"name":"Estufa Wolf de 60\u2033 con 6 Quemadores, Charbroiler e Infrared Griddle, Gas Natural"}]},{"@type":"WebSite","@id":"https:\/\/lfsusa.store\/es\/#website","url":"https:\/\/lfsusa.store\/es\/","name":"LuxeChef Food Service USA","description":"Shop restaurant supplies &amp; equipment products in our online restaurant supply store. Extremely fast shipping &amp; wholesale pricing from the #1 restaurant supply company!","publisher":{"@id":"https:\/\/lfsusa.store\/es\/#organization"},"alternateName":"LuxeChef Food Service USA","potentialAction":[{"@type":"SearchAction","target":{"@type":"EntryPoint","urlTemplate":"https:\/\/lfsusa.store\/es\/?s={search_term_string}"},"query-input":{"@type":"PropertyValueSpecification","valueRequired":true,"valueName":"search_term_string"}}],"inLanguage":"es"},{"@type":"Organization","@id":"https:\/\/lfsusa.store\/es\/#organization","name":"LuxeChef Food Service USA","alternateName":"LuxeChef Food Service","url":"https:\/\/lfsusa.store\/es\/","logo":{"@type":"ImageObject","inLanguage":"es","@id":"https:\/\/lfsusa.store\/es\/#\/schema\/logo\/image\/","url":"https:\/\/lfsusa.store\/wp-content\/uploads\/2025\/07\/luxe-chef-usa-696-696.jpg","contentUrl":"https:\/\/lfsusa.store\/wp-content\/uploads\/2025\/07\/luxe-chef-usa-696-696.jpg","width":696,"height":696,"caption":"LuxeChef Food Service USA"},"image":{"@id":"https:\/\/lfsusa.store\/es\/#\/schema\/logo\/image\/"}}]}},"_links":{"self":[{"href":"https:\/\/lfsusa.store\/es\/wp-json\/wp\/v2\/product\/29275","targetHints":{"allow":["GET"]}}],"collection":[{"href":"https:\/\/lfsusa.store\/es\/wp-json\/wp\/v2\/product"}],"about":[{"href":"https:\/\/lfsusa.store\/es\/wp-json\/wp\/v2\/types\/product"}],"version-history":[{"count":2,"href":"https:\/\/lfsusa.store\/es\/wp-json\/wp\/v2\/product\/29275\/revisions"}],"predecessor-version":[{"id":29286,"href":"https:\/\/lfsusa.store\/es\/wp-json\/wp\/v2\/product\/29275\/revisions\/29286"}],"wp:featuredmedia":[{"embeddable":true,"href":"https:\/\/lfsusa.store\/es\/wp-json\/wp\/v2\/media\/29280"}],"wp:attachment":[{"href":"https:\/\/lfsusa.store\/es\/wp-json\/wp\/v2\/media?parent=29275"}],"wp:term":[{"taxonomy":"product_brand","embeddable":true,"href":"https:\/\/lfsusa.store\/es\/wp-json\/wp\/v2\/product_brand?post=29275"},{"taxonomy":"product_cat","embeddable":true,"href":"https:\/\/lfsusa.store\/es\/wp-json\/wp\/v2\/product_cat?post=29275"},{"taxonomy":"product_tag","embeddable":true,"href":"https:\/\/lfsusa.store\/es\/wp-json\/wp\/v2\/product_tag?post=29275"}],"curies":[{"name":"wp","href":"https:\/\/api.w.org\/{rel}","templated":true}]}}